{"id":11717,"date":"2017-07-06T10:08:47","date_gmt":"2017-07-06T10:08:47","guid":{"rendered":"https:\/\/kopie.dst.deutsche-schule.eu\/?page_id=11717\/"},"modified":"2021-08-06T13:35:36","modified_gmt":"2021-08-06T13:35:36","slug":"zeugnisse","status":"publish","type":"page","link":"https:\/\/www.dstenerife.eu\/de\/primarstufe\/zeugnisse\/","title":{"rendered":"Zeugnisse"},"content":{"rendered":"<p>Die Grundschule an der DST erg\u00e4nzt die Notenzeugnisse durch Kompetenzbeschreibungen, um die Verschiedenheit der Sch\u00fcler*innen (SuS) besser abbilden zu k\u00f6nnen.<\/p>\n<p>Wir sind davon \u00fcberzeugt, \u00a0dass individuell formulierte Aufgaben, Lernziele und Leistungsr\u00fcckmeldungen sich nicht vollends mit\u00a0einer Notengebung von Anfang an vertragen.<\/p>\n<p>In der Jahrgangsstufe G1 erhalten die SuS nach dem 1. Halbjahr eine durch die Klassenlehrerinnen gestaltetet R\u00fcckmeldung zu den erbrachten Leistungen und dem gezeigten Sozial- und Arbeitsverhalten, die vor allem einen motivierenden Charakter haben soll.<br \/>\nAm Ende der Klassenstufe G1 sowie zum Halbjahr und zum Ende der Klassenstufe G2 werden dann die \u00fcberfachlichen und fachlichen Kompetenzen in einem Berichtszeugnis festgehalten.<\/p>\n<p>In den\u00a0Jahrgangsstufen G3 und G4\u00a0(jeweils zum Halbjahr und zum Endjahr)\u00a0weisen die Zeugnisse die \u00fcberfachlichen Kompetenzen in einem dem Notenzeugnis vorangestellten Kompetenzraster aus. Alle erteilten F\u00e4cher, mit Ausnahme des Fachs Englisch, werden mit einer Note bewertet.<\/p>\n<p>Alle Kinder werden regelhaft in die n\u00e4chste Klassenstufe versetzt. Eine R\u00fcckstellung wird durch die Schulleitung nur in begr\u00fcndeten Ausnahmef\u00e4llen (z.B.\u00a0aufgrund einer Entwicklungsverz\u00f6gerung)\u00a0bef\u00fcrwortet, ein &#8222;S\u00edtzenbleiben&#8220; in der Grundschule\u00a0ist also nicht m\u00f6glich.<\/p>\n<p><span style=\"font-size: 12pt;\"><span style=\"margin: 0px; color: #1f497d; line-height: 107%; \"><span lang=\"ES\" style=\"margin: 0px;  font-size: 14pt;\"><span style=\"margin: 0px; color: #1f497d; font-family: 'Myriad Pro',serif;\">\u00a0<\/span><\/span><\/span><\/span><\/p>\n<p><span style=\"font-size: 12pt;\"><span style=\"margin: 0px; color: #1f497d; line-height: 107%; \">\u00a0<\/span><\/span><\/p>\n<p>&nbsp;<\/p>\n","protected":false},"excerpt":{"rendered":"<p>Die Grundschule an der DST erg\u00e4nzt die Notenzeugnisse durch Kompetenzbeschreibungen, um die Verschiedenheit der Sch\u00fcler*innen (SuS) [&hellip;]<\/p>\n","protected":false},"author":10,"featured_media":0,"parent":402,"menu_order":12,"comment_status":"closed","ping_status":"closed","template":"","meta":{"site-sidebar-layout":"default","site-content-layout":"default","ast-site-content-layout":"default","site-content-style":"default","site-sidebar-style":"default","ast-global-header-display":"","ast-banner-title-visibility":"","ast-main-header-display":"","ast-hfb-above-header-display":"","ast-hfb-below-header-display":"","ast-hfb-mobile-header-display":"","site-post-title":"","ast-breadcrumbs-content":"","ast-featured-img":"","footer-sml-layout":"","ast-disable-related-posts":"","theme-transparent-header-meta":"default","adv-header-id-meta":"","stick-header-meta":"default","header-above-stick-meta":"","header-main-stick-meta":"","header-below-stick-meta":"","astra-migrate-meta-layouts":"default","ast-page-background-enabled":"default","ast-page-background-meta":{"desktop":{"background-color":"","background-image":"","background-repeat":"repeat","background-position":"center center","background-size":"auto","background-attachment":"scroll","background-type":"","background-media":"","overlay-type":"","overlay-color":"","overlay-opacity":"","overlay-gradient":""},"tablet":{"background-color":"","background-image":"","background-repeat":"repeat","background-position":"center center","background-size":"auto","background-attachment":"scroll","background-type":"","background-media":"","overlay-type":"","overlay-color":"","overlay-opacity":"","overlay-gradient":""},"mobile":{"background-color":"","background-image":"","background-repeat":"repeat","background-position":"center center","background-size":"auto","background-attachment":"scroll","background-type":"","background-media":"","overlay-type":"","overlay-color":"","overlay-opacity":"","overlay-gradient":""}},"ast-content-background-meta":{"desktop":{"background-color":"var(--ast-global-color-5)","background-image":"","background-repeat":"repeat","background-position":"center center","background-size":"auto","background-attachment":"scroll","background-type":"","background-media":"","overlay-type":"","overlay-color":"","overlay-opacity":"","overlay-gradient":""},"tablet":{"background-color":"var(--ast-global-color-5)","background-image":"","background-repeat":"repeat","background-position":"center center","background-size":"auto","background-attachment":"scroll","background-type":"","background-media":"","overlay-type":"","overlay-color":"","overlay-opacity":"","overlay-gradient":""},"mobile":{"background-color":"var(--ast-global-color-5)","background-image":"","background-repeat":"repeat","background-position":"center center","background-size":"auto","background-attachment":"scroll","background-type":"","background-media":"","overlay-type":"","overlay-color":"","overlay-opacity":"","overlay-gradient":""}},"_jet_sm_ready_style":"","_jet_sm_style":"","_jet_sm_controls_values":"","_jet_sm_fonts_collection":"","_jet_sm_fonts_links":"","footnotes":""},"schlagwortedst":[150],"wf_page_folders":[193],"class_list":["post-11717","page","type-page","status-publish","hentry","schlagwortedst-sidegs"],"_links":{"self":[{"href":"https:\/\/www.dstenerife.eu\/de\/wp-json\/wp\/v2\/pages\/11717","targetHints":{"allow":["GET"]}}],"collection":[{"href":"https:\/\/www.dstenerife.eu\/de\/wp-json\/wp\/v2\/pages"}],"about":[{"href":"https:\/\/www.dstenerife.eu\/de\/wp-json\/wp\/v2\/types\/page"}],"author":[{"embeddable":true,"href":"https:\/\/www.dstenerife.eu\/de\/wp-json\/wp\/v2\/users\/10"}],"replies":[{"embeddable":true,"href":"https:\/\/www.dstenerife.eu\/de\/wp-json\/wp\/v2\/comments?post=11717"}],"version-history":[{"count":0,"href":"https:\/\/www.dstenerife.eu\/de\/wp-json\/wp\/v2\/pages\/11717\/revisions"}],"up":[{"embeddable":true,"href":"https:\/\/www.dstenerife.eu\/de\/wp-json\/wp\/v2\/pages\/402"}],"wp:attachment":[{"href":"https:\/\/www.dstenerife.eu\/de\/wp-json\/wp\/v2\/media?parent=11717"}],"wp:term":[{"taxonomy":"schlagwortedst","embeddable":true,"href":"https:\/\/www.dstenerife.eu\/de\/wp-json\/wp\/v2\/schlagwortedst?post=11717"},{"taxonomy":"wf_page_folders","embeddable":true,"href":"https:\/\/www.dstenerife.eu\/de\/wp-json\/wp\/v2\/wf_page_folders?post=11717"}],"curies":[{"name":"wp","href":"https:\/\/api.w.org\/{rel}","templated":true}]}}