{"id":13675,"date":"2017-11-11T20:40:29","date_gmt":"2017-11-11T20:40:29","guid":{"rendered":"https:\/\/kopie.dst.deutsche-schule.eu\/?page_id=13675\/"},"modified":"2026-03-12T06:34:54","modified_gmt":"2026-03-12T06:34:54","slug":"goethe-institut","status":"publish","type":"page","link":"https:\/\/www.dstenerife.eu\/de\/serviceinformationen\/einrichtungen\/goethe-institut\/","title":{"rendered":"Pr\u00fcfungszentrum Goethe-Institut"},"content":{"rendered":"<p><a href=\"http:\/\/institutoalemantenerife.es\/\" target=\"_blank\" rel=\"noopener noreferrer\"><img fetchpriority=\"high\" decoding=\"async\" class=\"alignnone size-full wp-image-13677\" src=\"https:\/\/e969z83yjsq.exactdn.com\/wp-content\/uploads\/2017\/11\/images.jpg?strip=all\" alt=\"\" width=\"396\" height=\"127\" srcset=\"https:\/\/e969z83yjsq.exactdn.com\/wp-content\/uploads\/2017\/11\/images.jpg?strip=all 396w, https:\/\/e969z83yjsq.exactdn.com\/wp-content\/uploads\/2017\/11\/images-180x58.jpg?strip=all 180w, https:\/\/e969z83yjsq.exactdn.com\/wp-content\/uploads\/2017\/11\/images.jpg?strip=all&amp;w=79 79w, https:\/\/e969z83yjsq.exactdn.com\/wp-content\/uploads\/2017\/11\/images.jpg?strip=all&amp;w=237 237w, https:\/\/e969z83yjsq.exactdn.com\/wp-content\/uploads\/2017\/11\/images.jpg?strip=all&amp;w=316 316w\" sizes=\"(max-width: 396px) 100vw, 396px\" \/><\/a><\/p>\n<p>Das Goethe-Institut ist das weltweit vertretene Kulturinstitut der Bundesrepublik Deutschland, das die Verbreitung der deutschen Sprache im Ausland und die internationale kulturelle Zusammenarbeit f\u00f6rdert.<\/p>\n<p>Seit 1956 gab es auf Teneriffa ein Goethe-Institut als Filiale des Goethe-Instituts Madrid, das 1994 im Zuge der Neuordnung des weltweiten Netzes der Goethe-Institute als Pr\u00fcfungszentrum des Goethe-Instituts fortgef\u00fchrt wurde. Seit der ersten Stunde war das deutsche Kulturinstitut in den R\u00e4umen der Deutschen Schule Santa Cruz de Tenerife beheimatet. Das Pr\u00fcfungszentrum setzt diese Tradition fort und bereitet seine Kursteilnehmerinnen und Kursteilnehmer auf die international anerkannten Pr\u00fcfungen des Goethe-Instituts vor.<\/p>\n<h2 style=\"font-weight: 400;\"><strong>Pr\u00fcfungstermine Goethe in der DST<\/strong><\/h2>\n<p>An folgenden Samstagen k\u00f6nnen alle Niveaustufen gepr\u00fcft werden. Einschreibung bis zwei Wochen vor Termin m\u00f6glich.<\/p>\n<ul>\n<li class=\"xxmsonormal\"><strong>Samstag 11.10. 9.00 bis 14.00 Uhr<\/strong><\/li>\n<li class=\"xxmsonormal\"><strong>Samstag 28.02. 9.00 bis 14.00 Uhr<\/strong><\/li>\n<li class=\"xxmsonormal\"><strong><strong>Samstag 13.06. 9.00 bis 14.00 Uhr<\/strong><\/strong><\/li>\n<\/ul>\n<p>Einschreibung zur Pr\u00fcfung unter Email:\u00a0<a href=\"mailto:goethe-institut@dstenerife.eu\">goethe-institut@dstenerife.eu<\/a><\/p>\n<p>Mit dem Anmelden zur Pr\u00fcfung erkl\u00e4re ich mit den allgemeinen Gesch\u00e4ftsbedingungen und den Durchf\u00fchrungsbestimmungen der Pr\u00fcfung einverstanden.<\/p>\n<h3>Pr\u00fcfungsgeb\u00fchr<\/h3>\n<ul>\n<li>A1 Fit\/ Start Deutsch A1: <strong>80<\/strong> Euro *<\/li>\n<li>A2 Fit\/ Start Deutsch A2:<strong> 105<\/strong> Euro *<\/li>\n<li>B1: <strong>160 Euro<\/strong> (Modul 50 Euro) *<\/li>\n<li>B2: <strong>190 Euro<\/strong> (Modul 60 Euro) *<\/li>\n<li>C1: <strong>220 Euro<\/strong> (Modul 60 Euro) *<\/li>\n<li>C2:<strong> 290 Euro<\/strong> (Modul 80 Euro)<\/li>\n<\/ul>\n<p>* f\u00fcr kooperierende Schulen gelten reduzierte Tarife.<\/p>\n<h5>Bankverbindung f\u00fcr die Zahlung:<\/h5>\n<p>Asociaci\u00f3n para el Fomento de Colegio Alem\u00e1n<br \/>\nBankinter ES06 0128 0850 7101 0000 004<br \/>\nBetreff: Vor- und Nachname des Pr\u00fcflings, Niveau, Pr\u00fcfungsdatum<\/p>\n<p>Wichtig: bitte \u00dcberweisungsbeleg an <a href=\"mailto:goethe-institut@dstenerife.eu\">goethe-institut@dstenerife.eu<\/a><\/p>\n<h3>Pr\u00fcfungen:<\/h3>\n<ul>\n<li>Fit in Deutsch 1 (A1-Goethe-Zertifikat f\u00fcr Jugendliche bis 16 Jahre)<\/li>\n<li>Start Deutsch 1 (A1-Goethe-Zertifikat f\u00fcr Erwachsene)\n<ul>\n<li><a href=\"https:\/\/www.dstenerife.eu\/wp-content\/uploads\/2024\/12\/DFB-2023-Fit-in-Deutsch-1_Spanisch.pdf\">DFB 2023 Fit in Deutsch 1_Spanisch<\/a><\/li>\n<li><a href=\"https:\/\/www.dstenerife.eu\/wp-content\/uploads\/2024\/12\/DFB-2023-Start-Deutsch-1_Spanisch.pdf\">DFB 2023 Start Deutsch 1_Spanisch<\/a><\/li>\n<li><a href=\"https:\/\/www.dstenerife.eu\/wp-content\/uploads\/2024\/12\/Durchfuehrungsbestimmungen_A1_Start_Deutsch_1.pdf\">Durchfuehrungsbestimmungen_A1_Start_Deutsch_1<\/a><\/li>\n<li><a href=\"https:\/\/www.dstenerife.eu\/wp-content\/uploads\/2024\/12\/Durchfuehrungsbestimmungen_A1-A2_Fit_in_Deutsch_1.pdf\">Durchfuehrungsbestimmungen_A1-A2_Fit_in_Deutsch_1<\/a><\/li>\n<li><a href=\"https:\/\/www.dstenerife.eu\/wp-content\/uploads\/2024\/12\/Pruefungsziele_Testbeschreibung_A1_Fit1.pdf\">Pruefungsziele_Testbeschreibung_A1_Fit1<\/a><\/li>\n<li><a href=\"https:\/\/www.dstenerife.eu\/wp-content\/uploads\/2024\/12\/Pruefungsziele_Testbeschreibung_A1_SD1.pdf\">Pruefungsziele_Testbeschreibung_A1_SD1<\/a><\/li>\n<\/ul>\n<\/li>\n<li>Fit in Deutsch 2 (A2-Goethe-Zertifikat f\u00fcr Jugendliche bis 16 Jahre)\n<ul>\n<li><a href=\"https:\/\/www.dstenerife.eu\/wp-content\/uploads\/2025\/01\/A2_FIT_Pruefungsziele_Testbeschreibung_A2_Fit2.pdf\" target=\"_blank\" rel=\"noopener\">Pruefungsziele_Testbeschreibung_A2_Fit2<\/a><\/li>\n<li><a href=\"https:\/\/www.dstenerife.eu\/wp-content\/uploads\/2024\/12\/Durchfuehrungsbestimmungen_A1-A2_Fit_in_Deutsch_1.pdf\">Durchfuehrungsbestimmungen_A1-A2_Fit_in_Deutsch_1<\/a><\/li>\n<\/ul>\n<\/li>\n<li>Start Deutsch 2 (A2-Goethe-Zertifikat f\u00fcr Erwachsene)\n<ul>\n<li><a href=\"https:\/\/www.dstenerife.eu\/wp-content\/uploads\/2024\/12\/Durchfuehrungsbestimmungen_A2.pdf\">Durchfuehrungsbestimmungen_A2<\/a><\/li>\n<li><a title=\"DFB 2023 Goethe-Zertifikat A2_Spanisch\" href=\"https:\/\/www.dstenerife.eu\/wp-content\/uploads\/2024\/12\/DFB-2023-Goethe-Zertifikat-A2_Spanisch.pdf\">DFB-2023-Goethe-Zertifikat-A2_Spanisch<\/a><\/li>\n<\/ul>\n<\/li>\n<li>Goethe-Zertifikat B1\n<ul>\n<li><a href=\"https:\/\/www.dstenerife.eu\/wp-content\/uploads\/2024\/12\/Durchfuehrungsbestimmungen_B1.pdf\">Durchfuehrungsbestimmungen_B1<\/a><\/li>\n<li><a href=\"https:\/\/www.dstenerife.eu\/wp-content\/uploads\/2024\/12\/DFB-2023-Goethe-Zertifikat-B1_Spanisch.pdf\">DFB 2023 Goethe-Zertifikat B1_Spanisch<\/a><\/li>\n<\/ul>\n<\/li>\n<li>Goethe-Zertifikat B2\n<ul>\n<li><a href=\"https:\/\/www.dstenerife.eu\/wp-content\/uploads\/2024\/12\/Durchfuehrungsbestimmungen_B2.pdf\">Durchfuehrungsbestimmungen_B2.pdf<\/a><\/li>\n<li><a href=\"https:\/\/www.dstenerife.eu\/wp-content\/uploads\/2025\/01\/B2_Pruefungsziele_Testbeschreibung_B2.pdf\" target=\"_blank\" rel=\"noopener\">Pr\u00fcfungsziele B2<\/a><\/li>\n<li><a href=\"https:\/\/www.dstenerife.eu\/wp-content\/uploads\/2024\/12\/DFB-2023-Goethe-Zertifikat-B2_Spanisch.pdf\">DFB 2023 Goethe-Zertifikat B2_Spanisch<\/a><\/li>\n<\/ul>\n<\/li>\n<li>Goethe-Zertifikat C1\n<ul>\n<li><a href=\"https:\/\/www.dstenerife.eu\/wp-content\/uploads\/2024\/12\/Durchfuehrungsbestimmungen_C1_neu.pdf\">Durchfuehrungsbestimmungen_C1_neu<\/a><\/li>\n<li><a href=\"https:\/\/www.dstenerife.eu\/wp-content\/uploads\/2024\/12\/DFB-2023-Goethe-Zertifikat-C1_Spanisch.pdf\">DFB 2023 Goethe-Zertifikat C1_Spanisch<\/a><\/li>\n<li><a href=\"https:\/\/www.dstenerife.eu\/wp-content\/uploads\/2024\/12\/Handbuch_Pruefungsziele_Testbeschreibung_C1.pdf\">Handbuch_Pruefungsziele_Testbeschreibung_C1<\/a><\/li>\n<\/ul>\n<\/li>\n<li>Goethe Zertifikat C2\n<ul>\n<li><a href=\"https:\/\/www.dstenerife.eu\/wp-content\/uploads\/2024\/12\/Durchfuehrungsbestimmungen_C2_neu.pdf\">Durchfuehrungsbestimmungen_C2_neu<\/a><\/li>\n<li><a href=\"https:\/\/www.dstenerife.eu\/wp-content\/uploads\/2024\/12\/DFB-2023-Goethe-Zertifikat-C2_Spanisch.pdf\">DFB 2023 Goethe-Zertifikat C2_Spanisch<\/a><\/li>\n<li><a href=\"https:\/\/www.dstenerife.eu\/wp-content\/uploads\/2024\/12\/Pruefungsziele_Testbeschreibung_C2.pdf\">Pruefungsziele_Testbeschreibung_C2<\/a><\/li>\n<\/ul>\n<\/li>\n<li>Goethe-PRO\n<ul>\n<li><a href=\"https:\/\/www.dstenerife.eu\/wp-content\/uploads\/2024\/12\/pruefungsordnung_gtp_pflege.pdf\">Pruefungsordnung_gtp_pflege<\/a><\/li>\n<li><a href=\"https:\/\/www.dstenerife.eu\/wp-content\/uploads\/2024\/12\/Pruefungsordnung_GTP.pdf\">Pruefungsordnung_GTP<\/a><\/li>\n<\/ul>\n<\/li>\n<\/ul>\n<h3>Allgemeine Infos<\/h3>\n<ul>\n<li><a href=\"https:\/\/www.dstenerife.eu\/wp-content\/uploads\/2024\/12\/Rahmenordnung-ueber-Deutsche-Sprachpruefungen-fuer-das-Studium-an-deutschen-Hochschulen.pdf\">Rahmenordnung-ueber-Deutsche-Sprachpruefungen-fuer-das-Studium-an-deutschen-Hochschulen<\/a><\/li>\n<li><a href=\"https:\/\/www.dstenerife.eu\/wp-content\/uploads\/2024\/12\/Prufungsordnung-2023_Spanisch.pdf\">Pr\u00fcfungsordnung 2023_Spanisch<\/a><\/li>\n<li><a href=\"https:\/\/www.dstenerife.eu\/wp-content\/uploads\/2024\/12\/Pruefungsordnung-Goethe.pdf\">Pruefungsordnung Goethe<\/a><\/li>\n<li><a href=\"https:\/\/www.dstenerife.eu\/wp-content\/uploads\/2024\/12\/anerkennung-goethe-zertifikat_B2-C2-1.pdf\">Anerkennung-goethe-zertifikat_B2-C2<\/a><\/li>\n<li><a href=\"https:\/\/www.dstenerife.eu\/wp-content\/uploads\/2024\/12\/Datenschutzrechtliche-Einwilligungserklarung-2014-Deutsch.pdf\">Datenschutzrechtliche Einwilligungserkl\u00e4rung 2014 Deutsch<\/a><\/li>\n<li><a href=\"https:\/\/www.dstenerife.eu\/wp-content\/uploads\/2024\/12\/Datenschutzrechtliche-Einwilligungserklarung-2014-Spanisch.pdf\">Datenschutzrechtliche Einwilligungserkl\u00e4rung 2014 Spanisch<\/a><\/li>\n<\/ul>\n","protected":false},"excerpt":{"rendered":"<p>Das Goethe-Institut ist das weltweit vertretene Kulturinstitut der Bundesrepublik Deutschland, das die Verbreitung der deutschen Sprache [&hellip;]<\/p>\n","protected":false},"author":10,"featured_media":0,"parent":672,"menu_order":3,"comment_status":"closed","ping_status":"closed","template":"","meta":{"site-sidebar-layout":"default","site-content-layout":"default","ast-site-content-layout":"default","site-content-style":"default","site-sidebar-style":"default","ast-global-header-display":"","ast-banner-title-visibility":"","ast-main-header-display":"","ast-hfb-above-header-display":"","ast-hfb-below-header-display":"","ast-hfb-mobile-header-display":"","site-post-title":"","ast-breadcrumbs-content":"","ast-featured-img":"","footer-sml-layout":"","ast-disable-related-posts":"","theme-transparent-header-meta":"default","adv-header-id-meta":"","stick-header-meta":"default","header-above-stick-meta":"","header-main-stick-meta":"","header-below-stick-meta":"","astra-migrate-meta-layouts":"set","ast-page-background-enabled":"default","ast-page-background-meta":{"desktop":{"background-color":"","background-image":"","background-repeat":"repeat","background-position":"center center","background-size":"auto","background-attachment":"scroll","background-type":"","background-media":"","overlay-type":"","overlay-color":"","overlay-opacity":"","overlay-gradient":""},"tablet":{"background-color":"","background-image":"","background-repeat":"repeat","background-position":"center center","background-size":"auto","background-attachment":"scroll","background-type":"","background-media":"","overlay-type":"","overlay-color":"","overlay-opacity":"","overlay-gradient":""},"mobile":{"background-color":"","background-image":"","background-repeat":"repeat","background-position":"center center","background-size":"auto","background-attachment":"scroll","background-type":"","background-media":"","overlay-type":"","overlay-color":"","overlay-opacity":"","overlay-gradient":""}},"ast-content-background-meta":{"desktop":{"background-color":"var(--ast-global-color-5)","background-image":"","background-repeat":"repeat","background-position":"center center","background-size":"auto","background-attachment":"scroll","background-type":"","background-media":"","overlay-type":"","overlay-color":"","overlay-opacity":"","overlay-gradient":""},"tablet":{"background-color":"var(--ast-global-color-5)","background-image":"","background-repeat":"repeat","background-position":"center center","background-size":"auto","background-attachment":"scroll","background-type":"","background-media":"","overlay-type":"","overlay-color":"","overlay-opacity":"","overlay-gradient":""},"mobile":{"background-color":"var(--ast-global-color-5)","background-image":"","background-repeat":"repeat","background-position":"center center","background-size":"auto","background-attachment":"scroll","background-type":"","background-media":"","overlay-type":"","overlay-color":"","overlay-opacity":"","overlay-gradient":""}},"_jet_sm_ready_style":"","_jet_sm_style":"","_jet_sm_controls_values":"","_jet_sm_fonts_collection":"","_jet_sm_fonts_links":"","footnotes":""},"schlagwortedst":[152],"wf_page_folders":[191,208],"class_list":["post-13675","page","type-page","status-publish","hentry","schlagwortedst-sideservice"],"_links":{"self":[{"href":"https:\/\/www.dstenerife.eu\/de\/wp-json\/wp\/v2\/pages\/13675","targetHints":{"allow":["GET"]}}],"collection":[{"href":"https:\/\/www.dstenerife.eu\/de\/wp-json\/wp\/v2\/pages"}],"about":[{"href":"https:\/\/www.dstenerife.eu\/de\/wp-json\/wp\/v2\/types\/page"}],"author":[{"embeddable":true,"href":"https:\/\/www.dstenerife.eu\/de\/wp-json\/wp\/v2\/users\/10"}],"replies":[{"embeddable":true,"href":"https:\/\/www.dstenerife.eu\/de\/wp-json\/wp\/v2\/comments?post=13675"}],"version-history":[{"count":33,"href":"https:\/\/www.dstenerife.eu\/de\/wp-json\/wp\/v2\/pages\/13675\/revisions"}],"predecessor-version":[{"id":107209,"href":"https:\/\/www.dstenerife.eu\/de\/wp-json\/wp\/v2\/pages\/13675\/revisions\/107209"}],"up":[{"embeddable":true,"href":"https:\/\/www.dstenerife.eu\/de\/wp-json\/wp\/v2\/pages\/672"}],"wp:attachment":[{"href":"https:\/\/www.dstenerife.eu\/de\/wp-json\/wp\/v2\/media?parent=13675"}],"wp:term":[{"taxonomy":"schlagwortedst","embeddable":true,"href":"https:\/\/www.dstenerife.eu\/de\/wp-json\/wp\/v2\/schlagwortedst?post=13675"},{"taxonomy":"wf_page_folders","embeddable":true,"href":"https:\/\/www.dstenerife.eu\/de\/wp-json\/wp\/v2\/wf_page_folders?post=13675"}],"curies":[{"name":"wp","href":"https:\/\/api.w.org\/{rel}","templated":true}]}}