{"id":1456,"date":"2015-06-06T23:34:31","date_gmt":"2015-06-06T23:34:31","guid":{"rendered":"http:\/\/dstenerife.ducklingit.com\/?page_id=1456"},"modified":"2025-10-15T15:48:24","modified_gmt":"2025-10-15T14:48:24","slug":"bibliothek","status":"publish","type":"page","link":"https:\/\/www.dstenerife.eu\/de\/serviceinformationen\/einrichtungen\/bibliothek\/","title":{"rendered":"Bibliothek"},"content":{"rendered":"<p>Willkommen auf der Seite der Bibliothek!<\/p>\n<p>Die Schulbibliothek ist ein wichtiger und gut besuchter Treffpunkt f\u00fcr alle Sch\u00fcler*innen, Eltern und Lehrer*innen und leistet durch die Bereitstellung vielf\u00e4ltiger Medien einen wichtigen Beitrag zum Lernen der deutschen Sprache sowie zur Lesef\u00f6rderung.<\/p>\n<p>Die Bibliothek ist auch ein Ort der Gemeinschaft und des informellen Austauschs, an dem die Schulgemeinschaft gest\u00e4rkt wird.<\/p>\n<p>Im Laufe des Schuljahres werden verschiedene Vorleseaktionen und Veranstaltungen mit und f\u00fcr die Sch\u00fcler*innen organisiert. Der Bibliotheksbestand bel\u00e4uft sich mittlerweile auf \u00fcber 5900 Medien: Romane, Sachb\u00fccher, DVDs, CDs, Tiptoi Medien sowie Zeitschriften f\u00fcr Kinder und Jugendliche. Weiters k\u00f6nnen sich die Sch\u00fcler*innen in den Pausen Gesellschaftsspiele ausleihen und so gemeinsam mit ihren Freunden sinnvoll ihre Freizeit in der Schule nutzen. In der Bibliothek kann sich jede\/r Sch\u00fcler*innen \u2013 von der ersten bis zur zw\u00f6lften Klasse \u2013 von Jessica, der Bibliothekarin, beraten lassen, um ein geeignetes Buch zu finden und auszuleihen.<\/p>\n<p>F\u00fcr unterrichtliche Recherchen oder die Arbeit mit \u201eAntolin\u201c, dem Online-Angebot zur Lesef\u00f6rderung, stehen in der Bibliothek sechs Computereinheiten bereit.<\/p>\n<p>Die aktuellen Listen der Antolinlekt\u00fcre finden Sie unter folgenden Links:<\/p>\n<ul>\n<li>Gesamtliste: <a href=\"https:\/\/antolin.westermann.de\/all\/info\/titel-listen.jsp\">https:\/\/antolin.westermann.de\/all\/info\/titel-listen.jsp<\/a><\/li>\n<li>Titelliste spanische Lekt\u00fcre: <a href=\"https:\/\/antolin.westermann.de\/all\/bycat.jsp?rubrik=-19&amp;foreign=1\">https:\/\/antolin.westermann.de\/all\/bycat.jsp?rubrik=-19&amp;foreign=1<\/a><\/li>\n<li>Titelliste englische Lekt\u00fcre: <a href=\"https:\/\/antolin.westermann.de\/all\/bycat.jsp?rubrik=-2&amp;foreign=1\">https:\/\/antolin.westermann.de\/all\/bycat.jsp?rubrik=-2&amp;foreign=1<\/a><\/li>\n<\/ul>\n<p>Die Bibliothek hat folgende \u00d6ffnungszeiten:\u00a0<strong>Montag bis Freitag: 08:00-15:40<\/strong><\/p>\n<p>Bitte beachten Sie die\u00a0<a href=\"https:\/\/www.dstenerife.eu\/wp-content\/uploads\/2019\/10\/Bibliotheksnormen.pdf\" target=\"_blank\" rel=\"noopener noreferrer\">Ausleihe- und Bibliotheksregeln.<\/a><\/p>\n<p>Bei Fragen senden Sie bitte eine Mail an\u00a0 <a href=\"mailto:bibliothek@dstenerife.eu\">bibliothek@dstenerife.eu<\/a><\/p>\n","protected":false},"excerpt":{"rendered":"<p>Willkommen auf der Seite der Bibliothek! Die Schulbibliothek ist ein wichtiger und gut besuchter Treffpunkt f\u00fcr [&hellip;]<\/p>\n","protected":false},"author":16,"featured_media":1368,"parent":672,"menu_order":1,"comment_status":"closed","ping_status":"closed","template":"","meta":{"site-sidebar-layout":"default","site-content-layout":"default","ast-site-content-layout":"default","site-content-style":"default","site-sidebar-style":"default","ast-global-header-display":"","ast-banner-title-visibility":"","ast-main-header-display":"","ast-hfb-above-header-display":"","ast-hfb-below-header-display":"","ast-hfb-mobile-header-display":"","site-post-title":"","ast-breadcrumbs-content":"","ast-featured-img":"","footer-sml-layout":"","ast-disable-related-posts":"","theme-transparent-header-meta":"default","adv-header-id-meta":"","stick-header-meta":"default","header-above-stick-meta":"","header-main-stick-meta":"","header-below-stick-meta":"","astra-migrate-meta-layouts":"set","ast-page-background-enabled":"default","ast-page-background-meta":{"desktop":{"background-color":"","background-image":"","background-repeat":"repeat","background-position":"center center","background-size":"auto","background-attachment":"scroll","background-type":"","background-media":"","overlay-type":"","overlay-color":"","overlay-opacity":"","overlay-gradient":""},"tablet":{"background-color":"","background-image":"","background-repeat":"repeat","background-position":"center center","background-size":"auto","background-attachment":"scroll","background-type":"","background-media":"","overlay-type":"","overlay-color":"","overlay-opacity":"","overlay-gradient":""},"mobile":{"background-color":"","background-image":"","background-repeat":"repeat","background-position":"center center","background-size":"auto","background-attachment":"scroll","background-type":"","background-media":"","overlay-type":"","overlay-color":"","overlay-opacity":"","overlay-gradient":""}},"ast-content-background-meta":{"desktop":{"background-color":"var(--ast-global-color-5)","background-image":"","background-repeat":"repeat","background-position":"center center","background-size":"auto","background-attachment":"scroll","background-type":"","background-media":"","overlay-type":"","overlay-color":"","overlay-opacity":"","overlay-gradient":""},"tablet":{"background-color":"var(--ast-global-color-5)","background-image":"","background-repeat":"repeat","background-position":"center center","background-size":"auto","background-attachment":"scroll","background-type":"","background-media":"","overlay-type":"","overlay-color":"","overlay-opacity":"","overlay-gradient":""},"mobile":{"background-color":"var(--ast-global-color-5)","background-image":"","background-repeat":"repeat","background-position":"center center","background-size":"auto","background-attachment":"scroll","background-type":"","background-media":"","overlay-type":"","overlay-color":"","overlay-opacity":"","overlay-gradient":""}},"_jet_sm_ready_style":"","_jet_sm_style":"","_jet_sm_controls_values":"","_jet_sm_fonts_collection":"","_jet_sm_fonts_links":"","footnotes":""},"schlagwortedst":[152],"wf_page_folders":[191,208],"class_list":["post-1456","page","type-page","status-publish","has-post-thumbnail","hentry","schlagwortedst-sideservice"],"_links":{"self":[{"href":"https:\/\/www.dstenerife.eu\/de\/wp-json\/wp\/v2\/pages\/1456","targetHints":{"allow":["GET"]}}],"collection":[{"href":"https:\/\/www.dstenerife.eu\/de\/wp-json\/wp\/v2\/pages"}],"about":[{"href":"https:\/\/www.dstenerife.eu\/de\/wp-json\/wp\/v2\/types\/page"}],"author":[{"embeddable":true,"href":"https:\/\/www.dstenerife.eu\/de\/wp-json\/wp\/v2\/users\/16"}],"replies":[{"embeddable":true,"href":"https:\/\/www.dstenerife.eu\/de\/wp-json\/wp\/v2\/comments?post=1456"}],"version-history":[{"count":9,"href":"https:\/\/www.dstenerife.eu\/de\/wp-json\/wp\/v2\/pages\/1456\/revisions"}],"predecessor-version":[{"id":100978,"href":"https:\/\/www.dstenerife.eu\/de\/wp-json\/wp\/v2\/pages\/1456\/revisions\/100978"}],"up":[{"embeddable":true,"href":"https:\/\/www.dstenerife.eu\/de\/wp-json\/wp\/v2\/pages\/672"}],"wp:featuredmedia":[{"embeddable":true,"href":"https:\/\/www.dstenerife.eu\/de\/wp-json\/wp\/v2\/media\/1368"}],"wp:attachment":[{"href":"https:\/\/www.dstenerife.eu\/de\/wp-json\/wp\/v2\/media?parent=1456"}],"wp:term":[{"taxonomy":"schlagwortedst","embeddable":true,"href":"https:\/\/www.dstenerife.eu\/de\/wp-json\/wp\/v2\/schlagwortedst?post=1456"},{"taxonomy":"wf_page_folders","embeddable":true,"href":"https:\/\/www.dstenerife.eu\/de\/wp-json\/wp\/v2\/wf_page_folders?post=1456"}],"curies":[{"name":"wp","href":"https:\/\/api.w.org\/{rel}","templated":true}]}}