{"id":1481,"date":"2015-06-07T22:11:13","date_gmt":"2015-06-07T22:11:13","guid":{"rendered":"http:\/\/dstenerife.ducklingit.com\/?page_id=1481"},"modified":"2024-06-13T12:21:24","modified_gmt":"2024-06-13T11:21:24","slug":"orientierungsstufe","status":"publish","type":"page","link":"https:\/\/www.dstenerife.eu\/de\/sekundarstufe-i-und-ii\/abteilungen-sek\/orientierungsstufe\/","title":{"rendered":"Orientierungsstufe"},"content":{"rendered":"<p>Die <strong>Orientierungsstufe<\/strong> umfasst die Jahrgangsstufen 5 und 6.\u00a0Sie\u00a0ist ihrem Wesen nach eine Erprobungsstufe und ihre Aufgabe ist es, die Sch\u00fcler in diesen zwei Jahren intensiv in ihrem Lernverhalten und -leistungen zu beobachten, um sie dann gem\u00e4\u00df der Versetzungsordnung der f\u00fcr sie geeigneten weiterf\u00fchrenden Schullaufbahn (Realschule oder Gymnasium) zuzuweisen.<\/p>\n<p>In dieser Stufe besteht ein besonderes Engagement der Lehrer*innen, die dieser Stufe angeh\u00f6ren, da durch den st\u00e4ndigen Kontakt mit den Sch\u00fcler*innen, p\u00e4dagogische Sitzungen und andere regelm\u00e4\u00dfige Treffen, Beobachtungen und Bewertungen ausgetauscht werden. Die Lehrer*innen, die Schulpsychologin und der Stufenkoordinator besprechen die wesentlichen Merkmale jeder Sch\u00fclerin und jedes Sch\u00fclers.<\/p>\n","protected":false},"excerpt":{"rendered":"<p>Die Orientierungsstufe umfasst die Jahrgangsstufen 5 und 6.\u00a0Sie\u00a0ist ihrem Wesen nach eine Erprobungsstufe und ihre Aufgabe [&hellip;]<\/p>\n","protected":false},"author":10,"featured_media":0,"parent":39073,"menu_order":2,"comment_status":"closed","ping_status":"closed","template":"","meta":{"site-sidebar-layout":"default","site-content-layout":"default","ast-site-content-layout":"default","site-content-style":"default","site-sidebar-style":"default","ast-global-header-display":"","ast-banner-title-visibility":"","ast-main-header-display":"","ast-hfb-above-header-display":"","ast-hfb-below-header-display":"","ast-hfb-mobile-header-display":"","site-post-title":"","ast-breadcrumbs-content":"","ast-featured-img":"","footer-sml-layout":"","ast-disable-related-posts":"","theme-transparent-header-meta":"default","adv-header-id-meta":"","stick-header-meta":"default","header-above-stick-meta":"","header-main-stick-meta":"","header-below-stick-meta":"","astra-migrate-meta-layouts":"set","ast-page-background-enabled":"default","ast-page-background-meta":{"desktop":{"background-color":"","background-image":"","background-repeat":"repeat","background-position":"center center","background-size":"auto","background-attachment":"scroll","background-type":"","background-media":"","overlay-type":"","overlay-color":"","overlay-opacity":"","overlay-gradient":""},"tablet":{"background-color":"","background-image":"","background-repeat":"repeat","background-position":"center center","background-size":"auto","background-attachment":"scroll","background-type":"","background-media":"","overlay-type":"","overlay-color":"","overlay-opacity":"","overlay-gradient":""},"mobile":{"background-color":"","background-image":"","background-repeat":"repeat","background-position":"center center","background-size":"auto","background-attachment":"scroll","background-type":"","background-media":"","overlay-type":"","overlay-color":"","overlay-opacity":"","overlay-gradient":""}},"ast-content-background-meta":{"desktop":{"background-color":"var(--ast-global-color-5)","background-image":"","background-repeat":"repeat","background-position":"center center","background-size":"auto","background-attachment":"scroll","background-type":"","background-media":"","overlay-type":"","overlay-color":"","overlay-opacity":"","overlay-gradient":""},"tablet":{"background-color":"var(--ast-global-color-5)","background-image":"","background-repeat":"repeat","background-position":"center center","background-size":"auto","background-attachment":"scroll","background-type":"","background-media":"","overlay-type":"","overlay-color":"","overlay-opacity":"","overlay-gradient":""},"mobile":{"background-color":"var(--ast-global-color-5)","background-image":"","background-repeat":"repeat","background-position":"center center","background-size":"auto","background-attachment":"scroll","background-type":"","background-media":"","overlay-type":"","overlay-color":"","overlay-opacity":"","overlay-gradient":""}},"_jet_sm_ready_style":"","_jet_sm_style":"","_jet_sm_controls_values":"","_jet_sm_fonts_collection":"","_jet_sm_fonts_links":"","footnotes":""},"schlagwortedst":[151],"wf_page_folders":[200],"class_list":["post-1481","page","type-page","status-publish","hentry","schlagwortedst-sidesek"],"_links":{"self":[{"href":"https:\/\/www.dstenerife.eu\/de\/wp-json\/wp\/v2\/pages\/1481","targetHints":{"allow":["GET"]}}],"collection":[{"href":"https:\/\/www.dstenerife.eu\/de\/wp-json\/wp\/v2\/pages"}],"about":[{"href":"https:\/\/www.dstenerife.eu\/de\/wp-json\/wp\/v2\/types\/page"}],"author":[{"embeddable":true,"href":"https:\/\/www.dstenerife.eu\/de\/wp-json\/wp\/v2\/users\/10"}],"replies":[{"embeddable":true,"href":"https:\/\/www.dstenerife.eu\/de\/wp-json\/wp\/v2\/comments?post=1481"}],"version-history":[{"count":1,"href":"https:\/\/www.dstenerife.eu\/de\/wp-json\/wp\/v2\/pages\/1481\/revisions"}],"predecessor-version":[{"id":72123,"href":"https:\/\/www.dstenerife.eu\/de\/wp-json\/wp\/v2\/pages\/1481\/revisions\/72123"}],"up":[{"embeddable":true,"href":"https:\/\/www.dstenerife.eu\/de\/wp-json\/wp\/v2\/pages\/39073"}],"wp:attachment":[{"href":"https:\/\/www.dstenerife.eu\/de\/wp-json\/wp\/v2\/media?parent=1481"}],"wp:term":[{"taxonomy":"schlagwortedst","embeddable":true,"href":"https:\/\/www.dstenerife.eu\/de\/wp-json\/wp\/v2\/schlagwortedst?post=1481"},{"taxonomy":"wf_page_folders","embeddable":true,"href":"https:\/\/www.dstenerife.eu\/de\/wp-json\/wp\/v2\/wf_page_folders?post=1481"}],"curies":[{"name":"wp","href":"https:\/\/api.w.org\/{rel}","templated":true}]}}