{"id":1614,"date":"2015-06-22T21:17:48","date_gmt":"2015-06-22T21:17:48","guid":{"rendered":"http:\/\/dstenerife.ducklingit.com\/?page_id=1614"},"modified":"2024-06-14T08:33:08","modified_gmt":"2024-06-14T07:33:08","slug":"englisch","status":"publish","type":"page","link":"https:\/\/www.dstenerife.eu\/de\/sekundarstufe-i-und-ii\/unterrichtsfaecher-sekundarstufe\/englisch\/","title":{"rendered":"Englisch"},"content":{"rendered":"<p>Das Fach Englisch schult allgemeine geistige F\u00e4higkeiten, wie z. B. Kommunikationsf\u00e4higkeit, darstellendes, argumentierendes und verkn\u00fcpfendes Ausdrucksverm\u00f6gen in einer fremden Sprache in Wort und Schrift, kontrastive Betrachtung sprachlicher Systeme. Verbindende und andersartige Elemente von eigener und Zielkultur werden deutlich in der Betrachtung von Kultur, Literatur und anderen Gegebenheiten englischsprachiger L\u00e4nder. Die englische Sprache an sich und als weltweite Verkehrsspr<img fetchpriority=\"high\" decoding=\"async\" class=\"wp-image-5674 alignleft\" src=\"https:\/\/e969z83yjsq.exactdn.com\/wp-content\/uploads\/2015\/06\/IMG_4324-1140x851.jpg?strip=all\" alt=\"IMG_4324\" width=\"283\" height=\"212\" srcset=\"https:\/\/e969z83yjsq.exactdn.com\/wp-content\/uploads\/2015\/06\/IMG_4324-1140x851.jpg?strip=all 1140w, https:\/\/e969z83yjsq.exactdn.com\/wp-content\/uploads\/2015\/06\/IMG_4324-768x573.jpg?strip=all 768w, https:\/\/e969z83yjsq.exactdn.com\/wp-content\/uploads\/2015\/06\/IMG_4324.jpg?strip=all&amp;w=410 410w, https:\/\/e969z83yjsq.exactdn.com\/wp-content\/uploads\/2015\/06\/IMG_4324.jpg?strip=all&amp;w=820 820w, https:\/\/e969z83yjsq.exactdn.com\/wp-content\/uploads\/2015\/06\/IMG_4324.jpg?strip=all&amp;w=1231 1231w, https:\/\/e969z83yjsq.exactdn.com\/wp-content\/uploads\/2015\/06\/IMG_4324.jpg?strip=all&amp;w=1641 1641w, https:\/\/e969z83yjsq.exactdn.com\/wp-content\/uploads\/2015\/06\/IMG_4324.jpg?strip=all 2052w\" sizes=\"(max-width: 283px) 100vw, 283px\" \/>ache hat eine besondere Bedeutung, ihr Erwerb und die Kenntnis englischsprachiger Kultur ist nicht nur eine sinnvolle Erweiterung des Horizonts sondern hat auch ganz praktische Vorteile f\u00fcr das sp\u00e4tere Berufsleben. In vielen Berufssparten wird eine fl\u00fcssige Beherrschung des Englischen in Wort und Schrift heutzutage als selbstverst\u00e4ndliche Grundvoraussetzung angesehen.<\/p>\n<p>In der Sekundarstufe der DST wird das Fach Englisch fast durchgehend vierst\u00fcndig unterrichtet. In der Klasse 10 ist der Unterricht dreist\u00fcndig in vier Kleingruppen pro Stufe organisiert. Zun\u00e4chst findet die Phase des Spracherwerbs statt, die bis einschlie\u00dflich der achten Klasse andauert. In der neunten Klasse werden die Kompetenzen wiederholt und vertieft. Dazu wird ab dieser Stufe die \u00dcbungsgrammatik <em>Murp<\/em><img decoding=\"async\" class=\"wp-image-5673 alignleft\" src=\"https:\/\/e969z83yjsq.exactdn.com\/wp-content\/uploads\/2015\/06\/IMG_4320-1140x851.jpg?strip=all\" alt=\"IMG_4320\" width=\"285\" height=\"213\" srcset=\"https:\/\/e969z83yjsq.exactdn.com\/wp-content\/uploads\/2015\/06\/IMG_4320-1140x851.jpg?strip=all 1140w, https:\/\/e969z83yjsq.exactdn.com\/wp-content\/uploads\/2015\/06\/IMG_4320-768x573.jpg?strip=all 768w, https:\/\/e969z83yjsq.exactdn.com\/wp-content\/uploads\/2015\/06\/IMG_4320.jpg?strip=all&amp;w=410 410w, https:\/\/e969z83yjsq.exactdn.com\/wp-content\/uploads\/2015\/06\/IMG_4320.jpg?strip=all&amp;w=820 820w, https:\/\/e969z83yjsq.exactdn.com\/wp-content\/uploads\/2015\/06\/IMG_4320.jpg?strip=all&amp;w=1231 1231w, https:\/\/e969z83yjsq.exactdn.com\/wp-content\/uploads\/2015\/06\/IMG_4320.jpg?strip=all&amp;w=1641 1641w, https:\/\/e969z83yjsq.exactdn.com\/wp-content\/uploads\/2015\/06\/IMG_4320.jpg?strip=all 2052w\" sizes=\"(max-width: 285px) 100vw, 285px\" \/><em>hy\u2019s English Grammar in Use<\/em> verwendet. Ab der Klasse 10 ist der Unterricht st\u00e4rker themenfokussiert und die Auseinandersetzung mit Kultur, Literatur und relevanten Themen wird tiefer und r\u00fcckt ins Zentrum. Sowohl zum Erwerb des mittleren Schulabschlusses und zur Berechtigung des \u00dcbergangs in die Qualifikationsphase der gymnasialen Oberstufe als auch im Rahmen der Evaluation der Bildungsstandards wird in Jahrgangsstufe 10 eine zentrale Klassenarbeit durchgef\u00fchrt.<\/p>\n<p><img decoding=\"async\" class=\" wp-image-5671 alignleft\" src=\"https:\/\/e969z83yjsq.exactdn.com\/wp-content\/uploads\/2015\/06\/IMG_4314-1140x851.jpg?strip=all\" alt=\"IMG_4314\" width=\"286\" height=\"214\" srcset=\"https:\/\/e969z83yjsq.exactdn.com\/wp-content\/uploads\/2015\/06\/IMG_4314-1140x851.jpg?strip=all 1140w, https:\/\/e969z83yjsq.exactdn.com\/wp-content\/uploads\/2015\/06\/IMG_4314-768x573.jpg?strip=all 768w, https:\/\/e969z83yjsq.exactdn.com\/wp-content\/uploads\/2015\/06\/IMG_4314.jpg?strip=all&amp;w=410 410w, https:\/\/e969z83yjsq.exactdn.com\/wp-content\/uploads\/2015\/06\/IMG_4314.jpg?strip=all&amp;w=820 820w, https:\/\/e969z83yjsq.exactdn.com\/wp-content\/uploads\/2015\/06\/IMG_4314.jpg?strip=all&amp;w=1231 1231w, https:\/\/e969z83yjsq.exactdn.com\/wp-content\/uploads\/2015\/06\/IMG_4314.jpg?strip=all&amp;w=1641 1641w, https:\/\/e969z83yjsq.exactdn.com\/wp-content\/uploads\/2015\/06\/IMG_4314.jpg?strip=all 2052w\" sizes=\"(max-width: 286px) 100vw, 286px\" \/>Wir beraten unsere Sch\u00fclerinnen und Sch\u00fcler bei der Ablage von Sprachkompetenzzertifikaten und bieten auch eine Vorbereitung dazu an. Dies ist stets im Einzelfall zu betrachten, da die Ablage des Abiturs teilweise als Zertifikat f\u00fcr den Hochschulzugang an englischsprachigen Universit\u00e4ten anerkannt wird. Hierzu bieten wir eine auf das Profil des Sch\u00fclers abgestimmte Beratung an.<\/p>\n<p>&nbsp;<\/p>\n<p><a href=\"https:\/\/www.dstenerife.eu\/wp-content\/uploads\/2015\/06\/DSTeneriffa_Schulcurriculum_Englisch_Sek1.pdf\" target=\"_blank\" rel=\"noopener\">Schulcurriculum Englisch Sekundarstufe 1<\/a><\/p>\n<p><a href=\"https:\/\/www.dstenerife.eu\/wp-content\/uploads\/2024\/02\/Schulcurriculum_Englisch_gueltig-ab-2023_24_SekII_DST.pdf\" target=\"_blank\" rel=\"noopener\">Schulcurriculum Englisch Sekundarstufe 2<\/a><\/p>\n<p>&nbsp;<\/p>\n","protected":false},"excerpt":{"rendered":"<p>Das Fach Englisch schult allgemeine geistige F\u00e4higkeiten, wie z. B. Kommunikationsf\u00e4higkeit, darstellendes, argumentierendes und verkn\u00fcpfendes Ausdrucksverm\u00f6gen [&hellip;]<\/p>\n","protected":false},"author":10,"featured_media":5672,"parent":628,"menu_order":8,"comment_status":"closed","ping_status":"closed","template":"","meta":{"site-sidebar-layout":"default","site-content-layout":"default","ast-site-content-layout":"default","site-content-style":"default","site-sidebar-style":"default","ast-global-header-display":"","ast-banner-title-visibility":"","ast-main-header-display":"","ast-hfb-above-header-display":"","ast-hfb-below-header-display":"","ast-hfb-mobile-header-display":"","site-post-title":"","ast-breadcrumbs-content":"","ast-featured-img":"","footer-sml-layout":"","ast-disable-related-posts":"","theme-transparent-header-meta":"default","adv-header-id-meta":"","stick-header-meta":"default","header-above-stick-meta":"","header-main-stick-meta":"","header-below-stick-meta":"","astra-migrate-meta-layouts":"set","ast-page-background-enabled":"default","ast-page-background-meta":{"desktop":{"background-color":"","background-image":"","background-repeat":"repeat","background-position":"center center","background-size":"auto","background-attachment":"scroll","background-type":"","background-media":"","overlay-type":"","overlay-color":"","overlay-opacity":"","overlay-gradient":""},"tablet":{"background-color":"","background-image":"","background-repeat":"repeat","background-position":"center center","background-size":"auto","background-attachment":"scroll","background-type":"","background-media":"","overlay-type":"","overlay-color":"","overlay-opacity":"","overlay-gradient":""},"mobile":{"background-color":"","background-image":"","background-repeat":"repeat","background-position":"center center","background-size":"auto","background-attachment":"scroll","background-type":"","background-media":"","overlay-type":"","overlay-color":"","overlay-opacity":"","overlay-gradient":""}},"ast-content-background-meta":{"desktop":{"background-color":"var(--ast-global-color-5)","background-image":"","background-repeat":"repeat","background-position":"center center","background-size":"auto","background-attachment":"scroll","background-type":"","background-media":"","overlay-type":"","overlay-color":"","overlay-opacity":"","overlay-gradient":""},"tablet":{"background-color":"var(--ast-global-color-5)","background-image":"","background-repeat":"repeat","background-position":"center center","background-size":"auto","background-attachment":"scroll","background-type":"","background-media":"","overlay-type":"","overlay-color":"","overlay-opacity":"","overlay-gradient":""},"mobile":{"background-color":"var(--ast-global-color-5)","background-image":"","background-repeat":"repeat","background-position":"center center","background-size":"auto","background-attachment":"scroll","background-type":"","background-media":"","overlay-type":"","overlay-color":"","overlay-opacity":"","overlay-gradient":""}},"_jet_sm_ready_style":"","_jet_sm_style":"","_jet_sm_controls_values":"","_jet_sm_fonts_collection":"","_jet_sm_fonts_links":"","footnotes":""},"schlagwortedst":[151],"wf_page_folders":[196,203,208],"class_list":["post-1614","page","type-page","status-publish","has-post-thumbnail","hentry","schlagwortedst-sidesek"],"_links":{"self":[{"href":"https:\/\/www.dstenerife.eu\/de\/wp-json\/wp\/v2\/pages\/1614","targetHints":{"allow":["GET"]}}],"collection":[{"href":"https:\/\/www.dstenerife.eu\/de\/wp-json\/wp\/v2\/pages"}],"about":[{"href":"https:\/\/www.dstenerife.eu\/de\/wp-json\/wp\/v2\/types\/page"}],"author":[{"embeddable":true,"href":"https:\/\/www.dstenerife.eu\/de\/wp-json\/wp\/v2\/users\/10"}],"replies":[{"embeddable":true,"href":"https:\/\/www.dstenerife.eu\/de\/wp-json\/wp\/v2\/comments?post=1614"}],"version-history":[{"count":3,"href":"https:\/\/www.dstenerife.eu\/de\/wp-json\/wp\/v2\/pages\/1614\/revisions"}],"predecessor-version":[{"id":72158,"href":"https:\/\/www.dstenerife.eu\/de\/wp-json\/wp\/v2\/pages\/1614\/revisions\/72158"}],"up":[{"embeddable":true,"href":"https:\/\/www.dstenerife.eu\/de\/wp-json\/wp\/v2\/pages\/628"}],"wp:featuredmedia":[{"embeddable":true,"href":"https:\/\/www.dstenerife.eu\/de\/wp-json\/wp\/v2\/media\/5672"}],"wp:attachment":[{"href":"https:\/\/www.dstenerife.eu\/de\/wp-json\/wp\/v2\/media?parent=1614"}],"wp:term":[{"taxonomy":"schlagwortedst","embeddable":true,"href":"https:\/\/www.dstenerife.eu\/de\/wp-json\/wp\/v2\/schlagwortedst?post=1614"},{"taxonomy":"wf_page_folders","embeddable":true,"href":"https:\/\/www.dstenerife.eu\/de\/wp-json\/wp\/v2\/wf_page_folders?post=1614"}],"curies":[{"name":"wp","href":"https:\/\/api.w.org\/{rel}","templated":true}]}}