{"id":1631,"date":"2015-06-25T22:08:21","date_gmt":"2015-06-25T22:08:21","guid":{"rendered":"http:\/\/dstenerife.ducklingit.com\/?page_id=1631"},"modified":"2024-09-12T15:19:46","modified_gmt":"2024-09-12T14:19:46","slug":"individueller-austausch","status":"publish","type":"page","link":"https:\/\/www.dstenerife.eu\/de\/die-schule\/gesamtschulische-konzepte\/individueller-austausch\/","title":{"rendered":"Individueller Austausch"},"content":{"rendered":"<p>In diesem Bereich unserer Homepage findet ihr\/finden Sie Informationen zum individuellen Austausch mit verschiedenen Schulen in Deutschland. Ein mehrw\u00f6chiger oder mehrmonatiger Aufenthalt in Deutschland ist f\u00fcr unsere Sch\u00fclerinnen und Sch\u00fcler eine hervorragende M\u00f6glichkeit, ihr Deutschniveau nachhaltig zu verbessern und in ein Sprachbad einzutauchen. Mit neuer Motivation und reichen Eindr\u00fccken kommen die Sch\u00fcler*innen wieder zur\u00fcck nach Teneriffa.<\/p>\n<p>Besonders vorteilhaft erscheint uns, dass die Kosten f\u00fcr die Eltern sehr begrenzt sind. Man zahlt die Reise f\u00fcr das eigene Kind und \u00fcbernimmt die Kosten f\u00fcr den Aufenthalt des Gastkindes. Es ist \u00fcbrigens nicht n\u00f6tig, dass das Gastkind ein eigenes Zimmer und\/oder Bad zur Verf\u00fcgung hat. Die Austauschpartner k\u00f6nnen auch im selben Zimmer schlafen.<\/p>\n<p>Sie k\u00f6nnen sich bei Fragen unter der Email-Anschrift <a href=\"mailto:austausch@dstenerife.eu\">austausch@dstenerife.eu<\/a> an unsere Beauftragte f\u00fcr den individuellen Sch\u00fcleraustausch wenden oder dort auch direkt Anfragen \/ Antr\u00e4ge hinschicken.<\/p>\n<p>Wer einen Austausch machen m\u00f6chte, kann sich die Formularmappe im Sekretariat abholen. Darin befinden sich auch Formulare, die die Sch\u00fcler an der DST oder an der Gastschule in Deutschland zeigen\/ausf\u00fcllen lassen m\u00fcssen. Es ist jedoch ebenso m\u00f6glich, die Formulare hier zu downloaden:<\/p>\n<p>&nbsp;<\/p>\n<p><a href=\"https:\/\/www.dstenerife.eu\/wp-content\/uploads\/2019\/06\/Manual-Anleitung.pdf\">Manual &#8211; Anleitung<\/a><\/p>\n<p><a href=\"https:\/\/www.dstenerife.eu\/wp-content\/uploads\/2019\/06\/F1-Bewerbungsbogen-ficha-de-solicitud.pdf\">F1 &#8211; Bewerbungsbogen &#8211; ficha de solicitud<\/a><\/p>\n<p><a href=\"https:\/\/www.dstenerife.eu\/wp-content\/uploads\/2019\/06\/F2-Brief-an-die-Gastfamilie-carta-para-la-familia-hu\u00e9sped.pdf\">F2 &#8211; Brief an die Gastfamilie &#8211; carta para la familia hu\u00e9sped<\/a><\/p>\n<p><a href=\"https:\/\/www.dstenerife.eu\/wp-content\/uploads\/2019\/06\/F3-Einverst\u00e4ndniserkl\u00e4rung-Declaraci\u00f3n-de-Conformidad.pdf\">F3 &#8211; Einverst\u00e4ndniserkl\u00e4rung &#8211; declaraci\u00f3n de conformidad<\/a><\/p>\n<p><a href=\"https:\/\/www.dstenerife.eu\/wp-content\/uploads\/2019\/06\/F4-Formular-f\u00fcr-Unterrichtsstoff-an-der-DST-formulario-para-temarios-an-la-DST.pdf\">F4 &#8211; Formular f\u00fcr Unterrichtsstoff an de DST &#8211; formulario para temarios en la DST<\/a><\/p>\n<p><a href=\"https:\/\/www.dstenerife.eu\/wp-content\/uploads\/2019\/06\/F7-Vollmacht-alleinreisendes-Kind-autorizaci\u00f3n-de-menores-de-viajar-solo-sin-padres.pdf\">F7 &#8211; Einverst\u00e4ndniserkl\u00e4rung f\u00fcr ein ohne Eltern reisendes Kind &#8211; autorizaci\u00f3n de menores de viajar solos sin padres<\/a><\/p>\n<p><a href=\"https:\/\/www.dstenerife.eu\/wp-content\/uploads\/2019\/06\/F8-Bitte-um-Erlaubnis-f\u00fcr-Besuch-Gastkind-solicitud-para-la-visita-a-clase-de-un-alumno-alem\u00e1n.pdf\">F8 &#8211; Bitte um Erlaubnis f\u00fcr Besuch des Gastkindes &#8211; solicitud para la visita a clase de un alumno alem\u00e1n<\/a><\/p>\n<p><a href=\"https:\/\/www.dstenerife.eu\/wp-content\/uploads\/2019\/06\/F9-Feedbackbogen-w\u00e4hrend-Austausch-ficha-de-Feedback-durante-la-visita.pdf\">F9 &#8211; Feedbackbogen w\u00e4hrend des Besuchs &#8211; ficha de Feedback durante la visita<\/a><\/p>\n<p><a href=\"https:\/\/www.dstenerife.eu\/wp-content\/uploads\/2024\/04\/F10.-Individueller-Austausch_dt.pdf\" target=\"_blank\" rel=\"noopener\">F10 &#8211; Einverst\u00e4ndniserkl\u00e4rung f\u00fcr den Aufenthalt von minderj\u00e4hrigen Sch\u00fclern im Ausland<\/a><\/p>\n<p><a href=\"https:\/\/www.dstenerife.eu\/wp-content\/uploads\/2024\/08\/Antrag_Beurlaubung_Schueler-24-25.pdf\" target=\"_blank\" rel=\"noopener\">Beurlaubungsantrag<\/a><\/p>\n<p>&nbsp;<\/p>\n<p>&nbsp;<\/p>\n<p>&nbsp;<\/p>\n<p>&nbsp;<\/p>\n<p>&nbsp;<\/p>\n<p>&nbsp;<\/p>\n","protected":false},"excerpt":{"rendered":"<p>In diesem Bereich unserer Homepage findet ihr\/finden Sie Informationen zum individuellen Austausch mit verschiedenen Schulen in [&hellip;]<\/p>\n","protected":false},"author":10,"featured_media":0,"parent":38938,"menu_order":6,"comment_status":"closed","ping_status":"closed","template":"","meta":{"site-sidebar-layout":"default","site-content-layout":"default","ast-site-content-layout":"default","site-content-style":"default","site-sidebar-style":"default","ast-global-header-display":"","ast-banner-title-visibility":"","ast-main-header-display":"","ast-hfb-above-header-display":"","ast-hfb-below-header-display":"","ast-hfb-mobile-header-display":"","site-post-title":"","ast-breadcrumbs-content":"","ast-featured-img":"","footer-sml-layout":"","ast-disable-related-posts":"","theme-transparent-header-meta":"default","adv-header-id-meta":"","stick-header-meta":"default","header-above-stick-meta":"","header-main-stick-meta":"","header-below-stick-meta":"","astra-migrate-meta-layouts":"set","ast-page-background-enabled":"default","ast-page-background-meta":{"desktop":{"background-color":"","background-image":"","background-repeat":"repeat","background-position":"center center","background-size":"auto","background-attachment":"scroll","background-type":"","background-media":"","overlay-type":"","overlay-color":"","overlay-opacity":"","overlay-gradient":""},"tablet":{"background-color":"","background-image":"","background-repeat":"repeat","background-position":"center center","background-size":"auto","background-attachment":"scroll","background-type":"","background-media":"","overlay-type":"","overlay-color":"","overlay-opacity":"","overlay-gradient":""},"mobile":{"background-color":"","background-image":"","background-repeat":"repeat","background-position":"center center","background-size":"auto","background-attachment":"scroll","background-type":"","background-media":"","overlay-type":"","overlay-color":"","overlay-opacity":"","overlay-gradient":""}},"ast-content-background-meta":{"desktop":{"background-color":"var(--ast-global-color-5)","background-image":"","background-repeat":"repeat","background-position":"center center","background-size":"auto","background-attachment":"scroll","background-type":"","background-media":"","overlay-type":"","overlay-color":"","overlay-opacity":"","overlay-gradient":""},"tablet":{"background-color":"var(--ast-global-color-5)","background-image":"","background-repeat":"repeat","background-position":"center center","background-size":"auto","background-attachment":"scroll","background-type":"","background-media":"","overlay-type":"","overlay-color":"","overlay-opacity":"","overlay-gradient":""},"mobile":{"background-color":"var(--ast-global-color-5)","background-image":"","background-repeat":"repeat","background-position":"center center","background-size":"auto","background-attachment":"scroll","background-type":"","background-media":"","overlay-type":"","overlay-color":"","overlay-opacity":"","overlay-gradient":""}},"_jet_sm_ready_style":"","_jet_sm_style":"","_jet_sm_controls_values":"","_jet_sm_fonts_collection":"","_jet_sm_fonts_links":"","footnotes":""},"schlagwortedst":[153],"wf_page_folders":[198,203,208],"class_list":["post-1631","page","type-page","status-publish","hentry","schlagwortedst-sideschule"],"_links":{"self":[{"href":"https:\/\/www.dstenerife.eu\/de\/wp-json\/wp\/v2\/pages\/1631","targetHints":{"allow":["GET"]}}],"collection":[{"href":"https:\/\/www.dstenerife.eu\/de\/wp-json\/wp\/v2\/pages"}],"about":[{"href":"https:\/\/www.dstenerife.eu\/de\/wp-json\/wp\/v2\/types\/page"}],"author":[{"embeddable":true,"href":"https:\/\/www.dstenerife.eu\/de\/wp-json\/wp\/v2\/users\/10"}],"replies":[{"embeddable":true,"href":"https:\/\/www.dstenerife.eu\/de\/wp-json\/wp\/v2\/comments?post=1631"}],"version-history":[{"count":7,"href":"https:\/\/www.dstenerife.eu\/de\/wp-json\/wp\/v2\/pages\/1631\/revisions"}],"predecessor-version":[{"id":83705,"href":"https:\/\/www.dstenerife.eu\/de\/wp-json\/wp\/v2\/pages\/1631\/revisions\/83705"}],"up":[{"embeddable":true,"href":"https:\/\/www.dstenerife.eu\/de\/wp-json\/wp\/v2\/pages\/38938"}],"wp:attachment":[{"href":"https:\/\/www.dstenerife.eu\/de\/wp-json\/wp\/v2\/media?parent=1631"}],"wp:term":[{"taxonomy":"schlagwortedst","embeddable":true,"href":"https:\/\/www.dstenerife.eu\/de\/wp-json\/wp\/v2\/schlagwortedst?post=1631"},{"taxonomy":"wf_page_folders","embeddable":true,"href":"https:\/\/www.dstenerife.eu\/de\/wp-json\/wp\/v2\/wf_page_folders?post=1631"}],"curies":[{"name":"wp","href":"https:\/\/api.w.org\/{rel}","templated":true}]}}