{"id":1684,"date":"2015-06-29T22:25:19","date_gmt":"2015-06-29T22:25:19","guid":{"rendered":"http:\/\/dstenerife.ducklingit.com\/?page_id=1684"},"modified":"2024-09-06T11:15:23","modified_gmt":"2024-09-06T10:15:23","slug":"mathematik","status":"publish","type":"page","link":"https:\/\/www.dstenerife.eu\/de\/sekundarstufe-i-und-ii\/unterrichtsfaecher-sekundarstufe\/mathematik\/","title":{"rendered":"Mathematik"},"content":{"rendered":"<p>Das Fach Mathematik schult allgemeine geistige F\u00e4higkeiten, wie z. B. logisches Denken, folgerichtiges Argumentieren und Anschauungsverm\u00f6gen. Es stellt Methoden und Strategien zur L\u00f6sung von Problemen bereit. Das Wechselspiel zwischen reiner Wissenschaft und Anwendung wird innerhalb der Mathematik besonders deutlich. Die Mathematik spielt als Hilfswissenschaft eine wichtige Rolle f\u00fcr eine Vielzahl von anderen F\u00e4chern (Naturwissenschaften, Technik, Informatik, usw.). Sie hat dar\u00fcber hinaus eine mehrtausendj\u00e4hrige Geschichte und ist somit von kultureller und historischer Relevanz.<\/p>\n<p>In der Sekundarstufe der DST wird das Fach Mathematik durchgehend vierst\u00fcndig unterrichtet. Gest\u00fctzt durch den Einsatz eines grafikf\u00e4higen Taschenrechners ab Jahrgang 9 wird dem Erwerb von Probleml\u00f6sungsf\u00e4higkeiten und einem praxisorientierten Arbeiten eine immer gr\u00f6\u00dfer werdende Bedeutung beigemessen. Sowohl zum Erwerb des mittleren Schulabschlusses und zur Berechtigung des \u00dcbergangs in die Qualifikationsphase der gymnasialen Oberstufe als auch im Rahmen der Evaluation der Bildungsstandards wird in Jahrgangsstufe 10 eine zentrale Klassenarbeit durchgef\u00fchrt.<\/p>\n<p>Innerhalb unseres schulspezifischen Qualit\u00e4tsprogramms geben wir unseren Sch\u00fclerinnen und Sch\u00fclern Gelegenheit und ermutigen sie zur Teilnahme an Mathematikwettbewerben:<\/p>\n<ul>\n<li>F\u00fcr begabte und interessierte Sch\u00fclerinnen und Sch\u00fcler aller Klassenstufen besteht die M\u00f6glichkeit, an der Mathematik-Olympiade teilzunehmen.<\/li>\n<li>Sch\u00fclerinnen und Sch\u00fcler der Jahrgangsstufen 3-12 nehmen j\u00e4hrlich am K\u00e4nguru-Wettbewerb teil, welcher in erster Linie das Ziel der Popularisierung der Mathematik verfolgt. Es soll durch die Aufgaben Freude am mathematischen Denken und Arbeiten geweckt und unterst\u00fctzt werden.<\/li>\n<\/ul>\n<h3><strong>Lehrpl\u00e4ne:<\/strong><\/h3>\n<p><a href=\"https:\/\/www.dstenerife.eu\/wp-content\/uploads\/2015\/06\/Schulcurriculum-Mathematik-Sek-I-DS-Tenerife.pdf\">Schulcurriculum Mathematik Sekundarstufe I\u00a0<\/a><br \/>\n<a href=\"https:\/\/www.dstenerife.eu\/wp-content\/uploads\/2015\/06\/Schulcurriculum-Mathematik-Sek-I-DS-Tenerife.pdf\" class=\"pdfemb-viewer\" style=\"width:340px;\" data-width=\"340\" data-height=\"max\" data-toolbar=\"top\" data-toolbar-fixed=\"on\">Schulcurriculum Mathematik Sekundarstufe I<\/a><\/p>\n<p><a href=\"https:\/\/www.dstenerife.eu\/wp-content\/uploads\/2024\/09\/2025-Schulcurriculum-Mathematik-Kursstufe-DS-Tenerife-1.pdf\" target=\"_blank\" rel=\"noopener\">Schulcurriculum Mathematik Oberstufe Abitur 2025<\/a><br \/>\n<a href=\"https:\/\/www.dstenerife.eu\/wp-content\/uploads\/2024\/09\/2025-Schulcurriculum-Mathematik-Kursstufe-DS-Tenerife-1.pdf\" class=\"pdfemb-viewer\" style=\"width:340px;\" data-width=\"340\" data-height=\"max\" data-toolbar=\"top\" data-toolbar-fixed=\"on\">Schulcurriculum Mathematik Oberstufe<\/a><\/p>\n<p><a href=\"https:\/\/www.dstenerife.eu\/wp-content\/uploads\/2024\/09\/Schulcurriculum-Mathematik-Kursstufe-DS-Teneriffa_WTR_ab_2026.pdf\" target=\"_blank\" rel=\"noopener\">Schulcurriculum Mathematik Oberstufe Abitur 2026<\/a><\/p>\n<a href=\"https:\/\/www.dstenerife.eu\/wp-content\/uploads\/2024\/09\/Schulcurriculum-Mathematik-Kursstufe-DS-Teneriffa_WTR_ab_2026.pdf\" class=\"pdfemb-viewer\" style=\"width:340px;\" data-width=\"340\" data-height=\"max\" data-toolbar=\"top\" data-toolbar-fixed=\"on\">Schulcurriculum Mathematik Oberstufe<\/a>\n<p>&nbsp;<\/p>\n<p>&nbsp;<\/p>\n","protected":false},"excerpt":{"rendered":"<p>Das Fach Mathematik schult allgemeine geistige F\u00e4higkeiten, wie z. B. logisches Denken, folgerichtiges Argumentieren und Anschauungsverm\u00f6gen. [&hellip;]<\/p>\n","protected":false},"author":10,"featured_media":0,"parent":628,"menu_order":6,"comment_status":"closed","ping_status":"closed","template":"","meta":{"site-sidebar-layout":"default","site-content-layout":"default","ast-site-content-layout":"default","site-content-style":"default","site-sidebar-style":"default","ast-global-header-display":"","ast-banner-title-visibility":"","ast-main-header-display":"","ast-hfb-above-header-display":"","ast-hfb-below-header-display":"","ast-hfb-mobile-header-display":"","site-post-title":"","ast-breadcrumbs-content":"","ast-featured-img":"","footer-sml-layout":"","ast-disable-related-posts":"","theme-transparent-header-meta":"default","adv-header-id-meta":"","stick-header-meta":"default","header-above-stick-meta":"","header-main-stick-meta":"","header-below-stick-meta":"","astra-migrate-meta-layouts":"set","ast-page-background-enabled":"default","ast-page-background-meta":{"desktop":{"background-color":"","background-image":"","background-repeat":"repeat","background-position":"center center","background-size":"auto","background-attachment":"scroll","background-type":"","background-media":"","overlay-type":"","overlay-color":"","overlay-opacity":"","overlay-gradient":""},"tablet":{"background-color":"","background-image":"","background-repeat":"repeat","background-position":"center center","background-size":"auto","background-attachment":"scroll","background-type":"","background-media":"","overlay-type":"","overlay-color":"","overlay-opacity":"","overlay-gradient":""},"mobile":{"background-color":"","background-image":"","background-repeat":"repeat","background-position":"center center","background-size":"auto","background-attachment":"scroll","background-type":"","background-media":"","overlay-type":"","overlay-color":"","overlay-opacity":"","overlay-gradient":""}},"ast-content-background-meta":{"desktop":{"background-color":"var(--ast-global-color-5)","background-image":"","background-repeat":"repeat","background-position":"center center","background-size":"auto","background-attachment":"scroll","background-type":"","background-media":"","overlay-type":"","overlay-color":"","overlay-opacity":"","overlay-gradient":""},"tablet":{"background-color":"var(--ast-global-color-5)","background-image":"","background-repeat":"repeat","background-position":"center center","background-size":"auto","background-attachment":"scroll","background-type":"","background-media":"","overlay-type":"","overlay-color":"","overlay-opacity":"","overlay-gradient":""},"mobile":{"background-color":"var(--ast-global-color-5)","background-image":"","background-repeat":"repeat","background-position":"center center","background-size":"auto","background-attachment":"scroll","background-type":"","background-media":"","overlay-type":"","overlay-color":"","overlay-opacity":"","overlay-gradient":""}},"_jet_sm_ready_style":"","_jet_sm_style":"","_jet_sm_controls_values":"","_jet_sm_fonts_collection":"","_jet_sm_fonts_links":"","footnotes":""},"schlagwortedst":[151],"wf_page_folders":[196,203,208],"class_list":["post-1684","page","type-page","status-publish","hentry","schlagwortedst-sidesek"],"_links":{"self":[{"href":"https:\/\/www.dstenerife.eu\/de\/wp-json\/wp\/v2\/pages\/1684","targetHints":{"allow":["GET"]}}],"collection":[{"href":"https:\/\/www.dstenerife.eu\/de\/wp-json\/wp\/v2\/pages"}],"about":[{"href":"https:\/\/www.dstenerife.eu\/de\/wp-json\/wp\/v2\/types\/page"}],"author":[{"embeddable":true,"href":"https:\/\/www.dstenerife.eu\/de\/wp-json\/wp\/v2\/users\/10"}],"replies":[{"embeddable":true,"href":"https:\/\/www.dstenerife.eu\/de\/wp-json\/wp\/v2\/comments?post=1684"}],"version-history":[{"count":5,"href":"https:\/\/www.dstenerife.eu\/de\/wp-json\/wp\/v2\/pages\/1684\/revisions"}],"predecessor-version":[{"id":83587,"href":"https:\/\/www.dstenerife.eu\/de\/wp-json\/wp\/v2\/pages\/1684\/revisions\/83587"}],"up":[{"embeddable":true,"href":"https:\/\/www.dstenerife.eu\/de\/wp-json\/wp\/v2\/pages\/628"}],"wp:attachment":[{"href":"https:\/\/www.dstenerife.eu\/de\/wp-json\/wp\/v2\/media?parent=1684"}],"wp:term":[{"taxonomy":"schlagwortedst","embeddable":true,"href":"https:\/\/www.dstenerife.eu\/de\/wp-json\/wp\/v2\/schlagwortedst?post=1684"},{"taxonomy":"wf_page_folders","embeddable":true,"href":"https:\/\/www.dstenerife.eu\/de\/wp-json\/wp\/v2\/wf_page_folders?post=1684"}],"curies":[{"name":"wp","href":"https:\/\/api.w.org\/{rel}","templated":true}]}}