{"id":1795,"date":"2015-07-06T21:41:10","date_gmt":"2015-07-06T21:41:10","guid":{"rendered":"http:\/\/dstenerife.ducklingit.com\/?page_id=1795"},"modified":"2024-08-22T09:13:30","modified_gmt":"2024-08-22T08:13:30","slug":"chemie","status":"publish","type":"page","link":"https:\/\/www.dstenerife.eu\/de\/sekundarstufe-i-und-ii\/unterrichtsfaecher-sekundarstufe\/chemie\/","title":{"rendered":"Chemie"},"content":{"rendered":"<p>Unverzichtbares Element der gymnasialen Ausbildung ist eine solide naturwissenschaftliche Grundbildung. Sie ist eine wesentliche Voraussetzung, um im pers\u00f6nlichen und gesellschaftlichen Leben sachlich richtig und selbstbestimmt entscheiden und handeln zu k\u00f6nnen, aktiv an der gesellschaftlichen Kommunikation und Meinungsbildung teilzuhaben und an der Mitgestaltung unserer Lebensbedingungen im Sinne einer nachhaltigen Entwicklung mitzuwirken.<\/p>\n<p>Das Fach Chemie leistet dazu einen wichtigen Beitrag. Das Verst\u00e4ndnis vieler Ph\u00e4nomene des Alltags erfordert Kenntnisse \u00fcber Stoffe, ihre Eigenschaften und Relationen. Die Bedeutung der Chemie zeigt sich heute in vielen lebensnahen und praxisbezogenen Bereichen wie Pharmazie, Textilindustrie, \u00a0Land-und Forstwirtschaft, Kunststoffherstellung, Nanotechnologie und Energiewirtschaft. Als wesentliche Grundlage technischer, \u00f6kologischer, medizinischer und wirtschaftlicher Entwicklungen er\u00f6ffnet die Chemie Wege f\u00fcr die Gestaltung unserer Lebenswelt und somit der Verbesserung unserer Lebensqualit\u00e4t, birgt aber auch Risiken. Solide Grundkenntnisse sind Voraussetzung f\u00fcr relevante Berufe und Studienrichtungen.<\/p>\n<p>Der Chemieunterricht in der gymnasialen Oberstufe ist auf das Erreichen der allgemeinen Hochschulreife ausgerichtet und bietet dem Sch\u00fcler neben einer vertieften Allgemeinbildung eine wissenschaftliche Bildung und eine allgemeine Studierf\u00e4higkeit bzw. Berufsorientierung. Er konzentriert sich dementsprechend auf das Verstehen chemischer Sachverhalte und auf das Entwickeln von Basisqualifikationen, die eine Grundlage f\u00fcr anschlussf\u00e4higes Lernen in weiteren schulischen, beruflichen und pers\u00f6nlichen Bereichen bilden.<\/p>\n<p>Chemie wird an der DST ab Klasse 8 unterrichtet.\u00a0 Im Schuljahr 2023\/24 wurden die Chemie-R\u00e4umlichkeiten der DST renoviert und modernisiert, sodass sie sich nun auf modernstem Stand der Technik befinden. Lehrer- sowie Sch\u00fclerexperimente, die ein wichtiger Bestandteil der chemischen Grundbildung sind, k\u00f6nnen hier gut und sicher durchgef\u00fchrt werden.<\/p>\n<p><a href=\"https:\/\/e969z83yjsq.exactdn.com\/wp-content\/uploads\/2024\/08\/Chemieraum-neu-23-24-1.jpg?strip=all&w=2560\"><img fetchpriority=\"high\" decoding=\"async\" class=\"aligncenter size-medium wp-image-83510\" src=\"https:\/\/e969z83yjsq.exactdn.com\/wp-content\/uploads\/2024\/08\/Chemieraum-neu-23-24-1-564x423.jpg?strip=all\" alt=\"\" width=\"564\" height=\"423\" srcset=\"https:\/\/e969z83yjsq.exactdn.com\/wp-content\/uploads\/2024\/08\/Chemieraum-neu-23-24-1-564x423.jpg?strip=all 564w, https:\/\/e969z83yjsq.exactdn.com\/wp-content\/uploads\/2024\/08\/Chemieraum-neu-23-24-1-960x720.jpg?strip=all 960w, https:\/\/e969z83yjsq.exactdn.com\/wp-content\/uploads\/2024\/08\/Chemieraum-neu-23-24-1-768x576.jpg?strip=all 768w, https:\/\/e969z83yjsq.exactdn.com\/wp-content\/uploads\/2024\/08\/Chemieraum-neu-23-24-1-1536x1152.jpg?strip=all 1536w, https:\/\/e969z83yjsq.exactdn.com\/wp-content\/uploads\/2024\/08\/Chemieraum-neu-23-24-1-320x240.jpg?strip=all 320w, https:\/\/e969z83yjsq.exactdn.com\/wp-content\/uploads\/2024\/08\/Chemieraum-neu-23-24-1.jpg?strip=all 1920w, https:\/\/e969z83yjsq.exactdn.com\/wp-content\/uploads\/2024\/08\/Chemieraum-neu-23-24-1.jpg?strip=all&amp;w=384 384w, https:\/\/e969z83yjsq.exactdn.com\/wp-content\/uploads\/2024\/08\/Chemieraum-neu-23-24-1.jpg?strip=all&amp;w=1152 1152w, https:\/\/e969z83yjsq.exactdn.com\/wp-content\/uploads\/2024\/08\/Chemieraum-neu-23-24-1.jpg?strip=all&amp;w=450 450w\" sizes=\"(max-width: 564px) 100vw, 564px\" \/><\/a><\/p>\n<p><a href=\"https:\/\/e969z83yjsq.exactdn.com\/wp-content\/uploads\/2024\/08\/Chemieraum-neu-23-24.jpg?strip=all&w=2560\"><img decoding=\"async\" class=\"aligncenter size-medium wp-image-83508\" src=\"https:\/\/e969z83yjsq.exactdn.com\/wp-content\/uploads\/2024\/08\/Chemieraum-neu-23-24-564x423.jpg?strip=all\" alt=\"\" width=\"564\" height=\"423\" srcset=\"https:\/\/e969z83yjsq.exactdn.com\/wp-content\/uploads\/2024\/08\/Chemieraum-neu-23-24-564x423.jpg?strip=all 564w, https:\/\/e969z83yjsq.exactdn.com\/wp-content\/uploads\/2024\/08\/Chemieraum-neu-23-24-960x720.jpg?strip=all 960w, https:\/\/e969z83yjsq.exactdn.com\/wp-content\/uploads\/2024\/08\/Chemieraum-neu-23-24-768x576.jpg?strip=all 768w, https:\/\/e969z83yjsq.exactdn.com\/wp-content\/uploads\/2024\/08\/Chemieraum-neu-23-24-1536x1152.jpg?strip=all 1536w, https:\/\/e969z83yjsq.exactdn.com\/wp-content\/uploads\/2024\/08\/Chemieraum-neu-23-24-320x240.jpg?strip=all 320w, https:\/\/e969z83yjsq.exactdn.com\/wp-content\/uploads\/2024\/08\/Chemieraum-neu-23-24.jpg?strip=all 1920w, https:\/\/e969z83yjsq.exactdn.com\/wp-content\/uploads\/2024\/08\/Chemieraum-neu-23-24.jpg?strip=all&amp;w=384 384w, https:\/\/e969z83yjsq.exactdn.com\/wp-content\/uploads\/2024\/08\/Chemieraum-neu-23-24.jpg?strip=all&amp;w=1152 1152w, https:\/\/e969z83yjsq.exactdn.com\/wp-content\/uploads\/2024\/08\/Chemieraum-neu-23-24.jpg?strip=all&amp;w=450 450w\" sizes=\"(max-width: 564px) 100vw, 564px\" \/><\/a><\/p>\n<p><a href=\"https:\/\/e969z83yjsq.exactdn.com\/wp-content\/uploads\/2024\/08\/Experimente-im-Chemielabor.jpg?strip=all&w=2560\"><img decoding=\"async\" class=\"aligncenter size-medium wp-image-83514\" src=\"https:\/\/e969z83yjsq.exactdn.com\/wp-content\/uploads\/2024\/08\/Experimente-im-Chemielabor-564x423.jpg?strip=all\" alt=\"\" width=\"564\" height=\"423\" srcset=\"https:\/\/e969z83yjsq.exactdn.com\/wp-content\/uploads\/2024\/08\/Experimente-im-Chemielabor-564x423.jpg?strip=all 564w, https:\/\/e969z83yjsq.exactdn.com\/wp-content\/uploads\/2024\/08\/Experimente-im-Chemielabor-960x720.jpg?strip=all 960w, https:\/\/e969z83yjsq.exactdn.com\/wp-content\/uploads\/2024\/08\/Experimente-im-Chemielabor-768x576.jpg?strip=all 768w, https:\/\/e969z83yjsq.exactdn.com\/wp-content\/uploads\/2024\/08\/Experimente-im-Chemielabor-1536x1152.jpg?strip=all 1536w, https:\/\/e969z83yjsq.exactdn.com\/wp-content\/uploads\/2024\/08\/Experimente-im-Chemielabor-320x240.jpg?strip=all 320w, https:\/\/e969z83yjsq.exactdn.com\/wp-content\/uploads\/2024\/08\/Experimente-im-Chemielabor.jpg?strip=all 1920w, https:\/\/e969z83yjsq.exactdn.com\/wp-content\/uploads\/2024\/08\/Experimente-im-Chemielabor.jpg?strip=all&amp;w=384 384w, https:\/\/e969z83yjsq.exactdn.com\/wp-content\/uploads\/2024\/08\/Experimente-im-Chemielabor.jpg?strip=all&amp;w=1152 1152w, https:\/\/e969z83yjsq.exactdn.com\/wp-content\/uploads\/2024\/08\/Experimente-im-Chemielabor.jpg?strip=all&amp;w=450 450w\" sizes=\"(max-width: 564px) 100vw, 564px\" \/><\/a><\/p>\n<p>Hier findet man die Lehrpl\u00e4ne:<\/p>\n<p>Schulcurriculum Chemie Sekundarstufe I<br \/>\n<a href=\"https:\/\/www.dstenerife.eu\/wp-content\/uploads\/2024\/08\/DS-Teneriffa_Curriculum_Chemie_8-10_ab_24_25.pdf\" class=\"pdfemb-viewer\" style=\"width:340px;\" data-width=\"340\" data-height=\"max\" data-toolbar=\"top\" data-toolbar-fixed=\"on\">Schulcurriculum Chemie Sekundarstufe I<\/a><\/p>\n<p>Schulcurriculum Chemie Sekundarstufe II<br \/>\n<a href=\"https:\/\/www.dstenerife.eu\/wp-content\/uploads\/2015\/07\/schulcurriculum_chemie_sek2_dst_nov_2012.pdf\" class=\"pdfemb-viewer\" style=\"width:340px;\" data-width=\"340\" data-height=\"max\" data-toolbar=\"top\" data-toolbar-fixed=\"on\">Schulcurriculum Chemie Sekundarstufe II<\/a><\/p>\n","protected":false},"excerpt":{"rendered":"<p>Unverzichtbares Element der gymnasialen Ausbildung ist eine solide naturwissenschaftliche Grundbildung. Sie ist eine wesentliche Voraussetzung, um [&hellip;]<\/p>\n","protected":false},"author":10,"featured_media":1042,"parent":628,"menu_order":11,"comment_status":"closed","ping_status":"closed","template":"","meta":{"site-sidebar-layout":"default","site-content-layout":"default","ast-site-content-layout":"default","site-content-style":"default","site-sidebar-style":"default","ast-global-header-display":"","ast-banner-title-visibility":"","ast-main-header-display":"","ast-hfb-above-header-display":"","ast-hfb-below-header-display":"","ast-hfb-mobile-header-display":"","site-post-title":"","ast-breadcrumbs-content":"","ast-featured-img":"","footer-sml-layout":"","ast-disable-related-posts":"","theme-transparent-header-meta":"default","adv-header-id-meta":"","stick-header-meta":"default","header-above-stick-meta":"","header-main-stick-meta":"","header-below-stick-meta":"","astra-migrate-meta-layouts":"set","ast-page-background-enabled":"default","ast-page-background-meta":{"desktop":{"background-color":"","background-image":"","background-repeat":"repeat","background-position":"center center","background-size":"auto","background-attachment":"scroll","background-type":"","background-media":"","overlay-type":"","overlay-color":"","overlay-opacity":"","overlay-gradient":""},"tablet":{"background-color":"","background-image":"","background-repeat":"repeat","background-position":"center center","background-size":"auto","background-attachment":"scroll","background-type":"","background-media":"","overlay-type":"","overlay-color":"","overlay-opacity":"","overlay-gradient":""},"mobile":{"background-color":"","background-image":"","background-repeat":"repeat","background-position":"center center","background-size":"auto","background-attachment":"scroll","background-type":"","background-media":"","overlay-type":"","overlay-color":"","overlay-opacity":"","overlay-gradient":""}},"ast-content-background-meta":{"desktop":{"background-color":"var(--ast-global-color-5)","background-image":"","background-repeat":"repeat","background-position":"center center","background-size":"auto","background-attachment":"scroll","background-type":"","background-media":"","overlay-type":"","overlay-color":"","overlay-opacity":"","overlay-gradient":""},"tablet":{"background-color":"var(--ast-global-color-5)","background-image":"","background-repeat":"repeat","background-position":"center center","background-size":"auto","background-attachment":"scroll","background-type":"","background-media":"","overlay-type":"","overlay-color":"","overlay-opacity":"","overlay-gradient":""},"mobile":{"background-color":"var(--ast-global-color-5)","background-image":"","background-repeat":"repeat","background-position":"center center","background-size":"auto","background-attachment":"scroll","background-type":"","background-media":"","overlay-type":"","overlay-color":"","overlay-opacity":"","overlay-gradient":""}},"_jet_sm_ready_style":"","_jet_sm_style":"","_jet_sm_controls_values":"","_jet_sm_fonts_collection":"","_jet_sm_fonts_links":"","footnotes":""},"schlagwortedst":[151],"wf_page_folders":[196,203],"class_list":["post-1795","page","type-page","status-publish","has-post-thumbnail","hentry","schlagwortedst-sidesek"],"_links":{"self":[{"href":"https:\/\/www.dstenerife.eu\/de\/wp-json\/wp\/v2\/pages\/1795","targetHints":{"allow":["GET"]}}],"collection":[{"href":"https:\/\/www.dstenerife.eu\/de\/wp-json\/wp\/v2\/pages"}],"about":[{"href":"https:\/\/www.dstenerife.eu\/de\/wp-json\/wp\/v2\/types\/page"}],"author":[{"embeddable":true,"href":"https:\/\/www.dstenerife.eu\/de\/wp-json\/wp\/v2\/users\/10"}],"replies":[{"embeddable":true,"href":"https:\/\/www.dstenerife.eu\/de\/wp-json\/wp\/v2\/comments?post=1795"}],"version-history":[{"count":5,"href":"https:\/\/www.dstenerife.eu\/de\/wp-json\/wp\/v2\/pages\/1795\/revisions"}],"predecessor-version":[{"id":83519,"href":"https:\/\/www.dstenerife.eu\/de\/wp-json\/wp\/v2\/pages\/1795\/revisions\/83519"}],"up":[{"embeddable":true,"href":"https:\/\/www.dstenerife.eu\/de\/wp-json\/wp\/v2\/pages\/628"}],"wp:featuredmedia":[{"embeddable":true,"href":"https:\/\/www.dstenerife.eu\/de\/wp-json\/wp\/v2\/media\/1042"}],"wp:attachment":[{"href":"https:\/\/www.dstenerife.eu\/de\/wp-json\/wp\/v2\/media?parent=1795"}],"wp:term":[{"taxonomy":"schlagwortedst","embeddable":true,"href":"https:\/\/www.dstenerife.eu\/de\/wp-json\/wp\/v2\/schlagwortedst?post=1795"},{"taxonomy":"wf_page_folders","embeddable":true,"href":"https:\/\/www.dstenerife.eu\/de\/wp-json\/wp\/v2\/wf_page_folders?post=1795"}],"curies":[{"name":"wp","href":"https:\/\/api.w.org\/{rel}","templated":true}]}}