{"id":18,"date":"2014-06-07T10:20:00","date_gmt":"2014-06-07T10:20:00","guid":{"rendered":"http:\/\/school.wpshow.me\/?page_id=18"},"modified":"2025-09-30T08:22:56","modified_gmt":"2025-09-30T07:22:56","slug":"die-schule","status":"publish","type":"page","link":"https:\/\/www.dstenerife.eu\/de\/die-schule\/","title":{"rendered":"Die Schule"},"content":{"rendered":"<p>Die Deutsche Schule Santa Cruz de Tenerife (DST) ist eine Begegnungsschule, an der die Sch\u00fcler*innen auf den deutschen und den spanischen Hochschulzugang vorbereitet werden. Daneben besteht die M\u00f6glichkeit, den Realschulabschluss nach Klasse 10 zu erwerben.<\/p>\n<p>Die DST ist eine selbst\u00e4ndige ausl\u00e4ndische Privatschule und wird vom spanischen Staat gem\u00e4\u00df dem Real Decreto 806\/1993 vom 28.05.1993 als solche anerkannt. Sie wird vom Ausw\u00e4rtigen Amt der Bundesrepublik Deutschland pers\u00f6nlich und finanziell gef\u00f6rdert, ist von der St\u00e4ndigen Konferenz der Kultusminister der L\u00e4nder der Bundesrepublik Deutschland (KMK) anerkannt und wird von ihr beaufsichtigt.<\/p>\n<p>Die Zentralstelle f\u00fcr das Auslandsschulwesen (ZfA) beim Bundesverwaltungsamt (BfAA) betreut die Schule organisatorisch, stellt finanzielle Mittel und Lehrmittel zur Verf\u00fcgung und vermittelt von den L\u00e4nderbeh\u00f6rden beurlaubte Lehrkr\u00e4fte f\u00fcr eine begrenzte Zeit an die Schule. Seit 2010 f\u00fchrt die Deutsche Schule Santa Cruz de Tenerife das G\u00fctesiegel \u201eExzellente Deutsche Auslandsschule\u201c.<\/p>\n<p>Der Hauptteil der Kinder tritt im Alter von 1 Jahr in die Kinderkrippe oder im Alter von 3 Jahren in den Kindergarten ein. Daraus formen sich zwei Parallelklassen f\u00fcr die zweiz\u00fcgige Grundschule, die dann in der Sekundarstufe weitergef\u00fchrt werden. J\u00e4hrlich erwerben etwa 30 bis 40 Sch\u00fcler*innen das deutsche Abitur.<\/p>\n","protected":false},"excerpt":{"rendered":"<p>Die Deutsche Schule Santa Cruz de Tenerife (DST) ist eine Begegnungsschule, an der die Sch\u00fcler*innen auf [&hellip;]<\/p>\n","protected":false},"author":15,"featured_media":99743,"parent":0,"menu_order":2,"comment_status":"closed","ping_status":"closed","template":"","meta":{"site-sidebar-layout":"right-sidebar","site-content-layout":"boxed-container","ast-site-content-layout":"normal-width-container","site-content-style":"boxed","site-sidebar-style":"boxed","ast-global-header-display":"","ast-banner-title-visibility":"","ast-main-header-display":"","ast-hfb-above-header-display":"","ast-hfb-below-header-display":"","ast-hfb-mobile-header-display":"","site-post-title":"","ast-breadcrumbs-content":"","ast-featured-img":"","footer-sml-layout":"","ast-disable-related-posts":"","theme-transparent-header-meta":"default","adv-header-id-meta":"","stick-header-meta":"default","header-above-stick-meta":"","header-main-stick-meta":"","header-below-stick-meta":"","astra-migrate-meta-layouts":"set","ast-page-background-enabled":"default","ast-page-background-meta":{"desktop":{"background-color":"","background-image":"","background-repeat":"repeat","background-position":"center center","background-size":"auto","background-attachment":"scroll","background-type":"","background-media":"","overlay-type":"","overlay-color":"","overlay-opacity":"","overlay-gradient":""},"tablet":{"background-color":"","background-image":"","background-repeat":"repeat","background-position":"center center","background-size":"auto","background-attachment":"scroll","background-type":"","background-media":"","overlay-type":"","overlay-color":"","overlay-opacity":"","overlay-gradient":""},"mobile":{"background-color":"","background-image":"","background-repeat":"repeat","background-position":"center center","background-size":"auto","background-attachment":"scroll","background-type":"","background-media":"","overlay-type":"","overlay-color":"","overlay-opacity":"","overlay-gradient":""}},"ast-content-background-meta":{"desktop":{"background-color":"var(--ast-global-color-5)","background-image":"","background-repeat":"repeat","background-position":"center center","background-size":"auto","background-attachment":"scroll","background-type":"","background-media":"","overlay-type":"","overlay-color":"","overlay-opacity":"","overlay-gradient":""},"tablet":{"background-color":"var(--ast-global-color-5)","background-image":"","background-repeat":"repeat","background-position":"center center","background-size":"auto","background-attachment":"scroll","background-type":"","background-media":"","overlay-type":"","overlay-color":"","overlay-opacity":"","overlay-gradient":""},"mobile":{"background-color":"var(--ast-global-color-5)","background-image":"","background-repeat":"repeat","background-position":"center center","background-size":"auto","background-attachment":"scroll","background-type":"","background-media":"","overlay-type":"","overlay-color":"","overlay-opacity":"","overlay-gradient":""}},"_jet_sm_ready_style":"","_jet_sm_style":"","_jet_sm_controls_values":"","_jet_sm_fonts_collection":"","_jet_sm_fonts_links":"","footnotes":""},"schlagwortedst":[153],"wf_page_folders":[190,208],"class_list":["post-18","page","type-page","status-publish","has-post-thumbnail","hentry","schlagwortedst-sideschule"],"_links":{"self":[{"href":"https:\/\/www.dstenerife.eu\/de\/wp-json\/wp\/v2\/pages\/18","targetHints":{"allow":["GET"]}}],"collection":[{"href":"https:\/\/www.dstenerife.eu\/de\/wp-json\/wp\/v2\/pages"}],"about":[{"href":"https:\/\/www.dstenerife.eu\/de\/wp-json\/wp\/v2\/types\/page"}],"author":[{"embeddable":true,"href":"https:\/\/www.dstenerife.eu\/de\/wp-json\/wp\/v2\/users\/15"}],"replies":[{"embeddable":true,"href":"https:\/\/www.dstenerife.eu\/de\/wp-json\/wp\/v2\/comments?post=18"}],"version-history":[{"count":12,"href":"https:\/\/www.dstenerife.eu\/de\/wp-json\/wp\/v2\/pages\/18\/revisions"}],"predecessor-version":[{"id":99750,"href":"https:\/\/www.dstenerife.eu\/de\/wp-json\/wp\/v2\/pages\/18\/revisions\/99750"}],"wp:featuredmedia":[{"embeddable":true,"href":"https:\/\/www.dstenerife.eu\/de\/wp-json\/wp\/v2\/media\/99743"}],"wp:attachment":[{"href":"https:\/\/www.dstenerife.eu\/de\/wp-json\/wp\/v2\/media?parent=18"}],"wp:term":[{"taxonomy":"schlagwortedst","embeddable":true,"href":"https:\/\/www.dstenerife.eu\/de\/wp-json\/wp\/v2\/schlagwortedst?post=18"},{"taxonomy":"wf_page_folders","embeddable":true,"href":"https:\/\/www.dstenerife.eu\/de\/wp-json\/wp\/v2\/wf_page_folders?post=18"}],"curies":[{"name":"wp","href":"https:\/\/api.w.org\/{rel}","templated":true}]}}