{"id":1806,"date":"2015-07-06T21:57:42","date_gmt":"2015-07-06T21:57:42","guid":{"rendered":"http:\/\/dstenerife.ducklingit.com\/?page_id=1806"},"modified":"2024-07-10T09:35:57","modified_gmt":"2024-07-10T08:35:57","slug":"erdkunde","status":"publish","type":"page","link":"https:\/\/www.dstenerife.eu\/de\/sekundarstufe-i-und-ii\/unterrichtsfaecher-sekundarstufe\/erdkunde\/","title":{"rendered":"Geographie"},"content":{"rendered":"<p>Das Fach Geographie wird ab Klasse 7 zweist\u00fcndig pro Woche unterrichtet.<\/p>\n<p>Lehrpl\u00e4ne:<\/p>\n<ul>\n<li>Schulcurriculum Klasse 7 bis 10<br \/>\n<a href=\"https:\/\/www.dstenerife.eu\/wp-content\/uploads\/2024\/07\/Lehrplan-Geographie-Sek-I_ueberarbeitet_Version-2019.pdf\" class=\"pdfemb-viewer\" style=\"width:340px;\" data-width=\"340\" data-height=\"max\" data-toolbar=\"top\" data-toolbar-fixed=\"on\">Schulcurriculum Klasse 8 bis 10<\/a><\/li>\n<li>Schulcurriculum Klasse 11 und 12<br \/>\n<a href=\"https:\/\/www.dstenerife.eu\/wp-content\/uploads\/2024\/07\/Lehrplan-Geographie-Klasse-11-und-12_DST_ueberarbeitete-Version-2020.pdf\" class=\"pdfemb-viewer\" style=\"width:340px;\" data-width=\"340\" data-height=\"max\" data-toolbar=\"top\" data-toolbar-fixed=\"on\">Schulcurriculum Klasse 11 und 12<\/a><\/li>\n<\/ul>\n<p><strong><em>Gro\u00dfe Pr\u00e4sentation im Fach Geographie<\/em><br \/>\n<\/strong><\/p>\n<p>Seit neun Jahren sind die Partnerpr\u00e4sentationen der Jahrgangsstufe 10 an unserer Schule ein fester Bestandteil des Geographieunterrichts. Alle Sch\u00fcler*innen m\u00fcssen eine 30-min\u00fctige Pr\u00e4sentation zu einem gew\u00e4hlten Thema halten. Die Pr\u00e4sentationen finden w\u00e4hrend 2 Wochen (April\/Mai) in der Aula und dem Informatikraum statt. Sie werden bewertet und ersetzen mit doppelter Wertung die vierte schriftliche Leistungs\u00fcberpr\u00fcfung. Dieses System hat sich \u00fcber die Jahre etabliert und viel Anerkennung erfahren.<\/p>\n<p>Die Pr\u00e4sentationen der Klassen 10 sind ein wichtiger Bestandteil, um die Sch\u00fcler auf eigenst\u00e4ndige Arbeitsformen erneut vorzubereiten und sie ihr Lernfortschritte der letzten Schuljahre hier zeigen k\u00f6nnen. Dar\u00fcber hinaus sind die Pr\u00e4sentationen in ihrer thematischen Vielfalt und Auswahl ein wichtiger Baustein zur Demokratieerziehung an unserer Schule. F\u00fcr die Zukunft ist angedacht, dass die Pr\u00e4sentationen auf die drei Wahlf\u00e4cher Gemeinschaftskunde, NTI und weitere F\u00e4cher ausgedehnt wird.<\/p>\n<p>Die Vorteile sind:<\/p>\n<ul>\n<li>Ein bew\u00e4hrtes System w\u00fcrde einen h\u00f6heren Stellenwert bekommen und noch st\u00e4rker als bisher zur Profilierung der Schule beitragen.<\/li>\n<li>Durch die Wahl k\u00f6nnten die Sch\u00fcler bereits vor Eintritt in die Qualifikationsphase einen eigenen fachlichen Schwerpunkt setzen und ihre Wahl im Nachhinein reflektieren. So \u00fcben sie Eigenverantwortung f\u00fcr ihren schulischen Erfolg ein.<\/li>\n<li>Je nach Wahl kann die Pr\u00e4sentation bereits als Vorbereitung auf sp\u00e4tere Anforderungen innerhalb (m\u00fcndliche Abiturpr\u00fcfung, Auswahl zur Model-UN) und au\u00dferhalb der Schule (Studium) dienen.<\/li>\n<li>Kurzvortr\u00e4ge, Referate, Kurzpr\u00e4sentationen und ppt-Pr\u00e4sentationen sind ein bedeutender Bestandteil des Schulmethodencurriculums in der Sekundarstufe; eine Ausdehnung in diesem Sinn ist damit auch eine Art der f\u00e4cher\u00fcbergreifenden Evaluation dieser Methoden<\/li>\n<li>Es ist eine sehr gute Vorbereitung auf die zuk\u00fcnftigen Pr\u00e4sentationspr\u00fcfungen im Rahmen der Neuregelung f\u00fcr die Abiturpr\u00fcfungen<\/li>\n<\/ul>\n<p>Zur Organisation:<\/p>\n<p>Zu Beginn des zweiten Halbjahrs des 10.Schuljahres w\u00e4hlt jeder Sch\u00fcler aus einem Themenangebot sein individuelles Thema aus, oder pr\u00e4sentiert einen eigenen Themenvorschlag der von dem betreuenden Lehrer akzeptiert werden muss.<\/p>\n<p>Es werden f\u00fcr den April\/Mai f\u00fcr alle Pr\u00e4sentationen 2 Pr\u00e4sentationswochen festgelegt. Die Pr\u00e4sentationen finden in der Regel in der Schulaula mit Publikum statt (Eltern, Sch\u00fcler*innen, Lehrer*innen und G\u00e4ste). D.h., die Pr\u00e4sentationen finden schul\u00f6ffentlich statt. Es ist w\u00fcnschenswert, dass v.a. die Sch\u00fcler der Jahrgangsstufe 9 Gelegenheit erhalten, einige der Pr\u00e4sentationen zu erleben.<\/p>\n<p>Die Pr\u00e4sentationen werden nach vergleichbaren Ma\u00dfst\u00e4ben bewertet und benotet. Das Bewertungsschema wird den Sch\u00fcler*innen von Beginn an mitgeteilt und schriftlich ausgeh\u00e4ndigt. Direkt nach den Pr\u00e4sentationen bekommen die Sch\u00fcler in einem pers\u00f6nlichen Gespr\u00e4ch die Bewertung vorgelegt und erl\u00e4utert.<\/p>\n<p>Im Virtuellen Klassenraum (Pasch-net), gibt es eine eigene Rubrik \u201ePr\u00e4sentationen\u201c, in der die Sch\u00fcler alle allgemeinen und aktuellen Informationen zu den Pr\u00e4sentationen bekommen (Redemittel, Sprachhilfen, Gliederung und Aufbau der Pr\u00e4sentation, Pr\u00e4sentationsregeln, Checklisten, \u2026).<\/p>\n<p>&nbsp;<\/p>\n<p><strong><em>Pr\u00e4sentation zur Geographie Teneriffas<\/em><\/strong><\/p>\n<p>Im Jahr 2010 haben die Sch\u00fcler*innen der Klasse 11 in einem Projekt eine Pr\u00e4sentation \u00fcber die Geographie Teneriffas zusammengestellt, mit der sich Austauschgruppen auf die geographischen Aspekte unserer Insel vorbereiten k\u00f6nnen.<\/p>\n<div>Mit dieser\u00a0<span class=\"Apple-style-span\">Pr\u00e4sentation \u00fcber die Geographie von Teneriffa k\u00f6nnen sich Austauschgruppen auf die geographischen\u00a0Aspekte unserer Insel vorbereiten: <\/span><a href=\"https:\/\/www.dstenerife.eu\/wp-content\/uploads\/2015\/07\/TFGeoHeyden.pdf\" target=\"_blank\" rel=\"noopener noreferrer\">Download als pdf<\/a>.<\/div>\n<div><\/div>\n<div><em><strong>Teneriffa-Atlas<\/strong><\/em><\/div>\n<div><span class=\"Apple-style-span\">Der Cabildo hat eine neue Website zur Geographie der Insel er\u00f6ffnet:\u00a0<a href=\"http:\/\/www.atlastenerife.es\/\" target=\"_blank\" rel=\"noopener noreferrer\">http:\/\/www.atlastenerife.es<\/a><\/span><\/div>\n<div><span class=\"Apple-style-span\">Neben Karten enth\u00e4lt die Webseite zahlreiche aktuelle und auch einige historische statistische Daten zur Insel.<\/span><\/div>\n<div><\/div>\n<div><\/div>\n<p>&nbsp;<\/p>\n","protected":false},"excerpt":{"rendered":"<p>Das Fach Geographie wird ab Klasse 7 zweist\u00fcndig pro Woche unterrichtet. Lehrpl\u00e4ne: Schulcurriculum Klasse 7 bis [&hellip;]<\/p>\n","protected":false},"author":10,"featured_media":1807,"parent":628,"menu_order":3,"comment_status":"closed","ping_status":"closed","template":"","meta":{"site-sidebar-layout":"default","site-content-layout":"default","ast-site-content-layout":"default","site-content-style":"default","site-sidebar-style":"default","ast-global-header-display":"","ast-banner-title-visibility":"","ast-main-header-display":"","ast-hfb-above-header-display":"","ast-hfb-below-header-display":"","ast-hfb-mobile-header-display":"","site-post-title":"","ast-breadcrumbs-content":"","ast-featured-img":"","footer-sml-layout":"","ast-disable-related-posts":"","theme-transparent-header-meta":"default","adv-header-id-meta":"","stick-header-meta":"default","header-above-stick-meta":"","header-main-stick-meta":"","header-below-stick-meta":"","astra-migrate-meta-layouts":"set","ast-page-background-enabled":"default","ast-page-background-meta":{"desktop":{"background-color":"","background-image":"","background-repeat":"repeat","background-position":"center center","background-size":"auto","background-attachment":"scroll","background-type":"","background-media":"","overlay-type":"","overlay-color":"","overlay-opacity":"","overlay-gradient":""},"tablet":{"background-color":"","background-image":"","background-repeat":"repeat","background-position":"center center","background-size":"auto","background-attachment":"scroll","background-type":"","background-media":"","overlay-type":"","overlay-color":"","overlay-opacity":"","overlay-gradient":""},"mobile":{"background-color":"","background-image":"","background-repeat":"repeat","background-position":"center center","background-size":"auto","background-attachment":"scroll","background-type":"","background-media":"","overlay-type":"","overlay-color":"","overlay-opacity":"","overlay-gradient":""}},"ast-content-background-meta":{"desktop":{"background-color":"var(--ast-global-color-5)","background-image":"","background-repeat":"repeat","background-position":"center center","background-size":"auto","background-attachment":"scroll","background-type":"","background-media":"","overlay-type":"","overlay-color":"","overlay-opacity":"","overlay-gradient":""},"tablet":{"background-color":"var(--ast-global-color-5)","background-image":"","background-repeat":"repeat","background-position":"center center","background-size":"auto","background-attachment":"scroll","background-type":"","background-media":"","overlay-type":"","overlay-color":"","overlay-opacity":"","overlay-gradient":""},"mobile":{"background-color":"var(--ast-global-color-5)","background-image":"","background-repeat":"repeat","background-position":"center center","background-size":"auto","background-attachment":"scroll","background-type":"","background-media":"","overlay-type":"","overlay-color":"","overlay-opacity":"","overlay-gradient":""}},"_jet_sm_ready_style":"","_jet_sm_style":"","_jet_sm_controls_values":"","_jet_sm_fonts_collection":"","_jet_sm_fonts_links":"","footnotes":""},"schlagwortedst":[151],"wf_page_folders":[196,203],"class_list":["post-1806","page","type-page","status-publish","has-post-thumbnail","hentry","schlagwortedst-sidesek"],"_links":{"self":[{"href":"https:\/\/www.dstenerife.eu\/de\/wp-json\/wp\/v2\/pages\/1806","targetHints":{"allow":["GET"]}}],"collection":[{"href":"https:\/\/www.dstenerife.eu\/de\/wp-json\/wp\/v2\/pages"}],"about":[{"href":"https:\/\/www.dstenerife.eu\/de\/wp-json\/wp\/v2\/types\/page"}],"author":[{"embeddable":true,"href":"https:\/\/www.dstenerife.eu\/de\/wp-json\/wp\/v2\/users\/10"}],"replies":[{"embeddable":true,"href":"https:\/\/www.dstenerife.eu\/de\/wp-json\/wp\/v2\/comments?post=1806"}],"version-history":[{"count":4,"href":"https:\/\/www.dstenerife.eu\/de\/wp-json\/wp\/v2\/pages\/1806\/revisions"}],"predecessor-version":[{"id":82026,"href":"https:\/\/www.dstenerife.eu\/de\/wp-json\/wp\/v2\/pages\/1806\/revisions\/82026"}],"up":[{"embeddable":true,"href":"https:\/\/www.dstenerife.eu\/de\/wp-json\/wp\/v2\/pages\/628"}],"wp:featuredmedia":[{"embeddable":true,"href":"https:\/\/www.dstenerife.eu\/de\/wp-json\/wp\/v2\/media\/1807"}],"wp:attachment":[{"href":"https:\/\/www.dstenerife.eu\/de\/wp-json\/wp\/v2\/media?parent=1806"}],"wp:term":[{"taxonomy":"schlagwortedst","embeddable":true,"href":"https:\/\/www.dstenerife.eu\/de\/wp-json\/wp\/v2\/schlagwortedst?post=1806"},{"taxonomy":"wf_page_folders","embeddable":true,"href":"https:\/\/www.dstenerife.eu\/de\/wp-json\/wp\/v2\/wf_page_folders?post=1806"}],"curies":[{"name":"wp","href":"https:\/\/api.w.org\/{rel}","templated":true}]}}