{"id":27774,"date":"2020-02-16T08:24:49","date_gmt":"2020-02-16T08:24:49","guid":{"rendered":"https:\/\/kopie.dst.deutsche-schule.eu\/?page_id=27774"},"modified":"2022-09-09T10:57:44","modified_gmt":"2022-09-09T09:57:44","slug":"deutschkonzept-in-der-sekundarstufe","status":"publish","type":"page","link":"https:\/\/www.dstenerife.eu\/de\/sekundarstufe-i-und-ii\/deutschkonzept-in-der-sekundarstufe\/","title":{"rendered":"Deutschkonzept in der Sekundarstufe"},"content":{"rendered":"<p style=\"text-align: justify;\">Das <strong>Deutschkonzept der Sekundaria<\/strong> zeichnet sich insbesondere durch die Abschaffung der \u00e4u\u00dferen Differenzierungskriterien DaM (Deutsch als Muttersprache) und DaF (Deutsh als Fremdsprache) aus. Deutschmuttersprachler und Deutschlerner werden dabei zur H\u00e4lfte der Deutschwochenstunden im Klassenverband, also gemeinsam, unterrichtet. In den \u00fcbrigen Wochenstunden erfolgt der Deutschunterricht in kleineren, leistungsdifferenzierten Lerngruppen, die in die Sprachniveaus A, B, und C unterteilt sind. Dieses Kurssystem ist durchl\u00e4ssig, das hei\u00dft, dass auch innerhalb des Schuljahres die Zugeh\u00f6rigkeit zu einer Lerngruppe an den individuellen Leistungsstand angepasst werden kann. \u00a0In den C-Kursen ist zus\u00e4tzlich ein F\u00f6rderunterricht integriert. Dadurch, dass es der unterrichtenden Fachlehrkraft so m\u00f6glich ist, besser auf die individuellen St\u00e4rken und die vergleichbaren sprachlichen Defizite einer geringeren Anzahl von Sch\u00fclern einzugehen, wird eine effiziente Sprachf\u00f6rderung erzielt.<\/p>\n<p style=\"text-align: justify;\"><img fetchpriority=\"high\" decoding=\"async\" class=\"wp-image-27775 alignleft\" src=\"https:\/\/e969z83yjsq.exactdn.com\/wp-content\/uploads\/2020\/02\/_d_improd_\/Konzept_f_improf_453x320.png?strip=all&resize=453%2C320\" alt=\"\" width=\"453\" height=\"320\" \/><\/p>\n<p style=\"text-align: justify;\">\n<p style=\"text-align: justify;\">\n<p style=\"text-align: justify;\">\n<p style=\"text-align: justify;\">\n<p style=\"text-align: justify;\">\n<p style=\"text-align: justify;\">\n<p style=\"text-align: justify;\">\n<p style=\"text-align: justify;\">\n<p style=\"text-align: justify;\">\n<p style=\"text-align: justify;\"><strong>Lerngruppenverbund als durchl\u00e4ssiges System: Leistungsdifferenzierung und Individualisierung<\/strong><\/p>\n<p style=\"text-align: justify;\">Die Lerngruppen sind in ihrem Verbund als ein durchl\u00e4ssiges Kurssystem organisiert. Dadurch, dass der Verlauf eines Schuljahrs durch die Vorgaben des Schulcurriculums in Lernabschnitte eingeteilt ist und neben der sukzessiven Abfolge der im Deutschunterricht behandelten Themen auch die entsprechende Anzahl schriftlicher Leistungserhebungen f\u00fcr alle Lehrkr\u00e4fte verbindlich vorgegeben ist, kann es nach jedem Lernabschnitt zu einem begr\u00fcndeten Wechsel eines Sch\u00fclers in eine andere Lerngruppe kommen, in der er individuell besser gef\u00f6rdert oder gefordert werden kann. Das \u201eNeue Deutschkonzept\u201c beinhaltet neben seiner leistungsdifferenzierenden Konstituierung somit auch ein individualisierendes Korrektiv, wodurch auf die qualitativ unterschiedlichen (und unterschiedlich schnellen) Lernfortschritte von Sch\u00fclern angemessen reagiert werden kann.<\/p>\n<p style=\"text-align: justify;\"><strong>Binnendifferenzierung und autonomes Lernen<\/strong><\/p>\n<p style=\"text-align: justify;\">Um die Vorteile eines gemeinsamen Deutschunterrichts im Klassenverband nutzen zu k\u00f6nnen, muss auf die Tatsache, dass die jeweiligen Klassen sowohl bez\u00fcglich ihrer sprachlichen Kompetenzen als auch in vielerlei anderer Hinsicht \u00e4u\u00dferst heterogene Lerngruppen darstellen, p\u00e4dagogisch ad\u00e4quat reagiert werden.<\/p>\n<p style=\"text-align: justify;\">Dadurch, dass die Sch\u00fclerinnen und Sch\u00fcler einer Jahrgangsstufe auch lerngruppen\u00fcbergreifend im Klassenverband unterrichtet werden, kommt der Binnendifferenzierung ein hoher Stellenwert zu. \u00a0Es gilt dabei, die individuellen St\u00e4rken von Sch\u00fclern zu erkennen und zu nutzen, auf individuelle Defizite von Sch\u00fclern angemessen zu reagieren und gemeinsame Erfolgserlebnisse zu schaffen. Neben verschiedenen Sozialformen erhalten dabei auch kooperative und autonome Lernformen eine besondere Bedeutung, wodurch Lernen nicht nur als Wissensaneignung verstanden wird, sondern auch als ein sozialer Prozess, in dem auch soziale und kommunikative Kompetenzen gef\u00f6rdert werden.<\/p>\n<p style=\"text-align: justify;\"><strong>Klasse 7 und 8<\/strong><\/p>\n<p style=\"text-align: justify;\">Das Deutschkonzept f\u00fcr die Klassen 7 und 8<\/p>\n<ul style=\"text-align: justify;\">\n<li>Die beiden Klassen einer Jahrgangsstufe (also 7a\/7b und 8a\/8b) werden in <strong>drei gleich gro\u00dfe Deutschgruppen<\/strong> unterteilt, sodass wie schon in Klasse 5 und 6 kleine Lerngruppen entstehen und die Sch\u00fcler individuell betreut werden k\u00f6nnen.<\/li>\n<li>Der jeweilige Lehrer einer Deutschgruppe unterrichtet kotinuierlich 5 Wochenstunden in seiner Deutschgruppe. Dadurch kann der Lehrer noch gezielter auf die Bed\u00fcrfnisse der einzelnen Sch\u00fcler eingehen und diese entsprechend ihrem Deutschniveau f\u00f6rdern.<\/li>\n<li>Die Sprachstanderhebung, die am Ende eines Schuljahres durchgef\u00fchrt wird, bildet die Grundlage f\u00fcr die Einteilung der Lerngruppen:<\/li>\n<\/ul>\n<p style=\"text-align: justify;\">Jede der drei Deutschgruppen ist bewusst eine bez\u00fcglich des Deutschniveaus der Sch\u00fcler <strong>heterogen<\/strong> zusammengesetzte Lerngruppe, die aus Sch\u00fclern der Klasse a und Klasse b besteht. Somit wird gew\u00e4hrleistet, dass die drei Deutschgruppen dieselben Lernvoraussetzungen mitbringen und der Lernstoff wie gehabt parallel unterrichtet werden kann.<\/p>\n<p style=\"text-align: justify;\"><strong>Warum wir uns f\u00fcr eine heterogene Gruppenbildung in 7 und 8 entschieden haben:<\/strong><\/p>\n<ul style=\"text-align: justify;\">\n<li>Die Sch\u00fcler bringen durch eine heterogene Zusammensetzung unterschiedliche Interessen, Wissen, Lern- und Arbeitsverhalten sowie Motivation mit in den Deutschunterricht und die Sch\u00fcler nutzen zumeist auch verschiedene Lernwege.<\/li>\n<\/ul>\n<p style=\"text-align: justify;\"><strong>\u00a0\u00a0\u00a0\u00a0\u00a0\u00a0 Was bringt Heterogenit\u00e4t den einzelnen Sch\u00fclern?<\/strong><\/p>\n<ul style=\"text-align: justify;\">\n<li>Heterogenit\u00e4t ist eine Bereicherung f\u00fcr den Unterricht, denn Vielfalt wird in Bezug auf das Lernen als Chance verstanden<\/li>\n<li>Sch\u00fcler profitieren von dem Vorwissen und den Erfahrungen ihrer Mitsch\u00fcler. Leistungsschw\u00e4chere Sch\u00fcler lernen also auch von leistungsst\u00e4rkeren.<\/li>\n<li>Die Sch\u00fcler schauen sich Lernmethoden von ihren Mitsch\u00fclern ab und erschlie\u00dfen sich so auch neue Wege, Unterrichtsinhalte zu verstehen und Wissen zu festigen.<\/li>\n<li>Beim Lernen in heterogenen Klassen werden die sozialen Kompetenzen der Kinder gef\u00f6rdert. Sie lernen, sich eigenst\u00e4ndig in Gruppen Themeninhalte zu erarbeiten und dabei\u00a0 anderen Sch\u00fclern zu helfen. Auf diese Weise lernen die Sch\u00fcler, andere Menschen wahrzunehmen, ihnen zuzuh\u00f6ren, mit ihnen zu kooperieren und gemeinsam nach L\u00f6sungen zu suchen.<\/li>\n<li>Diese sozialen und organisatorischen Kompetenzen sind neben dem Fachwissen in der heutigen Arbeitswelt grundlegend gefragt und er\u00f6ffnen sp\u00e4ter vielf\u00e4ltige M\u00f6glichkeiten.<\/li>\n<\/ul>\n<p style=\"text-align: justify;\">Das Deutschkonzept der Klassen 5-8 sieht eine m\u00f6glichst individuelle und vielf\u00e4ltige F\u00f6rderung jedes einzelnen Sch\u00fclers vor, sodass ab Klasse 9 -12 der Unterricht im Klassenverband organisiert warden kann.<\/p>\n<p>&nbsp;<\/p>\n","protected":false},"excerpt":{"rendered":"<p>Das Deutschkonzept der Sekundaria zeichnet sich insbesondere durch die Abschaffung der \u00e4u\u00dferen Differenzierungskriterien DaM (Deutsch als [&hellip;]<\/p>\n","protected":false},"author":10,"featured_media":0,"parent":403,"menu_order":39,"comment_status":"closed","ping_status":"closed","template":"","meta":{"site-sidebar-layout":"default","site-content-layout":"default","ast-site-content-layout":"default","site-content-style":"default","site-sidebar-style":"default","ast-global-header-display":"","ast-banner-title-visibility":"","ast-main-header-display":"","ast-hfb-above-header-display":"","ast-hfb-below-header-display":"","ast-hfb-mobile-header-display":"","site-post-title":"","ast-breadcrumbs-content":"","ast-featured-img":"","footer-sml-layout":"","ast-disable-related-posts":"","theme-transparent-header-meta":"default","adv-header-id-meta":"","stick-header-meta":"default","header-above-stick-meta":"","header-main-stick-meta":"","header-below-stick-meta":"","astra-migrate-meta-layouts":"default","ast-page-background-enabled":"default","ast-page-background-meta":{"desktop":{"background-color":"","background-image":"","background-repeat":"repeat","background-position":"center center","background-size":"auto","background-attachment":"scroll","background-type":"","background-media":"","overlay-type":"","overlay-color":"","overlay-opacity":"","overlay-gradient":""},"tablet":{"background-color":"","background-image":"","background-repeat":"repeat","background-position":"center center","background-size":"auto","background-attachment":"scroll","background-type":"","background-media":"","overlay-type":"","overlay-color":"","overlay-opacity":"","overlay-gradient":""},"mobile":{"background-color":"","background-image":"","background-repeat":"repeat","background-position":"center center","background-size":"auto","background-attachment":"scroll","background-type":"","background-media":"","overlay-type":"","overlay-color":"","overlay-opacity":"","overlay-gradient":""}},"ast-content-background-meta":{"desktop":{"background-color":"var(--ast-global-color-5)","background-image":"","background-repeat":"repeat","background-position":"center center","background-size":"auto","background-attachment":"scroll","background-type":"","background-media":"","overlay-type":"","overlay-color":"","overlay-opacity":"","overlay-gradient":""},"tablet":{"background-color":"var(--ast-global-color-5)","background-image":"","background-repeat":"repeat","background-position":"center center","background-size":"auto","background-attachment":"scroll","background-type":"","background-media":"","overlay-type":"","overlay-color":"","overlay-opacity":"","overlay-gradient":""},"mobile":{"background-color":"var(--ast-global-color-5)","background-image":"","background-repeat":"repeat","background-position":"center center","background-size":"auto","background-attachment":"scroll","background-type":"","background-media":"","overlay-type":"","overlay-color":"","overlay-opacity":"","overlay-gradient":""}},"_jet_sm_ready_style":"","_jet_sm_style":"","_jet_sm_controls_values":"","_jet_sm_fonts_collection":"","_jet_sm_fonts_links":"","footnotes":""},"schlagwortedst":[99,151],"wf_page_folders":[212],"class_list":["post-27774","page","type-page","status-publish","hentry","schlagwortedst-seutsch-sek","schlagwortedst-sidesek"],"_links":{"self":[{"href":"https:\/\/www.dstenerife.eu\/de\/wp-json\/wp\/v2\/pages\/27774","targetHints":{"allow":["GET"]}}],"collection":[{"href":"https:\/\/www.dstenerife.eu\/de\/wp-json\/wp\/v2\/pages"}],"about":[{"href":"https:\/\/www.dstenerife.eu\/de\/wp-json\/wp\/v2\/types\/page"}],"author":[{"embeddable":true,"href":"https:\/\/www.dstenerife.eu\/de\/wp-json\/wp\/v2\/users\/10"}],"replies":[{"embeddable":true,"href":"https:\/\/www.dstenerife.eu\/de\/wp-json\/wp\/v2\/comments?post=27774"}],"version-history":[{"count":2,"href":"https:\/\/www.dstenerife.eu\/de\/wp-json\/wp\/v2\/pages\/27774\/revisions"}],"predecessor-version":[{"id":55999,"href":"https:\/\/www.dstenerife.eu\/de\/wp-json\/wp\/v2\/pages\/27774\/revisions\/55999"}],"up":[{"embeddable":true,"href":"https:\/\/www.dstenerife.eu\/de\/wp-json\/wp\/v2\/pages\/403"}],"wp:attachment":[{"href":"https:\/\/www.dstenerife.eu\/de\/wp-json\/wp\/v2\/media?parent=27774"}],"wp:term":[{"taxonomy":"schlagwortedst","embeddable":true,"href":"https:\/\/www.dstenerife.eu\/de\/wp-json\/wp\/v2\/schlagwortedst?post=27774"},{"taxonomy":"wf_page_folders","embeddable":true,"href":"https:\/\/www.dstenerife.eu\/de\/wp-json\/wp\/v2\/wf_page_folders?post=27774"}],"curies":[{"name":"wp","href":"https:\/\/api.w.org\/{rel}","templated":true}]}}