{"id":27778,"date":"2020-02-16T08:28:11","date_gmt":"2020-02-16T08:28:11","guid":{"rendered":"https:\/\/kopie.dst.deutsche-schule.eu\/?page_id=27778"},"modified":"2021-08-19T09:33:53","modified_gmt":"2021-08-19T09:33:53","slug":"feststellung-sprachstand-in-der-sekundarstufe","status":"publish","type":"page","link":"https:\/\/www.dstenerife.eu\/de\/sekundarstufe-i-und-ii\/feststellung-sprachstand-in-der-sekundarstufe\/","title":{"rendered":"Feststellung Sprachstand in der Sekundarstufe"},"content":{"rendered":"<p>Am Ende eines Schuljahres werden in den Jahrgangsstufen 4-7 <strong>Sprachstanderhebungen<\/strong> durchgef\u00fchrt. Auf Grund der Ergebnisse der m\u00fcndlichen Testung wird jeder Sch\u00fcler in eine seinem Sprachniveau entsprechende Lerngruppe eingeteilt, der er im folgenden Schuljahr angeh\u00f6rt.<\/p>\n<p>Um einem Verlust des Sprachniveaus der Sch\u00fcler*innen w\u00e4hrend der Sommerferien entgegenzuwirken, sind die Sch\u00fcler*innen dazu angehalten, mindestens ein deutschsprachiges Buch als verpflichtende Ferienlekt\u00fcre zu lesen, dessen Thematisierung Gegenstand des Unterrichts am Anfang eines Schuljahres ist.<\/p>\n<p>Die Sprachstanderhebung erfolgt in Vierergruppen aus jeweils zwei Sch\u00fcler*innen und zwei Lehrer*innen. Die Sch\u00fcler*innen bekommen in der 15-min\u00fctigen Vorbereitungszeit einen ihnen unbekannten Text vorgelegt und bereiten die dazu gegebenen Fragen vor. Die erste Phase der Sprachstanderhebung sieht vor, dass die Sch\u00fcler*innen zun\u00e4chst einzeln mit Hilfe ihrer Notizen den Text und ihre Fragen erl\u00e4utern. In der zweiten Phase befragen sich die Sch\u00fcler gegenseitig zu ihren Texten und erhalten Redeanl\u00e4sse f\u00fcr einen Dialog.<\/p>\n<p>Auf diese Art wird ein Sch\u00fcler*innengespr\u00e4ch in ungezwungener Atmosph\u00e4re angestrebt, in das die beiden anwesenden Deutschlehrkr\u00e4fte nicht oder nur im Ausnahmefall eingreifen. Unabh\u00e4ngig voneinander protokollieren sie den Verlauf des Gespr\u00e4chs und beurteilen die Sch\u00fclerleistung anhand eines \u00a0Bewertungsbogens, der sich offiziellen Sprachpr\u00fcfungen des GER orientiert. Gemeinsam entscheiden die Lehrkr\u00e4fte im Anschluss \u00fcber die k\u00fcnftige Lerngruppenzugeh\u00f6rigkeit der einzelnen Sch\u00fcler*innen.<\/p>\n","protected":false},"excerpt":{"rendered":"<p>Am Ende eines Schuljahres werden in den Jahrgangsstufen 4-7 Sprachstanderhebungen durchgef\u00fchrt. Auf Grund der Ergebnisse der [&hellip;]<\/p>\n","protected":false},"author":10,"featured_media":0,"parent":403,"menu_order":44,"comment_status":"closed","ping_status":"closed","template":"","meta":{"site-sidebar-layout":"default","site-content-layout":"default","ast-site-content-layout":"default","site-content-style":"default","site-sidebar-style":"default","ast-global-header-display":"","ast-banner-title-visibility":"","ast-main-header-display":"","ast-hfb-above-header-display":"","ast-hfb-below-header-display":"","ast-hfb-mobile-header-display":"","site-post-title":"","ast-breadcrumbs-content":"","ast-featured-img":"","footer-sml-layout":"","ast-disable-related-posts":"","theme-transparent-header-meta":"default","adv-header-id-meta":"","stick-header-meta":"default","header-above-stick-meta":"","header-main-stick-meta":"","header-below-stick-meta":"","astra-migrate-meta-layouts":"default","ast-page-background-enabled":"default","ast-page-background-meta":{"desktop":{"background-color":"","background-image":"","background-repeat":"repeat","background-position":"center center","background-size":"auto","background-attachment":"scroll","background-type":"","background-media":"","overlay-type":"","overlay-color":"","overlay-opacity":"","overlay-gradient":""},"tablet":{"background-color":"","background-image":"","background-repeat":"repeat","background-position":"center center","background-size":"auto","background-attachment":"scroll","background-type":"","background-media":"","overlay-type":"","overlay-color":"","overlay-opacity":"","overlay-gradient":""},"mobile":{"background-color":"","background-image":"","background-repeat":"repeat","background-position":"center center","background-size":"auto","background-attachment":"scroll","background-type":"","background-media":"","overlay-type":"","overlay-color":"","overlay-opacity":"","overlay-gradient":""}},"ast-content-background-meta":{"desktop":{"background-color":"var(--ast-global-color-5)","background-image":"","background-repeat":"repeat","background-position":"center center","background-size":"auto","background-attachment":"scroll","background-type":"","background-media":"","overlay-type":"","overlay-color":"","overlay-opacity":"","overlay-gradient":""},"tablet":{"background-color":"var(--ast-global-color-5)","background-image":"","background-repeat":"repeat","background-position":"center center","background-size":"auto","background-attachment":"scroll","background-type":"","background-media":"","overlay-type":"","overlay-color":"","overlay-opacity":"","overlay-gradient":""},"mobile":{"background-color":"var(--ast-global-color-5)","background-image":"","background-repeat":"repeat","background-position":"center center","background-size":"auto","background-attachment":"scroll","background-type":"","background-media":"","overlay-type":"","overlay-color":"","overlay-opacity":"","overlay-gradient":""}},"_jet_sm_ready_style":"","_jet_sm_style":"","_jet_sm_controls_values":"","_jet_sm_fonts_collection":"","_jet_sm_fonts_links":"","footnotes":""},"schlagwortedst":[99,151],"wf_page_folders":[212],"class_list":["post-27778","page","type-page","status-publish","hentry","schlagwortedst-seutsch-sek","schlagwortedst-sidesek"],"_links":{"self":[{"href":"https:\/\/www.dstenerife.eu\/de\/wp-json\/wp\/v2\/pages\/27778","targetHints":{"allow":["GET"]}}],"collection":[{"href":"https:\/\/www.dstenerife.eu\/de\/wp-json\/wp\/v2\/pages"}],"about":[{"href":"https:\/\/www.dstenerife.eu\/de\/wp-json\/wp\/v2\/types\/page"}],"author":[{"embeddable":true,"href":"https:\/\/www.dstenerife.eu\/de\/wp-json\/wp\/v2\/users\/10"}],"replies":[{"embeddable":true,"href":"https:\/\/www.dstenerife.eu\/de\/wp-json\/wp\/v2\/comments?post=27778"}],"version-history":[{"count":1,"href":"https:\/\/www.dstenerife.eu\/de\/wp-json\/wp\/v2\/pages\/27778\/revisions"}],"predecessor-version":[{"id":45690,"href":"https:\/\/www.dstenerife.eu\/de\/wp-json\/wp\/v2\/pages\/27778\/revisions\/45690"}],"up":[{"embeddable":true,"href":"https:\/\/www.dstenerife.eu\/de\/wp-json\/wp\/v2\/pages\/403"}],"wp:attachment":[{"href":"https:\/\/www.dstenerife.eu\/de\/wp-json\/wp\/v2\/media?parent=27778"}],"wp:term":[{"taxonomy":"schlagwortedst","embeddable":true,"href":"https:\/\/www.dstenerife.eu\/de\/wp-json\/wp\/v2\/schlagwortedst?post=27778"},{"taxonomy":"wf_page_folders","embeddable":true,"href":"https:\/\/www.dstenerife.eu\/de\/wp-json\/wp\/v2\/wf_page_folders?post=27778"}],"curies":[{"name":"wp","href":"https:\/\/api.w.org\/{rel}","templated":true}]}}