{"id":2828,"date":"2015-10-27T16:48:27","date_gmt":"2015-10-27T16:48:27","guid":{"rendered":"https:\/\/kopie.dst.deutsche-schule.eu\/?page_id=2828"},"modified":"2021-08-09T14:58:51","modified_gmt":"2021-08-09T14:58:51","slug":"anmeldung-und-kosten","status":"publish","type":"page","link":"https:\/\/www.dstenerife.eu\/de\/serviceinformationen\/anmeldung-und-kosten\/","title":{"rendered":"Anmeldung und Kosten"},"content":{"rendered":"<p>Sch\u00fcler*innen, die den Kindergarten der Deutschen Schule besuchen, werden in die Grundschule der Deutschen Schule aufgenommen. Au\u00dferdem ist die Neuaufnahme von Sch\u00fcler*innen mit hinreichenden Deutschkenntnissen ab der Klasse G1 m\u00f6glich. Die Entscheidung \u00fcber die Aufnahme trifft nach Einzelfallpr\u00fcfung die Schulleitung. Gegebenenfalls werden hierbei zur Einordnung in eine passende Klassenstufe Feststellungspr\u00fcfungen durchgef\u00fchrt.<\/p>\n<p>&nbsp;<\/p>\n<p><strong><a href=\"https:\/\/www.dstenerife.eu\/wp-content\/uploads\/2020\/07\/Schulgeldquoten-Cuotas-Escolar-Colegio-20-21.pdf\" target=\"_blank\" rel=\"noopener noreferrer\"><u>Schulgeldquoten<\/u><\/a>\u00a0<\/strong>(ab 2020-21)<strong><u><br \/>\n<\/u><\/strong><\/p>\n<table style=\"width: 700px;\">\n<tbody>\n<tr>\n<td style=\"width: 212px;\">Klassen G1 \u2013 8<\/td>\n<td style=\"width: 212px;\">10 x 325,00 \u20ac<\/td>\n<td style=\"width: 212px;\">3.250,00 \u20ac<\/td>\n<\/tr>\n<tr>\n<td style=\"width: 212px;\">Klassen 9 \u2013 11<\/td>\n<td style=\"width: 212px;\">10 x 365,00 \u20ac<\/td>\n<td style=\"width: 212px;\">3.650,00 \u20ac<\/td>\n<\/tr>\n<tr>\n<td style=\"width: 212px;\">Klasse 12<\/td>\n<td style=\"width: 212px;\">\u00a0 9 x 406,00 \u20ac<\/td>\n<td style=\"width: 212px;\">3.654,00 \u20ac<\/td>\n<\/tr>\n<\/tbody>\n<\/table>\n<p><strong><u>F\u00fcr neu eintretende Sch\u00fcler*innen: <\/u><\/strong><\/p>\n<table class=\" table\">\n<tbody>\n<tr>\n<td width=\"326\">Einschreibegeb\u00fchr Klassen G1-12<\/td>\n<td width=\"163\">850,00 \u20ac<\/td>\n<\/tr>\n<tr>\n<td width=\"326\">Depot Klassen G1-8<\/td>\n<td width=\"163\">900,00 \u20ac<\/td>\n<\/tr>\n<tr>\n<td width=\"326\">Depot Klassen 9 &#8211; 12<\/td>\n<td width=\"163\">1.030,00 \u20ac<\/td>\n<\/tr>\n<\/tbody>\n<\/table>\n<p>Die Depotgeb\u00fchr wird nach erfolgreicher Beendigung der gesamten Schullaufbahn (nach schriftlicher Beantragung) wieder erstattet.<\/p>\n<p>Dar\u00fcber hinaus gibt es an der Deutschen Schule weitere Angebote:<\/p>\n<ul>\n<li>Freiwillig belegbarer Vorbereitungsunterricht auf die spanische Universit\u00e4t (PAU) f\u00fcr Sch\u00fclerinnen und Sch\u00fcler der Klasse 11 und 12. Kosten: 30 Euro pro Monat pro Fach.<\/li>\n<li>L\u00dcZ(Lern und \u00dcbungszeiten)-Betreuung von 14:10 Uhr bis 15:40 Uhr: 13 \u20ac pro Tag\/ Monat.<\/li>\n<li>Warteklasse von 14:10 Uhr bis 15:40 Uhr: 11 \u20ac pro Tag\/ Monat<\/li>\n<\/ul>\n<p>Die Zahlungen sind jeweils am 5. Sep., 5. Okt., 5. Nov., 5. Dez., 5. Jan., 5. Feb., 5. M\u00e4r., 5. Apr., 5. Mai und 5. Jun. f\u00e4llig und k\u00f6nnen ausschlie\u00dflich per Bankeinzug vorgenommen werden.<\/p>\n<p><a href=\"https:\/\/www.dstenerife.eu\/de\/serviceinformationen\/anmeldung-und-kosten\/schulgeldermaessigung\/\">Antr\u00e4ge auf Schulgelderm\u00e4\u00dfigungen<\/a>, die j\u00e4hrlich gew\u00e4hrt werden k\u00f6nnen, sind im Sekretariat erh\u00e4ltlich und k\u00f6nnen f\u00fcr das jeweils kommende Schuljahr bis zum 30. Juni in deutscher oder spanischer Sprache eingereicht werden. \u00dcber die Bewilligung entscheidet der Schulvorstand.<\/p>\n<p>&nbsp;<\/p>\n","protected":false},"excerpt":{"rendered":"<p>Sch\u00fcler*innen, die den Kindergarten der Deutschen Schule besuchen, werden in die Grundschule der Deutschen Schule aufgenommen. [&hellip;]<\/p>\n","protected":false},"author":10,"featured_media":0,"parent":399,"menu_order":17,"comment_status":"closed","ping_status":"closed","template":"","meta":{"site-sidebar-layout":"default","site-content-layout":"default","ast-site-content-layout":"default","site-content-style":"default","site-sidebar-style":"default","ast-global-header-display":"","ast-banner-title-visibility":"","ast-main-header-display":"","ast-hfb-above-header-display":"","ast-hfb-below-header-display":"","ast-hfb-mobile-header-display":"","site-post-title":"","ast-breadcrumbs-content":"","ast-featured-img":"","footer-sml-layout":"","ast-disable-related-posts":"","theme-transparent-header-meta":"default","adv-header-id-meta":"","stick-header-meta":"default","header-above-stick-meta":"","header-main-stick-meta":"","header-below-stick-meta":"","astra-migrate-meta-layouts":"default","ast-page-background-enabled":"default","ast-page-background-meta":{"desktop":{"background-color":"","background-image":"","background-repeat":"repeat","background-position":"center center","background-size":"auto","background-attachment":"scroll","background-type":"","background-media":"","overlay-type":"","overlay-color":"","overlay-opacity":"","overlay-gradient":""},"tablet":{"background-color":"","background-image":"","background-repeat":"repeat","background-position":"center center","background-size":"auto","background-attachment":"scroll","background-type":"","background-media":"","overlay-type":"","overlay-color":"","overlay-opacity":"","overlay-gradient":""},"mobile":{"background-color":"","background-image":"","background-repeat":"repeat","background-position":"center center","background-size":"auto","background-attachment":"scroll","background-type":"","background-media":"","overlay-type":"","overlay-color":"","overlay-opacity":"","overlay-gradient":""}},"ast-content-background-meta":{"desktop":{"background-color":"var(--ast-global-color-5)","background-image":"","background-repeat":"repeat","background-position":"center center","background-size":"auto","background-attachment":"scroll","background-type":"","background-media":"","overlay-type":"","overlay-color":"","overlay-opacity":"","overlay-gradient":""},"tablet":{"background-color":"var(--ast-global-color-5)","background-image":"","background-repeat":"repeat","background-position":"center center","background-size":"auto","background-attachment":"scroll","background-type":"","background-media":"","overlay-type":"","overlay-color":"","overlay-opacity":"","overlay-gradient":""},"mobile":{"background-color":"var(--ast-global-color-5)","background-image":"","background-repeat":"repeat","background-position":"center center","background-size":"auto","background-attachment":"scroll","background-type":"","background-media":"","overlay-type":"","overlay-color":"","overlay-opacity":"","overlay-gradient":""}},"_jet_sm_ready_style":"","_jet_sm_style":"","_jet_sm_controls_values":"","_jet_sm_fonts_collection":"","_jet_sm_fonts_links":"","footnotes":""},"schlagwortedst":[],"wf_page_folders":[191],"class_list":["post-2828","page","type-page","status-publish","hentry"],"_links":{"self":[{"href":"https:\/\/www.dstenerife.eu\/de\/wp-json\/wp\/v2\/pages\/2828","targetHints":{"allow":["GET"]}}],"collection":[{"href":"https:\/\/www.dstenerife.eu\/de\/wp-json\/wp\/v2\/pages"}],"about":[{"href":"https:\/\/www.dstenerife.eu\/de\/wp-json\/wp\/v2\/types\/page"}],"author":[{"embeddable":true,"href":"https:\/\/www.dstenerife.eu\/de\/wp-json\/wp\/v2\/users\/10"}],"replies":[{"embeddable":true,"href":"https:\/\/www.dstenerife.eu\/de\/wp-json\/wp\/v2\/comments?post=2828"}],"version-history":[{"count":0,"href":"https:\/\/www.dstenerife.eu\/de\/wp-json\/wp\/v2\/pages\/2828\/revisions"}],"up":[{"embeddable":true,"href":"https:\/\/www.dstenerife.eu\/de\/wp-json\/wp\/v2\/pages\/399"}],"wp:attachment":[{"href":"https:\/\/www.dstenerife.eu\/de\/wp-json\/wp\/v2\/media?parent=2828"}],"wp:term":[{"taxonomy":"schlagwortedst","embeddable":true,"href":"https:\/\/www.dstenerife.eu\/de\/wp-json\/wp\/v2\/schlagwortedst?post=2828"},{"taxonomy":"wf_page_folders","embeddable":true,"href":"https:\/\/www.dstenerife.eu\/de\/wp-json\/wp\/v2\/wf_page_folders?post=2828"}],"curies":[{"name":"wp","href":"https:\/\/api.w.org\/{rel}","templated":true}]}}