{"id":28454,"date":"2020-03-10T14:03:13","date_gmt":"2020-03-10T14:03:13","guid":{"rendered":"https:\/\/kopie.dst.deutsche-schule.eu\/?page_id=28454"},"modified":"2021-08-13T17:16:56","modified_gmt":"2021-08-13T17:16:56","slug":"unterstuetzungsangebote-im-kindergarten","status":"publish","type":"page","link":"https:\/\/www.dstenerife.eu\/de\/kikri-und-kindergarten-2\/unterstuetzungsangebote-im-kindergarten\/","title":{"rendered":"Unterst\u00fctzungsangebote im Kindergarten"},"content":{"rendered":"<p><strong>Kikri: T\u00e4gliche Deutschf\u00f6rderung<\/strong><\/p>\n<p>In der Kikri kommen die meisten Kinder zum ersten Mal mit der deutschen Sprache in Kontakt. Eine der wichtigsten Aufgaben der Erzieher ist es die Kinder an die neue Sprache heranzuf\u00fchren und sie daf\u00fcr zu begeistern. Durch klar strukturierte Tagesabl\u00e4ufe, Rituale, deutsche Br\u00e4uche und Feste wird ein positives Gef\u00fchl f\u00fcr die deutsche Kultur geschaffen und gleichzeitig das Interesse f\u00fcr die Sprache geweckt.<\/p>\n<p><strong>Kindergarten: T\u00e4gliche Deutschf\u00f6rderung<\/strong><\/p>\n<p>Im Kindergarten arbeiten wir seit September 2016 in reduzierten, altersgemischten Gruppen zwischen 11 \u2013 14 Kindern. In jeder Gruppe sind 7 K1 (3j\u00e4hrige) und 7 K2 (4j\u00e4hrige) Kinder, die von einer Erzieherin betreut werden. Meistens wird die Erzieherin von einem Praktikanten unterst\u00fctzt, wodurch der Personalschl\u00fcssel auf etwa 1 x 6\/8 Kinder f\u00e4llt<strong>.\u00a0 <\/strong>Ab 08:30 Uhr beginnt in den Gruppen die p\u00e4dagogische Spracharbeit. Thematisch und methodisch arbeiten die Erzieherinnen unterschiedlich, orientieren sich jedoch an den Themen des Lerntagebuches und integrieren situationsorientiert je nach Gruppe verschiedene Projekte mit ein.<\/p>\n<p>In der Deutschf\u00f6rderung arbeiten die Erzieherinnen seit Beginn 2017 im Tandemsystem. Das hei\u00dft, dass jede Erzieherin eine Partnergruppe und Kollegin hat, die mit ihr die Spracharbeit f\u00fcr die K1 und K2 Kinder organisiert. Im Folgenden wird das Beispiel einer Gruppe abgebildet. Die gr\u00fcnen Felder bilden die intensiven gebundenen Deutschphasen ab. Diese werden durch die Bezugserzieherin oder durch die Tandemkollegin begleitet.<\/p>\n<p><img fetchpriority=\"high\" decoding=\"async\" class=\"size-medium wp-image-28455 alignleft\" src=\"https:\/\/e969z83yjsq.exactdn.com\/wp-content\/uploads\/2020\/03\/_d_improd_\/dkiga1-1140x630_f_improf_1140x630.png?strip=all&resize=1140%2C630\" alt=\"\" width=\"1140\" height=\"630\" \/><\/p>\n<p><strong>K3+: T\u00e4gliche Deutschf\u00f6rderung<\/strong><\/p>\n<p>Alle R\u00e4ume werden durch eine\/n Bezugserzieher*in und mind. einen oder mehrere Praktikanten*innen begleitet. Sobald die \u201efreien\u201c angeleiteten Phasen in den R\u00e4umen beginnen, widmen sich die Begleitpersonen den Kleingruppen. Man motiviert die Kinder dazu sich mit dem Material auseinander zu setzen und zu aktuellen Themen einen Bezug herzustellen. Alle Angebote werden sprachlich begleitet, indem man sich mit den Kindern \u00fcber das aktuelle Thema austauscht, sie dazu motiviert untereinander auf Deutsch zu kommunizieren und sie immer wieder zur\u00fcck holt in den Deutschen Kontext. Die Kommunikation darf nicht gezwungen sein, die Kinder sollen im Tun durch die deutsche Sprache begleitet werden, damit es f\u00fcr sie zur Selbstverst\u00e4ndlichkeit wird. Hier ist es wichtig die Kinder nicht zu korrigieren, sie nicht wiederholen zu lassen. Die Sprachsituation soll authentisch sein und f\u00fcr die Kinder vollkommen nat\u00fcrlich. Hierf\u00fcr ist es wichtig, dass wir in Kleingruppen mit h\u00f6chstens 4 \u2013 6 Kindern arbeiten. So kann eine Bezugsperson stets Acht darauf geben, dass die Kommunikation in deutscher Sprache l\u00e4uft und kann die Kinder immer wieder dazu motivieren. Ebenso ist es wichtig, die Arbeitsphasen kurz zu halten, etwa 15 \u2013 30 Minuten pro Kleingruppe. Sobald ein Kind das Interesse verliert, hat die Spracharbeit keine Wirkung. Die Deutschf\u00f6rderung findet immer statt und verl\u00e4uft authentisch, da die Kinder fast ausschlie\u00dflich in Kleingruppen gezielt gef\u00f6rdert werden.<\/p>\n<p>Die Erzieher\/innen sind Sprachvorbild bzw. Sprachmodell im Alltag. Dies ist wichtig, um Beziehungsaufbau und -best\u00e4tigung zu dem Kind herzustellen und den Kindern die angemessene Zeit f\u00fcr Ansprache und Beantwortung zu geben. W\u00f6rter m\u00fcssen lebendig und ausdrucksstark pr\u00e4sentiert werden, so bekommen die Kinder Lust auf Sprache und entwickeln sich weiter. Man muss ihnen den Erfolg ihrer Kommunikationsversuche wiederspiegeln.<\/p>\n<p>In K3+ werden die Kinder stets dazu motiviert auf Deutsch zu sprechen. Um dies f\u00fcr die Kinder kontinuierlich spannend zu machen werden im Alltag im Wechsel Angebote und Projekte angeboten und die Kinder haben die M\u00f6glichkeit individuell zu bestimmen, an welchem sie teilnehmen m\u00f6chten. In der folgenden Tabelle erkennt man die Deutschphasen ebenfalls in gr\u00fcner Farbe:<\/p>\n<p><img decoding=\"async\" class=\"alignnone size-full wp-image-28457\" src=\"https:\/\/e969z83yjsq.exactdn.com\/wp-content\/uploads\/2020\/03\/dkiga2.png?strip=all\" alt=\"\" width=\"953\" height=\"617\" srcset=\"https:\/\/e969z83yjsq.exactdn.com\/wp-content\/uploads\/2020\/03\/dkiga2.png?strip=all 953w, https:\/\/e969z83yjsq.exactdn.com\/wp-content\/uploads\/2020\/03\/dkiga2-640x414.png?strip=all 640w, https:\/\/e969z83yjsq.exactdn.com\/wp-content\/uploads\/2020\/03\/dkiga2-180x117.png?strip=all 180w, https:\/\/e969z83yjsq.exactdn.com\/wp-content\/uploads\/2020\/03\/dkiga2-768x497.png?strip=all 768w, https:\/\/e969z83yjsq.exactdn.com\/wp-content\/uploads\/2020\/03\/dkiga2-740x480.png?strip=all 740w, https:\/\/e969z83yjsq.exactdn.com\/wp-content\/uploads\/2020\/03\/dkiga2-463x300.png?strip=all 463w, https:\/\/e969z83yjsq.exactdn.com\/wp-content\/uploads\/2020\/03\/dkiga2.png?strip=all&amp;w=381 381w, https:\/\/e969z83yjsq.exactdn.com\/wp-content\/uploads\/2020\/03\/dkiga2.png?strip=all&amp;w=571 571w\" sizes=\"(max-width: 953px) 100vw, 953px\" \/><\/p>\n","protected":false},"excerpt":{"rendered":"<p>Kikri: T\u00e4gliche Deutschf\u00f6rderung In der Kikri kommen die meisten Kinder zum ersten Mal mit der deutschen [&hellip;]<\/p>\n","protected":false},"author":10,"featured_media":0,"parent":401,"menu_order":36,"comment_status":"closed","ping_status":"closed","template":"","meta":{"site-sidebar-layout":"default","site-content-layout":"default","ast-site-content-layout":"default","site-content-style":"default","site-sidebar-style":"default","ast-global-header-display":"","ast-banner-title-visibility":"","ast-main-header-display":"","ast-hfb-above-header-display":"","ast-hfb-below-header-display":"","ast-hfb-mobile-header-display":"","site-post-title":"","ast-breadcrumbs-content":"","ast-featured-img":"","footer-sml-layout":"","ast-disable-related-posts":"","theme-transparent-header-meta":"default","adv-header-id-meta":"","stick-header-meta":"default","header-above-stick-meta":"","header-main-stick-meta":"","header-below-stick-meta":"","astra-migrate-meta-layouts":"default","ast-page-background-enabled":"default","ast-page-background-meta":{"desktop":{"background-color":"","background-image":"","background-repeat":"repeat","background-position":"center center","background-size":"auto","background-attachment":"scroll","background-type":"","background-media":"","overlay-type":"","overlay-color":"","overlay-opacity":"","overlay-gradient":""},"tablet":{"background-color":"","background-image":"","background-repeat":"repeat","background-position":"center center","background-size":"auto","background-attachment":"scroll","background-type":"","background-media":"","overlay-type":"","overlay-color":"","overlay-opacity":"","overlay-gradient":""},"mobile":{"background-color":"","background-image":"","background-repeat":"repeat","background-position":"center center","background-size":"auto","background-attachment":"scroll","background-type":"","background-media":"","overlay-type":"","overlay-color":"","overlay-opacity":"","overlay-gradient":""}},"ast-content-background-meta":{"desktop":{"background-color":"var(--ast-global-color-5)","background-image":"","background-repeat":"repeat","background-position":"center center","background-size":"auto","background-attachment":"scroll","background-type":"","background-media":"","overlay-type":"","overlay-color":"","overlay-opacity":"","overlay-gradient":""},"tablet":{"background-color":"var(--ast-global-color-5)","background-image":"","background-repeat":"repeat","background-position":"center center","background-size":"auto","background-attachment":"scroll","background-type":"","background-media":"","overlay-type":"","overlay-color":"","overlay-opacity":"","overlay-gradient":""},"mobile":{"background-color":"var(--ast-global-color-5)","background-image":"","background-repeat":"repeat","background-position":"center center","background-size":"auto","background-attachment":"scroll","background-type":"","background-media":"","overlay-type":"","overlay-color":"","overlay-opacity":"","overlay-gradient":""}},"_jet_sm_ready_style":"","_jet_sm_style":"","_jet_sm_controls_values":"","_jet_sm_fonts_collection":"","_jet_sm_fonts_links":"","footnotes":""},"schlagwortedst":[95,149],"wf_page_folders":[212,208],"class_list":["post-28454","page","type-page","status-publish","hentry","schlagwortedst-deutsch-kg","schlagwortedst-sidekg"],"_links":{"self":[{"href":"https:\/\/www.dstenerife.eu\/de\/wp-json\/wp\/v2\/pages\/28454","targetHints":{"allow":["GET"]}}],"collection":[{"href":"https:\/\/www.dstenerife.eu\/de\/wp-json\/wp\/v2\/pages"}],"about":[{"href":"https:\/\/www.dstenerife.eu\/de\/wp-json\/wp\/v2\/types\/page"}],"author":[{"embeddable":true,"href":"https:\/\/www.dstenerife.eu\/de\/wp-json\/wp\/v2\/users\/10"}],"replies":[{"embeddable":true,"href":"https:\/\/www.dstenerife.eu\/de\/wp-json\/wp\/v2\/comments?post=28454"}],"version-history":[{"count":0,"href":"https:\/\/www.dstenerife.eu\/de\/wp-json\/wp\/v2\/pages\/28454\/revisions"}],"up":[{"embeddable":true,"href":"https:\/\/www.dstenerife.eu\/de\/wp-json\/wp\/v2\/pages\/401"}],"wp:attachment":[{"href":"https:\/\/www.dstenerife.eu\/de\/wp-json\/wp\/v2\/media?parent=28454"}],"wp:term":[{"taxonomy":"schlagwortedst","embeddable":true,"href":"https:\/\/www.dstenerife.eu\/de\/wp-json\/wp\/v2\/schlagwortedst?post=28454"},{"taxonomy":"wf_page_folders","embeddable":true,"href":"https:\/\/www.dstenerife.eu\/de\/wp-json\/wp\/v2\/wf_page_folders?post=28454"}],"curies":[{"name":"wp","href":"https:\/\/api.w.org\/{rel}","templated":true}]}}