{"id":29530,"date":"2020-05-26T14:13:08","date_gmt":"2020-05-26T14:13:08","guid":{"rendered":"https:\/\/kopie.dst.deutsche-schule.eu\/?page_id=29530"},"modified":"2021-08-09T09:45:54","modified_gmt":"2021-08-09T09:45:54","slug":"dst-virtuell","status":"publish","type":"page","link":"https:\/\/www.dstenerife.eu\/de\/die-schule\/gesamtschulische-konzepte\/dst-virtuell\/","title":{"rendered":"DST virtuell"},"content":{"rendered":"<p>Die Deutsche Schule Santa Cruz de Tenerife und ihre Schulgemeinschaft &#8222;leben&#8220; auch w\u00e4hrend der Schulschlie\u00dfung weiter und halten zusammen!<\/p>\n<ul>\n<li>Der Fachbereich Musik pr\u00e4sentiert sein gro\u00dfes musikalisches Finale des Schuljahrs 2019\/20:<\/li>\n<\/ul>\n<p>Das digitale Sch\u00fcler-Eltern-Lehrer-Orchester und Chor der DST spielt \u201eThank You for the Music\u201c von ABBA.<\/p>\n<audio class=\"wp-audio-shortcode\" id=\"audio-29530-1\" preload=\"none\" style=\"width: 100%;\" controls=\"controls\"><source type=\"audio\/mpeg\" src=\"https:\/\/www.dstenerife.eu\/wp-content\/uploads\/2020\/06\/Digitales-Sch\u00fcler-Eltern-Lehrer-Orchester-und-Chor-der-DST_Thank-You-for-the-Music.mp3?_=1\" \/><a href=\"https:\/\/www.dstenerife.eu\/wp-content\/uploads\/2020\/06\/Digitales-Sch\u00fcler-Eltern-Lehrer-Orchester-und-Chor-der-DST_Thank-You-for-the-Music.mp3\">https:\/\/www.dstenerife.eu\/wp-content\/uploads\/2020\/06\/Digitales-Sch\u00fcler-Eltern-Lehrer-Orchester-und-Chor-der-DST_Thank-You-for-the-Music.mp3<\/a><\/audio>\n<ul>\n<li>Das Digitale Bl\u00e4serklassenorchester der DST mit Herrn Schmider und Frau Roulston:<\/li>\n<\/ul>\n<p>Die Sch\u00fclerinnen und Sch\u00fcler der Bl\u00e4serklassen haben zu Hause die Stimmen hochgeladen und die Lehrer haben die Dateien in einer DAW (digital audio workstation) zusammen geschnitten. Das Ergebnis ist wunderbar:<\/p>\n<p>&#8222;Stand by me&#8220;<\/p>\n<audio class=\"wp-audio-shortcode\" id=\"audio-29530-2\" preload=\"none\" style=\"width: 100%;\" controls=\"controls\"><source type=\"audio\/mpeg\" src=\"https:\/\/www.dstenerife.eu\/wp-content\/uploads\/2020\/06\/Digitales-Bl\u00e4serklassenorchester-der-DST_Stand-By-Me.mp3?_=2\" \/><a href=\"https:\/\/www.dstenerife.eu\/wp-content\/uploads\/2020\/06\/Digitales-Bl\u00e4serklassenorchester-der-DST_Stand-By-Me.mp3\">https:\/\/www.dstenerife.eu\/wp-content\/uploads\/2020\/06\/Digitales-Bl\u00e4serklassenorchester-der-DST_Stand-By-Me.mp3<\/a><\/audio>\n<p>&#8222;Cups&#8220; (When I\u2019m Gone)<\/p>\n<audio class=\"wp-audio-shortcode\" id=\"audio-29530-3\" preload=\"none\" style=\"width: 100%;\" controls=\"controls\"><source type=\"audio\/mpeg\" src=\"https:\/\/www.dstenerife.eu\/wp-content\/uploads\/2020\/05\/Digitales-Bl\u00e4serklassenorchester-der-DST_Cups-When-Im-Gone.mp3?_=3\" \/><a href=\"https:\/\/www.dstenerife.eu\/wp-content\/uploads\/2020\/05\/Digitales-Bl\u00e4serklassenorchester-der-DST_Cups-When-Im-Gone.mp3\">https:\/\/www.dstenerife.eu\/wp-content\/uploads\/2020\/05\/Digitales-Bl\u00e4serklassenorchester-der-DST_Cups-When-Im-Gone.mp3<\/a><\/audio>\n<p>&#8222;Der Mond ist\u00a0aufgegangen&#8220;<\/p>\n<audio class=\"wp-audio-shortcode\" id=\"audio-29530-4\" preload=\"none\" style=\"width: 100%;\" controls=\"controls\"><source type=\"audio\/mpeg\" src=\"https:\/\/www.dstenerife.eu\/wp-content\/uploads\/2020\/05\/Digitales-Bl\u00e4serklassenorchester-der-DST_Der-Mond-ist-aufgegangen.mp3?_=4\" \/><a href=\"https:\/\/www.dstenerife.eu\/wp-content\/uploads\/2020\/05\/Digitales-Bl\u00e4serklassenorchester-der-DST_Der-Mond-ist-aufgegangen.mp3\">https:\/\/www.dstenerife.eu\/wp-content\/uploads\/2020\/05\/Digitales-Bl\u00e4serklassenorchester-der-DST_Der-Mond-ist-aufgegangen.mp3<\/a><\/audio>\n<ul>\n<li>Videobotschaften:<\/li>\n<\/ul>\n<p>Sommerprojekt Grundschule:<\/p>\n<p><iframe src=\"\/\/www.youtube.com\/embed\/H3iG-BPKSaU\" width=\"560\" height=\"314\" allowfullscreen=\"allowfullscreen\"><\/iframe><\/p>\n<p>Verabschiedung Klasse 4:<\/p>\n<p><iframe src=\"\/\/www.youtube.com\/embed\/2HVlknbG9VA\" width=\"560\" height=\"314\" allowfullscreen=\"allowfullscreen\"><\/iframe><\/p>\n<p>Grundschullehrer\/innen an Sch\u00fcler\/innen:<\/p>\n<p><iframe src=\"\/\/www.youtube.com\/embed\/o-KPgVozsF0\" width=\"560\" height=\"314\" allowfullscreen=\"allowfullscreen\"><\/iframe><\/p>\n<p>Die G3B an ihre Lehrerinnen:<\/p>\n<p><iframe src=\"\/\/www.youtube.com\/embed\/dUGBo7z1CRg\" width=\"560\" height=\"314\" allowfullscreen=\"allowfullscreen\"><\/iframe><\/p>\n<p>Die Erzieher\/innen der KiKri und vom KiGA an die Kleinsten der DST:<\/p>\n<p><iframe src=\"\/\/www.youtube.com\/embed\/dHO1ktmpBM8\" width=\"560\" height=\"314\" allowfullscreen=\"allowfullscreen\"><\/iframe><\/p>\n<p>&nbsp;<\/p>\n<p>&nbsp;<\/p>\n<p>&nbsp;<\/p>\n<p>&nbsp;<\/p>\n<p>&nbsp;<\/p>\n<p>&nbsp;<\/p>\n","protected":false},"excerpt":{"rendered":"<p>Die Deutsche Schule Santa Cruz de Tenerife und ihre Schulgemeinschaft &#8222;leben&#8220; auch w\u00e4hrend der Schulschlie\u00dfung weiter [&hellip;]<\/p>\n","protected":false},"author":13,"featured_media":27065,"parent":38938,"menu_order":6,"comment_status":"closed","ping_status":"closed","template":"","meta":{"site-sidebar-layout":"default","site-content-layout":"default","ast-site-content-layout":"default","site-content-style":"default","site-sidebar-style":"default","ast-global-header-display":"","ast-banner-title-visibility":"","ast-main-header-display":"","ast-hfb-above-header-display":"","ast-hfb-below-header-display":"","ast-hfb-mobile-header-display":"","site-post-title":"","ast-breadcrumbs-content":"","ast-featured-img":"","footer-sml-layout":"","ast-disable-related-posts":"","theme-transparent-header-meta":"default","adv-header-id-meta":"","stick-header-meta":"default","header-above-stick-meta":"","header-main-stick-meta":"","header-below-stick-meta":"","astra-migrate-meta-layouts":"default","ast-page-background-enabled":"default","ast-page-background-meta":{"desktop":{"background-color":"","background-image":"","background-repeat":"repeat","background-position":"center center","background-size":"auto","background-attachment":"scroll","background-type":"","background-media":"","overlay-type":"","overlay-color":"","overlay-opacity":"","overlay-gradient":""},"tablet":{"background-color":"","background-image":"","background-repeat":"repeat","background-position":"center center","background-size":"auto","background-attachment":"scroll","background-type":"","background-media":"","overlay-type":"","overlay-color":"","overlay-opacity":"","overlay-gradient":""},"mobile":{"background-color":"","background-image":"","background-repeat":"repeat","background-position":"center center","background-size":"auto","background-attachment":"scroll","background-type":"","background-media":"","overlay-type":"","overlay-color":"","overlay-opacity":"","overlay-gradient":""}},"ast-content-background-meta":{"desktop":{"background-color":"var(--ast-global-color-5)","background-image":"","background-repeat":"repeat","background-position":"center center","background-size":"auto","background-attachment":"scroll","background-type":"","background-media":"","overlay-type":"","overlay-color":"","overlay-opacity":"","overlay-gradient":""},"tablet":{"background-color":"var(--ast-global-color-5)","background-image":"","background-repeat":"repeat","background-position":"center center","background-size":"auto","background-attachment":"scroll","background-type":"","background-media":"","overlay-type":"","overlay-color":"","overlay-opacity":"","overlay-gradient":""},"mobile":{"background-color":"var(--ast-global-color-5)","background-image":"","background-repeat":"repeat","background-position":"center center","background-size":"auto","background-attachment":"scroll","background-type":"","background-media":"","overlay-type":"","overlay-color":"","overlay-opacity":"","overlay-gradient":""}},"_jet_sm_ready_style":"","_jet_sm_style":"","_jet_sm_controls_values":"","_jet_sm_fonts_collection":"","_jet_sm_fonts_links":"","footnotes":""},"schlagwortedst":[],"wf_page_folders":[],"class_list":["post-29530","page","type-page","status-publish","has-post-thumbnail","hentry"],"_links":{"self":[{"href":"https:\/\/www.dstenerife.eu\/de\/wp-json\/wp\/v2\/pages\/29530","targetHints":{"allow":["GET"]}}],"collection":[{"href":"https:\/\/www.dstenerife.eu\/de\/wp-json\/wp\/v2\/pages"}],"about":[{"href":"https:\/\/www.dstenerife.eu\/de\/wp-json\/wp\/v2\/types\/page"}],"author":[{"embeddable":true,"href":"https:\/\/www.dstenerife.eu\/de\/wp-json\/wp\/v2\/users\/13"}],"replies":[{"embeddable":true,"href":"https:\/\/www.dstenerife.eu\/de\/wp-json\/wp\/v2\/comments?post=29530"}],"version-history":[{"count":0,"href":"https:\/\/www.dstenerife.eu\/de\/wp-json\/wp\/v2\/pages\/29530\/revisions"}],"up":[{"embeddable":true,"href":"https:\/\/www.dstenerife.eu\/de\/wp-json\/wp\/v2\/pages\/38938"}],"wp:featuredmedia":[{"embeddable":true,"href":"https:\/\/www.dstenerife.eu\/de\/wp-json\/wp\/v2\/media\/27065"}],"wp:attachment":[{"href":"https:\/\/www.dstenerife.eu\/de\/wp-json\/wp\/v2\/media?parent=29530"}],"wp:term":[{"taxonomy":"schlagwortedst","embeddable":true,"href":"https:\/\/www.dstenerife.eu\/de\/wp-json\/wp\/v2\/schlagwortedst?post=29530"},{"taxonomy":"wf_page_folders","embeddable":true,"href":"https:\/\/www.dstenerife.eu\/de\/wp-json\/wp\/v2\/wf_page_folders?post=29530"}],"curies":[{"name":"wp","href":"https:\/\/api.w.org\/{rel}","templated":true}]}}