{"id":30317,"date":"2020-07-03T10:57:15","date_gmt":"2020-07-03T10:57:15","guid":{"rendered":"https:\/\/kopie.dst.deutsche-schule.eu\/?page_id=30317"},"modified":"2021-08-21T06:11:23","modified_gmt":"2021-08-21T06:11:23","slug":"uebergang-in-die-sekundarstufe","status":"publish","type":"page","link":"https:\/\/www.dstenerife.eu\/de\/sekundarstufe-i-und-ii\/uebergang-in-die-sekundarstufe\/","title":{"rendered":"\u00dcbergang in die Sekundarstufe"},"content":{"rendered":"<p>Um den Sch\u00fclerinnen und Sch\u00fclern einen sanften Wechsel von der Grundschule in die Sekundarstufe zu erm\u00f6glichen und sie dort zielgerichtet und auf dem bereits Erlernten aufbauend f\u00f6rdern zu k\u00f6nnen, sind Lehrpl\u00e4ne, Methoden und Organisation des Faches Deutsch zwischen den beiden Schulformen genau abgestimmt.<\/p>\n<p><strong>Literaturunterricht<\/strong>: Das Thema \u201eErz\u00e4hlen\u201c wird zu Beginn der Klasse 5 aufbauend auf dem Wissen aus Klasse 4 unterrichtet. Die bereits bekannten Strukturmerkmale einer Erz\u00e4hlung Kenntnisse beim Schreiben einer eigenen Erz\u00e4hlung werden vertieft. Die aus der Grundschule bekannten Methoden des \u201eErz\u00e4hlfadens\u201c, das Schreiben einer Geschichte zu Reizw\u00f6rtern oder die \u201eErz\u00e4hlmaus\u201c, um nur einige Beispiele zu nennen, werden in Klasse 5 aufgegriffen und weiter ausdifferenziert.<\/p>\n<p>Zur Lesef\u00f6rderung kann jedes Kind weiterhin freiwillig am <a href=\"https:\/\/antolin.westermann.de\/all\/info\/titel-listen.jsp\" target=\"_blank\" rel=\"noopener noreferrer\">Antolinprogramm<\/a> teilnehmen.<\/p>\n<p><strong>Grammatikunterricht:<\/strong> Die aus der Grundschule bekannten Wortarten und Satzglieder werden in Klasse 5 beispielsweise um adverbiale Bestimmungen und Pr\u00e4positionen erweitert. Die Farbwahl f\u00fcr einzelne Satzglieder wird von der Grundschule \u00fcbernommen. Subjekt &#8211; blau, Pr\u00e4dikat &#8211; rot, Dativobjekt &#8211; gelb, Akkusativobjekt &#8211; gr\u00fcn und alle anderen Satzglieder sind braun.<\/p>\n<p>Ebenso wird vertieft am Satzbau und Wortstellung weitergearbeitet und die Genuslehre vertieft.<\/p>\n<p><strong>Orthographieunterricht: <\/strong>Die Regeln der Gro\u00df- und Kleinschreibung werden in Klasse 5 weiter vertieft und um die Schreibung komplexer W\u00f6rter und Komposita erweitert. Im Bereich der Zeichensetzung wird vor allem die Kommasatzung in Satzgef\u00fcgen und bei Appositionen in Klasse 5 gearbeitet und die Zeichensetzung in der w\u00f6rtlichen Rede sowie die Satzschlusszeichen, die aus der Grundschule bekannt sind, vertieft.<\/p>\n<p><strong>Wortschatzarbeit: <\/strong>Das den Kindern bekannte Konzept der Wortschatzarbeit aus der Grundschule wird dahingehend \u00fcbernommen, dass die Kinder in Klasse 5 an ihrem Lernwortschatz arbeiten, der im Unterricht entwickelt und in einem Vokabelheft notiert wird. Ebenso wird dieser Lernwortschatz im Klassenraum fixiert und abgepr\u00fcft.<\/p>\n<p><strong>Methodik: <\/strong>Viele Methoden aus der Grundschule werden in Klasse 5 weitergef\u00fchrt und &#8211; entwickelt. So liegt einer der Schwerpunkte auf differenziertem Lernen und individueller F\u00f6rderung. Ein rhythmisierter Wechsel der Sozialformen erm\u00f6glicht jeder Sch\u00fclerin und jedem Sch\u00fcler individuell und zielgerichtet zu lernen und sich im Unterricht einzubringen.<\/p>\n<p><strong>Heftf\u00fchrung, Schrift und F\u00fcller: <\/strong>Die Heftf\u00fchrung aus der Grundschule wir \u00fcbernommen und die Kinder werden weiter dabei unterst\u00fctzt, ihre eigene Handschrift zu entwickeln. Das Schreiben mit dem F\u00fcller wird dabei empfohlen.<\/p>\n<h4>Die \u00dcbergangsrituale sind in folgendem \u00dcbergangskalender festgelegt und zusammengefasst:<a href=\"https:\/\/e969z83yjsq.exactdn.com\/wp-content\/uploads\/2021\/04\/Kooperationskalender-GS-OS-2019_2020.jpg?strip=all&w=2560\"><img fetchpriority=\"high\" decoding=\"async\" class=\"aligncenter size-medium wp-image-38305\" src=\"https:\/\/e969z83yjsq.exactdn.com\/wp-content\/uploads\/2021\/04\/Kooperationskalender-GS-OS-2019_2020-752x134.jpg?strip=all\" alt=\"\" width=\"752\" height=\"134\" srcset=\"https:\/\/e969z83yjsq.exactdn.com\/wp-content\/uploads\/2021\/04\/Kooperationskalender-GS-OS-2019_2020-752x134.jpg?strip=all 752w, https:\/\/e969z83yjsq.exactdn.com\/wp-content\/uploads\/2021\/04\/Kooperationskalender-GS-OS-2019_2020-1280x228.jpg?strip=all 1280w, https:\/\/e969z83yjsq.exactdn.com\/wp-content\/uploads\/2021\/04\/Kooperationskalender-GS-OS-2019_2020-768x137.jpg?strip=all 768w, https:\/\/e969z83yjsq.exactdn.com\/wp-content\/uploads\/2021\/04\/Kooperationskalender-GS-OS-2019_2020-320x57.jpg?strip=all 320w, https:\/\/e969z83yjsq.exactdn.com\/wp-content\/uploads\/2021\/04\/Kooperationskalender-GS-OS-2019_2020.jpg?strip=all 1332w, https:\/\/e969z83yjsq.exactdn.com\/wp-content\/uploads\/2021\/04\/Kooperationskalender-GS-OS-2019_2020.jpg?strip=all&amp;w=266 266w, https:\/\/e969z83yjsq.exactdn.com\/wp-content\/uploads\/2021\/04\/Kooperationskalender-GS-OS-2019_2020.jpg?strip=all&amp;w=532 532w, https:\/\/e969z83yjsq.exactdn.com\/wp-content\/uploads\/2021\/04\/Kooperationskalender-GS-OS-2019_2020.jpg?strip=all&amp;w=1065 1065w, https:\/\/e969z83yjsq.exactdn.com\/wp-content\/uploads\/2021\/04\/Kooperationskalender-GS-OS-2019_2020.jpg?strip=all&amp;w=450 450w\" sizes=\"(max-width: 752px) 100vw, 752px\" \/><\/a><\/h4>\n<ol>\n<li>\u00dcbergangsstunden zur Vorbereitung auf die 5. Klasse (GS und OS-Leitung)<\/li>\n<li>Ggf. gemeinsame \u00dcberpr\u00fcfung der Ferienlekt\u00fcre<\/li>\n<li>Gemeinsame Sprachfeststellungspr\u00fcfung A2 zur Einteilung der A-B-C Kurse im Fach D<\/li>\n<li>Teilnahme der SuS der Klassen 5 an Festen der Grundschule (Adventssingen, Weihnachten, Karneval, D\u00eda de Canarias,&#8230;)<\/li>\n<li>Austauschprogramm Tenerife-Herxheim Klasse G4-5 (im Mai &amp; November)<\/li>\n<li>Fesstellungspr\u00fcfungen in G4 zur Aufnahme neuer SuS in Klasse 5<\/li>\n<li>Treffen der Abteilungsleitungen (GS-OS) bei Bedarf<\/li>\n<li>P\u00e4dagogische Konferenz (ehemalige Lehrkr\u00e4fte G4\/ aktuelle Lehrkr\u00e4fte Kl.5)<\/li>\n<li>Einteilung der neuen 5. Klassen und \u00dcbergabegespr\u00e4che (Abteilungsleitungen, Fachkonferenzleitung D-Ma, alte und neue Lehrkr\u00e4fte, Schulpsychologie)<\/li>\n<li>Gemeinsame Infoelternabend zum Thema \u201e\u00dcbergang\u201c der Klassen G4<\/li>\n<li>Hospitationen der SuS der Klassen G4 im Unterricht der 5. Klassen (bevorzugt in den F\u00e4chern: Englisch, Biologie, Musik)<\/li>\n<li>Ggf. gemeinsame Auff\u00fchrung zum Sommerfest (Bl\u00e4serklassen , Banda und Bandita)<\/li>\n<li>Gemeinsames Projekt (Vorbereitung und Unterricht) im Fach Deutsch (Aufsatzerziehung)<\/li>\n<li>Kollegialen Hospitationen<\/li>\n<li>Kollegialer Austausch zum Sozial- und Leistungsverhalten der Sch\u00fcler der 5. Klassen (bei Bedarf)<\/li>\n<\/ol>\n","protected":false},"excerpt":{"rendered":"<p>Um den Sch\u00fclerinnen und Sch\u00fclern einen sanften Wechsel von der Grundschule in die Sekundarstufe zu erm\u00f6glichen [&hellip;]<\/p>\n","protected":false},"author":10,"featured_media":45746,"parent":403,"menu_order":45,"comment_status":"closed","ping_status":"closed","template":"","meta":{"site-sidebar-layout":"default","site-content-layout":"default","ast-site-content-layout":"default","site-content-style":"default","site-sidebar-style":"default","ast-global-header-display":"","ast-banner-title-visibility":"","ast-main-header-display":"","ast-hfb-above-header-display":"","ast-hfb-below-header-display":"","ast-hfb-mobile-header-display":"","site-post-title":"","ast-breadcrumbs-content":"","ast-featured-img":"","footer-sml-layout":"","ast-disable-related-posts":"","theme-transparent-header-meta":"default","adv-header-id-meta":"","stick-header-meta":"default","header-above-stick-meta":"","header-main-stick-meta":"","header-below-stick-meta":"","astra-migrate-meta-layouts":"default","ast-page-background-enabled":"default","ast-page-background-meta":{"desktop":{"background-color":"","background-image":"","background-repeat":"repeat","background-position":"center center","background-size":"auto","background-attachment":"scroll","background-type":"","background-media":"","overlay-type":"","overlay-color":"","overlay-opacity":"","overlay-gradient":""},"tablet":{"background-color":"","background-image":"","background-repeat":"repeat","background-position":"center center","background-size":"auto","background-attachment":"scroll","background-type":"","background-media":"","overlay-type":"","overlay-color":"","overlay-opacity":"","overlay-gradient":""},"mobile":{"background-color":"","background-image":"","background-repeat":"repeat","background-position":"center center","background-size":"auto","background-attachment":"scroll","background-type":"","background-media":"","overlay-type":"","overlay-color":"","overlay-opacity":"","overlay-gradient":""}},"ast-content-background-meta":{"desktop":{"background-color":"var(--ast-global-color-5)","background-image":"","background-repeat":"repeat","background-position":"center center","background-size":"auto","background-attachment":"scroll","background-type":"","background-media":"","overlay-type":"","overlay-color":"","overlay-opacity":"","overlay-gradient":""},"tablet":{"background-color":"var(--ast-global-color-5)","background-image":"","background-repeat":"repeat","background-position":"center center","background-size":"auto","background-attachment":"scroll","background-type":"","background-media":"","overlay-type":"","overlay-color":"","overlay-opacity":"","overlay-gradient":""},"mobile":{"background-color":"var(--ast-global-color-5)","background-image":"","background-repeat":"repeat","background-position":"center center","background-size":"auto","background-attachment":"scroll","background-type":"","background-media":"","overlay-type":"","overlay-color":"","overlay-opacity":"","overlay-gradient":""}},"_jet_sm_ready_style":"","_jet_sm_style":"","_jet_sm_controls_values":"","_jet_sm_fonts_collection":"","_jet_sm_fonts_links":"","footnotes":""},"schlagwortedst":[102,150],"wf_page_folders":[212],"class_list":["post-30317","page","type-page","status-publish","has-post-thumbnail","hentry","schlagwortedst-deutschuebergang-gs-sek","schlagwortedst-sidegs"],"_links":{"self":[{"href":"https:\/\/www.dstenerife.eu\/de\/wp-json\/wp\/v2\/pages\/30317","targetHints":{"allow":["GET"]}}],"collection":[{"href":"https:\/\/www.dstenerife.eu\/de\/wp-json\/wp\/v2\/pages"}],"about":[{"href":"https:\/\/www.dstenerife.eu\/de\/wp-json\/wp\/v2\/types\/page"}],"author":[{"embeddable":true,"href":"https:\/\/www.dstenerife.eu\/de\/wp-json\/wp\/v2\/users\/10"}],"replies":[{"embeddable":true,"href":"https:\/\/www.dstenerife.eu\/de\/wp-json\/wp\/v2\/comments?post=30317"}],"version-history":[{"count":1,"href":"https:\/\/www.dstenerife.eu\/de\/wp-json\/wp\/v2\/pages\/30317\/revisions"}],"predecessor-version":[{"id":45748,"href":"https:\/\/www.dstenerife.eu\/de\/wp-json\/wp\/v2\/pages\/30317\/revisions\/45748"}],"up":[{"embeddable":true,"href":"https:\/\/www.dstenerife.eu\/de\/wp-json\/wp\/v2\/pages\/403"}],"wp:featuredmedia":[{"embeddable":true,"href":"https:\/\/www.dstenerife.eu\/de\/wp-json\/wp\/v2\/media\/45746"}],"wp:attachment":[{"href":"https:\/\/www.dstenerife.eu\/de\/wp-json\/wp\/v2\/media?parent=30317"}],"wp:term":[{"taxonomy":"schlagwortedst","embeddable":true,"href":"https:\/\/www.dstenerife.eu\/de\/wp-json\/wp\/v2\/schlagwortedst?post=30317"},{"taxonomy":"wf_page_folders","embeddable":true,"href":"https:\/\/www.dstenerife.eu\/de\/wp-json\/wp\/v2\/wf_page_folders?post=30317"}],"curies":[{"name":"wp","href":"https:\/\/api.w.org\/{rel}","templated":true}]}}