{"id":3151,"date":"2015-11-16T12:51:47","date_gmt":"2015-11-16T12:51:47","guid":{"rendered":"https:\/\/kopie.dst.deutsche-schule.eu\/?page_id=3151"},"modified":"2021-07-16T15:05:06","modified_gmt":"2021-07-16T15:05:06","slug":"vorgehensweise-bei-einem-unfall","status":"publish","type":"page","link":"https:\/\/www.dstenerife.eu\/de\/serviceinformationen\/vorgehensweise-bei-einem-unfall\/","title":{"rendered":"Vorgehensweise bei einem Unfall"},"content":{"rendered":"<blockquote><p>Kann eigentlich weg, Seite der Krankenstation reicht<\/p>\n<p>Seite ohne \u00dcbersetzung!!<\/p><\/blockquote>\n<p>Leider kommt es im Schulalltag gelegentlich zu Unf\u00e4llen. Auf dieser Seite ist der Ablauf erl\u00e4utert:<\/p>\n<ul>\n<li>Die Person, die Kenntnis von dem Unfall hat, informiert die Rezeption und das Sekretariat.<\/li>\n<li>Im Sekretariat wird die Unfallmeldung mit den angegebenen Daten ausgef\u00fcllt. Gleichzeitig werden die Eltern informiert. (Wenn der Unfall nach Sekretariatsschluss stattfinden sollte, kann der Gesch\u00e4digte direkt zum Arzt gehen. Die Unfallmeldung wird dann am n\u00e4chsten Tag angefertigt und kann nachgereicht werden).<\/li>\n<li>Bei leichten Unf\u00e4llen k\u00f6nnen die Eltern entscheiden, ob sie das Kind in der Schule abholen, oder ob ein Krankenwagen angerufen wird. Das Schulpersonal wird den Krankenwagen bestellen und jemand der Schule begleitet das Kind bis die Eltern im Krankenhaus eingetroffen sind.<\/li>\n<li>Im Falle eines schweren Unfalls oder in Zweifelf\u00e4llen wird die Schule den Krankenwagen bestellen und die Sanit\u00e4ter entscheiden, in welches Krankenhaus der Verletzte gebracht wird. Die Eltern werden nochmals angerufen und dar\u00fcber informiert, wo das Kind hingebracht wurde.<\/li>\n<li>Die Schulversicherung hat eine Vereinbarung mit Hospiten und Cl\u00ednica Parque (Santa Cruz). Die Rechnungen m\u00fcssen nicht vorbezahlt werden und werden direkt abgerechnet. Bei anderen Krankenh\u00e4usern\/private \u00c4rzte wird die bezahlte Rechnung der Schule zugestellt, diese wird dann nachtr\u00e4glich r\u00fcckerstattet.<\/li>\n<\/ul>\n","protected":false},"excerpt":{"rendered":"<p>Kann eigentlich weg, Seite der Krankenstation reicht Seite ohne \u00dcbersetzung!! Leider kommt es im Schulalltag gelegentlich [&hellip;]<\/p>\n","protected":false},"author":10,"featured_media":0,"parent":399,"menu_order":4,"comment_status":"closed","ping_status":"closed","template":"","meta":{"site-sidebar-layout":"default","site-content-layout":"default","ast-site-content-layout":"default","site-content-style":"default","site-sidebar-style":"default","ast-global-header-display":"","ast-banner-title-visibility":"","ast-main-header-display":"","ast-hfb-above-header-display":"","ast-hfb-below-header-display":"","ast-hfb-mobile-header-display":"","site-post-title":"","ast-breadcrumbs-content":"","ast-featured-img":"","footer-sml-layout":"","ast-disable-related-posts":"","theme-transparent-header-meta":"default","adv-header-id-meta":"","stick-header-meta":"default","header-above-stick-meta":"","header-main-stick-meta":"","header-below-stick-meta":"","astra-migrate-meta-layouts":"default","ast-page-background-enabled":"default","ast-page-background-meta":{"desktop":{"background-color":"","background-image":"","background-repeat":"repeat","background-position":"center center","background-size":"auto","background-attachment":"scroll","background-type":"","background-media":"","overlay-type":"","overlay-color":"","overlay-opacity":"","overlay-gradient":""},"tablet":{"background-color":"","background-image":"","background-repeat":"repeat","background-position":"center center","background-size":"auto","background-attachment":"scroll","background-type":"","background-media":"","overlay-type":"","overlay-color":"","overlay-opacity":"","overlay-gradient":""},"mobile":{"background-color":"","background-image":"","background-repeat":"repeat","background-position":"center center","background-size":"auto","background-attachment":"scroll","background-type":"","background-media":"","overlay-type":"","overlay-color":"","overlay-opacity":"","overlay-gradient":""}},"ast-content-background-meta":{"desktop":{"background-color":"var(--ast-global-color-5)","background-image":"","background-repeat":"repeat","background-position":"center center","background-size":"auto","background-attachment":"scroll","background-type":"","background-media":"","overlay-type":"","overlay-color":"","overlay-opacity":"","overlay-gradient":""},"tablet":{"background-color":"var(--ast-global-color-5)","background-image":"","background-repeat":"repeat","background-position":"center center","background-size":"auto","background-attachment":"scroll","background-type":"","background-media":"","overlay-type":"","overlay-color":"","overlay-opacity":"","overlay-gradient":""},"mobile":{"background-color":"var(--ast-global-color-5)","background-image":"","background-repeat":"repeat","background-position":"center center","background-size":"auto","background-attachment":"scroll","background-type":"","background-media":"","overlay-type":"","overlay-color":"","overlay-opacity":"","overlay-gradient":""}},"_jet_sm_ready_style":"","_jet_sm_style":"","_jet_sm_controls_values":"","_jet_sm_fonts_collection":"","_jet_sm_fonts_links":"","footnotes":""},"schlagwortedst":[],"wf_page_folders":[204,206,208],"class_list":["post-3151","page","type-page","status-publish","hentry"],"_links":{"self":[{"href":"https:\/\/www.dstenerife.eu\/de\/wp-json\/wp\/v2\/pages\/3151","targetHints":{"allow":["GET"]}}],"collection":[{"href":"https:\/\/www.dstenerife.eu\/de\/wp-json\/wp\/v2\/pages"}],"about":[{"href":"https:\/\/www.dstenerife.eu\/de\/wp-json\/wp\/v2\/types\/page"}],"author":[{"embeddable":true,"href":"https:\/\/www.dstenerife.eu\/de\/wp-json\/wp\/v2\/users\/10"}],"replies":[{"embeddable":true,"href":"https:\/\/www.dstenerife.eu\/de\/wp-json\/wp\/v2\/comments?post=3151"}],"version-history":[{"count":0,"href":"https:\/\/www.dstenerife.eu\/de\/wp-json\/wp\/v2\/pages\/3151\/revisions"}],"up":[{"embeddable":true,"href":"https:\/\/www.dstenerife.eu\/de\/wp-json\/wp\/v2\/pages\/399"}],"wp:attachment":[{"href":"https:\/\/www.dstenerife.eu\/de\/wp-json\/wp\/v2\/media?parent=3151"}],"wp:term":[{"taxonomy":"schlagwortedst","embeddable":true,"href":"https:\/\/www.dstenerife.eu\/de\/wp-json\/wp\/v2\/schlagwortedst?post=3151"},{"taxonomy":"wf_page_folders","embeddable":true,"href":"https:\/\/www.dstenerife.eu\/de\/wp-json\/wp\/v2\/wf_page_folders?post=3151"}],"curies":[{"name":"wp","href":"https:\/\/api.w.org\/{rel}","templated":true}]}}