{"id":3281,"date":"2015-11-28T18:44:41","date_gmt":"2015-11-28T18:44:41","guid":{"rendered":"https:\/\/kopie.dst.deutsche-schule.eu\/?page_id=3281"},"modified":"2024-05-02T15:37:18","modified_gmt":"2024-05-02T14:37:18","slug":"vorbereitungskurse-fuer-neue-schueler","status":"publish","type":"page","link":"https:\/\/www.dstenerife.eu\/de\/die-schule\/gesamtschulische-konzepte\/vorbereitungskurse-fuer-neue-schueler\/","title":{"rendered":"Vorbereitungskurse f\u00fcr neue Sch\u00fcler*innen"},"content":{"rendered":"<p>Eine Woche vor Beginn des regul\u00e4ren Schulbeginns bietet die Deutsche Schule Santa Cruz einen Vorbereitungskurs f\u00fcr Sch\u00fcler*innen an, die gerade erst auf Teneriffa angekommen sind, ihre Schullaufbahn an unserer Schule beginnen m\u00f6chten und keine Spanischkenntnisse haben. So wird in dem Kurs, bevor der regul\u00e4re Unterricht beginnt, ein erster Kontakt mit der Schule aufgenommen: Klassenr\u00e4ume, Pausenh\u00f6fe, die Bibliothek und andere wichtige R\u00e4ume werden besucht. Aber auch ein Eintauchen in die spanische Sprache und Kultur soll stattfinden und die Sch\u00fclerinnen und Sch\u00fcler auf spielerische Art und Weise an die neue Umgebung gew\u00f6hnen. Sie lernen von sich zu erz\u00e4hlen und sich in einfachen Alltags- und Schulsituationen auszudr\u00fccken. Das Einfinden an der neuen Schule wird den Sch\u00fclerinnen und Sch\u00fclern zudem dadurch erleichtert, dass sie sich gegenseitig kennenlernen und gemeinsam das Schuljahr beginnen.<\/p>\n<p>Erteilt wird der Vorbereitungskurs in verschiedene Gruppen, wobei auf das Alter und die Kenntnisse der Sch\u00fcler*innen geachtet wird: Die Kinder der ersten Klasse (G1) k\u00f6nnen noch nicht lesen und schreiben, weshalb vor allem mit Spielen, Musik und Bewegung gearbeitet wird. Die zweite Gruppe besteht aus Sch\u00fclerinnen und Sch\u00fclern ab dem zweiten Grundschuljahr (G2) bis zum vierten Grundschuljahr (G4). Da die Sch\u00fclerinnen und Sch\u00fcler bereits schreiben und lesen k\u00f6nnen, beginnen sie mit den Grundlagen der Sprache und dem Grundwortschatz, der ihnen in den ersten Tagen des Unterrichts helfen wird. Die dritte Gruppe besteht aus Sch\u00fclerinnen und Sch\u00fcler der 5. und 6. Klasse. Sie arbeiten sowohl in m\u00fcndlicher als auch in schriftlicher Form, um ihre Selbstst\u00e4ndigkeit zu st\u00e4rken. Diese Gruppe verwendet bereits die Materialien, die das ganze Schuljahr \u00fcber im Spanischunterricht eingesetzt werden: <strong>Integrationsphase Spanisch (IPS).<\/strong><\/p>\n<p>Die Kurse werden von Jahr zu Jahr unterschiedlich gestaltet, da sie von der Anzahl der Sch\u00fcler*innen abh\u00e4ngig sind, die die Schule besuchen werden. Unser Ziel ist es, eine individuelle Betreuung anzubieten; daher werden je nach Nachfrage verschiedene Gruppen gebildet. Alle Informationen werden an die betroffenen Familien weitergeleitet.<\/p>\n<p>F\u00fcr die Sch\u00fcler*innen ist der Vorbereitungskurs eine gute M\u00f6glichkeit, um sich langsam in der ungewohnten Umgebung zurechtzufinden und erste Freunde zu finden.<\/p>\n","protected":false},"excerpt":{"rendered":"<p>Eine Woche vor Beginn des regul\u00e4ren Schulbeginns bietet die Deutsche Schule Santa Cruz einen Vorbereitungskurs f\u00fcr [&hellip;]<\/p>\n","protected":false},"author":10,"featured_media":45476,"parent":38938,"menu_order":7,"comment_status":"closed","ping_status":"closed","template":"","meta":{"site-sidebar-layout":"default","site-content-layout":"default","ast-site-content-layout":"default","site-content-style":"default","site-sidebar-style":"default","ast-global-header-display":"","ast-banner-title-visibility":"","ast-main-header-display":"","ast-hfb-above-header-display":"","ast-hfb-below-header-display":"","ast-hfb-mobile-header-display":"","site-post-title":"","ast-breadcrumbs-content":"","ast-featured-img":"","footer-sml-layout":"","ast-disable-related-posts":"","theme-transparent-header-meta":"default","adv-header-id-meta":"","stick-header-meta":"default","header-above-stick-meta":"","header-main-stick-meta":"","header-below-stick-meta":"","astra-migrate-meta-layouts":"set","ast-page-background-enabled":"default","ast-page-background-meta":{"desktop":{"background-color":"","background-image":"","background-repeat":"repeat","background-position":"center center","background-size":"auto","background-attachment":"scroll","background-type":"","background-media":"","overlay-type":"","overlay-color":"","overlay-opacity":"","overlay-gradient":""},"tablet":{"background-color":"","background-image":"","background-repeat":"repeat","background-position":"center center","background-size":"auto","background-attachment":"scroll","background-type":"","background-media":"","overlay-type":"","overlay-color":"","overlay-opacity":"","overlay-gradient":""},"mobile":{"background-color":"","background-image":"","background-repeat":"repeat","background-position":"center center","background-size":"auto","background-attachment":"scroll","background-type":"","background-media":"","overlay-type":"","overlay-color":"","overlay-opacity":"","overlay-gradient":""}},"ast-content-background-meta":{"desktop":{"background-color":"var(--ast-global-color-5)","background-image":"","background-repeat":"repeat","background-position":"center center","background-size":"auto","background-attachment":"scroll","background-type":"","background-media":"","overlay-type":"","overlay-color":"","overlay-opacity":"","overlay-gradient":""},"tablet":{"background-color":"var(--ast-global-color-5)","background-image":"","background-repeat":"repeat","background-position":"center center","background-size":"auto","background-attachment":"scroll","background-type":"","background-media":"","overlay-type":"","overlay-color":"","overlay-opacity":"","overlay-gradient":""},"mobile":{"background-color":"var(--ast-global-color-5)","background-image":"","background-repeat":"repeat","background-position":"center center","background-size":"auto","background-attachment":"scroll","background-type":"","background-media":"","overlay-type":"","overlay-color":"","overlay-opacity":"","overlay-gradient":""}},"_jet_sm_ready_style":"","_jet_sm_style":"","_jet_sm_controls_values":"","_jet_sm_fonts_collection":"","_jet_sm_fonts_links":"","footnotes":""},"schlagwortedst":[153],"wf_page_folders":[198,208],"class_list":["post-3281","page","type-page","status-publish","has-post-thumbnail","hentry","schlagwortedst-sideschule"],"_links":{"self":[{"href":"https:\/\/www.dstenerife.eu\/de\/wp-json\/wp\/v2\/pages\/3281","targetHints":{"allow":["GET"]}}],"collection":[{"href":"https:\/\/www.dstenerife.eu\/de\/wp-json\/wp\/v2\/pages"}],"about":[{"href":"https:\/\/www.dstenerife.eu\/de\/wp-json\/wp\/v2\/types\/page"}],"author":[{"embeddable":true,"href":"https:\/\/www.dstenerife.eu\/de\/wp-json\/wp\/v2\/users\/10"}],"replies":[{"embeddable":true,"href":"https:\/\/www.dstenerife.eu\/de\/wp-json\/wp\/v2\/comments?post=3281"}],"version-history":[{"count":3,"href":"https:\/\/www.dstenerife.eu\/de\/wp-json\/wp\/v2\/pages\/3281\/revisions"}],"predecessor-version":[{"id":69958,"href":"https:\/\/www.dstenerife.eu\/de\/wp-json\/wp\/v2\/pages\/3281\/revisions\/69958"}],"up":[{"embeddable":true,"href":"https:\/\/www.dstenerife.eu\/de\/wp-json\/wp\/v2\/pages\/38938"}],"wp:featuredmedia":[{"embeddable":true,"href":"https:\/\/www.dstenerife.eu\/de\/wp-json\/wp\/v2\/media\/45476"}],"wp:attachment":[{"href":"https:\/\/www.dstenerife.eu\/de\/wp-json\/wp\/v2\/media?parent=3281"}],"wp:term":[{"taxonomy":"schlagwortedst","embeddable":true,"href":"https:\/\/www.dstenerife.eu\/de\/wp-json\/wp\/v2\/schlagwortedst?post=3281"},{"taxonomy":"wf_page_folders","embeddable":true,"href":"https:\/\/www.dstenerife.eu\/de\/wp-json\/wp\/v2\/wf_page_folders?post=3281"}],"curies":[{"name":"wp","href":"https:\/\/api.w.org\/{rel}","templated":true}]}}