{"id":3287,"date":"2015-11-28T19:05:21","date_gmt":"2015-11-28T19:05:21","guid":{"rendered":"https:\/\/kopie.dst.deutsche-schule.eu\/?page_id=3287"},"modified":"2024-06-14T12:20:10","modified_gmt":"2024-06-14T11:20:10","slug":"blaeserklassen","status":"publish","type":"page","link":"https:\/\/www.dstenerife.eu\/de\/die-schule\/gesamtschulische-konzepte\/blaeserklassen\/","title":{"rendered":"Bl\u00e4serklassen"},"content":{"rendered":"<p>Musik ist ein essenzieller Bestandteil f\u00fcr die Pers\u00f6nlichkeitsentwicklung junger Menschen und bedient somit einen wichtigen gesellschaftlichen Auftrag. In der 5. und 6. Klasse lernen die Kinder an der DST daher im regul\u00e4ren Musikunterricht ein Musikinstrument. Da alle Kinder der Klasse ein Blasinstrument lernen, nennen wir diese Klassen auch Bl\u00e4serklassen.<\/p>\n<p>Die Bl\u00e4serklassen werden von mindestens zwei Lehrkr\u00e4ften zwei Stunden die Woche unterrichtet. Alle Kinder sollen die Chance haben, auf einem guten Musikinstrument zu musizieren und Musik als Lebenszeitgestaltung lieben zu lernen. Hierzu stellt die Schule den Kindern f\u00fcr eine monatliche Leihgeb\u00fchr ein Instrument zur Verf\u00fcgung. Vorkenntnisse am Instrument sind nicht erforderlich. Gearbeitet wird mit Lernmethodik \u201eEssential Elements\u201c (Yamaha).<\/p>\n<p>Die Kinder haben die M\u00f6glichkeit, eines der Blasinstrumente Fl\u00f6te, Saxofon, Klarinette, Trompete oder Posaune zu erlernen. Bei besonderem Interesse und bereits vorhandenen Vorerfahrungen ist auch das Horn oder das Euphonium m\u00f6glich. Diese individuellen Entscheidungen werden eng in Absprache mit den Musiklehrerinnen getroffen.<\/p>\n<p>In den ersten Wochen des Schuljahres haben die Kinder Zeit sich vor ihrer Wahl des Wunschinstrumentes mit den Instrumenten zu besch\u00e4ftigen und alle Instrumente auszuprobieren. Nach einem \u201eBl\u00e4sertag\u201c, an dem an verschiedenen Stationen die zur Auswahl stehenden Instrumente noch einmal gezeigt werden, w\u00e4hlen die Sch\u00fcler ihre drei Wunschinstrumente. Die Instrumente werden dann so verteilt, dass die Klasse m\u00f6glichst gut in allen Stimmen aufgestellt ist.<\/p>\n<p>Im Unterricht der Bl\u00e4serklasse werden Musikst\u00fccke einge\u00fcbt, zu kleinen Konzertprogrammen zusammengestellt und m\u00f6glichst bald der \u00d6ffentlichkeit innerhalb der Schule vorgestellt. So gibt es am Ende eines jeden Halbjahres ein gro\u00dfes Schulkonzert, an dem alle Musikensembles beteiligt sind und auch die Bl\u00e4serklassen ihren Auftritt haben.<\/p>\n<p>In der Klasse 7 sollen die Kinder weiterhin ihr Blasinstrument spielen, im Unterricht wird aber vermehrt auf weitere Band-Instrumente wie Schlagzeug, Gitarre, Bass, Keyboard und Gesang eingegangen. Ziel ist, dass sich kleine Bands bilden und eine Klasse ein eigenst\u00e4ndiges Lied bei einem der Konzerte pr\u00e4sentieren kann.<\/p>\n<p>Zudem haben die Sch\u00fcler die Gelegenheit an den Schulbands Bandita und Banda teilzunehmen, den Chor zu besuchen oder als Solistin oder in kleinen Ensembles im Rahmen des Wettbewerbes Jugend musiziert teilzunehmen.<\/p>\n<p>Die Musiklehrerinnen stehen bei Fragen jederzeit gerne zur Verf\u00fcgung.<\/p>\n<p><a href=\"https:\/\/www.dstenerife.eu\/wp-content\/uploads\/2024\/06\/Praesentation_Vorstellung-Blaeserklasse-an-der-DST_2024_2.pdf\" target=\"_blank\" rel=\"noopener\">Pr\u00e4sentation der Bl\u00e4serklassen<\/a><\/p>\n","protected":false},"excerpt":{"rendered":"<p>Musik ist ein essenzieller Bestandteil f\u00fcr die Pers\u00f6nlichkeitsentwicklung junger Menschen und bedient somit einen wichtigen gesellschaftlichen [&hellip;]<\/p>\n","protected":false},"author":10,"featured_media":0,"parent":38938,"menu_order":1,"comment_status":"closed","ping_status":"closed","template":"","meta":{"site-sidebar-layout":"default","site-content-layout":"default","ast-site-content-layout":"default","site-content-style":"default","site-sidebar-style":"default","ast-global-header-display":"","ast-banner-title-visibility":"","ast-main-header-display":"","ast-hfb-above-header-display":"","ast-hfb-below-header-display":"","ast-hfb-mobile-header-display":"","site-post-title":"","ast-breadcrumbs-content":"","ast-featured-img":"","footer-sml-layout":"","ast-disable-related-posts":"","theme-transparent-header-meta":"default","adv-header-id-meta":"","stick-header-meta":"default","header-above-stick-meta":"","header-main-stick-meta":"","header-below-stick-meta":"","astra-migrate-meta-layouts":"set","ast-page-background-enabled":"default","ast-page-background-meta":{"desktop":{"background-color":"","background-image":"","background-repeat":"repeat","background-position":"center center","background-size":"auto","background-attachment":"scroll","background-type":"","background-media":"","overlay-type":"","overlay-color":"","overlay-opacity":"","overlay-gradient":""},"tablet":{"background-color":"","background-image":"","background-repeat":"repeat","background-position":"center center","background-size":"auto","background-attachment":"scroll","background-type":"","background-media":"","overlay-type":"","overlay-color":"","overlay-opacity":"","overlay-gradient":""},"mobile":{"background-color":"","background-image":"","background-repeat":"repeat","background-position":"center center","background-size":"auto","background-attachment":"scroll","background-type":"","background-media":"","overlay-type":"","overlay-color":"","overlay-opacity":"","overlay-gradient":""}},"ast-content-background-meta":{"desktop":{"background-color":"var(--ast-global-color-5)","background-image":"","background-repeat":"repeat","background-position":"center center","background-size":"auto","background-attachment":"scroll","background-type":"","background-media":"","overlay-type":"","overlay-color":"","overlay-opacity":"","overlay-gradient":""},"tablet":{"background-color":"var(--ast-global-color-5)","background-image":"","background-repeat":"repeat","background-position":"center center","background-size":"auto","background-attachment":"scroll","background-type":"","background-media":"","overlay-type":"","overlay-color":"","overlay-opacity":"","overlay-gradient":""},"mobile":{"background-color":"var(--ast-global-color-5)","background-image":"","background-repeat":"repeat","background-position":"center center","background-size":"auto","background-attachment":"scroll","background-type":"","background-media":"","overlay-type":"","overlay-color":"","overlay-opacity":"","overlay-gradient":""}},"_jet_sm_ready_style":"","_jet_sm_style":"","_jet_sm_controls_values":"","_jet_sm_fonts_collection":"","_jet_sm_fonts_links":"","footnotes":""},"schlagwortedst":[153],"wf_page_folders":[201,203,208],"class_list":["post-3287","page","type-page","status-publish","hentry","schlagwortedst-sideschule"],"_links":{"self":[{"href":"https:\/\/www.dstenerife.eu\/de\/wp-json\/wp\/v2\/pages\/3287","targetHints":{"allow":["GET"]}}],"collection":[{"href":"https:\/\/www.dstenerife.eu\/de\/wp-json\/wp\/v2\/pages"}],"about":[{"href":"https:\/\/www.dstenerife.eu\/de\/wp-json\/wp\/v2\/types\/page"}],"author":[{"embeddable":true,"href":"https:\/\/www.dstenerife.eu\/de\/wp-json\/wp\/v2\/users\/10"}],"replies":[{"embeddable":true,"href":"https:\/\/www.dstenerife.eu\/de\/wp-json\/wp\/v2\/comments?post=3287"}],"version-history":[{"count":2,"href":"https:\/\/www.dstenerife.eu\/de\/wp-json\/wp\/v2\/pages\/3287\/revisions"}],"predecessor-version":[{"id":72174,"href":"https:\/\/www.dstenerife.eu\/de\/wp-json\/wp\/v2\/pages\/3287\/revisions\/72174"}],"up":[{"embeddable":true,"href":"https:\/\/www.dstenerife.eu\/de\/wp-json\/wp\/v2\/pages\/38938"}],"wp:attachment":[{"href":"https:\/\/www.dstenerife.eu\/de\/wp-json\/wp\/v2\/media?parent=3287"}],"wp:term":[{"taxonomy":"schlagwortedst","embeddable":true,"href":"https:\/\/www.dstenerife.eu\/de\/wp-json\/wp\/v2\/schlagwortedst?post=3287"},{"taxonomy":"wf_page_folders","embeddable":true,"href":"https:\/\/www.dstenerife.eu\/de\/wp-json\/wp\/v2\/wf_page_folders?post=3287"}],"curies":[{"name":"wp","href":"https:\/\/api.w.org\/{rel}","templated":true}]}}