{"id":3530,"date":"2016-01-21T12:45:43","date_gmt":"2016-01-21T12:45:43","guid":{"rendered":"https:\/\/kopie.dst.deutsche-schule.eu\/?page_id=3530"},"modified":"2025-04-04T09:31:42","modified_gmt":"2025-04-04T08:31:42","slug":"unsere-schule-in-der-presse","status":"publish","type":"page","link":"https:\/\/www.dstenerife.eu\/de\/die-schule\/unsere-schule-in-der-presse\/","title":{"rendered":"Unsere Schule in der Presse"},"content":{"rendered":"<h2>2024<\/h2>\n<ul>\n<li><a href=\"https:\/\/elchikiplan.com\/colegio-aleman-santa-cruz-tenerife-inscripciones-matricula-2024-2025\/\">Neue Einrichtung im Kindergarten f\u00fcr Kinder ab 1 Jahr &#8211; Chikiplan (2024)<\/a><\/li>\n<li><a href=\"https:\/\/www.eldia.es\/sociedad\/2024\/01\/31\/colegio-aleman-santa-cruz-tenerife-97545492.html\">Neue Einrichtung im Kindergarten ab 1 Jahr &#8211; Zeitung &#8222;El D\u00eda&#8220; (2024)<\/a><\/li>\n<li><a href=\"https:\/\/www.canarias7.es\/sociedad\/educacion\/seis-colegios-canarios-100-mejores-espana-20240307165000-nt.html\">Ranking beste Schulen &#8222;Canarias 7&#8220; (2024)<\/a><\/li>\n<li><a href=\"https:\/\/www.youtube.com\/watch?v=kPZonl_sOHs\">III Universit\u00e4tsmesse im Fernsehen &#8222;Televisi\u00f3n Canaria &#8211; Ponte al d\u00eda&#8220; (2024)<\/a><\/li>\n<li><a href=\"https:\/\/www.micole.net\/santa-cruz-de-tenerife\/el-rosario\/colegio-aleman-santa-cruz-de-tenerife\">Ranking &#8222;Micole&#8220; (2024)\u00a0<\/a><\/li>\n<\/ul>\n<h2>2023<\/h2>\n<ul>\n<li><a href=\"https:\/\/diariodeavisos.elespanol.com\/2023\/02\/colegio-aleman-abre-sus-puertas\/\">&#8222;El Colegio Alem\u00e1n abre sus puertas&#8220; in Diario de Avisos 24.01.2023 (web)<\/a><\/li>\n<li><a href=\"https:\/\/www.dstenerife.eu\/wp-content\/uploads\/2023\/02\/ELD_Diario_de-Avisos-20230124-Pagina-5-General.pdf\">&#8222;El Colegio Alem\u00e1n abre sus puertas&#8220; in Diario de Avisos 24.01.2023 (pdf)<\/a><\/li>\n<li><a href=\"https:\/\/www.dstenerife.eu\/wp-content\/uploads\/2023\/02\/ED24012023_033.pdf\">&#8222;Die DST \u00f6ffnet ihre T\u00fcren&#8220; in El D\u00eda 24.01.2023 (pdf)<\/a><\/li>\n<li><a href=\"https:\/\/www.eldia.es\/sociedad\/2023\/01\/24\/colegio-aleman-abre-puertas-81777197.html\">&#8222;Die DST \u00f6ffnet ihre T\u00fcren&#8220; in El D\u00eda 24.01.2023 (web)<\/a><\/li>\n<li><a href=\"https:\/\/elchikiplan.com\/jornada-puertas-abiertas-colegio-aleman-matriculas\/\">Tag der offenen T\u00fcr in Chikiplan Januar 2023 (web)\u00a0<\/a><\/li>\n<\/ul>\n<h2>2022<\/h2>\n<ul>\n<li><a href=\"https:\/\/www.dstenerife.eu\/wp-content\/uploads\/2022\/09\/PDF-COLEGIO-ALEMAN-DEUTSCH-SEPTIEMBRE-2022.pdf\">&#8222;Die Schl\u00fcssel zum Deutschlernen&#8220; in El D\u00eda 16.09.2022<\/a><\/li>\n<li><a href=\"https:\/\/www.dstenerife.eu\/wp-content\/uploads\/2022\/05\/P017-Wochenblatt-250522-Abi-1.pdf\">Abitur 2022 in Wochenblatt 25.05.2022<\/a><\/li>\n<li><a href=\"https:\/\/www.dstenerife.eu\/wp-content\/uploads\/2022\/05\/P010-Wochenblatt-110522-Spende-La-Palma.pdf\">&#8222;Spendenaktion La Palma&#8220; in Wochenblatt 11.03.2022<\/a><\/li>\n<li><a href=\"https:\/\/www.dstenerife.eu\/wp-content\/uploads\/2022\/02\/PDF-COLEGIO-ALEMAN-DM-EDUCACION-2022.pdf\">&#8222;Die Selbstst\u00e4ndigkeit des Kindes&#8220; in El D\u00eda 08.01.2022<\/a><\/li>\n<\/ul>\n<h2>2021<\/h2>\n<ul>\n<li><a href=\"https:\/\/www.dstenerife.eu\/wp-content\/uploads\/2021\/12\/colegio-aleman-texto-noviembre-2021.pdf\">&#8222;Die Musik kehrt zur\u00fcck&#8220; in El D\u00eda_20.11.2021<\/a><\/li>\n<li><a href=\"https:\/\/www.dstenerife.eu\/wp-content\/uploads\/2021\/12\/P019-Wochenblatt-201021.pdf\">&#8222;Spendenaktion der DST f\u00fcr La Palma&#8220; in Wochenblatt_Oktober 2021<\/a><\/li>\n<li><a href=\"https:\/\/diariodeavisos.elespanol.com\/2021\/11\/la-musica-vuelve-a-las-aulas\/\">&#8222;Die Musik kehrt zur\u00fcck&#8220; in Diario de Avisos_22.11.2021<\/a><\/li>\n<li><a href=\"https:\/\/www.eldiario.es\/canariasahora\/sociedad\/musica-vuelve-aulas_1_8510862.html\">&#8222;Die Musik kehrt zur\u00fcck&#8220; in Canarias Ahora_21.11.2021<\/a><\/li>\n<li><a href=\"https:\/\/www.dstenerife.eu\/wp-content\/uploads\/2021\/09\/PDF-COLEGIO-ALEMAN-VUELTA-A-CLASE-2021.pdf\">&#8222;Neue Impulse f\u00fcr die Digitalisierung&#8220; in El D\u00eda_17.09.2021<\/a><\/li>\n<li><a href=\"https:\/\/www.eldia.es\/formacion\/2021\/01\/24\/colegio-aleman-prepara-ilusion-futuro-30656719.html\" target=\"_blank\" rel=\"noopener noreferrer\">&#8222;Die DST bereitet mit Freude auf die Zukunft vor!&#8220;\u00a0in El D\u00eda&#8220;_23.01.2021<\/a><\/li>\n<\/ul>\n<h2>2020<\/h2>\n<ul>\n<li><a href=\"https:\/\/www.dstenerife.eu\/wp-content\/uploads\/2020\/11\/P015-Wochenblatt-18112020.pdf\" target=\"_blank\" rel=\"noopener noreferrer\">&#8222;Anmeldung zu KIKRI und KIGA&#8220; im Wochenblatt_18.11.2020<\/a><\/li>\n<li><a href=\"https:\/\/www.eldia.es\/sociedad\/2020\/09\/17\/nuevas-tecnologias-colegio-aleman-asegurar\/1109761.html\">&#8222;Digitale Raumtechnik&#8220; in El D\u00eda_06.09.2020<\/a><\/li>\n<li><a href=\"https:\/\/www.dstenerife.eu\/wp-content\/uploads\/2020\/06\/Abitur_09062020.pdf\" target=\"_blank\" rel=\"noopener noreferrer\">&#8222;Abitur 2020&#8243;_09.06.2020<\/a><\/li>\n<\/ul>\n<h2>2019<\/h2>\n<ul>\n<li><a href=\"https:\/\/www.dstenerife.eu\/wp-content\/uploads\/2016\/01\/P007-Wochenblatt-041219.pdf\">&#8222;Besuch des Botschafters&#8220; im Wochenblatt_04.12.2019 (1)<\/a>\u00a0 und<\/li>\n<li><a href=\"https:\/\/www.dstenerife.eu\/wp-content\/uploads\/2016\/01\/P006-Wochenblatt-041219.pdf\">&#8222;Besuch des Botschafters&#8220; im Wochenblatt_04.12.2019 (2)<\/a><\/li>\n<li><a href=\"https:\/\/www.dstenerife.eu\/wp-content\/uploads\/2016\/01\/DST-im-Wochenblatt-061119-Tag-der-offenen-T\u00fcr.pdf\">DST im Wochenblatt &#8222;Tag der offenenT\u00fcr&#8220;_06.11.2019<\/a><\/li>\n<li><a href=\"https:\/\/www.dstenerife.eu\/wp-content\/uploads\/2016\/01\/Anuncio-y-repor-El-D\u00eda.pdf\">&#8222;Tag der offenen T\u00fcr&#8220; in El D\u00eda_13.09.2019<\/a><\/li>\n<li><a href=\"https:\/\/www.dstenerife.eu\/wp-content\/uploads\/2019\/09\/COLEGIO-ALEMAN-PDF.pdf\" target=\"_blank\" rel=\"noopener noreferrer\">Schuljahresbeginn in\u00a0El D\u00eda _16.09.2019<\/a><\/li>\n<li><a href=\"https:\/\/www.dstenerife.eu\/wp-content\/uploads\/2019\/06\/P018-Wochenblatt-190619.pdf\" target=\"_blank\" rel=\"noopener noreferrer\">Projekt &#8222;Die Welt in Plastik geh\u00fcllt&#8220; in Wochenblatt_19.06.2019<\/a><\/li>\n<li><a href=\"https:\/\/www.youtube.com\/watch?v=WRx9X2PczRk\" target=\"_blank\" rel=\"noopener noreferrer\">Projekt &#8222;Die Welt in Plastik geh\u00fcllt&#8220; in TV Canarias_07.06.2019<\/a><\/li>\n<li><a href=\"https:\/\/www.dstenerife.eu\/wp-content\/uploads\/2019\/06\/colegio-aleman-junio-2019-II.pdf\" target=\"_blank\" rel=\"noopener noreferrer\">Projekt &#8222;Die Welt in Plastik geh\u00fcllt&#8220; in El D\u00eda_06.06.2019<\/a><\/li>\n<li><a href=\"https:\/\/www.dstenerife.eu\/wp-content\/uploads\/2019\/06\/2019-06-05-DA-pagina-18-PROYECTO-PLASTICO-DC.pdf\" target=\"_blank\" rel=\"noopener noreferrer\">Projekt &#8222;Die Welt in Plastik geh\u00fcllt&#8220; in Diario de Avisos_05.06.2019<\/a><\/li>\n<li><a href=\"https:\/\/www.dstenerife.eu\/wp-content\/uploads\/2019\/06\/P009-Wochenblatt-050619.pdf\" target=\"_blank\" rel=\"noopener noreferrer\">&#8222;Abitur&#8220; in Wochenblatt_05.06.2019<\/a><\/li>\n<li><a href=\"https:\/\/www.dstenerife.eu\/wp-content\/uploads\/2019\/03\/P021-Wochenblatt-200319.pdf\" target=\"_blank\" rel=\"noopener noreferrer\">&#8222;Model UN New York&#8220; in Wochenblatt_19.03.2019<\/a><\/li>\n<li><a href=\"https:\/\/www.elmundo.es\/mejores-colegios\/2019\/02\/27\/5c6ac770a416eccd378b45f0.html\" target=\"_blank\" rel=\"noopener noreferrer\">&#8222;Beste Schulen&#8220; in el mundo_06.03.2019<\/a><\/li>\n<li><a href=\"https:\/\/e969z83yjsq.exactdn.com\/wp-content\/uploads\/2019\/03\/IMG-20190301-WA0007.jpg?strip=all&w=2560\" target=\"_blank\" rel=\"noopener noreferrer\">&#8222;Interview Schulleiterin&#8220; in Tribuna de Tenerife_01.03.2019<\/a><\/li>\n<li><a href=\"https:\/\/www.dstenerife.eu\/wp-content\/uploads\/2019\/03\/P012-Wochenblatt-060319.pdf\" target=\"_blank\" rel=\"noopener noreferrer\">&#8222;Sand und Str\u00e4nde&#8220; in Wochenblatt_20.02.2019<\/a><\/li>\n<li><a href=\"https:\/\/www.dstenerife.eu\/wp-content\/uploads\/2019\/02\/2019-02-18-DA-pagina-28.pdf\" target=\"_blank\" rel=\"noopener noreferrer\">&#8222;Model UN&#8220; in Diario de Avisos_18.02.2019<\/a><\/li>\n<\/ul>\n<h2>2018<\/h2>\n<ul>\n<li><a href=\"https:\/\/www.dstenerife.eu\/wp-content\/uploads\/2018\/11\/P003-Wochenblatt-211118-merged.pdf\" target=\"_blank\" rel=\"noopener noreferrer\">&#8222;Tag der offenen T\u00fcr&#8220; in Wochenblatt_22.11.2018<\/a><\/li>\n<li><a href=\"https:\/\/www.lavanguardia.com\/vida\/20181111\/452853700165\/alumnos-de-colegios-aleman-y-frances-apelan-a-unidad-y-concordia-de-europa.html\" target=\"_blank\" rel=\"noopener noreferrer\">&#8222;Gedenkveranstaltung zum Ende des1. Weltkriegs&#8220; in lavanguardia.com_12.11.2018<\/a><\/li>\n<li><a href=\"https:\/\/diariodeavisos.elespanol.com\/2018\/11\/alumnos-del-colegio-aleman-y-el-liceo-frances-conmemoran-en-tenerife-el-armisticio-de-la-i-guerra-mundial\/\" target=\"_blank\" rel=\"noopener noreferrer\">&#8222;Gedenkveranstaltung zum 1. Weltkrieg&#8220; in diariodeavisos.elespanol.com_12.11.2018<\/a><\/li>\n<li><a href=\"https:\/\/diariodeavisos.elespanol.com\/2018\/11\/alumnos-del-colegio-aleman-y-el-liceo-frances-conmemoran-en-tenerife-el-armisticio-de-la-i-guerra-mundial\/\" target=\"_blank\" rel=\"noopener noreferrer\">&#8222;Gedenkveranstaltung zum Ende des 1. Weltkriegs&#8220; in Diario de Avisos_11.11.2018<\/a><\/li>\n<li><a href=\"https:\/\/www.europapress.es\/islas-canarias\/noticia-alumnos-colegio-aleman-liceo-frances-conmemoran-tenerife-armisticio-guerra-mundial-20181109115618.html\" target=\"_blank\" rel=\"noopener noreferrer\">&#8222;Gedenkveranstaltung zum Ende des\u00a01. Weltkrieg&#8220; in europapress.es_09.11.2018<\/a><\/li>\n<li><a href=\"https:\/\/www.dstenerife.eu\/wp-content\/uploads\/2018\/11\/2018-11-09-DA-pagina-26.pdf\" target=\"_blank\" rel=\"noopener noreferrer\">&#8222;Tag der offenen T\u00fcr&#8220; in Diario de Avisos_09.11.2018<\/a><\/li>\n<li><a href=\"https:\/\/www.dstenerife.eu\/wp-content\/uploads\/2018\/10\/P023-Wochenblatt-241018.pdf\" target=\"_blank\" rel=\"noopener noreferrer\">&#8222;Tag der Deutschen Einheit&#8220; in Wochenblatt_24.10.2018<\/a><\/li>\n<li><a href=\"https:\/\/diariodeavisos.elespanol.com\/2018\/01\/la-locura-se-realidad\/\" target=\"_blank\" rel=\"noopener noreferrer\">&#8222;Spendenprojekt Gambia&#8220; in Diario de Avisos_17.10.2018<\/a><\/li>\n<li><a href=\"https:\/\/www.dstenerife.eu\/wp-content\/uploads\/2018\/06\/Bericht-Presse.pdf\" target=\"_blank\" rel=\"noopener noreferrer\">&#8222;Austausch Herxheim G4&#8220; in Rheinpfalz_14.06.2018<\/a><\/li>\n<li><a href=\"https:\/\/www.dstenerife.eu\/wp-content\/uploads\/2018\/05\/P018-Wochenblatt-230518.pdf\" target=\"_blank\" rel=\"noopener noreferrer\">&#8222;Abitur 2018&#8220; in Wochenblatt_23.05.2018<\/a><\/li>\n<li><a href=\"https:\/\/www.dstenerife.eu\/wp-content\/uploads\/2018\/05\/P018-Wochenblatt-230518.pdf\" target=\"_blank\" rel=\"noopener noreferrer\">&#8222;Familie K\u00fchn&#8220; in Wochenblatt_23.05.2018<\/a><\/li>\n<li><a href=\"http:\/\/www.laopinion.es\/multimedia\/fotos\/canarias\/2018-05-16-126216-encuentro-entre-fernando-clavijo-estudiantes-colegio-aleman.html\" target=\"_blank\" rel=\"noopener noreferrer\">&#8222;Model-UN&#8220; in la opinion_16.05.2018<\/a><\/li>\n<li><a href=\"https:\/\/www.dstenerife.eu\/wp-content\/uploads\/2018\/04\/Wochenblatt.pdf\" target=\"_blank\" rel=\"noopener noreferrer\">&#8222;Model-UN&#8220; in Wochenblatt_11.04.2018<\/a><\/li>\n<li><a href=\"https:\/\/www.youtube.com\/watch?v=sNa6W3a78JY\" target=\"_blank\" rel=\"noopener noreferrer\">&#8222;Model-UN&#8220; in YouTube_19.03.2018<\/a><\/li>\n<li><a href=\"http:\/\/www.antena3.com\/canarias\/noticias\/sociedad\/colegio-tenerife-gana-premio-onu-eeuu_2018032000826.html\" target=\"_blank\" rel=\"noopener noreferrer\">&#8222;Model-UN&#8220; in Antena 3_19.03.2018<\/a><\/li>\n<li><a href=\"https:\/\/www.facebook.com\/183511701698966\/videos\/1829675550415898\/\" target=\"_blank\" rel=\"noopener noreferrer\">&#8222;Model-UN&#8220; in Facebook_19.03.2018<\/a><\/li>\n<li><a href=\"https:\/\/diariodeavisos.elespanol.com\/2018\/03\/premian-estudiantes-del-colegio-aleman-tenerife-encuentro-internacional-la-onu\/\" target=\"_blank\" rel=\"noopener noreferrer\">&#8222;Model-UN&#8220; in Diario de Avisos_19.03.2018<\/a><\/li>\n<li><a href=\"http:\/\/www.europapress.es\/islas-canarias\/noticia-premian-14-estudiantes-colegio-aleman-tenerife-encuentro-internacional-onu-20180319125548.html\" target=\"_blank\" rel=\"noopener noreferrer\">&#8222;Model-UN&#8220; in Europapress_ 19.03.2018<\/a><\/li>\n<li><a href=\"https:\/\/www.20minutos.es\/noticia\/3292049\/0\/premian-14-estudiantes-colegio-aleman-tenerife-encuentro-internacional-onu\/\" target=\"_blank\" rel=\"noopener noreferrer\">&#8222;Model-UN&#8220; in 20 minutos_19.03.2018<\/a><\/li>\n<li><a href=\"http:\/\/eldia.es\/tenerife\/2018-03-19\/1-Premian-estudiantes-Colegio-Aleman-encuentro-internacional.htm\" target=\"_blank\" rel=\"noopener noreferrer\">&#8222;Model-UN&#8220; in El D\u00eda_19.03.2018<\/a><\/li>\n<li><a href=\"http:\/\/www.lavanguardia.com\/local\/canarias\/20180319\/441686737772\/premian-a-14-estudiantes-del-colegio-aleman-de-tenerife-en-un-encuentro-internacional-en-la-onu.html\" target=\"_blank\" rel=\"noopener noreferrer\">&#8222;Model-UN&#8220; in Lavanguardia_19.03.2018<\/a><\/li>\n<li><a href=\"https:\/\/www.dstenerife.eu\/wp-content\/uploads\/2018\/01\/P067-Wochenblatt-240118.pdf\" target=\"_blank\" rel=\"noopener noreferrer\">&#8222;Tag der offenen T\u00fcr&#8220; in Wochenblatt 2_24.01.2018<\/a><\/li>\n<li><a href=\"https:\/\/www.dstenerife.eu\/wp-content\/uploads\/2018\/01\/P006-Wochenblatt-240118.pdf\" target=\"_blank\" rel=\"noopener noreferrer\">&#8222;Tag der offenen T\u00fcr&#8220; in Wochenblatt 1_24.01.2018<\/a><\/li>\n<li><a href=\"https:\/\/www.dstenerife.eu\/wp-content\/uploads\/2018\/01\/COLEGIO-ALEM\u00c1N-D\u00ba-AVISOS.pdf\" target=\"_blank\" rel=\"noopener noreferrer\">&#8222;Tag der offenen T\u00fcr&#8220; in Diario de Avisos_23.01.2018<\/a><\/li>\n<li><a href=\"https:\/\/www.dstenerife.eu\/wp-content\/uploads\/2018\/01\/COLEGIO-ALEM\u00c1N-EL-D\u00cdA.pdf\" target=\"_blank\" rel=\"noopener noreferrer\">&#8222;Tag der offenen T\u00fcr&#8220; in El D\u00eda_23.01.2018<\/a><\/li>\n<li><a href=\"http:\/\/elchikiplan.com\/noticias\/jornada-de-puertas-abiertas-en-el-colegio-aleman\" target=\"_blank\" rel=\"noopener noreferrer\">&#8222;Tag der offenen T\u00fcr&#8220; in chikip\u00e1n_23.01.2018<\/a><\/li>\n<\/ul>\n<h2>2017<\/h2>\n<ul>\n<li><a href=\"https:\/\/m.youtube.com\/watch?t=1s&amp;v=DYYhqk8sVsc\" target=\"_blank\" rel=\"noopener noreferrer\">Werbevideo Kindergarten_20.12.2017<\/a><\/li>\n<li><a href=\"https:\/\/www.dstenerife.eu\/wp-content\/uploads\/2017\/11\/P018-Wochenblatt-221117.pdf\">&#8222;Starthilfe f\u00fcr Sturmtaucher&#8220; im Wochenblatt_22.11.2017<\/a><\/li>\n<li><a href=\"http:\/\/eldia.es\/santacruz\/2017-11-18\/4-Estudiantes-Colegio-Aleman-forman-politica-internacional-Naciones-Unidas.htm\" target=\"_blank\" rel=\"noopener noreferrer\">&#8222;Estudiantes del Colegio Alem\u00e1n se forman en pol\u00edtica internacional de Estados Unidos&#8220; in El D\u00eda_19.11.2017<\/a><\/li>\n<li><a href=\"https:\/\/www.dstenerife.eu\/wp-content\/uploads\/2016\/01\/P015-Wochenblatt-070617.pdf\" target=\"_blank\" rel=\"noopener noreferrer\">&#8222;Erfolgreich bestanden&#8220; im Wochenblatt_07.06.2017<\/a><\/li>\n<li><a href=\"https:\/\/www.dstenerife.eu\/wp-content\/uploads\/2016\/01\/P018-Wochenblatt-070617.pdf\" target=\"_blank\" rel=\"noopener noreferrer\">&#8222;Machen Kleider Leute?&#8220; im Wochenblatt_07.06.2017<\/a><\/li>\n<li><a href=\"https:\/\/www.dstenerife.eu\/wp-content\/uploads\/2016\/01\/kanaren_express_015.pdf\" target=\"_blank\" rel=\"noopener noreferrer\">&#8222;Erfolg bei Jugend musiziert&#8220; im Kanarenexpress_20.04.2017<\/a><\/li>\n<li><a href=\"https:\/\/www.dstenerife.eu\/wp-content\/uploads\/2016\/01\/P014-Wochenblatt-080317.pdf\" target=\"_blank\" rel=\"noopener noreferrer\">&#8222;Exzellente Deutsche Auslandsschule&#8220; im Wochenblatt_08.03.2017<\/a><\/li>\n<\/ul>\n<h2>2016<\/h2>\n<ul>\n<li><a href=\"https:\/\/www.dstenerife.eu\/wp-content\/uploads\/2016\/01\/P019-Wochenblatt-231116.pdf\" target=\"_blank\" rel=\"noopener noreferrer\">&#8222;BLI best\u00e4tigt DST als Exzellente Deutsche Auslandsschule&#8220; im Wochenblatt_23.11.2016<\/a><\/li>\n<li><a href=\"https:\/\/www.dstenerife.eu\/wp-content\/uploads\/2016\/01\/Pfalz-Echo.pdf\" target=\"_blank\" rel=\"noopener noreferrer\">&#8222;Doppeltes Abenteuer im Fun Forest&#8220; im Pfalz-Echo_23.05.2016<\/a><\/li>\n<li><a href=\"https:\/\/www.dstenerife.eu\/wp-content\/uploads\/2016\/01\/P019-Wochenblatt-270416.pdf\">&#8222;Sch\u00fclerbesuch beim Wochenblatt&#8220; im Wochenblatt_27.04.2016<\/a><\/li>\n<li><a href=\"https:\/\/www.dstenerife.eu\/wp-content\/uploads\/2016\/01\/P019-Wochenblatt-270416.pdf\">&#8222;Sch\u00fclerbesuch beim Wochenblatt&#8220; im Wochenblatt_27.04.2016<\/a><\/li>\n<li><a href=\"https:\/\/issuu.com\/icmg\/docs\/ke243_issuu?e=1087983\/34500661\" target=\"_blank\" rel=\"noopener noreferrer\">&#8222;Deutsche Schule mit leistungsstarker Internetanbindung&#8220; in KanarenExpress_31.03.2016<\/a><\/li>\n<li><a href=\"http:\/\/eldia.es\/ultima\/2016-01-20\/3-Puertas-abiertas-Colegio-Aleman.htm\" target=\"_blank\" rel=\"noopener noreferrer\">\u00a0&#8222;Puertas abiertas en el Colegio Alem\u00e1n&#8220; in El D\u00eda _ 20.01.2016<\/a><\/li>\n<\/ul>\n<h2>2015<\/h2>\n<ul>\n<li><a href=\"https:\/\/www.dstenerife.eu\/wp-content\/uploads\/2016\/01\/P022-Wochenblatt-200515.pdf\">&#8222;Abi 2015 an der DST&#8220; im Wochenblatt_20.05.2015\u00a0<\/a><\/li>\n<li><a href=\"https:\/\/www.dstenerife.eu\/wp-content\/uploads\/2016\/01\/P019-Wochenblatt-180315.pdf\">&#8222;8. Klassen der Deutschen Schule zu Besuch beim Wochenblatt&#8220; im Wochenblatt_18.03.2015<\/a><\/li>\n<\/ul>\n<h2>2014<\/h2>\n<ul>\n<li><a href=\"https:\/\/www.dstenerife.eu\/wp-content\/uploads\/2016\/01\/P013-Wochenblatt-210514.pdf\">&#8222;Sehr erfolgreiche Reifepr\u00fcfung an der Deutschen Schule Teneriffa&#8220; im Wochenblatt_21.05.2014<\/a><\/li>\n<li><a href=\"https:\/\/www.dstenerife.eu\/wp-content\/uploads\/2016\/01\/P018-Wochenblatt-020414.pdf\">&#8222;Royston Maldoom auf Teneriffa&#8220; im Wochenblatt, 02.04.2014<\/a><\/li>\n<li><a href=\"https:\/\/www.dstenerife.eu\/wp-content\/uploads\/2016\/01\/P019-Wochenblatt-190314.pdf\">&#8222;Thomas Mac Pfeifer liest f\u00fcr Schulkinder&#8220; im Wochenblatt, 19.03.2014<\/a><\/li>\n<\/ul>\n<h2>2013<\/h2>\n<ul>\n<li><a href=\"https:\/\/www.dstenerife.eu\/wp-content\/uploads\/2016\/01\/P016-Wochenblatt-220513.pdf\">&#8222;Erfolgreiches Abitur 2013 an der Deutschen Schule Teneriffa&#8220; im Wochenblatt_22.05.2013<\/a><\/li>\n<\/ul>\n","protected":false},"excerpt":{"rendered":"<p>2024 Neue Einrichtung im Kindergarten f\u00fcr Kinder ab 1 Jahr &#8211; Chikiplan (2024) Neue Einrichtung im [&hellip;]<\/p>\n","protected":false},"author":10,"featured_media":0,"parent":18,"menu_order":9,"comment_status":"closed","ping_status":"closed","template":"","meta":{"site-sidebar-layout":"default","site-content-layout":"default","ast-site-content-layout":"default","site-content-style":"default","site-sidebar-style":"default","ast-global-header-display":"","ast-banner-title-visibility":"","ast-main-header-display":"","ast-hfb-above-header-display":"","ast-hfb-below-header-display":"","ast-hfb-mobile-header-display":"","site-post-title":"","ast-breadcrumbs-content":"","ast-featured-img":"","footer-sml-layout":"","ast-disable-related-posts":"","theme-transparent-header-meta":"default","adv-header-id-meta":"","stick-header-meta":"default","header-above-stick-meta":"","header-main-stick-meta":"","header-below-stick-meta":"","astra-migrate-meta-layouts":"set","ast-page-background-enabled":"default","ast-page-background-meta":{"desktop":{"background-color":"","background-image":"","background-repeat":"repeat","background-position":"center center","background-size":"auto","background-attachment":"scroll","background-type":"","background-media":"","overlay-type":"","overlay-color":"","overlay-opacity":"","overlay-gradient":""},"tablet":{"background-color":"","background-image":"","background-repeat":"repeat","background-position":"center center","background-size":"auto","background-attachment":"scroll","background-type":"","background-media":"","overlay-type":"","overlay-color":"","overlay-opacity":"","overlay-gradient":""},"mobile":{"background-color":"","background-image":"","background-repeat":"repeat","background-position":"center center","background-size":"auto","background-attachment":"scroll","background-type":"","background-media":"","overlay-type":"","overlay-color":"","overlay-opacity":"","overlay-gradient":""}},"ast-content-background-meta":{"desktop":{"background-color":"var(--ast-global-color-5)","background-image":"","background-repeat":"repeat","background-position":"center center","background-size":"auto","background-attachment":"scroll","background-type":"","background-media":"","overlay-type":"","overlay-color":"","overlay-opacity":"","overlay-gradient":""},"tablet":{"background-color":"var(--ast-global-color-5)","background-image":"","background-repeat":"repeat","background-position":"center center","background-size":"auto","background-attachment":"scroll","background-type":"","background-media":"","overlay-type":"","overlay-color":"","overlay-opacity":"","overlay-gradient":""},"mobile":{"background-color":"var(--ast-global-color-5)","background-image":"","background-repeat":"repeat","background-position":"center center","background-size":"auto","background-attachment":"scroll","background-type":"","background-media":"","overlay-type":"","overlay-color":"","overlay-opacity":"","overlay-gradient":""}},"_jet_sm_ready_style":"","_jet_sm_style":"","_jet_sm_controls_values":"","_jet_sm_fonts_collection":"","_jet_sm_fonts_links":"","footnotes":""},"schlagwortedst":[153],"wf_page_folders":[199],"class_list":["post-3530","page","type-page","status-publish","hentry","schlagwortedst-sideschule"],"_links":{"self":[{"href":"https:\/\/www.dstenerife.eu\/de\/wp-json\/wp\/v2\/pages\/3530","targetHints":{"allow":["GET"]}}],"collection":[{"href":"https:\/\/www.dstenerife.eu\/de\/wp-json\/wp\/v2\/pages"}],"about":[{"href":"https:\/\/www.dstenerife.eu\/de\/wp-json\/wp\/v2\/types\/page"}],"author":[{"embeddable":true,"href":"https:\/\/www.dstenerife.eu\/de\/wp-json\/wp\/v2\/users\/10"}],"replies":[{"embeddable":true,"href":"https:\/\/www.dstenerife.eu\/de\/wp-json\/wp\/v2\/comments?post=3530"}],"version-history":[{"count":15,"href":"https:\/\/www.dstenerife.eu\/de\/wp-json\/wp\/v2\/pages\/3530\/revisions"}],"predecessor-version":[{"id":92203,"href":"https:\/\/www.dstenerife.eu\/de\/wp-json\/wp\/v2\/pages\/3530\/revisions\/92203"}],"up":[{"embeddable":true,"href":"https:\/\/www.dstenerife.eu\/de\/wp-json\/wp\/v2\/pages\/18"}],"wp:attachment":[{"href":"https:\/\/www.dstenerife.eu\/de\/wp-json\/wp\/v2\/media?parent=3530"}],"wp:term":[{"taxonomy":"schlagwortedst","embeddable":true,"href":"https:\/\/www.dstenerife.eu\/de\/wp-json\/wp\/v2\/schlagwortedst?post=3530"},{"taxonomy":"wf_page_folders","embeddable":true,"href":"https:\/\/www.dstenerife.eu\/de\/wp-json\/wp\/v2\/wf_page_folders?post=3530"}],"curies":[{"name":"wp","href":"https:\/\/api.w.org\/{rel}","templated":true}]}}