{"id":37331,"date":"2021-04-12T10:22:28","date_gmt":"2021-04-12T10:22:28","guid":{"rendered":"https:\/\/kopie.dst.deutsche-schule.eu\/?page_id=37331"},"modified":"2026-01-22T10:04:32","modified_gmt":"2026-01-22T10:04:32","slug":"praktikum-grundschule","status":"publish","type":"page","link":"https:\/\/www.dstenerife.eu\/de\/primarstufe\/praktikum-grundschule\/","title":{"rendered":"Praktikum Grundschule"},"content":{"rendered":"\t\t<div data-elementor-type=\"wp-page\" data-elementor-id=\"37331\" class=\"elementor elementor-37331\" data-elementor-post-type=\"page\">\n\t\t\t\t\t\t<section class=\"elementor-section elementor-top-section elementor-element elementor-element-771e23dc elementor-section-boxed elementor-section-height-default elementor-section-height-default\" data-id=\"771e23dc\" data-element_type=\"section\" data-e-type=\"section\">\n\t\t\t\t\t\t<div class=\"elementor-container elementor-column-gap-default\">\n\t\t\t\t\t<div class=\"elementor-column elementor-col-50 elementor-top-column elementor-element elementor-element-bd83e6b\" data-id=\"bd83e6b\" data-element_type=\"column\" data-e-type=\"column\">\n\t\t\t<div class=\"elementor-widget-wrap elementor-element-populated\">\n\t\t\t\t\t\t<div class=\"elementor-element elementor-element-8561c01 elementor-toc--minimized-on-mobile elementor-widget elementor-widget-table-of-contents\" data-id=\"8561c01\" data-element_type=\"widget\" data-e-type=\"widget\" data-settings=\"{&quot;headings_by_tags&quot;:[&quot;h2&quot;,&quot;h3&quot;,&quot;h4&quot;],&quot;exclude_headings_by_selector&quot;:[],&quot;minimized_on&quot;:&quot;mobile&quot;,&quot;sticky&quot;:&quot;top&quot;,&quot;no_headings_message&quot;:&quot;No headings were found on this page.&quot;,&quot;marker_view&quot;:&quot;numbers&quot;,&quot;minimize_box&quot;:&quot;yes&quot;,&quot;hierarchical_view&quot;:&quot;yes&quot;,&quot;min_height&quot;:{&quot;unit&quot;:&quot;px&quot;,&quot;size&quot;:&quot;&quot;,&quot;sizes&quot;:[]},&quot;min_height_tablet&quot;:{&quot;unit&quot;:&quot;px&quot;,&quot;size&quot;:&quot;&quot;,&quot;sizes&quot;:[]},&quot;min_height_mobile&quot;:{&quot;unit&quot;:&quot;px&quot;,&quot;size&quot;:&quot;&quot;,&quot;sizes&quot;:[]},&quot;_ob_widget_stalker_use&quot;:&quot;no&quot;,&quot;sticky_on&quot;:[&quot;desktop&quot;,&quot;tablet&quot;,&quot;mobile&quot;],&quot;sticky_offset&quot;:0,&quot;sticky_effects_offset&quot;:0,&quot;sticky_anchor_link_offset&quot;:0,&quot;_ob_shadough_use&quot;:&quot;no&quot;}\" data-widget_type=\"table-of-contents.default\">\n\t\t\t\t<div class=\"elementor-widget-container\">\n\t\t\t\t\t\t\t\t\t<div class=\"elementor-toc__header\">\n\t\t\t\t\t\t<h6 class=\"elementor-toc__header-title\">\n\t\t\t\tInhaltsverzeichnis\t\t\t<\/h6>\n\t\t\t\t\t\t\t\t\t\t<div class=\"elementor-toc__toggle-button elementor-toc__toggle-button--expand\" role=\"button\" tabindex=\"0\" aria-controls=\"elementor-toc__8561c01\" aria-expanded=\"true\" aria-label=\"Inhaltsverzeichnis \u00f6ffnen\"><svg aria-hidden=\"true\" class=\"e-font-icon-svg e-fas-caret-down\" viewBox=\"0 0 320 512\" xmlns=\"http:\/\/www.w3.org\/2000\/svg\"><path d=\"M31.3 192h257.3c17.8 0 26.7 21.5 14.1 34.1L174.1 354.8c-7.8 7.8-20.5 7.8-28.3 0L17.2 226.1C4.6 213.5 13.5 192 31.3 192z\"><\/path><\/svg><\/div>\n\t\t\t\t<div class=\"elementor-toc__toggle-button elementor-toc__toggle-button--collapse\" role=\"button\" tabindex=\"0\" aria-controls=\"elementor-toc__8561c01\" aria-expanded=\"true\" aria-label=\"Inhaltsverzeichnis schlie\u00dfen\"><svg aria-hidden=\"true\" class=\"e-font-icon-svg e-fas-caret-up\" viewBox=\"0 0 320 512\" xmlns=\"http:\/\/www.w3.org\/2000\/svg\"><path d=\"M288.662 352H31.338c-17.818 0-26.741-21.543-14.142-34.142l128.662-128.662c7.81-7.81 20.474-7.81 28.284 0l128.662 128.662c12.6 12.599 3.676 34.142-14.142 34.142z\"><\/path><\/svg><\/div>\n\t\t\t\t\t<\/div>\n\t\t\t\t<div id=\"elementor-toc__8561c01\" class=\"elementor-toc__body\">\n\t\t\t<div class=\"elementor-toc__spinner-container\">\n\t\t\t\t<svg class=\"elementor-toc__spinner eicon-animation-spin e-font-icon-svg e-eicon-loading\" aria-hidden=\"true\" viewBox=\"0 0 1000 1000\" xmlns=\"http:\/\/www.w3.org\/2000\/svg\"><path d=\"M500 975V858C696 858 858 696 858 500S696 142 500 142 142 304 142 500H25C25 237 238 25 500 25S975 237 975 500 763 975 500 975Z\"><\/path><\/svg>\t\t\t<\/div>\n\t\t<\/div>\n\t\t\t\t\t\t<\/div>\n\t\t\t\t<\/div>\n\t\t\t\t\t<\/div>\n\t\t<\/div>\n\t\t\t\t<div class=\"elementor-column elementor-col-50 elementor-top-column elementor-element elementor-element-233ea99\" data-id=\"233ea99\" data-element_type=\"column\" data-e-type=\"column\">\n\t\t\t<div class=\"elementor-widget-wrap elementor-element-populated\">\n\t\t\t\t\t\t<div class=\"elementor-element elementor-element-6870148 elementor-position-left elementor-vertical-align-top elementor-widget elementor-widget-image-box\" data-id=\"6870148\" data-element_type=\"widget\" data-e-type=\"widget\" data-settings=\"{&quot;_ob_widget_stalker_use&quot;:&quot;no&quot;,&quot;_ob_shadough_use&quot;:&quot;no&quot;}\" data-widget_type=\"image-box.default\">\n\t\t\t\t<div class=\"elementor-widget-container\">\n\t\t\t\t\t<div class=\"elementor-image-box-wrapper\"><figure class=\"elementor-image-box-img\"><img fetchpriority=\"high\" decoding=\"async\" width=\"340\" height=\"423\" src=\"https:\/\/e969z83yjsq.exactdn.com\/wp-content\/uploads\/2025\/09\/Practicantes-Primaria-340x423.jpg?strip=all\" class=\"attachment-medium size-medium wp-image-99359\" alt=\"\" srcset=\"https:\/\/e969z83yjsq.exactdn.com\/wp-content\/uploads\/2025\/09\/Practicantes-Primaria-340x423.jpg?strip=all 340w, https:\/\/e969z83yjsq.exactdn.com\/wp-content\/uploads\/2025\/09\/Practicantes-Primaria-578x720.jpg?strip=all 578w, https:\/\/e969z83yjsq.exactdn.com\/wp-content\/uploads\/2025\/09\/Practicantes-Primaria-768x956.jpg?strip=all 768w, https:\/\/e969z83yjsq.exactdn.com\/wp-content\/uploads\/2025\/09\/Practicantes-Primaria-1234x1536.jpg?strip=all 1234w, https:\/\/e969z83yjsq.exactdn.com\/wp-content\/uploads\/2025\/09\/Practicantes-Primaria-320x398.jpg?strip=all 320w, https:\/\/e969z83yjsq.exactdn.com\/wp-content\/uploads\/2025\/09\/Practicantes-Primaria.jpg?strip=all 1542w, https:\/\/e969z83yjsq.exactdn.com\/wp-content\/uploads\/2025\/09\/Practicantes-Primaria.jpg?strip=all&amp;w=925 925w\" sizes=\"(max-width: 340px) 100vw, 340px\" \/><\/figure><div class=\"elementor-image-box-content\"><h3 class=\"elementor-image-box-title\">...an der DST<\/h3><p class=\"elementor-image-box-description\">M\u00f6chten Sie ein Praktikum in der Grundschule machen?<\/p><\/div><\/div>\t\t\t\t<\/div>\n\t\t\t\t<\/div>\n\t\t\t\t<div class=\"elementor-element elementor-element-8b30f6a elementor-vertical-align-top elementor-widget elementor-widget-image-box\" data-id=\"8b30f6a\" data-element_type=\"widget\" data-e-type=\"widget\" data-settings=\"{&quot;_ob_widget_stalker_use&quot;:&quot;no&quot;,&quot;_ob_shadough_use&quot;:&quot;no&quot;}\" data-widget_type=\"image-box.default\">\n\t\t\t\t<div class=\"elementor-widget-container\">\n\t\t\t\t\t<div class=\"elementor-image-box-wrapper\"><div class=\"elementor-image-box-content\"><h3 class=\"elementor-image-box-title\">Organisation<\/h3><p class=\"elementor-image-box-description\">Hier erhalten Sie wichtige Informationen \u00fcber die Organisation Ihres Praktikums:\n\n<\/p><\/div><\/div>\t\t\t\t<\/div>\n\t\t\t\t<\/div>\n\t\t\t\t<div class=\"elementor-element elementor-element-3f70c64 elementor-widget elementor-widget-text-editor\" data-id=\"3f70c64\" data-element_type=\"widget\" data-e-type=\"widget\" data-settings=\"{&quot;_ob_widget_stalker_use&quot;:&quot;no&quot;,&quot;_ob_shadough_use&quot;:&quot;no&quot;}\" data-widget_type=\"text-editor.default\">\n\t\t\t\t<div class=\"elementor-widget-container\">\n\t\t\t\t\t\t\t\t\t<h4>Wie bewerbe ich mich?<\/h4><p>Sie k\u00f6nnen sich jederzeit auf einen Praktikumsplatz bewerben. Schicken Sie hierf\u00fcr einfach eine Email mit Ihren Bewerbungsunterlagen (Lebenslauf und Lichtbild, \u00dcbersicht zum bisherigen Ausbildungsgang, ggf. Abiturzeugnis, aktuelle Studienbescheinigung, Art, Zeitraum und Anforderungskatalog Ihres Praktikums\/Blockpraktikums) an die Praktikumsbeauftragte, Frau Zabel (<a href=\"mailto:praktikum.gs@dstenerife.eu\">praktikum.gs@dstenerife.eu<\/a>).<\/p><h4>Praktikumsdauer<\/h4><p>Erw\u00fcnscht sind l\u00e4ngere Praktika mit einer Mindestdauer von 3 Monaten. In Ausnahmef\u00e4llen und nach R\u00fccksprache sind auch k\u00fcrzere Praktikumszeitr\u00e4ume m\u00f6glich.<\/p><p>Praktikumsbeauftragte: <strong>Jana Zabel<\/strong><\/p><p>TIPP: Auf unserer Homepage finden Sie den Schuljahreskalender mit allen anderen Terminen und den Ferienzeiten.<\/p><h4>Welche Unterlagen ben\u00f6tige ich?<\/h4><ol><li>Praktikumsleitfaden Ihre Ausbildungsstelle<\/li><li>Bescheinigung \u00fcber eine im europ\u00e4ischen Ausland g\u00fcltige Kranken-, Unfall- und Haftpflichtversicherung<\/li><li>Erweitertes F\u00fchrungszeugnis<\/li><li>Schriftliche Best\u00e4tigung \u00fcber die Annahme des angebotenen Praktikumsplatzes<br \/><strong>Achtung!<\/strong> Sie versichern vor Beginn Ihres Praktikums schriftlich, dass sich aus dem Praktikum f\u00fcr die Schule keine Verpflichtung ergibt, ein Arbeitsverh\u00e4ltnis abzuschlie\u00dfen.<\/li><\/ol><h4>Welche Zusatzleistungen bietet mir die Schule?<\/h4><ol><li>Kostenloser Schulbustransfer<\/li><li>Kostenlose Mittagsverpflegung<\/li><\/ol>\t\t\t\t\t\t\t\t<\/div>\n\t\t\t\t<\/div>\n\t\t\t\t<div class=\"elementor-element elementor-element-9ae3c36 elementor-vertical-align-top elementor-widget elementor-widget-image-box\" data-id=\"9ae3c36\" data-element_type=\"widget\" data-e-type=\"widget\" data-settings=\"{&quot;_ob_widget_stalker_use&quot;:&quot;no&quot;,&quot;_ob_shadough_use&quot;:&quot;no&quot;}\" data-widget_type=\"image-box.default\">\n\t\t\t\t<div class=\"elementor-widget-container\">\n\t\t\t\t\t<div class=\"elementor-image-box-wrapper\"><div class=\"elementor-image-box-content\"><h3 class=\"elementor-image-box-title\">Praktikumsauflagen<\/h3><p class=\"elementor-image-box-description\">Hier erhalten Sie Ihre Informationen \u00fcber die Rechte und die Pflichten unserer Praktika.<\/p><\/div><\/div>\t\t\t\t<\/div>\n\t\t\t\t<\/div>\n\t\t\t\t<div class=\"elementor-element elementor-element-eebcc17 elementor-widget elementor-widget-text-editor\" data-id=\"eebcc17\" data-element_type=\"widget\" data-e-type=\"widget\" data-settings=\"{&quot;_ob_widget_stalker_use&quot;:&quot;no&quot;,&quot;_ob_shadough_use&quot;:&quot;no&quot;}\" data-widget_type=\"text-editor.default\">\n\t\t\t\t<div class=\"elementor-widget-container\">\n\t\t\t\t\t\t\t\t\t<h4>Welche Vorgaben gibt es?<\/h4><ul><li>Pr\u00e4senzzeit Montag bis Freitag in der Schule von 07:50 Uhr bis 13:10 Uhr (4 Std. Unterricht, 1 Std. Vor- und Nachbereitung, 1 Std. Pause)<\/li><li>Mithilfe in der Ganztagsbetreuung (1x\/Woche verpflichtend, dar\u00fcber hinaus\u00a0 abh\u00e4ngig von den Praktikumsvorgaben)<\/li><li>Unterrichtshospitationen und \u00dcbernahme von angeleiteten Unterrichtsstunden, Kleingruppenarbeit, F\u00f6rderung,&#8230; (je nach Praktikumsvorgaben)<\/li><li>Unterst\u00fctzung der Klassen und des Grundschulteams bei der Durchf\u00fchrung schulischer Aktivit\u00e4ten (z.B. Wandertage, au\u00dferschulische Lernorte, Projekte, Schulfeste,&#8230;)<\/li><li>Bereitschaft zur \u00dcbernahme von Aufsichts- und Vertretungsaufgaben<\/li><\/ul><h4>Klassenzuteilung und Stundenplan<\/h4><p>In der Regel wird die Klasseneinteilung f\u00fcr Ihr Praktikum im 1. Schulhalbjahr Anfang Juni und im 2. Schulhalbjahr Ende Dezember festgelegt.<\/p><p>Den Stundenplan besprechen Sie in der ersten Praktikumswoche mit Ihrem\/Ihrer Mentor*in.<\/p><p>Bitte teilen Sie uns ebenfalls mit, wenn Sie besondere Interessen haben, die wir ggf. f\u00fcr Ihr Praktikum ber\u00fccksichtigen k\u00f6nnen.<\/p>\t\t\t\t\t\t\t\t<\/div>\n\t\t\t\t<\/div>\n\t\t\t\t<div class=\"elementor-element elementor-element-8c4c60f elementor-vertical-align-top elementor-widget elementor-widget-image-box\" data-id=\"8c4c60f\" data-element_type=\"widget\" data-e-type=\"widget\" data-settings=\"{&quot;_ob_widget_stalker_use&quot;:&quot;no&quot;,&quot;_ob_shadough_use&quot;:&quot;no&quot;}\" data-widget_type=\"image-box.default\">\n\t\t\t\t<div class=\"elementor-widget-container\">\n\t\t\t\t\t<div class=\"elementor-image-box-wrapper\"><div class=\"elementor-image-box-content\"><h3 class=\"elementor-image-box-title\">Formulare<\/h3><p class=\"elementor-image-box-description\">\n<\/p><\/div><\/div>\t\t\t\t<\/div>\n\t\t\t\t<\/div>\n\t\t\t\t<div class=\"elementor-element elementor-element-57fe2ab elementor-widget elementor-widget-pdfjs_viewer\" data-id=\"57fe2ab\" data-element_type=\"widget\" data-e-type=\"widget\" data-settings=\"{&quot;_ob_widget_stalker_use&quot;:&quot;no&quot;,&quot;_ob_shadough_use&quot;:&quot;no&quot;}\" data-widget_type=\"pdfjs_viewer.default\">\n\t\t\t\t<div class=\"elementor-widget-container\">\n\t\t\t\t\t<iframe src=\"https:\/\/www.dstenerife.eu\/wp-content\/plugins\/pdf-viewer-for-elementor\/assets\/pdfjs\/web\/viewer.html?file=https:\/\/www.dstenerife.eu\/wp-content\/uploads\/2024\/07\/Wegweiser_DST_PraktikumFSJ.pdf&amp;embedded=true\" style=\"display: block; margin-left: auto; margin-right: auto; width: 640px; height: 455px;\" frameborder=\"1\" marginheight=\"0px\" marginwidth=\"0px\" allowfullscreen><\/iframe>\t\t\t\t<\/div>\n\t\t\t\t<\/div>\n\t\t\t\t<div class=\"elementor-element elementor-element-c4c4d24 elementor-widget elementor-widget-pdfjs_viewer\" data-id=\"c4c4d24\" data-element_type=\"widget\" data-e-type=\"widget\" data-settings=\"{&quot;_ob_widget_stalker_use&quot;:&quot;no&quot;,&quot;_ob_shadough_use&quot;:&quot;no&quot;}\" data-widget_type=\"pdfjs_viewer.default\">\n\t\t\t\t<div class=\"elementor-widget-container\">\n\t\t\t\t\t<iframe src=\"https:\/\/www.dstenerife.eu\/wp-content\/plugins\/pdf-viewer-for-elementor\/assets\/pdfjs\/web\/viewer.html?file=https:\/\/www.dstenerife.eu\/wp-content\/uploads\/2024\/07\/Vorlage_kein_Arbeitsverhaltnis_2024.pdf&amp;embedded=true\" style=\"display: block; margin-left: auto; margin-right: auto; width: 640px; height: 455px;\" frameborder=\"1\" marginheight=\"0px\" marginwidth=\"0px\" allowfullscreen><\/iframe>\t\t\t\t<\/div>\n\t\t\t\t<\/div>\n\t\t\t\t<div class=\"elementor-element elementor-element-b1bd34b elementor-widget elementor-widget-pdfjs_viewer\" data-id=\"b1bd34b\" data-element_type=\"widget\" data-e-type=\"widget\" data-settings=\"{&quot;_ob_widget_stalker_use&quot;:&quot;no&quot;,&quot;_ob_shadough_use&quot;:&quot;no&quot;}\" data-widget_type=\"pdfjs_viewer.default\">\n\t\t\t\t<div class=\"elementor-widget-container\">\n\t\t\t\t\t<iframe src=\"https:\/\/www.dstenerife.eu\/wp-content\/plugins\/pdf-viewer-for-elementor\/assets\/pdfjs\/web\/viewer.html?file=https:\/\/www.dstenerife.eu\/wp-content\/uploads\/2024\/07\/Auflagen_2024.pdf&amp;embedded=true\" style=\"display: block; margin-left: auto; margin-right: auto; width: 640px; height: 455px;\" frameborder=\"1\" marginheight=\"0px\" marginwidth=\"0px\" allowfullscreen><\/iframe>\t\t\t\t<\/div>\n\t\t\t\t<\/div>\n\t\t\t\t\t<\/div>\n\t\t<\/div>\n\t\t\t\t\t<\/div>\n\t\t<\/section>\n\t\t\t\t<\/div>\n\t\t","protected":false},"excerpt":{"rendered":"<p>Inhaltsverzeichnis &#8230;an der DST M\u00f6chten Sie ein Praktikum in der Grundschule machen? Organisation Hier erhalten Sie [&hellip;]<\/p>\n","protected":false},"author":10,"featured_media":0,"parent":402,"menu_order":4,"comment_status":"closed","ping_status":"closed","template":"","meta":{"site-sidebar-layout":"default","site-content-layout":"default","ast-site-content-layout":"default","site-content-style":"default","site-sidebar-style":"default","ast-global-header-display":"","ast-banner-title-visibility":"","ast-main-header-display":"","ast-hfb-above-header-display":"","ast-hfb-below-header-display":"","ast-hfb-mobile-header-display":"","site-post-title":"","ast-breadcrumbs-content":"","ast-featured-img":"","footer-sml-layout":"","ast-disable-related-posts":"","theme-transparent-header-meta":"default","adv-header-id-meta":"","stick-header-meta":"default","header-above-stick-meta":"","header-main-stick-meta":"","header-below-stick-meta":"","astra-migrate-meta-layouts":"set","ast-page-background-enabled":"default","ast-page-background-meta":{"desktop":{"background-color":"","background-image":"","background-repeat":"repeat","background-position":"center center","background-size":"auto","background-attachment":"scroll","background-type":"","background-media":"","overlay-type":"","overlay-color":"","overlay-opacity":"","overlay-gradient":""},"tablet":{"background-color":"","background-image":"","background-repeat":"repeat","background-position":"center center","background-size":"auto","background-attachment":"scroll","background-type":"","background-media":"","overlay-type":"","overlay-color":"","overlay-opacity":"","overlay-gradient":""},"mobile":{"background-color":"","background-image":"","background-repeat":"repeat","background-position":"center center","background-size":"auto","background-attachment":"scroll","background-type":"","background-media":"","overlay-type":"","overlay-color":"","overlay-opacity":"","overlay-gradient":""}},"ast-content-background-meta":{"desktop":{"background-color":"var(--ast-global-color-5)","background-image":"","background-repeat":"repeat","background-position":"center center","background-size":"auto","background-attachment":"scroll","background-type":"","background-media":"","overlay-type":"","overlay-color":"","overlay-opacity":"","overlay-gradient":""},"tablet":{"background-color":"var(--ast-global-color-5)","background-image":"","background-repeat":"repeat","background-position":"center center","background-size":"auto","background-attachment":"scroll","background-type":"","background-media":"","overlay-type":"","overlay-color":"","overlay-opacity":"","overlay-gradient":""},"mobile":{"background-color":"var(--ast-global-color-5)","background-image":"","background-repeat":"repeat","background-position":"center center","background-size":"auto","background-attachment":"scroll","background-type":"","background-media":"","overlay-type":"","overlay-color":"","overlay-opacity":"","overlay-gradient":""}},"_jet_sm_ready_style":"","_jet_sm_style":"","_jet_sm_controls_values":"","_jet_sm_fonts_collection":"","_jet_sm_fonts_links":"","footnotes":""},"schlagwortedst":[150],"wf_page_folders":[193],"class_list":["post-37331","page","type-page","status-publish","hentry","schlagwortedst-sidegs"],"_links":{"self":[{"href":"https:\/\/www.dstenerife.eu\/de\/wp-json\/wp\/v2\/pages\/37331","targetHints":{"allow":["GET"]}}],"collection":[{"href":"https:\/\/www.dstenerife.eu\/de\/wp-json\/wp\/v2\/pages"}],"about":[{"href":"https:\/\/www.dstenerife.eu\/de\/wp-json\/wp\/v2\/types\/page"}],"author":[{"embeddable":true,"href":"https:\/\/www.dstenerife.eu\/de\/wp-json\/wp\/v2\/users\/10"}],"replies":[{"embeddable":true,"href":"https:\/\/www.dstenerife.eu\/de\/wp-json\/wp\/v2\/comments?post=37331"}],"version-history":[{"count":43,"href":"https:\/\/www.dstenerife.eu\/de\/wp-json\/wp\/v2\/pages\/37331\/revisions"}],"predecessor-version":[{"id":104259,"href":"https:\/\/www.dstenerife.eu\/de\/wp-json\/wp\/v2\/pages\/37331\/revisions\/104259"}],"up":[{"embeddable":true,"href":"https:\/\/www.dstenerife.eu\/de\/wp-json\/wp\/v2\/pages\/402"}],"wp:attachment":[{"href":"https:\/\/www.dstenerife.eu\/de\/wp-json\/wp\/v2\/media?parent=37331"}],"wp:term":[{"taxonomy":"schlagwortedst","embeddable":true,"href":"https:\/\/www.dstenerife.eu\/de\/wp-json\/wp\/v2\/schlagwortedst?post=37331"},{"taxonomy":"wf_page_folders","embeddable":true,"href":"https:\/\/www.dstenerife.eu\/de\/wp-json\/wp\/v2\/wf_page_folders?post=37331"}],"curies":[{"name":"wp","href":"https:\/\/api.w.org\/{rel}","templated":true}]}}