{"id":445,"date":"2015-02-06T00:31:27","date_gmt":"2015-02-06T00:31:27","guid":{"rendered":"http:\/\/dstenerife.ducklingit.com\/?page_id=445"},"modified":"2024-06-21T11:30:55","modified_gmt":"2024-06-21T10:30:55","slug":"schulprofil-und-leitbild","status":"publish","type":"page","link":"https:\/\/www.dstenerife.eu\/de\/die-schule\/schulprofil-und-leitbild\/","title":{"rendered":"Leitbild und Schulprogramm"},"content":{"rendered":"<p style=\"text-align: justify;\">Die Deutsche Schule Santa Cruz de Tenerife ist eine Begegnungsschule, an der die Sch\u00fclerinnen und Sch\u00fcler auf den deutschen und den spanischen Hochschulzugang vorbereitet werden. Daneben\u00a0besteht die M\u00f6glichkeit, den Realschulabschluss nach Klasse 10 zu erwerben. \u00a0Die DST ist eine selbst\u00e4ndige ausl\u00e4ndische Privatschule und wird vom spanischen Staat gem\u00e4\u00df dem Real Decreto 806\/1993 vom 28.05.1993 als solche anerkannt. Sie wird vom Ausw\u00e4rtigen Amt der Bundesrepublik Deutschland personell und finanziell gef\u00f6rdert, ist von der St\u00e4ndigen Konferenz der Kultusminister der L\u00e4nder der Bundesrepublik Deutschland (KMK) anerkannt und wird von ihr beaufsichtigt. Die Zentralstelle f\u00fcr das Auslandsschulwesen (ZfA) beim Bundesverwaltungsamt (BVA) betreut die Schule organisatorisch, stellt finanzielle Mittel und Lehrmittel zur Verf\u00fcgung und vermittelt von den L\u00e4nderbeh\u00f6rden beurlaubte Lehrkr\u00e4fte f\u00fcr eine begrenzte Zeit an die Schule.<\/p>\n<p style=\"text-align: justify;\">Der Hauptteil der Kinder tritt im Alter von 1 Jahr in die Kinderkrippe oder im Alter von 3 Jahren in den Kindergarten ein. Daraus formen sich zwei Parallelklassen f\u00fcr die zweiz\u00fcgige Grundschule, die dann in der Sekundarstufe weitergef\u00fchrt werden.<\/p>\n<p style=\"text-align: justify;\">Die Leits\u00e4tze der Schule beschreiben, worauf es uns an der der Deutschen Schule Santa Cruz de Tenerife (DST) ankommt. Sie benennen, was wir f\u00fcr wichtig und erstrebenswert halten. Manche der Leits\u00e4tze beschreiben Tatsachen, andere umrei\u00dfen Zielvorstellungen. In ihrer Summe ergeben sie ein ideales Bild der Schule, das so genannte Leitbild.<br \/>\n<img fetchpriority=\"high\" decoding=\"async\" class=\"alignnone size-full wp-image-4875\" src=\"https:\/\/e969z83yjsq.exactdn.com\/wp-content\/uploads\/2015\/02\/_d_improd_\/Leitbild-dt_f_improf_966x757.png?strip=all&resize=966%2C757\" alt=\"Leitbild-dt\" width=\"966\" height=\"757\" \/><\/p>\n<h4><strong>Schulprogramm der DST (Stand: Juni 2024)<\/strong><\/h4>\n<a href=\"https:\/\/www.dstenerife.eu\/wp-content\/uploads\/2024\/06\/Schulprogramm-2024.pdf\" class=\"pdfemb-viewer\" style=\"\" data-width=\"max\" data-height=\"max\" data-toolbar=\"top\" data-toolbar-fixed=\"on\">Schulprogramm-2024<\/a>\n","protected":false},"excerpt":{"rendered":"<p>Die Deutsche Schule Santa Cruz de Tenerife ist eine Begegnungsschule, an der die Sch\u00fclerinnen und Sch\u00fcler [&hellip;]<\/p>\n","protected":false},"author":15,"featured_media":0,"parent":18,"menu_order":6,"comment_status":"closed","ping_status":"closed","template":"","meta":{"site-sidebar-layout":"right-sidebar","site-content-layout":"default","ast-site-content-layout":"default","site-content-style":"default","site-sidebar-style":"default","ast-global-header-display":"","ast-banner-title-visibility":"","ast-main-header-display":"","ast-hfb-above-header-display":"","ast-hfb-below-header-display":"","ast-hfb-mobile-header-display":"","site-post-title":"","ast-breadcrumbs-content":"","ast-featured-img":"","footer-sml-layout":"","ast-disable-related-posts":"","theme-transparent-header-meta":"default","adv-header-id-meta":"","stick-header-meta":"default","header-above-stick-meta":"","header-main-stick-meta":"","header-below-stick-meta":"","astra-migrate-meta-layouts":"set","ast-page-background-enabled":"default","ast-page-background-meta":{"desktop":{"background-color":"","background-image":"","background-repeat":"repeat","background-position":"center center","background-size":"auto","background-attachment":"scroll","background-type":"","background-media":"","overlay-type":"","overlay-color":"","overlay-opacity":"","overlay-gradient":""},"tablet":{"background-color":"","background-image":"","background-repeat":"repeat","background-position":"center center","background-size":"auto","background-attachment":"scroll","background-type":"","background-media":"","overlay-type":"","overlay-color":"","overlay-opacity":"","overlay-gradient":""},"mobile":{"background-color":"","background-image":"","background-repeat":"repeat","background-position":"center center","background-size":"auto","background-attachment":"scroll","background-type":"","background-media":"","overlay-type":"","overlay-color":"","overlay-opacity":"","overlay-gradient":""}},"ast-content-background-meta":{"desktop":{"background-color":"var(--ast-global-color-5)","background-image":"","background-repeat":"repeat","background-position":"center center","background-size":"auto","background-attachment":"scroll","background-type":"","background-media":"","overlay-type":"","overlay-color":"","overlay-opacity":"","overlay-gradient":""},"tablet":{"background-color":"var(--ast-global-color-5)","background-image":"","background-repeat":"repeat","background-position":"center center","background-size":"auto","background-attachment":"scroll","background-type":"","background-media":"","overlay-type":"","overlay-color":"","overlay-opacity":"","overlay-gradient":""},"mobile":{"background-color":"var(--ast-global-color-5)","background-image":"","background-repeat":"repeat","background-position":"center center","background-size":"auto","background-attachment":"scroll","background-type":"","background-media":"","overlay-type":"","overlay-color":"","overlay-opacity":"","overlay-gradient":""}},"_jet_sm_ready_style":"","_jet_sm_style":"","_jet_sm_controls_values":"","_jet_sm_fonts_collection":"","_jet_sm_fonts_links":"","footnotes":""},"schlagwortedst":[153],"wf_page_folders":[190],"class_list":["post-445","page","type-page","status-publish","hentry","schlagwortedst-sideschule"],"_links":{"self":[{"href":"https:\/\/www.dstenerife.eu\/de\/wp-json\/wp\/v2\/pages\/445","targetHints":{"allow":["GET"]}}],"collection":[{"href":"https:\/\/www.dstenerife.eu\/de\/wp-json\/wp\/v2\/pages"}],"about":[{"href":"https:\/\/www.dstenerife.eu\/de\/wp-json\/wp\/v2\/types\/page"}],"author":[{"embeddable":true,"href":"https:\/\/www.dstenerife.eu\/de\/wp-json\/wp\/v2\/users\/15"}],"replies":[{"embeddable":true,"href":"https:\/\/www.dstenerife.eu\/de\/wp-json\/wp\/v2\/comments?post=445"}],"version-history":[{"count":6,"href":"https:\/\/www.dstenerife.eu\/de\/wp-json\/wp\/v2\/pages\/445\/revisions"}],"predecessor-version":[{"id":72610,"href":"https:\/\/www.dstenerife.eu\/de\/wp-json\/wp\/v2\/pages\/445\/revisions\/72610"}],"up":[{"embeddable":true,"href":"https:\/\/www.dstenerife.eu\/de\/wp-json\/wp\/v2\/pages\/18"}],"wp:attachment":[{"href":"https:\/\/www.dstenerife.eu\/de\/wp-json\/wp\/v2\/media?parent=445"}],"wp:term":[{"taxonomy":"schlagwortedst","embeddable":true,"href":"https:\/\/www.dstenerife.eu\/de\/wp-json\/wp\/v2\/schlagwortedst?post=445"},{"taxonomy":"wf_page_folders","embeddable":true,"href":"https:\/\/www.dstenerife.eu\/de\/wp-json\/wp\/v2\/wf_page_folders?post=445"}],"curies":[{"name":"wp","href":"https:\/\/api.w.org\/{rel}","templated":true}]}}