{"id":48092,"date":"2021-12-01T10:12:21","date_gmt":"2021-12-01T10:12:21","guid":{"rendered":"https:\/\/www.dstenerife.eu\/?page_id=48092"},"modified":"2025-05-07T12:12:40","modified_gmt":"2025-05-07T11:12:40","slug":"spanische-akademische-orientierung","status":"publish","type":"page","link":"https:\/\/www.dstenerife.eu\/de\/sekundarstufe-i-und-ii\/abteilungen-sek\/spanische-akademische-orientierung\/","title":{"rendered":"Spanische akademische Orientierung"},"content":{"rendered":"<p><img fetchpriority=\"high\" decoding=\"async\" src=\"https:\/\/e969z83yjsq.exactdn.com\/wp-content\/uploads\/2020\/05\/IMG-20200518-WA0016-640x360.jpg?strip=all\" sizes=\"(max-width: 640px) 100vw, 640px\" srcset=\"https:\/\/e969z83yjsq.exactdn.com\/wp-content\/uploads\/2020\/05\/IMG-20200518-WA0016-640x360.jpg?strip=all 640w, https:\/\/www.dstenerife.eu\/wp-content\/uploads\/2020\/05\/IMG-20200518-WA0016-1140x640.jpg 1140w, https:\/\/www.dstenerife.eu\/wp-content\/uploads\/2020\/05\/IMG-20200518-WA0016-180x101.jpg 180w, https:\/\/www.dstenerife.eu\/wp-content\/uploads\/2020\/05\/IMG-20200518-WA0016-768x431.jpg 768w, https:\/\/www.dstenerife.eu\/wp-content\/uploads\/2020\/05\/IMG-20200518-WA0016-534x300.jpg 534w, https:\/\/www.dstenerife.eu\/wp-content\/uploads\/2020\/05\/IMG-20200518-WA0016-752x423.jpg 752w, https:\/\/www.dstenerife.eu\/wp-content\/uploads\/2020\/05\/IMG-20200518-WA0016-376x211.jpg 376w, https:\/\/www.dstenerife.eu\/wp-content\/uploads\/2020\/05\/IMG-20200518-WA0016.jpg 1280w\" alt=\"\" width=\"640\" height=\"360\" \/><\/p>\n<h2 contenteditable=\"true\" data-elementor-setting-key=\"title\" data-pen-placeholder=\"Type Here...\">Anerkennung und spanische akademische Orientierung<\/h2>\n<p style=\"text-align: justify;\">Die technische Leitung ist zust\u00e4ndig f\u00fcr die Dokumentation bei den jeweiligen Beh\u00f6rden damit die Sch\u00fcler*innen ihre Anerkennung der Abschl\u00fcsse im spanischen Bildungssystem erhalten und ihre Noten im spanischen System bekommen. Der &#8222;Director T\u00e9cnico&#8220; ist auch f\u00fcr die spanische akademische Orientierung zust\u00e4ndig und ber\u00e4t unsere Sch\u00fcler*innen f\u00fcr das Studium nach dem Abschluss in der Deutschen Schule Santa Cruz de Tenerife.<\/p>\n<h2>\u00c4quivalenz der Noten<\/h2>\n<ul>\n<li><a href=\"https:\/\/www.dstenerife.eu\/wp-content\/uploads\/2021\/12\/Equivalencia-de-notas-entre-el-sistema-educativo-aleman-y-el-sistema-educativo-espanol-2.pdf\">\u00c4quivalenz der Noten zwischen dem deutschen und dem spanischen Bildungssystem.<\/a><\/li>\n<li><a href=\"https:\/\/www.dstenerife.eu\/wp-content\/uploads\/2021\/12\/Equivalencia-de-notas-reconocimiento-de-asignaturas-del-sistema-aleman.-Clases-11-y-12-2.pdf\">\u00c4quivalenz der Noten: Anerkennung der F\u00e4cher des deutschen Systems (Klassen 11 und 12).<\/a><\/li>\n<\/ul>\n<h2>Anerkennung Sekundarstufe I (ESO)<\/h2>\n<ul>\n<li><a href=\"https:\/\/www.dstenerife.eu\/wp-content\/uploads\/2025\/05\/Homologacion-al-Titulo-de-ESO.-Con-logo.pdf\" target=\"_blank\" rel=\"noopener\">Homologation des Abschlusszeugnisses des obligatorischen Teiles der Sekundarstufe.<\/a><\/li>\n<li><a href=\"https:\/\/www.dstenerife.eu\/wp-content\/uploads\/2025\/05\/Homologacion-al-Titulo-de-Graduado-en-Educacion-Secundaria-Obligatoria.-EXPLICACION-GRAFICA-1.pdf\" target=\"_blank\" rel=\"noopener\">Pr\u00e4sentation.<\/a><\/li>\n<\/ul>\n<h2>Anerkennung der Oberstufe f\u00fcr das Studium (Homologation)<\/h2>\n<ul>\n<li><a href=\"https:\/\/www.dstenerife.eu\/wp-content\/uploads\/2025\/05\/Homologacion-al-Titulo-de-Bachiller.-Con-logo.pdf\" target=\"_blank\" rel=\"noopener\">Homologation der Oberstufe.<\/a><\/li>\n<li><a href=\"https:\/\/www.dstenerife.eu\/wp-content\/uploads\/2025\/05\/Homologacion-al-Titulo-de-Bachiller.-EXPLICACION-GRAFICA.pdf\" target=\"_blank\" rel=\"noopener\">Zugang zu spanischen Universit\u00e4ten (Pr\u00e4sentation).<\/a><\/li>\n<li><a href=\"https:\/\/www.dstenerife.eu\/wp-content\/uploads\/2025\/05\/Reconocimiento-de-asignaturas-cursadas-con-logo-en-Espanol.pdf\" target=\"_blank\" rel=\"noopener\">Anerkennung von F\u00e4chern, die im deutschen Bildungssystem belegt oder bewertet wurden.<\/a><\/li>\n<li><a href=\"https:\/\/www.dstenerife.eu\/wp-content\/uploads\/2025\/05\/Informacion-para-el-alumnado-de-la-clase-12.-Tramites-burocraticos.pdf\" target=\"_blank\" rel=\"noopener\">Information f\u00fcr Sch\u00fcler*innen der 12.Klasse. b\u00fcrokratische Vorg\u00e4nge<\/a><\/li>\n<\/ul>\n<h2>PAU-Kurse<\/h2>\n<ul>\n<li><a href=\"https:\/\/www.dstenerife.eu\/wp-content\/uploads\/2025\/05\/Asignaturas-PAU-Kurse-en-espanol-con-encabezado-1.pdf\" target=\"_blank\" rel=\"noopener\">F\u00e4cher PAU-Kurse.<\/a><\/li>\n<li><a href=\"https:\/\/www.dstenerife.eu\/wp-content\/uploads\/2025\/05\/Matricula-en-PAU-Kurse.-Abril-2025.pdf\" target=\"_blank\" rel=\"noopener\">Einschreibung in EBAU-Kurse.<\/a><\/li>\n<li><a href=\"https:\/\/www.dstenerife.eu\/wp-content\/uploads\/2025\/05\/Informacion-sobre-la-eleccion-de-las-asignaturas-PAU.pdf\" target=\"_blank\" rel=\"noopener\">Information \u00fcber die F\u00e4cherwahl<\/a><\/li>\n<\/ul>\n<h3>Gewichtung der Universit\u00e4ten:<\/h3>\n<ul>\n<li><a href=\"https:\/\/drive.google.com\/file\/d\/1IZVkt1n-G8SQU-77q_1VxvOpcM9Yzoh5\/view\" target=\"_blank\" rel=\"noopener\">Universidad de La Laguna (PAU 2025).<\/a><\/li>\n<li><a href=\"https:\/\/www.ulpgc.es\/sites\/default\/files\/ArchivosULPGC\/direccion-acceso\/EBAU\/ponderaciones_2025_v8_referencia_06-03-2025.pdf\" target=\"_blank\" rel=\"noopener\">Universidad de Las Palmas de Gran Canaria (PAU 2025).<\/a><\/li>\n<li><a href=\"https:\/\/www.uc3m.es\/grado\/media\/grado\/doc\/archivo\/doc_tabla_ponderaciones_2025\/uc3m_ponderaciones25-26_def_8.pdf\" target=\"_blank\" rel=\"noopener\">Universidad Carlos III Madrid (PAU 2025).<\/a><\/li>\n<li><a href=\"https:\/\/www.ucm.es\/ponderaciones-de-materias-de-bachillerato\" target=\"_blank\" rel=\"noopener\">Universidad Complutense Madrid (PAU 2025).<\/a><\/li>\n<li><a href=\"https:\/\/www.comunidad.madrid\/sites\/default\/files\/doc\/educacion\/univ\/notas_de_corte_2024-25_-_ordinaria.pdf\" target=\"_blank\" rel=\"noopener\">Distrito \u00fanico de Madrid (PAU 2025).<\/a><\/li>\n<li><a href=\"https:\/\/universitats.gva.es\/documents\/389338055\/389340585\/PONDERACIONES+2025-cast-Actual25-04-04.pdf\/efc9ec1e-7f78-139f-c4e7-489ace59504c?t=1743765343113\" target=\"_blank\" rel=\"noopener\">Universidad de Valencia (PAU 2025).<\/a><\/li>\n<\/ul>\n<p><a href=\"https:\/\/yaq.es\/reportajes\/parametros-ponderacion-selectividad-asignaturas-fase-especifica\" target=\"_blank\" rel=\"noopener\">Information zur Gewichtung.<\/a><\/p>\n<h3><strong>Numerus clausus der Universit\u00e4ten:<\/strong><\/h3>\n<ul>\n<li><a href=\"https:\/\/drive.google.com\/file\/d\/1V7SMgDoVFcXll2IfSp4vHnibk3oHbAWl\/view\" target=\"_blank\" rel=\"noopener\">Universidad de La Laguna (2024-2025).<\/a><\/li>\n<li><a href=\"https:\/\/www.ulpgc.es\/sites\/default\/files\/ArchivosULPGC\/gestion-academica\/notas_de_corte_definitivas_2024-2025.pdf\" target=\"_blank\" rel=\"noopener\">Universidad de Las Palmas de Gran Canaria (2024-2025).<\/a><\/li>\n<li><a href=\"https:\/\/www.uc3m.es\/grado\/admision\/notas-corte\" target=\"_blank\" rel=\"noopener\">Universidad Carlos III Madrid (curso 2024-2025).<\/a><\/li>\n<li><a href=\"https:\/\/www.ucm.es\/notas-de-corte\" target=\"_blank\" rel=\"noopener\">Universidad Complutense Madrid (curso 2024-2025).<\/a><\/li>\n<li><a href=\"https:\/\/www.uv.es\/graus\/admissio\/Notes_tall_1.pdf\" target=\"_blank\" rel=\"noopener\">Universidad de Valencia (curso 2024-2025).<\/a><\/li>\n<\/ul>\n<h3>PAU an der Universit\u00e4t von La Laguna<\/h3>\n<p><a href=\"https:\/\/www.ull.es\/admision-becas\/ebau\/#informacion-general\">Information \u00fcber Pau der Universit\u00e4t von La Laguna<\/a><\/p>\n<p><a href=\"https:\/\/www.ull.es\/admision-becas\/ebau\/protocolo-actuacion-ebau-alu-diversidad-funcional-neae\/\">Protokoll f\u00fcr Studenten mit Nachteilsausgleich<\/a><\/p>\n<p><a href=\"https:\/\/www.gobiernodecanarias.org\/educacion\/web\/bachillerato\/pau\/calendario-celebracion-pau\/\" target=\"_blank\" rel=\"noopener\">Kalender<\/a><\/p>\n<h3>Weitere Links<\/h3>\n<ul>\n<li><a href=\"https:\/\/www.unitour.es\/buscador-grados-universitarios\" target=\"_blank\" rel=\"noopener\">Suche nach Hochschulabschl\u00fcssen<\/a><\/li>\n<li><a href=\"https:\/\/sede.educacion.gob.es\/sede\/login\/inicio.jjsp?idConvocatoria=1486\" target=\"_blank\" rel=\"noopener\">Online Zentrale des Ministeriums f\u00fcr Bildung, Berufsbildung und Sport (Downloads von Homologationen).<\/a><\/li>\n<li><a href=\"https:\/\/reg.redsara.es\/\" target=\"_blank\" rel=\"noopener\">Allgemeines digitales Register (REG).<\/a><\/li>\n<li><a href=\"https:\/\/www.educacionfpydeportes.gob.es\/servicios-al-ciudadano\/catalogo\/general\/0\/tasa-790-079-ingreso.html\" target=\"_blank\" rel=\"noopener\">Geb\u00fchr f\u00fcr Formular 790.<\/a><\/li>\n<\/ul>\n<h3>Berufsausbildung<\/h3>\n<ul>\n<li><a href=\"https:\/\/www.gobiernodecanarias.org\/educacion\/web\/formacion_profesional\/ensenanzas\/titulos\/\" target=\"_blank\" rel=\"noopener\">Berufsbildungstitel der Kanarischen Regierung.<\/a><\/li>\n<li><a href=\"https:\/\/www.gobiernodecanarias.org\/educacion\/web\/alumnado-familias\/admision_alumnado\/formacion_profesional\/index.html\" target=\"_blank\" rel=\"noopener\">Aufnahme und Einschreibung<\/a><\/li>\n<li><a href=\"https:\/\/www.camara.es\/fpdual\/index.html#cce-fp-dual\" target=\"_blank\" rel=\"noopener\">Duale Ausbildung<\/a><\/li>\n<li><a href=\"https:\/\/www.todofp.es\/inicio.html\" target=\"_blank\" rel=\"noopener\">Alle Berufsausbildungen<\/a><\/li>\n<\/ul>\n<h3>Stipendien:<\/h3>\n<ul>\n<li><a href=\"https:\/\/www.gobiernodecanarias.org\/educacion\/web\/estudiantes\/becas_ayudas_subvenciones\/\">Consejer\u00eda de Educaci\u00f3n, Universidades, Cultura y Deporte. Kanarische Regierung.<\/a><\/li>\n<li><a href=\"https:\/\/www.educacionyfp.gob.es\/servicios-al-ciudadano\/catalogo\/estudiantes\/becas-ayudas\/para-estudiar.html\">Ministerio de Educaci\u00f3n y Formaci\u00f3n Profesional.<\/a><\/li>\n<\/ul>\n<h3>Welche Vorteile habe ich, wenn ich an der DST lerne?<\/h3>\n<p><a href=\"https:\/\/www.dstenerife.eu\/wp-content\/uploads\/2025\/05\/Que-ventajas-tiene-estudiar-en-el-DST.-Informacion-para-las-familias-y-el-alumnado.pdf\" target=\"_blank\" rel=\"noopener\">Vorteile<\/a><\/p>\n<h2><a href=\"https:\/\/e969z83yjsq.exactdn.com\/wp-content\/uploads\/2025\/05\/Orientacion-Academica-Espanola-2025-2026.jpg?strip=all&w=2560\" target=\"_blank\" rel=\"noopener\">Akademische Orientierung in Spanisch<\/a><\/h2>\n<p>&nbsp;<\/p>\n<h2><a href=\"https:\/\/e969z83yjsq.exactdn.com\/wp-content\/uploads\/2025\/05\/Orientacion-Academica-Espanola-2025-2026-1.jpg?strip=all&w=2560\"><img decoding=\"async\" class=\"aligncenter size-medium wp-image-94466\" src=\"https:\/\/e969z83yjsq.exactdn.com\/wp-content\/uploads\/2025\/05\/Orientacion-Academica-Espanola-2025-2026-1-752x423.jpg?strip=all\" alt=\"\" width=\"752\" height=\"423\" srcset=\"https:\/\/e969z83yjsq.exactdn.com\/wp-content\/uploads\/2025\/05\/Orientacion-Academica-Espanola-2025-2026-1-752x423.jpg?strip=all 752w, https:\/\/e969z83yjsq.exactdn.com\/wp-content\/uploads\/2025\/05\/Orientacion-Academica-Espanola-2025-2026-1-768x432.jpg?strip=all 768w, https:\/\/e969z83yjsq.exactdn.com\/wp-content\/uploads\/2025\/05\/Orientacion-Academica-Espanola-2025-2026-1-320x180.jpg?strip=all 320w, https:\/\/e969z83yjsq.exactdn.com\/wp-content\/uploads\/2025\/05\/Orientacion-Academica-Espanola-2025-2026-1.jpg?strip=all 1280w, https:\/\/e969z83yjsq.exactdn.com\/wp-content\/uploads\/2025\/05\/Orientacion-Academica-Espanola-2025-2026-1.jpg?strip=all&amp;w=256 256w, https:\/\/e969z83yjsq.exactdn.com\/wp-content\/uploads\/2025\/05\/Orientacion-Academica-Espanola-2025-2026-1.jpg?strip=all&amp;w=512 512w, https:\/\/e969z83yjsq.exactdn.com\/wp-content\/uploads\/2025\/05\/Orientacion-Academica-Espanola-2025-2026-1.jpg?strip=all&amp;w=1024 1024w, https:\/\/e969z83yjsq.exactdn.com\/wp-content\/uploads\/2025\/05\/Orientacion-Academica-Espanola-2025-2026-1.jpg?strip=all&amp;w=450 450w\" sizes=\"(max-width: 752px) 100vw, 752px\" \/><\/a><\/h2>\n","protected":false},"excerpt":{"rendered":"<p>Anerkennung und spanische akademische Orientierung Die technische Leitung ist zust\u00e4ndig f\u00fcr die Dokumentation bei den jeweiligen [&hellip;]<\/p>\n","protected":false},"author":13,"featured_media":0,"parent":39073,"menu_order":4,"comment_status":"closed","ping_status":"closed","template":"","meta":{"site-sidebar-layout":"default","site-content-layout":"default","ast-site-content-layout":"default","site-content-style":"default","site-sidebar-style":"default","ast-global-header-display":"","ast-banner-title-visibility":"","ast-main-header-display":"","ast-hfb-above-header-display":"","ast-hfb-below-header-display":"","ast-hfb-mobile-header-display":"","site-post-title":"","ast-breadcrumbs-content":"","ast-featured-img":"","footer-sml-layout":"","ast-disable-related-posts":"","theme-transparent-header-meta":"default","adv-header-id-meta":"","stick-header-meta":"default","header-above-stick-meta":"","header-main-stick-meta":"","header-below-stick-meta":"","astra-migrate-meta-layouts":"set","ast-page-background-enabled":"default","ast-page-background-meta":{"desktop":{"background-color":"","background-image":"","background-repeat":"repeat","background-position":"center center","background-size":"auto","background-attachment":"scroll","background-type":"","background-media":"","overlay-type":"","overlay-color":"","overlay-opacity":"","overlay-gradient":""},"tablet":{"background-color":"","background-image":"","background-repeat":"repeat","background-position":"center center","background-size":"auto","background-attachment":"scroll","background-type":"","background-media":"","overlay-type":"","overlay-color":"","overlay-opacity":"","overlay-gradient":""},"mobile":{"background-color":"","background-image":"","background-repeat":"repeat","background-position":"center center","background-size":"auto","background-attachment":"scroll","background-type":"","background-media":"","overlay-type":"","overlay-color":"","overlay-opacity":"","overlay-gradient":""}},"ast-content-background-meta":{"desktop":{"background-color":"var(--ast-global-color-5)","background-image":"","background-repeat":"repeat","background-position":"center center","background-size":"auto","background-attachment":"scroll","background-type":"","background-media":"","overlay-type":"","overlay-color":"","overlay-opacity":"","overlay-gradient":""},"tablet":{"background-color":"var(--ast-global-color-5)","background-image":"","background-repeat":"repeat","background-position":"center center","background-size":"auto","background-attachment":"scroll","background-type":"","background-media":"","overlay-type":"","overlay-color":"","overlay-opacity":"","overlay-gradient":""},"mobile":{"background-color":"var(--ast-global-color-5)","background-image":"","background-repeat":"repeat","background-position":"center center","background-size":"auto","background-attachment":"scroll","background-type":"","background-media":"","overlay-type":"","overlay-color":"","overlay-opacity":"","overlay-gradient":""}},"_jet_sm_ready_style":"","_jet_sm_style":"","_jet_sm_controls_values":"","_jet_sm_fonts_collection":"","_jet_sm_fonts_links":"","footnotes":""},"schlagwortedst":[151],"wf_page_folders":[200],"class_list":["post-48092","page","type-page","status-publish","hentry","schlagwortedst-sidesek"],"_links":{"self":[{"href":"https:\/\/www.dstenerife.eu\/de\/wp-json\/wp\/v2\/pages\/48092","targetHints":{"allow":["GET"]}}],"collection":[{"href":"https:\/\/www.dstenerife.eu\/de\/wp-json\/wp\/v2\/pages"}],"about":[{"href":"https:\/\/www.dstenerife.eu\/de\/wp-json\/wp\/v2\/types\/page"}],"author":[{"embeddable":true,"href":"https:\/\/www.dstenerife.eu\/de\/wp-json\/wp\/v2\/users\/13"}],"replies":[{"embeddable":true,"href":"https:\/\/www.dstenerife.eu\/de\/wp-json\/wp\/v2\/comments?post=48092"}],"version-history":[{"count":72,"href":"https:\/\/www.dstenerife.eu\/de\/wp-json\/wp\/v2\/pages\/48092\/revisions"}],"predecessor-version":[{"id":94710,"href":"https:\/\/www.dstenerife.eu\/de\/wp-json\/wp\/v2\/pages\/48092\/revisions\/94710"}],"up":[{"embeddable":true,"href":"https:\/\/www.dstenerife.eu\/de\/wp-json\/wp\/v2\/pages\/39073"}],"wp:attachment":[{"href":"https:\/\/www.dstenerife.eu\/de\/wp-json\/wp\/v2\/media?parent=48092"}],"wp:term":[{"taxonomy":"schlagwortedst","embeddable":true,"href":"https:\/\/www.dstenerife.eu\/de\/wp-json\/wp\/v2\/schlagwortedst?post=48092"},{"taxonomy":"wf_page_folders","embeddable":true,"href":"https:\/\/www.dstenerife.eu\/de\/wp-json\/wp\/v2\/wf_page_folders?post=48092"}],"curies":[{"name":"wp","href":"https:\/\/api.w.org\/{rel}","templated":true}]}}