{"id":4883,"date":"2016-04-29T12:57:43","date_gmt":"2016-04-29T11:57:43","guid":{"rendered":"https:\/\/kopie.dst.deutsche-schule.eu\/?page_id=4883"},"modified":"2024-09-20T08:25:36","modified_gmt":"2024-09-20T07:25:36","slug":"unterrichtsfaecher-grundschule","status":"publish","type":"page","link":"https:\/\/www.dstenerife.eu\/de\/primarstufe\/unterrichtsfaecher-grundschule\/","title":{"rendered":"Unterrichtsf\u00e4cher Grundschule"},"content":{"rendered":"<p>Die Lehrkr\u00e4fte der Grundschule sind Klassen- und\/oder Fachlehrer*innen und erteilen stundenweise gegliederten &#8222;vorfachlichen&#8220; Unterricht. Es ist dabei unser Anliegen, ein Fundament an Wissen und K\u00f6nnen allen Kindern zu vermitteln.<\/p>\n<p>Dauer und Abfolge der Lernt\u00e4tigkeiten k\u00f6nnen allerdings je nach Belastbarkeit des Kindes und nach didaktischen Erfordernissen variiert werden.<\/p>\n<p>Wenn m\u00f6glich, f\u00fchrt die\/der deutsche Klassenlehrer*in ihre\/seine Klasse von der 1. bis zur 4. Klasse, wobei sie von einer spanischen Co-Tutorin in der Bew\u00e4ltigung der Klassenlehreraufgaben unterst\u00fctzt werden.<\/p>\n<p>Im Deutschunterricht werden die Kinder nach den jeweiligen Erfordernissen f\u00fcr drei Stunden in leistungshomogenen Kleingruppen durch 2 Lehrkr\u00e4fte nach einem Teamteaching-Modell unterrichtet.<\/p>\n<p>Die Vielzahl an Erzieher*innen- und Lehramtspraktikant*innen erm\u00f6glicht es uns zus\u00e4tzlich besser auf die individuellen Bed\u00fcrfnisse der Sch\u00fclerinnen und Sch\u00fcler einzugehen.<\/p>\n<p>Alle deutschen Kinder, die neu an unsere Schule kommen, werden in den in spanischer Sprache erteilten F\u00e4chern, die im Klassenverband erteilt werden, f\u00fcr die Dauer von einem Jahr nicht bewertet und m\u00fcssen verpflichtend und kostenlos an dem Spanisch als Fremdsprache-Unterricht teilnehmen, wenn sie die spanische Sprache noch nicht in ausreichendem Ma\u00dfe beherrschen.<\/p>\n<p>In allen F\u00e4chern werden unsere Grundsch\u00fcler*innen ab\u00a0 der 3. Klasse benotet.<\/p>\n<p>Die Kinder der ersten Klasse erhalten zum Ende des Schuljahres, die Kinder der 2. Klasse im Halbjahr und zum Ende des Schuljahres eine \u00dcbersicht \u00fcber die Lernentwicklung im Sinne eines Kompetenzberichts.<\/p>\n<p>Die f\u00fcr die F\u00e4cher g\u00fcltigen Arbeitspl\u00e4ne der Grundschule wurden und werden nach den Referenz-Lehrpl\u00e4nen des Landes Th\u00fcringen erstellt.<\/p>\n<p>Curricula:<\/p>\n<table style=\"border-collapse: collapse; width: 100%; height: 230px;\">\n<tbody>\n<tr style=\"width: 24.7395%; height: 46px; background-color: #f89100; color: white;\">\n<th style=\"width: 24.7395%;\"><strong>Sprachen<\/strong><\/th>\n<th style=\"width: 47.5246%;\"><strong>Natur- und sozialwissenschaftliche\u00a0F\u00e4cher<\/strong><\/th>\n<th style=\"width: 27.7358%;\"><strong>Andere<\/strong><\/th>\n<\/tr>\n<tr style=\"height: 46px;\">\n<td style=\"width: 24.7395%;\"><a href=\"https:\/\/www.dstenerife.eu\/wp-content\/uploads\/2024\/09\/Arbeitsplan-Deutsch-06.06.2024.pdf\" target=\"_blank\" rel=\"noopener noreferrer\">Deutsch<\/a><\/td>\n<td style=\"width: 47.5246%;\"><a href=\"https:\/\/www.dstenerife.eu\/wp-content\/uploads\/2024\/09\/Arbeitsplan-Mathe-20.05.2024.pdf\" target=\"_blank\" rel=\"noopener noreferrer\">Mathematik<\/a><\/td>\n<td style=\"width: 27.7358%;\"><a href=\"https:\/\/www.dstenerife.eu\/wp-content\/uploads\/2024\/09\/Arbeitsplan-Musik-06.06.2024.pdf\" target=\"_blank\" rel=\"noopener noreferrer\">Musik<\/a><\/td>\n<\/tr>\n<tr style=\"height: 46px;\">\n<td style=\"width: 24.7395%;\"><a href=\"https:\/\/www.dstenerife.eu\/wp-content\/uploads\/2016\/04\/Primaria-Curriculum-Lengua-Castellana-y-Literatura-de-la-Comunidad-Aut\u00f3noma-Canaria.pdf\">Spanisch (e)<\/a><\/td>\n<td style=\"width: 47.5246%;\"><a href=\"https:\/\/www.dstenerife.eu\/wp-content\/uploads\/2024\/09\/Arbeitsplan-Sachkunde_2023.pdf\" target=\"_blank\" rel=\"noopener noreferrer\">Sachkunde <\/a>&amp; <a href=\"https:\/\/www.dstenerife.eu\/wp-content\/uploads\/2016\/04\/Themenliste-Sachkunde_2010.pdf\" rel=\"noopener noreferrer\">Themenliste Sachkunde<\/a><\/td>\n<td style=\"width: 27.7358%;\"><a href=\"https:\/\/www.dstenerife.eu\/wp-content\/uploads\/2024\/09\/Arbeitsplan-Kunst-06.06.2024.pdf\" target=\"_blank\" rel=\"noopener noreferrer\">Kunst<\/a><\/td>\n<\/tr>\n<tr style=\"height: 46px;\">\n<td style=\"width: 24.7395%;\"><a href=\"https:\/\/www.dstenerife.eu\/wp-content\/uploads\/2016\/04\/Arbeitsplan-SpaF_1_2_2016.pdf\" rel=\"noopener noreferrer\">IPS 1-2<\/a><\/td>\n<td style=\"width: 47.5246%;\"><a href=\"https:\/\/www.dstenerife.eu\/wp-content\/uploads\/2016\/04\/Primaria-Curriculum-Ciencias-Sociales-de-la-Comunidad-Aut\u00f3noma-Canaria.pdf\">Ciencias Sociales (e)<\/a><\/td>\n<td style=\"width: 27.7358%;\"><a href=\"https:\/\/www.dstenerife.eu\/wp-content\/uploads\/2024\/09\/Arbeitsplan-Sport_06.06.2024.pdf\" target=\"_blank\" rel=\"noopener noreferrer\">Sport<\/a><\/td>\n<\/tr>\n<tr style=\"height: 46px;\">\n<td style=\"width: 24.7395%;\"><a href=\"https:\/\/www.dstenerife.eu\/wp-content\/uploads\/2016\/04\/Arbeitsplan-SpaF_3_4_2016.pdf\" rel=\"noopener noreferrer\">IPS 3-4<\/a><\/td>\n<td style=\"width: 47.5246%;\"><a href=\"https:\/\/www.dstenerife.eu\/wp-content\/uploads\/2024\/09\/Arbeitsplan-Ethik_-06.06.2024.pdf\" target=\"_blank\" rel=\"noopener noreferrer\">Ethik<\/a><\/td>\n<td style=\"width: 27.7358%;\"><\/td>\n<\/tr>\n<tr>\n<td style=\"width: 24.7395%;\"><a href=\"https:\/\/www.dstenerife.eu\/wp-content\/uploads\/2024\/09\/Arbeitsplan-Englisch_06.06.2024.pdf\" target=\"_blank\" rel=\"noopener noreferrer\">Englisch<\/a><\/td>\n<td style=\"width: 47.5246%;\"><a href=\"https:\/\/www.dstenerife.eu\/wp-content\/uploads\/2024\/09\/Arbeitsplan-Religion_06.06.2024.pdf\" target=\"_blank\" rel=\"noopener\">Religion<\/a><\/td>\n<td style=\"width: 27.7358%;\"><\/td>\n<\/tr>\n<tr>\n<td style=\"width: 99.9999%;\" colspan=\"3\"><a href=\"http:\/\/www.schulportal-thueringen.de\/lehrplaene\/grundschule\" rel=\"noopener noreferrer\">Referenz-Lehrpl\u00e4ne des Landes Th\u00fcringen<\/a><\/td>\n<\/tr>\n<\/tbody>\n<\/table>\n<p>&nbsp;<\/p>\n","protected":false},"excerpt":{"rendered":"<p>Die Lehrkr\u00e4fte der Grundschule sind Klassen- und\/oder Fachlehrer*innen und erteilen stundenweise gegliederten &#8222;vorfachlichen&#8220; Unterricht. Es ist [&hellip;]<\/p>\n","protected":false},"author":10,"featured_media":0,"parent":402,"menu_order":10,"comment_status":"closed","ping_status":"closed","template":"","meta":{"site-sidebar-layout":"default","site-content-layout":"default","ast-site-content-layout":"default","site-content-style":"default","site-sidebar-style":"default","ast-global-header-display":"","ast-banner-title-visibility":"","ast-main-header-display":"","ast-hfb-above-header-display":"","ast-hfb-below-header-display":"","ast-hfb-mobile-header-display":"","site-post-title":"","ast-breadcrumbs-content":"","ast-featured-img":"","footer-sml-layout":"","ast-disable-related-posts":"","theme-transparent-header-meta":"default","adv-header-id-meta":"","stick-header-meta":"default","header-above-stick-meta":"","header-main-stick-meta":"","header-below-stick-meta":"","astra-migrate-meta-layouts":"set","ast-page-background-enabled":"default","ast-page-background-meta":{"desktop":{"background-color":"","background-image":"","background-repeat":"repeat","background-position":"center center","background-size":"auto","background-attachment":"scroll","background-type":"","background-media":"","overlay-type":"","overlay-color":"","overlay-opacity":"","overlay-gradient":""},"tablet":{"background-color":"","background-image":"","background-repeat":"repeat","background-position":"center center","background-size":"auto","background-attachment":"scroll","background-type":"","background-media":"","overlay-type":"","overlay-color":"","overlay-opacity":"","overlay-gradient":""},"mobile":{"background-color":"","background-image":"","background-repeat":"repeat","background-position":"center center","background-size":"auto","background-attachment":"scroll","background-type":"","background-media":"","overlay-type":"","overlay-color":"","overlay-opacity":"","overlay-gradient":""}},"ast-content-background-meta":{"desktop":{"background-color":"var(--ast-global-color-5)","background-image":"","background-repeat":"repeat","background-position":"center center","background-size":"auto","background-attachment":"scroll","background-type":"","background-media":"","overlay-type":"","overlay-color":"","overlay-opacity":"","overlay-gradient":""},"tablet":{"background-color":"var(--ast-global-color-5)","background-image":"","background-repeat":"repeat","background-position":"center center","background-size":"auto","background-attachment":"scroll","background-type":"","background-media":"","overlay-type":"","overlay-color":"","overlay-opacity":"","overlay-gradient":""},"mobile":{"background-color":"var(--ast-global-color-5)","background-image":"","background-repeat":"repeat","background-position":"center center","background-size":"auto","background-attachment":"scroll","background-type":"","background-media":"","overlay-type":"","overlay-color":"","overlay-opacity":"","overlay-gradient":""}},"_jet_sm_ready_style":"","_jet_sm_style":"","_jet_sm_controls_values":"","_jet_sm_fonts_collection":"","_jet_sm_fonts_links":"","footnotes":""},"schlagwortedst":[150],"wf_page_folders":[],"class_list":["post-4883","page","type-page","status-publish","hentry","schlagwortedst-sidegs"],"_links":{"self":[{"href":"https:\/\/www.dstenerife.eu\/de\/wp-json\/wp\/v2\/pages\/4883","targetHints":{"allow":["GET"]}}],"collection":[{"href":"https:\/\/www.dstenerife.eu\/de\/wp-json\/wp\/v2\/pages"}],"about":[{"href":"https:\/\/www.dstenerife.eu\/de\/wp-json\/wp\/v2\/types\/page"}],"author":[{"embeddable":true,"href":"https:\/\/www.dstenerife.eu\/de\/wp-json\/wp\/v2\/users\/10"}],"replies":[{"embeddable":true,"href":"https:\/\/www.dstenerife.eu\/de\/wp-json\/wp\/v2\/comments?post=4883"}],"version-history":[{"count":7,"href":"https:\/\/www.dstenerife.eu\/de\/wp-json\/wp\/v2\/pages\/4883\/revisions"}],"predecessor-version":[{"id":83972,"href":"https:\/\/www.dstenerife.eu\/de\/wp-json\/wp\/v2\/pages\/4883\/revisions\/83972"}],"up":[{"embeddable":true,"href":"https:\/\/www.dstenerife.eu\/de\/wp-json\/wp\/v2\/pages\/402"}],"wp:attachment":[{"href":"https:\/\/www.dstenerife.eu\/de\/wp-json\/wp\/v2\/media?parent=4883"}],"wp:term":[{"taxonomy":"schlagwortedst","embeddable":true,"href":"https:\/\/www.dstenerife.eu\/de\/wp-json\/wp\/v2\/schlagwortedst?post=4883"},{"taxonomy":"wf_page_folders","embeddable":true,"href":"https:\/\/www.dstenerife.eu\/de\/wp-json\/wp\/v2\/wf_page_folders?post=4883"}],"curies":[{"name":"wp","href":"https:\/\/api.w.org\/{rel}","templated":true}]}}