{"id":626,"date":"2015-04-25T21:37:51","date_gmt":"2015-04-25T21:37:51","guid":{"rendered":"http:\/\/dstenerife.ducklingit.com\/?page_id=626"},"modified":"2024-05-06T12:50:05","modified_gmt":"2024-05-06T11:50:05","slug":"geschichte-der-schule","status":"publish","type":"page","link":"https:\/\/www.dstenerife.eu\/de\/die-schule\/geschichte-der-schule\/","title":{"rendered":"Geschichte der Schule"},"content":{"rendered":"<p>\t\t<div data-elementor-type=\"section\" data-elementor-id=\"40687\" class=\"elementor elementor-40687\" data-elementor-post-type=\"elementor_library\">\n\t\t\t\t\t<section class=\"elementor-section elementor-top-section elementor-element elementor-element-b6bfbdd elementor-section-boxed elementor-section-height-default elementor-section-height-default\" data-id=\"b6bfbdd\" data-element_type=\"section\" data-e-type=\"section\">\n\t\t\t\t\t\t<div class=\"elementor-container elementor-column-gap-default\">\n\t\t\t\t\t<div class=\"elementor-column elementor-col-100 elementor-top-column elementor-element elementor-element-caabb16\" data-id=\"caabb16\" data-element_type=\"column\" data-e-type=\"column\">\n\t\t\t<div class=\"elementor-widget-wrap elementor-element-populated\">\n\t\t\t\t\t\t<div class=\"elementor-element elementor-element-3939545 elementor-widget elementor-widget-jet-horizontal-timeline\" data-id=\"3939545\" data-element_type=\"widget\" data-e-type=\"widget\" data-settings=\"{&quot;columns&quot;:4,&quot;slides_to_scroll&quot;:&quot;2&quot;,&quot;columns_tablet&quot;:2,&quot;columns_mobile&quot;:1,&quot;_ob_widget_stalker_use&quot;:&quot;no&quot;,&quot;_ob_shadough_use&quot;:&quot;no&quot;}\" data-widget_type=\"jet-horizontal-timeline.default\">\n\t\t\t\t<div class=\"elementor-widget-container\">\n\t\t\t\t\t<div class=\"elementor-jet-horizontal-timeline jet-elements\">\n<div class=\"jet-hor-timeline jet-hor-timeline--layout-chess jet-hor-timeline--align-center jet-hor-timeline--arrows-nav\">\n\t<div class=\"jet-hor-timeline-inner\">\n\t\t<div class=\"jet-hor-timeline-track\">\n\t\t\t<div class=\"jet-hor-timeline-list jet-hor-timeline-list--top\">\n<div class=\"jet-hor-timeline-item elementor-repeater-item-a12107c is-active\" data-item-id=\"a12107c\">\n\t\t\t\n<div class=\"jet-hor-timeline-item__card\">\n\t<div class=\"jet-hor-timeline-item__card-inner\">\n\t\t<div class=\"jet-hor-timeline-item__card-title\">Schulgr\u00fcndung<\/div>\t<\/div>\n\t\t\t<div class=\"jet-hor-timeline-item__card-arrow\"><\/div>\n\t<\/div>\n\t<\/div>\n\n<div class=\"jet-hor-timeline-item elementor-repeater-item-3704c64\" data-item-id=\"3704c64\">\n\t\t\t<div class=\"jet-hor-timeline-item__meta\">12. November 1932<\/div>\t<\/div>\n\n<div class=\"jet-hor-timeline-item elementor-repeater-item-be74a26\" data-item-id=\"be74a26\">\n\t\t\t\n<div class=\"jet-hor-timeline-item__card\">\n\t<div class=\"jet-hor-timeline-item__card-inner\">\n\t\t<div class=\"jet-hor-timeline-item__card-title\">Eigenes Schulgeb\u00e4ude<\/div>\t<\/div>\n\t\t\t<div class=\"jet-hor-timeline-item__card-arrow\"><\/div>\n\t<\/div>\n\t<\/div>\n\n<div class=\"jet-hor-timeline-item elementor-repeater-item-e1204b9\" data-item-id=\"e1204b9\">\n\t\t\t<div class=\"jet-hor-timeline-item__meta\">1963<\/div>\t<\/div>\n\n<div class=\"jet-hor-timeline-item elementor-repeater-item-7454090\" data-item-id=\"7454090\">\n\t\t\t\n<div class=\"jet-hor-timeline-item__card\">\n\t<div class=\"jet-hor-timeline-item__card-inner\">\n\t\t<div class=\"jet-hor-timeline-item__card-title\">Einweihung neues Schulgeb\u00e4ude<\/div>\t<\/div>\n\t\t\t<div class=\"jet-hor-timeline-item__card-arrow\"><\/div>\n\t<\/div>\n\t<\/div>\n\n<div class=\"jet-hor-timeline-item elementor-repeater-item-6c3f000\" data-item-id=\"6c3f000\">\n\t\t\t<div class=\"jet-hor-timeline-item__meta\">Dezember 2010<\/div>\t<\/div>\n<\/div>\t\t\t<div class=\"jet-hor-timeline-list jet-hor-timeline-list--middle\">\n\t<div class=\"jet-hor-timeline__line\"><\/div>\n\n<div class=\"jet-hor-timeline-item elementor-repeater-item-a12107c is-active\" data-item-id=\"a12107c\">\n\t<div class=\"jet-hor-timeline-item__point\"><div class=\"jet-hor-timeline-item__point-content\"><span class=\"jet-elements-icon\"><svg aria-hidden=\"true\" class=\"e-font-icon-svg e-fab-fly\" viewBox=\"0 0 384 512\" xmlns=\"http:\/\/www.w3.org\/2000\/svg\"><path d=\"M197.8 427.8c12.9 11.7 33.7 33.3 33.2 50.7 0 .8-.1 1.6-.1 2.5-1.8 19.8-18.8 31.1-39.1 31-25-.1-39.9-16.8-38.7-35.8 1-16.2 20.5-36.7 32.4-47.6 2.3-2.1 2.7-2.7 5.6-3.6 3.4 0 3.9.3 6.7 2.8zM331.9 67.3c-16.3-25.7-38.6-40.6-63.3-52.1C243.1 4.5 214-.2 192 0c-44.1 0-71.2 13.2-81.1 17.3C57.3 45.2 26.5 87.2 28 158.6c7.1 82.2 97 176 155.8 233.8 1.7 1.6 4.5 4.5 6.2 5.1l3.3.1c2.1-.7 1.8-.5 3.5-2.1 52.3-49.2 140.7-145.8 155.9-215.7 7-39.2 3.1-72.5-20.8-112.5zM186.8 351.9c-28-51.1-65.2-130.7-69.3-189-3.4-47.5 11.4-131.2 69.3-136.7v325.7zM328.7 180c-16.4 56.8-77.3 128-118.9 170.3C237.6 298.4 275 217 277 158.4c1.6-45.9-9.8-105.8-48-131.4 88.8 18.3 115.5 98.1 99.7 153z\"><\/path><\/svg><\/span><\/div><\/div><\/div>\n\n<div class=\"jet-hor-timeline-item elementor-repeater-item-3704c64\" data-item-id=\"3704c64\">\n\t<div class=\"jet-hor-timeline-item__point\"><div class=\"jet-hor-timeline-item__point-content\"><span class=\"jet-elements-icon\"><svg aria-hidden=\"true\" class=\"e-font-icon-svg e-far-user\" viewBox=\"0 0 448 512\" xmlns=\"http:\/\/www.w3.org\/2000\/svg\"><path d=\"M313.6 304c-28.7 0-42.5 16-89.6 16-47.1 0-60.8-16-89.6-16C60.2 304 0 364.2 0 438.4V464c0 26.5 21.5 48 48 48h352c26.5 0 48-21.5 48-48v-25.6c0-74.2-60.2-134.4-134.4-134.4zM400 464H48v-25.6c0-47.6 38.8-86.4 86.4-86.4 14.6 0 38.3 16 89.6 16 51.7 0 74.9-16 89.6-16 47.6 0 86.4 38.8 86.4 86.4V464zM224 288c79.5 0 144-64.5 144-144S303.5 0 224 0 80 64.5 80 144s64.5 144 144 144zm0-240c52.9 0 96 43.1 96 96s-43.1 96-96 96-96-43.1-96-96 43.1-96 96-96z\"><\/path><\/svg><\/span><\/div><\/div><\/div>\n\n<div class=\"jet-hor-timeline-item elementor-repeater-item-be74a26\" data-item-id=\"be74a26\">\n\t<div class=\"jet-hor-timeline-item__point\"><div class=\"jet-hor-timeline-item__point-content\"><span class=\"jet-elements-icon\"><svg aria-hidden=\"true\" class=\"e-font-icon-svg e-fas-house-user\" viewBox=\"0 0 576 512\" xmlns=\"http:\/\/www.w3.org\/2000\/svg\"><path d=\"M570.69,236.27,512,184.44V48a16,16,0,0,0-16-16H432a16,16,0,0,0-16,16V99.67L314.78,10.3C308.5,4.61,296.53,0,288,0s-20.46,4.61-26.74,10.3l-256,226A18.27,18.27,0,0,0,0,248.2a18.64,18.64,0,0,0,4.09,10.71L25.5,282.7a21.14,21.14,0,0,0,12,5.3,21.67,21.67,0,0,0,10.69-4.11l15.9-14V480a32,32,0,0,0,32,32H480a32,32,0,0,0,32-32V269.88l15.91,14A21.94,21.94,0,0,0,538.63,288a20.89,20.89,0,0,0,11.87-5.31l21.41-23.81A21.64,21.64,0,0,0,576,248.19,21,21,0,0,0,570.69,236.27ZM288,176a64,64,0,1,1-64,64A64,64,0,0,1,288,176ZM400,448H176a16,16,0,0,1-16-16,96,96,0,0,1,96-96h64a96,96,0,0,1,96,96A16,16,0,0,1,400,448Z\"><\/path><\/svg><\/span><\/div><\/div><\/div>\n\n<div class=\"jet-hor-timeline-item elementor-repeater-item-e1204b9\" data-item-id=\"e1204b9\">\n\t<div class=\"jet-hor-timeline-item__point\"><div class=\"jet-hor-timeline-item__point-content\"><span class=\"jet-elements-icon\"><svg aria-hidden=\"true\" class=\"e-font-icon-svg e-fas-check-square\" viewBox=\"0 0 448 512\" xmlns=\"http:\/\/www.w3.org\/2000\/svg\"><path d=\"M400 480H48c-26.51 0-48-21.49-48-48V80c0-26.51 21.49-48 48-48h352c26.51 0 48 21.49 48 48v352c0 26.51-21.49 48-48 48zm-204.686-98.059l184-184c6.248-6.248 6.248-16.379 0-22.627l-22.627-22.627c-6.248-6.248-16.379-6.249-22.628 0L184 302.745l-70.059-70.059c-6.248-6.248-16.379-6.248-22.628 0l-22.627 22.627c-6.248 6.248-6.248 16.379 0 22.627l104 104c6.249 6.25 16.379 6.25 22.628.001z\"><\/path><\/svg><\/span><\/div><\/div><\/div>\n\n<div class=\"jet-hor-timeline-item elementor-repeater-item-7454090\" data-item-id=\"7454090\">\n\t<div class=\"jet-hor-timeline-item__point\"><div class=\"jet-hor-timeline-item__point-content\"><span class=\"jet-elements-icon\"><svg aria-hidden=\"true\" class=\"e-font-icon-svg e-fas-school\" viewBox=\"0 0 640 512\" xmlns=\"http:\/\/www.w3.org\/2000\/svg\"><path d=\"M0 224v272c0 8.84 7.16 16 16 16h80V192H32c-17.67 0-32 14.33-32 32zm360-48h-24v-40c0-4.42-3.58-8-8-8h-16c-4.42 0-8 3.58-8 8v64c0 4.42 3.58 8 8 8h48c4.42 0 8-3.58 8-8v-16c0-4.42-3.58-8-8-8zm137.75-63.96l-160-106.67a32.02 32.02 0 0 0-35.5 0l-160 106.67A32.002 32.002 0 0 0 128 138.66V512h128V368c0-8.84 7.16-16 16-16h96c8.84 0 16 7.16 16 16v144h128V138.67c0-10.7-5.35-20.7-14.25-26.63zM320 256c-44.18 0-80-35.82-80-80s35.82-80 80-80 80 35.82 80 80-35.82 80-80 80zm288-64h-64v320h80c8.84 0 16-7.16 16-16V224c0-17.67-14.33-32-32-32z\"><\/path><\/svg><\/span><\/div><\/div><\/div>\n\n<div class=\"jet-hor-timeline-item elementor-repeater-item-6c3f000\" data-item-id=\"6c3f000\">\n\t<div class=\"jet-hor-timeline-item__point\"><div class=\"jet-hor-timeline-item__point-content\"><span class=\"jet-elements-icon\"><svg xmlns=\"http:\/\/www.w3.org\/2000\/svg\" xmlns:xlink=\"http:\/\/www.w3.org\/1999\/xlink\" viewBox=\"0 0 1668.24 1668.24\"><defs><clipPath id=\"a\" transform=\"translate(-239.78 -270.16)\"><rect x=\"385.1\" y=\"404.28\" width=\"1400\" height=\"1400\" style=\"fill:none\"><\/rect><\/clipPath><\/defs><circle cx=\"834.12\" cy=\"834.12\" r=\"833.62\" style=\"fill:#fff;stroke:#1d1d1b;stroke-miterlimit:10\"><\/circle><g style=\"clip-path:url(#a)\"><g style=\"clip-path:url(#a)\"><path d=\"M1785.11,1104.15h-10.67C1774.44,776.47,1509,511,1181.28,511a590.3,590.3,0,0,0-339.65,107C592,639.31,396,848.8,396,1104.15H385.11c0-386.53,313.37-699.89,700.11-699.89,386.52,0,699.89,313.36,699.89,699.89\" transform=\"translate(-239.78 -270.16)\" style=\"fill:#1d1d1b\"><\/path><path d=\"M1785.11,1104.15c0,386.74-313.37,700.11-700.13,700.11-386.5,0-699.87-313.37-699.87-700.11H396c0,255.07,195.73,464.59,445.33,486.19a588.92,588.92,0,0,0,339.91,107.23c327.68,0,593.16-265.74,593.16-593.42Z\" transform=\"translate(-239.78 -270.16)\" style=\"fill:#ffd73d\"><\/path><path d=\"M1372.31,1104.15c0,269.62-218.37,488.27-488,488.27a389.36,389.36,0,0,1-42.94-2.08c-153.3-107.23-253.51-285-253.51-486.19Z\" transform=\"translate(-239.78 -270.16)\" style=\"fill:#ffd73d\"><\/path><path d=\"M1372.31,1104.28c0,269.64-218.37,488.27-488,488.27a389.36,389.36,0,0,1-42.94-2.08c-153.3-107.24-253.51-285-253.51-486.19,0-201.45,100.21-379.22,253.77-486.19A387.76,387.76,0,0,1,884.3,616c269.64,0,488,218.63,488,488.27\" transform=\"translate(-239.78 -270.16)\" style=\"fill:#e73533\"><\/path><\/g><\/g><\/svg><\/span><\/div><\/div><\/div>\n<\/div>\t\t\t<div class=\"jet-hor-timeline-list jet-hor-timeline-list--bottom\">\n<div class=\"jet-hor-timeline-item elementor-repeater-item-a12107c is-active\" data-item-id=\"a12107c\">\n\t\t\t<div class=\"jet-hor-timeline-item__meta\">1909<\/div>\t<\/div>\n\n<div class=\"jet-hor-timeline-item elementor-repeater-item-3704c64\" data-item-id=\"3704c64\">\n\t\t\t\n<div class=\"jet-hor-timeline-item__card\">\n\t<div class=\"jet-hor-timeline-item__card-inner\">\n\t\t<div class=\"jet-hor-timeline-item__card-title\">Deutscher Schulverein<\/div>\t<\/div>\n\t\t\t<div class=\"jet-hor-timeline-item__card-arrow\"><\/div>\n\t<\/div>\n\t<\/div>\n\n<div class=\"jet-hor-timeline-item elementor-repeater-item-be74a26\" data-item-id=\"be74a26\">\n\t\t\t<div class=\"jet-hor-timeline-item__meta\">20. Oktober 1935<\/div>\t<\/div>\n\n<div class=\"jet-hor-timeline-item elementor-repeater-item-e1204b9\" data-item-id=\"e1204b9\">\n\t\t\t\n<div class=\"jet-hor-timeline-item__card\">\n\t<div class=\"jet-hor-timeline-item__card-inner\">\n\t\t<div class=\"jet-hor-timeline-item__card-title\">Offizielle Anerkennung<\/div>\t<\/div>\n\t\t\t<div class=\"jet-hor-timeline-item__card-arrow\"><\/div>\n\t<\/div>\n\t<\/div>\n\n<div class=\"jet-hor-timeline-item elementor-repeater-item-7454090\" data-item-id=\"7454090\">\n\t\t\t<div class=\"jet-hor-timeline-item__meta\">12. M\u00e4rz 1999<\/div>\t<\/div>\n\n<div class=\"jet-hor-timeline-item elementor-repeater-item-6c3f000\" data-item-id=\"6c3f000\">\n\t\t\t\n<div class=\"jet-hor-timeline-item__card\">\n\t<div class=\"jet-hor-timeline-item__card-inner\">\n\t\t<div class=\"jet-hor-timeline-item__card-title\">G\u00fctesiegel<\/div><div class=\"jet-hor-timeline-item__card-desc\">Exzellente Deutsche Auslandsschule<\/div>\t<\/div>\n\t\t\t<div class=\"jet-hor-timeline-item__card-arrow\"><\/div>\n\t<\/div>\n\t<\/div>\n<\/div>\t\t<\/div>\n\t<\/div>\n\t<i class=\"jet-arrow jet-prev-arrow jet-arrow-disabled\"><svg width=\"24\" height=\"24\" viewBox=\"0 0 24 24\" fill=\"none\" xmlns=\"http:\/\/www.w3.org\/2000\/svg\"><path d=\"M14.425 5.9749L14.425 18.0249L8.39999 11.9999L14.425 5.9749Z\" fill=\"#0F172A\"\/><\/svg><\/i><i class=\"jet-arrow jet-next-arrow\"><svg width=\"24\" height=\"24\" viewBox=\"0 0 24 24\" fill=\"none\" xmlns=\"http:\/\/www.w3.org\/2000\/svg\"><path d=\"M9.57501 18.0251V5.9751L15.6 12.0001L9.57501 18.0251Z\" fill=\"#0F172A\"\/><\/svg><\/i><\/div><\/div>\t\t\t\t<\/div>\n\t\t\t\t<\/div>\n\t\t\t\t\t<\/div>\n\t\t<\/div>\n\t\t\t\t\t<\/div>\n\t\t<\/section>\n\t\t\t\t<\/div>\n\t\t<br \/>\n<a id=\"1\"><\/a><\/p>\n<h2>Schulgr\u00fcndung<\/h2>\n<p>Im Jahr 1909 schloss sich eine Gruppe von Deutschen und Schweizer Familien zusammen, um eine kleine Privatschule in Puerto de la Cruz zu gr\u00fcnden. Ab 1919 fand im Gartenhaus des damaligen deutschen Konsuls Jakob Ahlers in Santa Cruz regelm\u00e4\u00dfiger Schulbetrieb statt. Im Jahr 1924 er\u00f6ffnete der Lehrer Gr\u00e4hn im Gartenhaus der Familie Groth eine Grundschule. Nachdem weitere Kinder hinzukamen, wurden sie in einem deutschen Club in der Stra\u00dfe Consolaci\u00f3n unterrichtet. Beide Schulen wurden im Jahr 1927 zusammengelegt. Raymond Matthys \u00fcbernahm im Herbst 1928 die Leitung der Schule in der Stra\u00dfe Numancia 33. Das Geb\u00e4ude steht noch heute unver\u00e4ndert.<\/p>\n<p style=\"text-align: justify;\"><img fetchpriority=\"high\" decoding=\"async\" class=\"alignnone size-medium wp-image-39021\" src=\"https:\/\/e969z83yjsq.exactdn.com\/wp-content\/uploads\/2021\/05\/8-foto-8-anos-20-669x423.jpg?strip=all\" alt=\"\" width=\"669\" height=\"423\" srcset=\"https:\/\/e969z83yjsq.exactdn.com\/wp-content\/uploads\/2021\/05\/8-foto-8-anos-20-669x423.jpg?strip=all 669w, https:\/\/e969z83yjsq.exactdn.com\/wp-content\/uploads\/2021\/05\/8-foto-8-anos-20-1139x720.jpg?strip=all 1139w, https:\/\/e969z83yjsq.exactdn.com\/wp-content\/uploads\/2021\/05\/8-foto-8-anos-20-768x486.jpg?strip=all 768w, https:\/\/e969z83yjsq.exactdn.com\/wp-content\/uploads\/2021\/05\/8-foto-8-anos-20-1536x971.jpg?strip=all 1536w, https:\/\/e969z83yjsq.exactdn.com\/wp-content\/uploads\/2021\/05\/8-foto-8-anos-20-320x202.jpg?strip=all 320w, https:\/\/e969z83yjsq.exactdn.com\/wp-content\/uploads\/2021\/05\/8-foto-8-anos-20.jpg?strip=all 1920w, https:\/\/e969z83yjsq.exactdn.com\/wp-content\/uploads\/2021\/05\/8-foto-8-anos-20.jpg?strip=all&amp;w=384 384w, https:\/\/e969z83yjsq.exactdn.com\/wp-content\/uploads\/2021\/05\/8-foto-8-anos-20.jpg?strip=all&amp;w=450 450w\" sizes=\"(max-width: 669px) 100vw, 669px\" \/><\/p>\n<p>&nbsp;<\/p>\n<h2>Deutscher Schulverein<\/h2>\n<p>Am 12. November 1932 wurde ein Deutscher Schulverein als Tr\u00e4ger der Schulen gegr\u00fcndet. Zu diesen Schulen geh\u00f6rt sp\u00e4ter auch die 1933 gegr\u00fcndete Deutsche Schule in Puerto de la Cruz. Au\u00dferdem wurde in Santa Cruz ein Deutscher Kindergarten er\u00f6ffnet.<\/p>\n<p>&nbsp;<\/p>\n<h2>Eigenes Schulgeb\u00e4ude<\/h2>\n<p>Durch die stetig wachsende Sch\u00fclerzahl wurde der Bau eines eigenen, gr\u00f6\u00dferen Geb\u00e4udes notwendig. Am 20. Oktober 1935 wurde das Geb\u00e4ude der Deutschen Schule in Santa Cruz in der Stra\u00dfe Enrique Wolfson 17 feierlich eingeweiht. Im Schuljahr 1935\/36 z\u00e4hlte die Deutsche Schule 57 deutsche, 63 spanische und 11 Sch\u00fcler aus anderen europ\u00e4ischen L\u00e4ndern (Schweiz, \u00d6sterreich, England, Norwegen, Tschechoslowakei). Unter der Leitung von Max Johs unterrichteten sechs Lehrkr\u00e4fte an der Schule. Auf Druck der Alliierten wurde 1945 die Deutsche Schule in Santa Cruz geschlossen und das Geb\u00e4ude beschlagnahmt. Es diente als Pfand f\u00fcr im Deutschen Reich verlorengegangene Werte. Das spanische Instituto Nacional de Ense\u00f1anza zog in die R\u00e4ume ein. Im Oktober 1951 \u00f6ffnete die Schule erneut. Der Unterricht wurde behelfsm\u00e4\u00dfig in einer Garage erteilt, bis 1954 der Umzug in die Villa an der Ramblas 58 erfolgte. Im gleichen Schuljahr z\u00e4hlte man bereits wieder 95 Sch\u00fcler und 74 Kindergartenkinder.<\/p>\n<p style=\"text-align: justify;\"><img decoding=\"async\" class=\"alignnone size-medium wp-image-39017\" src=\"https:\/\/e969z83yjsq.exactdn.com\/wp-content\/uploads\/2021\/05\/colegio-Enrique-Wolfson-515x423.jpg?strip=all\" alt=\"\" width=\"515\" height=\"423\" srcset=\"https:\/\/e969z83yjsq.exactdn.com\/wp-content\/uploads\/2021\/05\/colegio-Enrique-Wolfson-515x423.jpg?strip=all 515w, https:\/\/e969z83yjsq.exactdn.com\/wp-content\/uploads\/2021\/05\/colegio-Enrique-Wolfson-877x720.jpg?strip=all 877w, https:\/\/e969z83yjsq.exactdn.com\/wp-content\/uploads\/2021\/05\/colegio-Enrique-Wolfson-768x631.jpg?strip=all 768w, https:\/\/e969z83yjsq.exactdn.com\/wp-content\/uploads\/2021\/05\/colegio-Enrique-Wolfson-1536x1262.jpg?strip=all 1536w, https:\/\/e969z83yjsq.exactdn.com\/wp-content\/uploads\/2021\/05\/colegio-Enrique-Wolfson-320x263.jpg?strip=all 320w, https:\/\/e969z83yjsq.exactdn.com\/wp-content\/uploads\/2021\/05\/colegio-Enrique-Wolfson.jpg?strip=all 1920w, https:\/\/e969z83yjsq.exactdn.com\/wp-content\/uploads\/2021\/05\/colegio-Enrique-Wolfson.jpg?strip=all&amp;w=384 384w, https:\/\/e969z83yjsq.exactdn.com\/wp-content\/uploads\/2021\/05\/colegio-Enrique-Wolfson.jpg?strip=all&amp;w=1152 1152w, https:\/\/e969z83yjsq.exactdn.com\/wp-content\/uploads\/2021\/05\/colegio-Enrique-Wolfson.jpg?strip=all&amp;w=450 450w\" sizes=\"(max-width: 515px) 100vw, 515px\" \/><\/p>\n<p>&nbsp;<\/p>\n<h2>Offizielle Anerkennung<\/h2>\n<p>Im Jahr 1963 erkannte die Kultusministerkonferenz (KMK) die Schule offiziell an. Zuvor hatten die spanischen Unterrichtsbeh\u00f6rden der Deutschen Schule bereits das Recht zugesprochen, die Bachillerato-Pr\u00fcfung selbst vorzunehmen. Schlie\u00dflich wurde 1966 das Schulgeb\u00e4ude in der Calle Enrique Wolfson 17 an den Schulverein zur\u00fcckgegeben. Der Schulverein beschloss 1978 auf der Basis des Real Decreto 111 vom 12. Mai 1978 die Umstrukturierung der Schule zur Begegnungsschule, mit deutscher Reifepr\u00fcfung im Ausland als Schulabschluss. Nach langwierigen Verhandlungen mit dem Ausw\u00e4rtigen Amt fand im Mai des Jahres 1988 die erste Reifepr\u00fcfung statt.<\/p>\n<p style=\"text-align: justify;\"><img decoding=\"async\" class=\"alignnone size-medium wp-image-39023\" src=\"https:\/\/e969z83yjsq.exactdn.com\/wp-content\/uploads\/2021\/05\/Scan10016-497x423.jpg?strip=all\" alt=\"\" width=\"497\" height=\"423\" srcset=\"https:\/\/e969z83yjsq.exactdn.com\/wp-content\/uploads\/2021\/05\/Scan10016-497x423.jpg?strip=all 497w, https:\/\/e969z83yjsq.exactdn.com\/wp-content\/uploads\/2021\/05\/Scan10016-846x720.jpg?strip=all 846w, https:\/\/e969z83yjsq.exactdn.com\/wp-content\/uploads\/2021\/05\/Scan10016-768x654.jpg?strip=all 768w, https:\/\/e969z83yjsq.exactdn.com\/wp-content\/uploads\/2021\/05\/Scan10016-1536x1308.jpg?strip=all 1536w, https:\/\/e969z83yjsq.exactdn.com\/wp-content\/uploads\/2021\/05\/Scan10016-320x273.jpg?strip=all 320w, https:\/\/e969z83yjsq.exactdn.com\/wp-content\/uploads\/2021\/05\/Scan10016.jpg?strip=all 1920w, https:\/\/e969z83yjsq.exactdn.com\/wp-content\/uploads\/2021\/05\/Scan10016.jpg?strip=all&amp;w=384 384w, https:\/\/e969z83yjsq.exactdn.com\/wp-content\/uploads\/2021\/05\/Scan10016.jpg?strip=all&amp;w=1152 1152w\" sizes=\"(max-width: 497px) 100vw, 497px\" \/><\/p>\n<p>&nbsp;<\/p>\n<h2>Neues Schulgeb\u00e4ude<\/h2>\n<p>Aus Platzmangel und weil Sportanlagen fehlten, erwarb der Schulverein mit Unterst\u00fctzung durch das deutsche Konsulat ein neues Grundst\u00fcck au\u00dferhalb der Stadt Santa Cruz. Die Grundsteinlegung f\u00fcr das neue Schulgeb\u00e4ude fand am 10. Januar 1997 in Tabaiba Alta, einem Ortsteil von El Rosario statt. 1999 zog die Schule in das heutige Geb\u00e4ude um und wurde offiziell am 12. M\u00e4rz 1999 eingeweiht. Das ehemalige Geb\u00e4ude wurde an die Stadt verkauft und beherbergt seitdem deren Sprachenschule Escuela Oficial de Idiomas.<\/p>\n<p style=\"text-align: justify;\"><img loading=\"lazy\" decoding=\"async\" class=\"alignnone size-medium wp-image-39026\" src=\"https:\/\/e969z83yjsq.exactdn.com\/wp-content\/uploads\/2021\/05\/2-608x423.jpg?strip=all\" alt=\"\" width=\"608\" height=\"423\" srcset=\"https:\/\/e969z83yjsq.exactdn.com\/wp-content\/uploads\/2021\/05\/2-608x423.jpg?strip=all 608w, https:\/\/e969z83yjsq.exactdn.com\/wp-content\/uploads\/2021\/05\/2-1036x720.jpg?strip=all 1036w, https:\/\/e969z83yjsq.exactdn.com\/wp-content\/uploads\/2021\/05\/2-768x534.jpg?strip=all 768w, https:\/\/e969z83yjsq.exactdn.com\/wp-content\/uploads\/2021\/05\/2-1536x1068.jpg?strip=all 1536w, https:\/\/e969z83yjsq.exactdn.com\/wp-content\/uploads\/2021\/05\/2-320x223.jpg?strip=all 320w, https:\/\/e969z83yjsq.exactdn.com\/wp-content\/uploads\/2021\/05\/2.jpg?strip=all 1920w, https:\/\/e969z83yjsq.exactdn.com\/wp-content\/uploads\/2021\/05\/2.jpg?strip=all&amp;w=384 384w, https:\/\/e969z83yjsq.exactdn.com\/wp-content\/uploads\/2021\/05\/2.jpg?strip=all&amp;w=1152 1152w, https:\/\/e969z83yjsq.exactdn.com\/wp-content\/uploads\/2021\/05\/2.jpg?strip=all&amp;w=450 450w\" sizes=\"(max-width: 608px) 100vw, 608px\" \/><\/p>\n<p>&nbsp;<\/p>\n<h2>G\u00fctesiegel<\/h2>\n<p><a href=\"https:\/\/e969z83yjsq.exactdn.com\/wp-content\/uploads\/2021\/05\/excellenteDAtransparent.svg\"><img decoding=\"async\" class=\"alignright wp-image-38469\" src=\"https:\/\/e969z83yjsq.exactdn.com\/wp-content\/uploads\/2021\/05\/excellenteDAtransparent.svg\" alt=\"\" width=\"64\" \/><\/a>Nach den mehrt\u00e4gigen Bund-L\u00e4nder-Inspektionen der Schule durch eine Kommission der Kultusministerkonferenz (KMK) und der Zentralstelle f\u00fcr das Auslandsschulwesen (ZfA) bekam die Deutsche Schule Santa Cruz de Tenerife 2010 und 2016 das G\u00fctesiegel \u201eExzellente Deutsche Auslandsschule\u201c verliehen.<\/p>\n","protected":false},"excerpt":{"rendered":"<p>Schulgr\u00fcndung Im Jahr 1909 schloss sich eine Gruppe von Deutschen und Schweizer Familien zusammen, um eine [&hellip;]<\/p>\n","protected":false},"author":10,"featured_media":39019,"parent":18,"menu_order":7,"comment_status":"closed","ping_status":"closed","template":"","meta":{"site-sidebar-layout":"default","site-content-layout":"default","ast-site-content-layout":"default","site-content-style":"default","site-sidebar-style":"default","ast-global-header-display":"","ast-banner-title-visibility":"","ast-main-header-display":"","ast-hfb-above-header-display":"","ast-hfb-below-header-display":"","ast-hfb-mobile-header-display":"","site-post-title":"","ast-breadcrumbs-content":"","ast-featured-img":"","footer-sml-layout":"","ast-disable-related-posts":"","theme-transparent-header-meta":"default","adv-header-id-meta":"","stick-header-meta":"default","header-above-stick-meta":"","header-main-stick-meta":"","header-below-stick-meta":"","astra-migrate-meta-layouts":"set","ast-page-background-enabled":"default","ast-page-background-meta":{"desktop":{"background-color":"","background-image":"","background-repeat":"repeat","background-position":"center center","background-size":"auto","background-attachment":"scroll","background-type":"","background-media":"","overlay-type":"","overlay-color":"","overlay-opacity":"","overlay-gradient":""},"tablet":{"background-color":"","background-image":"","background-repeat":"repeat","background-position":"center center","background-size":"auto","background-attachment":"scroll","background-type":"","background-media":"","overlay-type":"","overlay-color":"","overlay-opacity":"","overlay-gradient":""},"mobile":{"background-color":"","background-image":"","background-repeat":"repeat","background-position":"center center","background-size":"auto","background-attachment":"scroll","background-type":"","background-media":"","overlay-type":"","overlay-color":"","overlay-opacity":"","overlay-gradient":""}},"ast-content-background-meta":{"desktop":{"background-color":"var(--ast-global-color-5)","background-image":"","background-repeat":"repeat","background-position":"center center","background-size":"auto","background-attachment":"scroll","background-type":"","background-media":"","overlay-type":"","overlay-color":"","overlay-opacity":"","overlay-gradient":""},"tablet":{"background-color":"var(--ast-global-color-5)","background-image":"","background-repeat":"repeat","background-position":"center center","background-size":"auto","background-attachment":"scroll","background-type":"","background-media":"","overlay-type":"","overlay-color":"","overlay-opacity":"","overlay-gradient":""},"mobile":{"background-color":"var(--ast-global-color-5)","background-image":"","background-repeat":"repeat","background-position":"center center","background-size":"auto","background-attachment":"scroll","background-type":"","background-media":"","overlay-type":"","overlay-color":"","overlay-opacity":"","overlay-gradient":""}},"_jet_sm_ready_style":"","_jet_sm_style":"","_jet_sm_controls_values":"","_jet_sm_fonts_collection":"","_jet_sm_fonts_links":"","footnotes":""},"schlagwortedst":[153],"wf_page_folders":[190],"class_list":["post-626","page","type-page","status-publish","has-post-thumbnail","hentry","schlagwortedst-sideschule"],"_links":{"self":[{"href":"https:\/\/www.dstenerife.eu\/de\/wp-json\/wp\/v2\/pages\/626","targetHints":{"allow":["GET"]}}],"collection":[{"href":"https:\/\/www.dstenerife.eu\/de\/wp-json\/wp\/v2\/pages"}],"about":[{"href":"https:\/\/www.dstenerife.eu\/de\/wp-json\/wp\/v2\/types\/page"}],"author":[{"embeddable":true,"href":"https:\/\/www.dstenerife.eu\/de\/wp-json\/wp\/v2\/users\/10"}],"replies":[{"embeddable":true,"href":"https:\/\/www.dstenerife.eu\/de\/wp-json\/wp\/v2\/comments?post=626"}],"version-history":[{"count":2,"href":"https:\/\/www.dstenerife.eu\/de\/wp-json\/wp\/v2\/pages\/626\/revisions"}],"predecessor-version":[{"id":70262,"href":"https:\/\/www.dstenerife.eu\/de\/wp-json\/wp\/v2\/pages\/626\/revisions\/70262"}],"up":[{"embeddable":true,"href":"https:\/\/www.dstenerife.eu\/de\/wp-json\/wp\/v2\/pages\/18"}],"wp:featuredmedia":[{"embeddable":true,"href":"https:\/\/www.dstenerife.eu\/de\/wp-json\/wp\/v2\/media\/39019"}],"wp:attachment":[{"href":"https:\/\/www.dstenerife.eu\/de\/wp-json\/wp\/v2\/media?parent=626"}],"wp:term":[{"taxonomy":"schlagwortedst","embeddable":true,"href":"https:\/\/www.dstenerife.eu\/de\/wp-json\/wp\/v2\/schlagwortedst?post=626"},{"taxonomy":"wf_page_folders","embeddable":true,"href":"https:\/\/www.dstenerife.eu\/de\/wp-json\/wp\/v2\/wf_page_folders?post=626"}],"curies":[{"name":"wp","href":"https:\/\/api.w.org\/{rel}","templated":true}]}}