{"id":63649,"date":"2023-09-25T05:53:45","date_gmt":"2023-09-25T04:53:45","guid":{"rendered":"https:\/\/www.dstenerife.eu\/?page_id=63649"},"modified":"2023-09-25T07:17:42","modified_gmt":"2023-09-25T06:17:42","slug":"silder-experiments-internal","status":"publish","type":"page","link":"https:\/\/www.dstenerife.eu\/de\/silder-experiments-internal\/","title":{"rendered":"silder Experiments internal"},"content":{"rendered":"\t\t<div data-elementor-type=\"wp-page\" data-elementor-id=\"63649\" class=\"elementor elementor-63649\" data-elementor-post-type=\"page\">\n\t\t\t\t<div class=\"elementor-element elementor-element-164e477 e-con-full e-flex e-con e-parent\" data-id=\"164e477\" data-element_type=\"container\" data-e-type=\"container\" data-settings=\"{&quot;background_background&quot;:&quot;classic&quot;}\">\n\t\t\t\t<div class=\"elementor-element elementor-element-174a137 elementor-widget__width-inherit elementor-pagination-type-progressbar elementor-arrows-position-inside elementor-widget elementor-widget-n-carousel\" data-id=\"174a137\" data-element_type=\"widget\" data-e-type=\"widget\" data-settings=\"{&quot;carousel_items&quot;:[{&quot;_id&quot;:&quot;3f2dfc1&quot;,&quot;slide_title&quot;:&quot;Slide #7&quot;},{&quot;_id&quot;:&quot;c19a997&quot;,&quot;slide_title&quot;:&quot;Slide #6&quot;},{&quot;slide_title&quot;:&quot;Slide #1&quot;,&quot;_id&quot;:&quot;3214373&quot;},{&quot;slide_title&quot;:&quot;Slide #2&quot;,&quot;_id&quot;:&quot;4dcaaa4&quot;},{&quot;slide_title&quot;:&quot;Slide #3&quot;,&quot;_id&quot;:&quot;f891874&quot;},{&quot;_id&quot;:&quot;258deb9&quot;,&quot;slide_title&quot;:&quot;Slide #4&quot;},{&quot;_id&quot;:&quot;6491483&quot;,&quot;slide_title&quot;:&quot;Slide #5&quot;}],&quot;slides_to_show&quot;:&quot;1&quot;,&quot;slides_to_scroll&quot;:&quot;1&quot;,&quot;image_spacing_custom&quot;:{&quot;unit&quot;:&quot;px&quot;,&quot;size&quot;:0,&quot;sizes&quot;:[]},&quot;pagination&quot;:&quot;progressbar&quot;,&quot;slides_to_show_tablet&quot;:&quot;2&quot;,&quot;slides_to_show_mobile&quot;:&quot;1&quot;,&quot;autoplay&quot;:&quot;yes&quot;,&quot;autoplay_speed&quot;:5000,&quot;pause_on_hover&quot;:&quot;yes&quot;,&quot;pause_on_interaction&quot;:&quot;yes&quot;,&quot;infinite&quot;:&quot;yes&quot;,&quot;speed&quot;:500,&quot;offset_sides&quot;:&quot;none&quot;,&quot;arrows&quot;:&quot;yes&quot;,&quot;image_spacing_custom_tablet&quot;:{&quot;unit&quot;:&quot;px&quot;,&quot;size&quot;:&quot;&quot;,&quot;sizes&quot;:[]},&quot;image_spacing_custom_mobile&quot;:{&quot;unit&quot;:&quot;px&quot;,&quot;size&quot;:&quot;&quot;,&quot;sizes&quot;:[]},&quot;_ob_widget_stalker_use&quot;:&quot;no&quot;,&quot;_ob_shadough_use&quot;:&quot;no&quot;}\" data-widget_type=\"nested-carousel.default\">\n\t\t\t\t<div class=\"elementor-widget-container\">\n\t\t\t\t\t\t\t<div class=\"e-n-carousel swiper\" role=\"region\" aria-roledescription=\"carousel\" aria-label=\"Karussell\" dir=\"ltr\">\n\t\t\t<div class=\"swiper-wrapper\" aria-live=\"off\">\n\t\t\t\t\t\t\t\t\t\t<div class=\"swiper-slide\" data-slide=\"1\" role=\"group\" aria-roledescription=\"slide\" aria-label=\"1 von 7\">\n\t\t\t\t\t\t\t<div class=\"elementor-element elementor-element-7edee89 e-con-full e-flex e-con e-child\" data-id=\"7edee89\" data-element_type=\"container\" data-e-type=\"container\" data-settings=\"{&quot;background_background&quot;:&quot;classic&quot;}\">\n\t\t\t\t<\/div>\n\t\t\t\t\t\t\t\t<\/div>\n\t\t\t\t\t\t\t\t\t\t\t<div class=\"swiper-slide\" data-slide=\"2\" role=\"group\" aria-roledescription=\"slide\" aria-label=\"2 von 7\">\n\t\t\t\t\t\t\t<div class=\"elementor-element elementor-element-b5003c6 e-con-full e-flex elementor-invisible e-con e-child\" data-id=\"b5003c6\" data-element_type=\"container\" data-e-type=\"container\" data-settings=\"{&quot;background_background&quot;:&quot;classic&quot;,&quot;animation&quot;:&quot;bounceInLeft&quot;}\">\n\t\t\t\t<div class=\"elementor-element elementor-element-71bde7f elementor-widget__width-initial elementor-widget-tablet__width-initial elementor-fixed elementor-hidden-phone elementor-invisible elementor-widget elementor-widget-shortcode\" data-id=\"71bde7f\" data-element_type=\"widget\" data-e-type=\"widget\" data-settings=\"{&quot;_position&quot;:&quot;fixed&quot;,&quot;_animation&quot;:&quot;slideInRight&quot;,&quot;_animation_delay&quot;:5500,&quot;_ob_widget_stalker_use&quot;:&quot;no&quot;}\" data-swiper-parallax-x=\"-60%\" data-swiper-parallax-duration=\"700\" data-widget_type=\"shortcode.default\">\n\t\t\t\t<div class=\"elementor-widget-container\">\n\t\t\t\t\t\t\t<div class=\"elementor-shortcode\"><div class=\"dst-quote\"><div class=\"dst-quote-text\">\u201c<em>Die DST hat mir viele T\u00fcren ge\u00f6ffnet, um \u00fcberall auf der Welt studieren zu k\u00f6nnen. Ich habe gelernt, wie man sich t\u00e4glich in einer anderen Sprache unterhalten kann.<\/em>\u201c<\/div><h4 class=\"dst-quote-title\">Luc\u00eda Roca Killick<\/h4><\/div><\/div>\n\t\t\t\t\t\t<\/div>\n\t\t\t\t<\/div>\n\t\t\t\t<\/div>\n\t\t\t\t\t\t\t\t<\/div>\n\t\t\t\t\t\t\t\t\t\t\t<div class=\"swiper-slide\" data-slide=\"3\" role=\"group\" aria-roledescription=\"slide\" aria-label=\"3 von 7\">\n\t\t\t\t\t\t\t<div class=\"elementor-element elementor-element-bfdde84 e-con-full animated-fast e-flex e-con e-child\" data-id=\"bfdde84\" data-element_type=\"container\" data-e-type=\"container\" data-settings=\"{&quot;background_background&quot;:&quot;classic&quot;,&quot;animation&quot;:&quot;none&quot;,&quot;animation_delay&quot;:10200}\">\n\t\t\t\t<div class=\"elementor-element elementor-element-8b8d8c4 elementor-widget__width-initial elementor-widget-tablet__width-initial elementor-fixed elementor-hidden-phone elementor-invisible elementor-widget elementor-widget-shortcode\" data-id=\"8b8d8c4\" data-element_type=\"widget\" data-e-type=\"widget\" data-settings=\"{&quot;_position&quot;:&quot;fixed&quot;,&quot;_animation&quot;:&quot;slideInRight&quot;,&quot;_animation_delay&quot;:5500,&quot;_ob_widget_stalker_use&quot;:&quot;no&quot;}\" data-swiper-parallax-x=\"-60%\" data-swiper-parallax-duration=\"700\" data-widget_type=\"shortcode.default\">\n\t\t\t\t<div class=\"elementor-widget-container\">\n\t\t\t\t\t\t\t<div class=\"elementor-shortcode\"><div class=\"dst-quote\"><div class=\"dst-quote-text\">\u201c<em>Die DST hat mir viele T\u00fcren ge\u00f6ffnet, um \u00fcberall auf der Welt studieren zu k\u00f6nnen. Ich habe gelernt, wie man sich t\u00e4glich in einer anderen Sprache unterhalten kann.<\/em>\u201c<\/div><h4 class=\"dst-quote-title\">Luc\u00eda Roca Killick<\/h4><\/div><\/div>\n\t\t\t\t\t\t<\/div>\n\t\t\t\t<\/div>\n\t\t\t\t<\/div>\n\t\t\t\t\t\t\t\t<\/div>\n\t\t\t\t\t\t\t\t\t\t\t<div class=\"swiper-slide\" data-slide=\"4\" role=\"group\" aria-roledescription=\"slide\" aria-label=\"4 von 7\">\n\t\t\t\t\t\t\t<div class=\"elementor-element elementor-element-6ad8030 e-con-full e-flex e-con e-child\" data-id=\"6ad8030\" data-element_type=\"container\" data-e-type=\"container\" data-settings=\"{&quot;background_background&quot;:&quot;classic&quot;}\">\n\t\t\t\t<div class=\"elementor-element elementor-element-74bfd34 elementor-widget__width-initial elementor-widget-tablet__width-initial elementor-fixed elementor-hidden-phone elementor-invisible elementor-widget elementor-widget-shortcode\" data-id=\"74bfd34\" data-element_type=\"widget\" data-e-type=\"widget\" data-settings=\"{&quot;_position&quot;:&quot;fixed&quot;,&quot;_animation&quot;:&quot;slideInRight&quot;,&quot;_animation_delay&quot;:5500,&quot;_ob_widget_stalker_use&quot;:&quot;no&quot;,&quot;_ob_shadough_use&quot;:&quot;no&quot;}\" data-swiper-parallax-x=\"-60%\" data-swiper-parallax-duration=\"700\" data-widget_type=\"shortcode.default\">\n\t\t\t\t<div class=\"elementor-widget-container\">\n\t\t\t\t\t\t\t<div class=\"elementor-shortcode\"><div class=\"dst-quote\"><div class=\"dst-quote-text\">\u201c<em>Die DST hat mir viele T\u00fcren ge\u00f6ffnet, um \u00fcberall auf der Welt studieren zu k\u00f6nnen. Ich habe gelernt, wie man sich t\u00e4glich in einer anderen Sprache unterhalten kann.<\/em>\u201c<\/div><h4 class=\"dst-quote-title\">Luc\u00eda Roca Killick<\/h4><\/div><\/div>\n\t\t\t\t\t\t<\/div>\n\t\t\t\t<\/div>\n\t\t\t\t<\/div>\n\t\t\t\t\t\t\t\t<\/div>\n\t\t\t\t\t\t\t\t\t\t\t<div class=\"swiper-slide\" data-slide=\"5\" role=\"group\" aria-roledescription=\"slide\" aria-label=\"5 von 7\">\n\t\t\t\t\t\t\t<div class=\"elementor-element elementor-element-d3b9703 e-con-full e-flex e-con e-child\" data-id=\"d3b9703\" data-element_type=\"container\" data-e-type=\"container\" data-settings=\"{&quot;background_background&quot;:&quot;classic&quot;}\">\n\t\t\t\t<div class=\"elementor-element elementor-element-f4613a4 elementor-widget__width-initial elementor-widget-tablet__width-initial elementor-fixed elementor-hidden-phone elementor-invisible elementor-widget elementor-widget-shortcode\" data-id=\"f4613a4\" data-element_type=\"widget\" data-e-type=\"widget\" data-settings=\"{&quot;_position&quot;:&quot;fixed&quot;,&quot;_animation&quot;:&quot;slideInRight&quot;,&quot;_animation_delay&quot;:5500,&quot;_ob_widget_stalker_use&quot;:&quot;no&quot;}\" data-swiper-parallax-x=\"-60%\" data-swiper-parallax-duration=\"700\" data-widget_type=\"shortcode.default\">\n\t\t\t\t<div class=\"elementor-widget-container\">\n\t\t\t\t\t\t\t<div class=\"elementor-shortcode\"><div class=\"dst-quote\"><div class=\"dst-quote-text\">\u201c<em>Die DST hat mir viele T\u00fcren ge\u00f6ffnet, um \u00fcberall auf der Welt studieren zu k\u00f6nnen. Ich habe gelernt, wie man sich t\u00e4glich in einer anderen Sprache unterhalten kann.<\/em>\u201c<\/div><h4 class=\"dst-quote-title\">Luc\u00eda Roca Killick<\/h4><\/div><\/div>\n\t\t\t\t\t\t<\/div>\n\t\t\t\t<\/div>\n\t\t\t\t<\/div>\n\t\t\t\t\t\t\t\t<\/div>\n\t\t\t\t\t\t\t\t\t\t\t<div class=\"swiper-slide\" data-slide=\"6\" role=\"group\" aria-roledescription=\"slide\" aria-label=\"6 von 7\">\n\t\t\t\t\t\t\t<div class=\"elementor-element elementor-element-882a9d1 e-con-full e-flex e-con e-child\" data-id=\"882a9d1\" data-element_type=\"container\" data-e-type=\"container\" data-settings=\"{&quot;background_background&quot;:&quot;classic&quot;}\">\n\t\t\t\t<div class=\"elementor-element elementor-element-721adab elementor-widget__width-initial elementor-widget-tablet__width-initial elementor-hidden-phone animated-fast elementor-fixed elementor-invisible elementor-widget elementor-widget-shortcode\" data-id=\"721adab\" data-element_type=\"widget\" data-e-type=\"widget\" data-settings=\"{&quot;_animation&quot;:&quot;lightSpeedIn&quot;,&quot;_animation_delay&quot;:5500,&quot;_position&quot;:&quot;fixed&quot;,&quot;_ob_widget_stalker_use&quot;:&quot;no&quot;,&quot;_ob_shadough_use&quot;:&quot;no&quot;}\" data-swiper-parallax-x=\"-60%\" data-swiper-parallax-duration=\"700\" data-widget_type=\"shortcode.default\">\n\t\t\t\t<div class=\"elementor-widget-container\">\n\t\t\t\t\t\t\t<div class=\"elementor-shortcode\"><div class=\"dst-quote\"><div class=\"dst-quote-text\">\u201c<em>Die Schule gibt uns eine unglaubliche Basis, die uns sp\u00e4ter besonders macht. Die Freundschaften, die ich in der Schule geschlossen habe, bleiben f\u00fcr immer<\/em>.\u201c<\/div><h4 class=\"dst-quote-title\">Alejandra Rodr\u00edguez de la Sierra-Galofr\u00e9, ehemalige Sch\u00fclerin<\/h4><\/div><\/div>\n\t\t\t\t\t\t<\/div>\n\t\t\t\t<\/div>\n\t\t\t\t<\/div>\n\t\t\t\t\t\t\t\t<\/div>\n\t\t\t\t\t\t\t\t\t\t\t<div class=\"swiper-slide\" data-slide=\"7\" role=\"group\" aria-roledescription=\"slide\" aria-label=\"7 von 7\">\n\t\t\t\t\t\t\t<div class=\"elementor-element elementor-element-d60388b e-con-full e-flex e-con e-child\" data-id=\"d60388b\" data-element_type=\"container\" data-e-type=\"container\" data-settings=\"{&quot;background_background&quot;:&quot;classic&quot;}\">\n\t\t\t\t<div class=\"elementor-element elementor-element-5513886 elementor-widget__width-initial elementor-widget-tablet__width-initial elementor-hidden-phone elementor-fixed elementor-invisible elementor-widget elementor-widget-shortcode\" data-id=\"5513886\" data-element_type=\"widget\" data-e-type=\"widget\" data-settings=\"{&quot;_animation&quot;:&quot;slideInRight&quot;,&quot;_animation_delay&quot;:5500,&quot;_position&quot;:&quot;fixed&quot;,&quot;_ob_widget_stalker_use&quot;:&quot;no&quot;}\" data-swiper-parallax-x=\"-60%\" data-swiper-parallax-duration=\"700\" data-widget_type=\"shortcode.default\">\n\t\t\t\t<div class=\"elementor-widget-container\">\n\t\t\t\t\t\t\t<div class=\"elementor-shortcode\"><div class=\"dst-quote\"><div class=\"dst-quote-text\">\u201e<em>Die DST gab mir die M\u00f6glichkeit und das Privileg, mehrere Sprachen erfolgreich zu dominieren und meinen Traum zu erf\u00fcllen, Journalistin zu werden<\/em>\u201c.<\/div><h4 class=\"dst-quote-title\">Selina Kraus, ehemalige Sch\u00fclerin<\/h4><\/div><\/div>\n\t\t\t\t\t\t<\/div>\n\t\t\t\t<\/div>\n\t\t\t\t<\/div>\n\t\t\t\t\t\t\t\t<\/div>\n\t\t\t\t\t\t\t\t<\/div>\n\t\t<\/div>\n\t\t\t\t\t<div class=\"elementor-swiper-button elementor-swiper-button-prev\" role=\"button\" tabindex=\"0\" aria-label=\"Voriger\">\n\t\t\t\t<svg aria-hidden=\"true\" class=\"e-font-icon-svg e-eicon-chevron-left\" viewBox=\"0 0 1000 1000\" xmlns=\"http:\/\/www.w3.org\/2000\/svg\"><path d=\"M646 125C629 125 613 133 604 142L308 442C296 454 292 471 292 487 292 504 296 521 308 533L604 854C617 867 629 875 646 875 663 875 679 871 692 858 704 846 713 829 713 812 713 796 708 779 692 767L438 487 692 225C700 217 708 204 708 187 708 171 704 154 692 142 675 129 663 125 646 125Z\"><\/path><\/svg>\t\t\t<\/div>\n\t\t\t<div class=\"elementor-swiper-button elementor-swiper-button-next\" role=\"button\" tabindex=\"0\" aria-label=\"N\u00e4chster\">\n\t\t\t\t<svg aria-hidden=\"true\" class=\"e-font-icon-svg e-eicon-chevron-right\" viewBox=\"0 0 1000 1000\" xmlns=\"http:\/\/www.w3.org\/2000\/svg\"><path d=\"M696 533C708 521 713 504 713 487 713 471 708 454 696 446L400 146C388 133 375 125 354 125 338 125 325 129 313 142 300 154 292 171 292 187 292 204 296 221 308 233L563 492 304 771C292 783 288 800 288 817 288 833 296 850 308 863 321 871 338 875 354 875 371 875 388 867 400 854L696 533Z\"><\/path><\/svg>\t\t\t<\/div>\n\t\t\t\t\t<div class=\"swiper-pagination\"><\/div>\n\t\t\t\t\t\t<\/div>\n\t\t\t\t<\/div>\n\t\t\t\t<\/div>\n\t\t\t\t<\/div>\n\t\t","protected":false},"excerpt":{"rendered":"<p>\u201eIch bedanke mich vor allem f\u00fcr den Spracherwerb und die guten Lernmethoden. Als ich danach zu [&hellip;]<\/p>\n","protected":false},"author":15,"featured_media":0,"parent":0,"menu_order":0,"comment_status":"closed","ping_status":"closed","template":"","meta":{"site-sidebar-layout":"no-sidebar","site-content-layout":"page-builder","ast-site-content-layout":"full-width-container","site-content-style":"default","site-sidebar-style":"default","ast-global-header-display":"","ast-banner-title-visibility":"","ast-main-header-display":"","ast-hfb-above-header-display":"","ast-hfb-below-header-display":"","ast-hfb-mobile-header-display":"","site-post-title":"disabled","ast-breadcrumbs-content":"","ast-featured-img":"disabled","footer-sml-layout":"","ast-disable-related-posts":"","theme-transparent-header-meta":"default","adv-header-id-meta":"","stick-header-meta":"default","header-above-stick-meta":"","header-main-stick-meta":"","header-below-stick-meta":"","astra-migrate-meta-layouts":"set","ast-page-background-enabled":"default","ast-page-background-meta":{"desktop":{"background-color":"","background-image":"","background-repeat":"repeat","background-position":"center center","background-size":"auto","background-attachment":"scroll","background-type":"","background-media":"","overlay-type":"","overlay-color":"","overlay-opacity":"","overlay-gradient":""},"tablet":{"background-color":"","background-image":"","background-repeat":"repeat","background-position":"center center","background-size":"auto","background-attachment":"scroll","background-type":"","background-media":"","overlay-type":"","overlay-color":"","overlay-opacity":"","overlay-gradient":""},"mobile":{"background-color":"","background-image":"","background-repeat":"repeat","background-position":"center center","background-size":"auto","background-attachment":"scroll","background-type":"","background-media":"","overlay-type":"","overlay-color":"","overlay-opacity":"","overlay-gradient":""}},"ast-content-background-meta":{"desktop":{"background-color":"var(--ast-global-color-5)","background-image":"","background-repeat":"repeat","background-position":"center center","background-size":"auto","background-attachment":"scroll","background-type":"","background-media":"","overlay-type":"","overlay-color":"","overlay-opacity":"","overlay-gradient":""},"tablet":{"background-color":"var(--ast-global-color-5)","background-image":"","background-repeat":"repeat","background-position":"center center","background-size":"auto","background-attachment":"scroll","background-type":"","background-media":"","overlay-type":"","overlay-color":"","overlay-opacity":"","overlay-gradient":""},"mobile":{"background-color":"var(--ast-global-color-5)","background-image":"","background-repeat":"repeat","background-position":"center center","background-size":"auto","background-attachment":"scroll","background-type":"","background-media":"","overlay-type":"","overlay-color":"","overlay-opacity":"","overlay-gradient":""}},"_jet_sm_ready_style":"","_jet_sm_style":"","_jet_sm_controls_values":"","_jet_sm_fonts_collection":"","_jet_sm_fonts_links":"","footnotes":""},"schlagwortedst":[],"wf_page_folders":[],"class_list":["post-63649","page","type-page","status-publish","hentry"],"_links":{"self":[{"href":"https:\/\/www.dstenerife.eu\/de\/wp-json\/wp\/v2\/pages\/63649","targetHints":{"allow":["GET"]}}],"collection":[{"href":"https:\/\/www.dstenerife.eu\/de\/wp-json\/wp\/v2\/pages"}],"about":[{"href":"https:\/\/www.dstenerife.eu\/de\/wp-json\/wp\/v2\/types\/page"}],"author":[{"embeddable":true,"href":"https:\/\/www.dstenerife.eu\/de\/wp-json\/wp\/v2\/users\/15"}],"replies":[{"embeddable":true,"href":"https:\/\/www.dstenerife.eu\/de\/wp-json\/wp\/v2\/comments?post=63649"}],"version-history":[{"count":55,"href":"https:\/\/www.dstenerife.eu\/de\/wp-json\/wp\/v2\/pages\/63649\/revisions"}],"predecessor-version":[{"id":63711,"href":"https:\/\/www.dstenerife.eu\/de\/wp-json\/wp\/v2\/pages\/63649\/revisions\/63711"}],"wp:attachment":[{"href":"https:\/\/www.dstenerife.eu\/de\/wp-json\/wp\/v2\/media?parent=63649"}],"wp:term":[{"taxonomy":"schlagwortedst","embeddable":true,"href":"https:\/\/www.dstenerife.eu\/de\/wp-json\/wp\/v2\/schlagwortedst?post=63649"},{"taxonomy":"wf_page_folders","embeddable":true,"href":"https:\/\/www.dstenerife.eu\/de\/wp-json\/wp\/v2\/wf_page_folders?post=63649"}],"curies":[{"name":"wp","href":"https:\/\/api.w.org\/{rel}","templated":true}]}}