{"id":637,"date":"2015-04-25T21:52:05","date_gmt":"2015-04-25T21:52:05","guid":{"rendered":"http:\/\/dstenerife.ducklingit.com\/?page_id=637"},"modified":"2025-09-11T13:15:07","modified_gmt":"2025-09-11T12:15:07","slug":"schulleitung","status":"publish","type":"page","link":"https:\/\/www.dstenerife.eu\/de\/die-schule\/schulgremien\/schulleitung\/","title":{"rendered":"Schulleitung"},"content":{"rendered":"<ul>\n<li>Schulleiter: <strong>Hanno Grannemann<\/strong><\/li>\n<li>Stellvertretender Schulleiter: <strong>Bernd Linkersd\u00f6rfer<\/strong><\/li>\n<li>Director T\u00e9cnico: <strong>Nicol\u00e1s Jorge Rodr\u00edguez<\/strong><\/li>\n<li>Grundschulleiterin: <strong>Julia Maria Heliosch\u00a0<\/strong><\/li>\n<li>Leiterin der Vorschule:<strong> Judith Casanova Quirmbach<br \/>\n<\/strong><\/li>\n<li>Verwaltungsleiterin: <strong>Sonia Gir\u00f3n Becker<\/strong><\/li>\n<\/ul>\n<p>Zur erweiterten Schulleitung geh\u00f6ren au\u00dferdem:<\/p>\n<p><img decoding=\"async\" src=\"https:\/\/e969z83yjsq.exactdn.com\/wp-content\/uploads\/2025\/09\/ALE25-GRUPOS-036-ESL.jpg?strip=all&w=1920\" \/><\/p>\n<ul>\n<li>Leiter der Steuergruppe:<strong> Kerstin Kaschta <\/strong>und <strong>Daniel Scheiter<\/strong><\/li>\n<li>Oberstufenkoordinatoren:<strong> Christine Reichling <\/strong>und <strong>Martin Weilguni<\/strong><\/li>\n<li>Mittelstufenkoordinatorin:<strong> Ines Graack<\/strong><\/li>\n<li>Orientierungsstufenkoordinator:<strong> Jos\u00e9 Luis Wagener<\/strong><\/li>\n<li>Fachleiterin f\u00fcr Deutsch:<strong>\u00a0Nicole Heim<\/strong><\/li>\n<li>Fachleiterinnen DFU:<strong> Katharina Noss <\/strong>und <strong>Paula Gonz\u00e1lez<\/strong><\/li>\n<li>Digitalisierungsbeauftragte: <strong>Paula Gonz\u00e1lez<\/strong> und <strong>Stefan Igeler<\/strong><\/li>\n<\/ul>\n","protected":false},"excerpt":{"rendered":"<p>Schulleiter: Hanno Grannemann Stellvertretender Schulleiter: Bernd Linkersd\u00f6rfer Director T\u00e9cnico: Nicol\u00e1s Jorge Rodr\u00edguez Grundschulleiterin: Julia Maria Heliosch\u00a0 [&hellip;]<\/p>\n","protected":false},"author":10,"featured_media":99242,"parent":397,"menu_order":10,"comment_status":"closed","ping_status":"closed","template":"","meta":{"site-sidebar-layout":"default","site-content-layout":"default","ast-site-content-layout":"default","site-content-style":"default","site-sidebar-style":"default","ast-global-header-display":"","ast-banner-title-visibility":"","ast-main-header-display":"","ast-hfb-above-header-display":"","ast-hfb-below-header-display":"","ast-hfb-mobile-header-display":"","site-post-title":"","ast-breadcrumbs-content":"","ast-featured-img":"","footer-sml-layout":"","ast-disable-related-posts":"","theme-transparent-header-meta":"default","adv-header-id-meta":"","stick-header-meta":"default","header-above-stick-meta":"","header-main-stick-meta":"","header-below-stick-meta":"","astra-migrate-meta-layouts":"set","ast-page-background-enabled":"default","ast-page-background-meta":{"desktop":{"background-color":"","background-image":"","background-repeat":"repeat","background-position":"center center","background-size":"auto","background-attachment":"scroll","background-type":"","background-media":"","overlay-type":"","overlay-color":"","overlay-opacity":"","overlay-gradient":""},"tablet":{"background-color":"","background-image":"","background-repeat":"repeat","background-position":"center center","background-size":"auto","background-attachment":"scroll","background-type":"","background-media":"","overlay-type":"","overlay-color":"","overlay-opacity":"","overlay-gradient":""},"mobile":{"background-color":"","background-image":"","background-repeat":"repeat","background-position":"center center","background-size":"auto","background-attachment":"scroll","background-type":"","background-media":"","overlay-type":"","overlay-color":"","overlay-opacity":"","overlay-gradient":""}},"ast-content-background-meta":{"desktop":{"background-color":"var(--ast-global-color-5)","background-image":"","background-repeat":"repeat","background-position":"center center","background-size":"auto","background-attachment":"scroll","background-type":"","background-media":"","overlay-type":"","overlay-color":"","overlay-opacity":"","overlay-gradient":""},"tablet":{"background-color":"var(--ast-global-color-5)","background-image":"","background-repeat":"repeat","background-position":"center center","background-size":"auto","background-attachment":"scroll","background-type":"","background-media":"","overlay-type":"","overlay-color":"","overlay-opacity":"","overlay-gradient":""},"mobile":{"background-color":"var(--ast-global-color-5)","background-image":"","background-repeat":"repeat","background-position":"center center","background-size":"auto","background-attachment":"scroll","background-type":"","background-media":"","overlay-type":"","overlay-color":"","overlay-opacity":"","overlay-gradient":""}},"_jet_sm_ready_style":"","_jet_sm_style":"","_jet_sm_controls_values":"","_jet_sm_fonts_collection":"","_jet_sm_fonts_links":"","footnotes":""},"schlagwortedst":[153],"wf_page_folders":[190,208],"class_list":["post-637","page","type-page","status-publish","has-post-thumbnail","hentry","schlagwortedst-sideschule"],"_links":{"self":[{"href":"https:\/\/www.dstenerife.eu\/de\/wp-json\/wp\/v2\/pages\/637","targetHints":{"allow":["GET"]}}],"collection":[{"href":"https:\/\/www.dstenerife.eu\/de\/wp-json\/wp\/v2\/pages"}],"about":[{"href":"https:\/\/www.dstenerife.eu\/de\/wp-json\/wp\/v2\/types\/page"}],"author":[{"embeddable":true,"href":"https:\/\/www.dstenerife.eu\/de\/wp-json\/wp\/v2\/users\/10"}],"replies":[{"embeddable":true,"href":"https:\/\/www.dstenerife.eu\/de\/wp-json\/wp\/v2\/comments?post=637"}],"version-history":[{"count":24,"href":"https:\/\/www.dstenerife.eu\/de\/wp-json\/wp\/v2\/pages\/637\/revisions"}],"predecessor-version":[{"id":99348,"href":"https:\/\/www.dstenerife.eu\/de\/wp-json\/wp\/v2\/pages\/637\/revisions\/99348"}],"up":[{"embeddable":true,"href":"https:\/\/www.dstenerife.eu\/de\/wp-json\/wp\/v2\/pages\/397"}],"wp:featuredmedia":[{"embeddable":true,"href":"https:\/\/www.dstenerife.eu\/de\/wp-json\/wp\/v2\/media\/99242"}],"wp:attachment":[{"href":"https:\/\/www.dstenerife.eu\/de\/wp-json\/wp\/v2\/media?parent=637"}],"wp:term":[{"taxonomy":"schlagwortedst","embeddable":true,"href":"https:\/\/www.dstenerife.eu\/de\/wp-json\/wp\/v2\/schlagwortedst?post=637"},{"taxonomy":"wf_page_folders","embeddable":true,"href":"https:\/\/www.dstenerife.eu\/de\/wp-json\/wp\/v2\/wf_page_folders?post=637"}],"curies":[{"name":"wp","href":"https:\/\/api.w.org\/{rel}","templated":true}]}}