{"id":643,"date":"2015-04-25T21:53:44","date_gmt":"2015-04-25T21:53:44","guid":{"rendered":"http:\/\/dstenerife.ducklingit.com\/?page_id=643"},"modified":"2025-09-12T11:36:54","modified_gmt":"2025-09-12T10:36:54","slug":"steuergruppe","status":"publish","type":"page","link":"https:\/\/www.dstenerife.eu\/de\/die-schule\/schulgremien\/steuergruppe\/","title":{"rendered":"Steuergruppe"},"content":{"rendered":"<h3><strong>St\u00e4ndige Mitglieder 2025\/2026<\/strong><\/h3>\n<ol>\n<li>Steuergruppenleiter: Frau Kaschta und Herr Scheiter<\/li>\n<li>St\u00e4ndige Schulleitungsmitglieder: Herr Bernd Linkersd\u00f6rfer<\/li>\n<li>\u00a0Elternvertreter\/in: Herr Dannerbauer<\/li>\n<li>Sch\u00fclervertreter\/innen: In\u00e9s de las Casas, Zo\u00e9 Rolle, Ehedey Garc\u00eda (Klasse 12)<\/li>\n<li>Vertreter\/in des Vorstands: Herr K\u00fchn<\/li>\n<\/ol>\n<p>Entwicklungschwerpunkte 2024\/2025:<\/p>\n<div style=\"padding-left: 40px;\">QG (Qualit\u00e4tsgruppe) &#8222;Deutsch&#8220;: Fr. Heim<\/div>\n<div style=\"padding-left: 40px;\">QG &#8222;DFU&#8220;: Fr. Noss und Fr. Gonz\u00e1lez<\/div>\n<div style=\"padding-left: 40px;\">QG &#8222;Unsere Schule in einer digitalen Welt\u201c: Fr. Gonz\u00e1lez, Hr. Igeler<\/div>\n<div style=\"padding-left: 40px;\">QG &#8222;Toleranz und Begegnung&#8220;: Hr. Igeler<\/div>\n<div>\u00a0 \u00a0 \u00a0 \u00a0 \u00a0 QG &#8222;Inklusion&#8220;: Fr. Pintado und Fr. Garc\u00eda (Schulpsychologinnen)<\/div>\n<div style=\"padding-left: 40px;\">QG &#8222;Spanisch und IPS&#8220;: Hr. Jorge<\/div>\n<div style=\"padding-left: 40px;\">QG &#8222;Grundschule&#8220;: Fr. Heliosch + Grundschulteam<\/div>\n<div><\/div>\n<h2><strong>Entwicklungsschwerpunkte im SJ 2024\/2025<\/strong><\/h2>\n<p>Die einzelnen Qualit\u00e4tsgruppen arbeiten nach dem Prinzip des Projektmanagements mit klar geregelten Verantwortlichkeiten, einer zeitlich verbindlichen Meilensteinplanung und kleinschrittigen Zielvorgaben an Projekten zur Sicherung und Steigerung der Schulqualit\u00e4t. Ihre Aufgaben und Ziele sind im Schulprogramm verankert und ergeben sich aus <a href=\"https:\/\/www.dstenerife.eu\/de\/die-schule\/paedagogisches-qualitaetsmanagement-an-der-dst\/evaluationen\/\">schulinternen (z.B. SEIS+) und schulexternen Evaluationen (z.B. BLI)<\/a>. Nach Erreichen ihrer Ziele und Einbindung der Arbeitsergebnisse in das st\u00e4ndige Prozessmanagement l\u00f6sen sich die Qualit\u00e4tsgruppen auf und neue Entwicklungsschwerpunkte werden bearbeitet.<\/p>\n<p>Aktuell werden Entwicklungsschwerpunkte bearbeitet, die sich aus den Ergebnissen der Inspektionen und Besuche der Zentralstelle f\u00fcr das Auslandsschulwesen (Bilanzbesuch M\u00e4rz 2020), der Schulzufriedenheitsevaluation (Mai 2023) und aus dem Peer Review (Oktober 2023) ergeben haben.<\/p>\n<p>Mehr Informationen unter <a href=\"https:\/\/www.dstenerife.eu\/de\/die-schule\/paedagogisches-qualitaetsmanagement-an-der-dst\/\">P\u00e4dagogisches Qualit\u00e4tsmanagement<\/a><\/p>\n","protected":false},"excerpt":{"rendered":"<p>St\u00e4ndige Mitglieder 2025\/2026 Steuergruppenleiter: Frau Kaschta und Herr Scheiter St\u00e4ndige Schulleitungsmitglieder: Herr Bernd Linkersd\u00f6rfer \u00a0Elternvertreter\/in: Herr [&hellip;]<\/p>\n","protected":false},"author":10,"featured_media":0,"parent":397,"menu_order":4,"comment_status":"closed","ping_status":"closed","template":"","meta":{"site-sidebar-layout":"default","site-content-layout":"default","ast-site-content-layout":"default","site-content-style":"default","site-sidebar-style":"default","ast-global-header-display":"","ast-banner-title-visibility":"","ast-main-header-display":"","ast-hfb-above-header-display":"","ast-hfb-below-header-display":"","ast-hfb-mobile-header-display":"","site-post-title":"","ast-breadcrumbs-content":"","ast-featured-img":"","footer-sml-layout":"","ast-disable-related-posts":"","theme-transparent-header-meta":"default","adv-header-id-meta":"","stick-header-meta":"default","header-above-stick-meta":"","header-main-stick-meta":"","header-below-stick-meta":"","astra-migrate-meta-layouts":"set","ast-page-background-enabled":"default","ast-page-background-meta":{"desktop":{"background-color":"","background-image":"","background-repeat":"repeat","background-position":"center center","background-size":"auto","background-attachment":"scroll","background-type":"","background-media":"","overlay-type":"","overlay-color":"","overlay-opacity":"","overlay-gradient":""},"tablet":{"background-color":"","background-image":"","background-repeat":"repeat","background-position":"center center","background-size":"auto","background-attachment":"scroll","background-type":"","background-media":"","overlay-type":"","overlay-color":"","overlay-opacity":"","overlay-gradient":""},"mobile":{"background-color":"","background-image":"","background-repeat":"repeat","background-position":"center center","background-size":"auto","background-attachment":"scroll","background-type":"","background-media":"","overlay-type":"","overlay-color":"","overlay-opacity":"","overlay-gradient":""}},"ast-content-background-meta":{"desktop":{"background-color":"var(--ast-global-color-5)","background-image":"","background-repeat":"repeat","background-position":"center center","background-size":"auto","background-attachment":"scroll","background-type":"","background-media":"","overlay-type":"","overlay-color":"","overlay-opacity":"","overlay-gradient":""},"tablet":{"background-color":"var(--ast-global-color-5)","background-image":"","background-repeat":"repeat","background-position":"center center","background-size":"auto","background-attachment":"scroll","background-type":"","background-media":"","overlay-type":"","overlay-color":"","overlay-opacity":"","overlay-gradient":""},"mobile":{"background-color":"var(--ast-global-color-5)","background-image":"","background-repeat":"repeat","background-position":"center center","background-size":"auto","background-attachment":"scroll","background-type":"","background-media":"","overlay-type":"","overlay-color":"","overlay-opacity":"","overlay-gradient":""}},"_jet_sm_ready_style":"","_jet_sm_style":"","_jet_sm_controls_values":"","_jet_sm_fonts_collection":"","_jet_sm_fonts_links":"","footnotes":""},"schlagwortedst":[153],"wf_page_folders":[190,208],"class_list":["post-643","page","type-page","status-publish","hentry","schlagwortedst-sideschule"],"_links":{"self":[{"href":"https:\/\/www.dstenerife.eu\/de\/wp-json\/wp\/v2\/pages\/643","targetHints":{"allow":["GET"]}}],"collection":[{"href":"https:\/\/www.dstenerife.eu\/de\/wp-json\/wp\/v2\/pages"}],"about":[{"href":"https:\/\/www.dstenerife.eu\/de\/wp-json\/wp\/v2\/types\/page"}],"author":[{"embeddable":true,"href":"https:\/\/www.dstenerife.eu\/de\/wp-json\/wp\/v2\/users\/10"}],"replies":[{"embeddable":true,"href":"https:\/\/www.dstenerife.eu\/de\/wp-json\/wp\/v2\/comments?post=643"}],"version-history":[{"count":11,"href":"https:\/\/www.dstenerife.eu\/de\/wp-json\/wp\/v2\/pages\/643\/revisions"}],"predecessor-version":[{"id":99385,"href":"https:\/\/www.dstenerife.eu\/de\/wp-json\/wp\/v2\/pages\/643\/revisions\/99385"}],"up":[{"embeddable":true,"href":"https:\/\/www.dstenerife.eu\/de\/wp-json\/wp\/v2\/pages\/397"}],"wp:attachment":[{"href":"https:\/\/www.dstenerife.eu\/de\/wp-json\/wp\/v2\/media?parent=643"}],"wp:term":[{"taxonomy":"schlagwortedst","embeddable":true,"href":"https:\/\/www.dstenerife.eu\/de\/wp-json\/wp\/v2\/schlagwortedst?post=643"},{"taxonomy":"wf_page_folders","embeddable":true,"href":"https:\/\/www.dstenerife.eu\/de\/wp-json\/wp\/v2\/wf_page_folders?post=643"}],"curies":[{"name":"wp","href":"https:\/\/api.w.org\/{rel}","templated":true}]}}