{"id":645,"date":"2015-04-25T21:54:10","date_gmt":"2015-04-25T21:54:10","guid":{"rendered":"http:\/\/dstenerife.ducklingit.com\/?page_id=645"},"modified":"2025-10-15T15:24:51","modified_gmt":"2025-10-15T14:24:51","slug":"verwaltung-und-sekretariat","status":"publish","type":"page","link":"https:\/\/www.dstenerife.eu\/de\/die-schule\/schulgremien\/verwaltung-und-sekretariat\/","title":{"rendered":"Verwaltung und Sekretariat"},"content":{"rendered":"<p>Verwaltungsleiterin: Sonia Gir\u00f3n Becker<\/p>\n<p>stellv. Verwaltungsleiterin: Dominique Gahr<\/p>\n<p>Sekretariat: Virtudes D\u00edaz Mu\u00f1oz, Carina K\u00f6nighaus und Isabell Padilla Peraza<\/p>\n<p>Rezeption: Silvana Padr\u00f3n Czesnat<\/p>\n<p>Bibliothek: Jessica Kaiser<\/p>\n<p>Hausmeister: V\u00edctor Manuel Alonso Guerra, Agostino Cuppari und Omar Luis Castro<\/p>\n<p>Reinigungskr\u00e4fte: Alicia Miranda S\u00e1nchez, Elisabet Miranda S\u00e1nchez, Raquel Mar\u00eda Garc\u00eda Rodr\u00edguez, Ninoska Morales Meli\u00e1n, Marilena P\u00e9rez Ram\u00edrez und Tamara Jim\u00e9nez Mart\u00ednez<\/p>\n<p>&nbsp;<\/p>\n<p><strong>\u00d6ffnungszeiten des Sekretariats<\/strong><\/p>\n<p>W\u00e4hrend der Schulzeit: 8:00 &#8211; 9:50 ; 11:20 &#8211; 16:00 Uhr.<\/p>\n<p>W\u00e4hrend der Ferienzeit: 8:00 &#8211; 14:00 Uhr.<\/p>\n<p>Wir bitten darum, Beglaubigungen einen Tag vorher zu beantragen.<\/p>\n","protected":false},"excerpt":{"rendered":"<p>Verwaltungsleiterin: Sonia Gir\u00f3n Becker stellv. Verwaltungsleiterin: Dominique Gahr Sekretariat: Virtudes D\u00edaz Mu\u00f1oz, Carina K\u00f6nighaus und Isabell [&hellip;]<\/p>\n","protected":false},"author":10,"featured_media":99332,"parent":397,"menu_order":3,"comment_status":"closed","ping_status":"closed","template":"","meta":{"site-sidebar-layout":"default","site-content-layout":"default","ast-site-content-layout":"default","site-content-style":"default","site-sidebar-style":"default","ast-global-header-display":"","ast-banner-title-visibility":"","ast-main-header-display":"","ast-hfb-above-header-display":"","ast-hfb-below-header-display":"","ast-hfb-mobile-header-display":"","site-post-title":"","ast-breadcrumbs-content":"","ast-featured-img":"","footer-sml-layout":"","ast-disable-related-posts":"","theme-transparent-header-meta":"default","adv-header-id-meta":"","stick-header-meta":"default","header-above-stick-meta":"","header-main-stick-meta":"","header-below-stick-meta":"","astra-migrate-meta-layouts":"set","ast-page-background-enabled":"default","ast-page-background-meta":{"desktop":{"background-color":"","background-image":"","background-repeat":"repeat","background-position":"center center","background-size":"auto","background-attachment":"scroll","background-type":"","background-media":"","overlay-type":"","overlay-color":"","overlay-opacity":"","overlay-gradient":""},"tablet":{"background-color":"","background-image":"","background-repeat":"repeat","background-position":"center center","background-size":"auto","background-attachment":"scroll","background-type":"","background-media":"","overlay-type":"","overlay-color":"","overlay-opacity":"","overlay-gradient":""},"mobile":{"background-color":"","background-image":"","background-repeat":"repeat","background-position":"center center","background-size":"auto","background-attachment":"scroll","background-type":"","background-media":"","overlay-type":"","overlay-color":"","overlay-opacity":"","overlay-gradient":""}},"ast-content-background-meta":{"desktop":{"background-color":"var(--ast-global-color-5)","background-image":"","background-repeat":"repeat","background-position":"center center","background-size":"auto","background-attachment":"scroll","background-type":"","background-media":"","overlay-type":"","overlay-color":"","overlay-opacity":"","overlay-gradient":""},"tablet":{"background-color":"var(--ast-global-color-5)","background-image":"","background-repeat":"repeat","background-position":"center center","background-size":"auto","background-attachment":"scroll","background-type":"","background-media":"","overlay-type":"","overlay-color":"","overlay-opacity":"","overlay-gradient":""},"mobile":{"background-color":"var(--ast-global-color-5)","background-image":"","background-repeat":"repeat","background-position":"center center","background-size":"auto","background-attachment":"scroll","background-type":"","background-media":"","overlay-type":"","overlay-color":"","overlay-opacity":"","overlay-gradient":""}},"_jet_sm_ready_style":"","_jet_sm_style":"","_jet_sm_controls_values":"","_jet_sm_fonts_collection":"","_jet_sm_fonts_links":"","footnotes":""},"schlagwortedst":[153],"wf_page_folders":[205,206,190],"class_list":["post-645","page","type-page","status-publish","has-post-thumbnail","hentry","schlagwortedst-sideschule"],"_links":{"self":[{"href":"https:\/\/www.dstenerife.eu\/de\/wp-json\/wp\/v2\/pages\/645","targetHints":{"allow":["GET"]}}],"collection":[{"href":"https:\/\/www.dstenerife.eu\/de\/wp-json\/wp\/v2\/pages"}],"about":[{"href":"https:\/\/www.dstenerife.eu\/de\/wp-json\/wp\/v2\/types\/page"}],"author":[{"embeddable":true,"href":"https:\/\/www.dstenerife.eu\/de\/wp-json\/wp\/v2\/users\/10"}],"replies":[{"embeddable":true,"href":"https:\/\/www.dstenerife.eu\/de\/wp-json\/wp\/v2\/comments?post=645"}],"version-history":[{"count":13,"href":"https:\/\/www.dstenerife.eu\/de\/wp-json\/wp\/v2\/pages\/645\/revisions"}],"predecessor-version":[{"id":100973,"href":"https:\/\/www.dstenerife.eu\/de\/wp-json\/wp\/v2\/pages\/645\/revisions\/100973"}],"up":[{"embeddable":true,"href":"https:\/\/www.dstenerife.eu\/de\/wp-json\/wp\/v2\/pages\/397"}],"wp:featuredmedia":[{"embeddable":true,"href":"https:\/\/www.dstenerife.eu\/de\/wp-json\/wp\/v2\/media\/99332"}],"wp:attachment":[{"href":"https:\/\/www.dstenerife.eu\/de\/wp-json\/wp\/v2\/media?parent=645"}],"wp:term":[{"taxonomy":"schlagwortedst","embeddable":true,"href":"https:\/\/www.dstenerife.eu\/de\/wp-json\/wp\/v2\/schlagwortedst?post=645"},{"taxonomy":"wf_page_folders","embeddable":true,"href":"https:\/\/www.dstenerife.eu\/de\/wp-json\/wp\/v2\/wf_page_folders?post=645"}],"curies":[{"name":"wp","href":"https:\/\/api.w.org\/{rel}","templated":true}]}}