{"id":651,"date":"2015-04-25T21:55:48","date_gmt":"2015-04-25T21:55:48","guid":{"rendered":"http:\/\/dstenerife.ducklingit.com\/?page_id=651"},"modified":"2025-09-12T11:12:08","modified_gmt":"2025-09-12T10:12:08","slug":"lehrerbeirat","status":"publish","type":"page","link":"https:\/\/www.dstenerife.eu\/de\/die-schule\/schulgremien\/lehrerbeirat\/","title":{"rendered":"Lehrerbeirat"},"content":{"rendered":"<p>Dem Schulprofil deutscher Auslandsschulen ist immanent, dass sie auf demokratische Werte in ihrer p\u00e4dagogischen Arbeit achten und diese f\u00f6rdern. Dies gilt auch nach innen im Umgang mit den Besch\u00e4ftigten. Der Bund-L\u00e4nder Ausschuss f\u00fcr schulische Arbeit im Ausland empfiehlt daher die Einrichtung von Lehrerbeir\u00e4ten an Deutschen Schulen im Ausland.<\/p>\n<p>Der Lehrerbeirat an der Deutschen Schule Santa Cruz de Tenerife wird f\u00fcr den Zeitraum eines Schuljahres gew\u00e4hlt. Der Lehrerbeirat vertritt sowohl das Gesamtkollegium als auch alle Mitarbeiter, die an der Schule t\u00e4tig sind.<\/p>\n<p>Ab M\u00e4rz 2025 besteht der Lehrerbeirat aus<\/p>\n<ul>\n<li>Kerstin Kaschta (Sekundaria)<\/li>\n<li>Malte Schael (Sekundaria)<\/li>\n<li>Mirjam Fegert (Sekundaria)<\/li>\n<li>Rena Bartnick (Sekundaria)<\/li>\n<\/ul>\n<p>Unter folgendem Link, kann die Satzung des Lehrerbeirats aufgerufen werden:<\/p>\n<p><a href=\"https:\/\/www.dstenerife.eu\/wp-content\/uploads\/2019\/06\/Satzung_05062019.pdf\" target=\"_blank\" rel=\"noopener\">Satzung des Lehrerbeirats (PDF)<\/a><\/p>\n","protected":false},"excerpt":{"rendered":"<p>Dem Schulprofil deutscher Auslandsschulen ist immanent, dass sie auf demokratische Werte in ihrer p\u00e4dagogischen Arbeit achten [&hellip;]<\/p>\n","protected":false},"author":10,"featured_media":0,"parent":397,"menu_order":8,"comment_status":"closed","ping_status":"closed","template":"","meta":{"site-sidebar-layout":"default","site-content-layout":"default","ast-site-content-layout":"default","site-content-style":"default","site-sidebar-style":"default","ast-global-header-display":"","ast-banner-title-visibility":"","ast-main-header-display":"","ast-hfb-above-header-display":"","ast-hfb-below-header-display":"","ast-hfb-mobile-header-display":"","site-post-title":"","ast-breadcrumbs-content":"","ast-featured-img":"","footer-sml-layout":"","ast-disable-related-posts":"","theme-transparent-header-meta":"default","adv-header-id-meta":"","stick-header-meta":"default","header-above-stick-meta":"","header-main-stick-meta":"","header-below-stick-meta":"","astra-migrate-meta-layouts":"set","ast-page-background-enabled":"default","ast-page-background-meta":{"desktop":{"background-color":"","background-image":"","background-repeat":"repeat","background-position":"center center","background-size":"auto","background-attachment":"scroll","background-type":"","background-media":"","overlay-type":"","overlay-color":"","overlay-opacity":"","overlay-gradient":""},"tablet":{"background-color":"","background-image":"","background-repeat":"repeat","background-position":"center center","background-size":"auto","background-attachment":"scroll","background-type":"","background-media":"","overlay-type":"","overlay-color":"","overlay-opacity":"","overlay-gradient":""},"mobile":{"background-color":"","background-image":"","background-repeat":"repeat","background-position":"center center","background-size":"auto","background-attachment":"scroll","background-type":"","background-media":"","overlay-type":"","overlay-color":"","overlay-opacity":"","overlay-gradient":""}},"ast-content-background-meta":{"desktop":{"background-color":"var(--ast-global-color-5)","background-image":"","background-repeat":"repeat","background-position":"center center","background-size":"auto","background-attachment":"scroll","background-type":"","background-media":"","overlay-type":"","overlay-color":"","overlay-opacity":"","overlay-gradient":""},"tablet":{"background-color":"var(--ast-global-color-5)","background-image":"","background-repeat":"repeat","background-position":"center center","background-size":"auto","background-attachment":"scroll","background-type":"","background-media":"","overlay-type":"","overlay-color":"","overlay-opacity":"","overlay-gradient":""},"mobile":{"background-color":"var(--ast-global-color-5)","background-image":"","background-repeat":"repeat","background-position":"center center","background-size":"auto","background-attachment":"scroll","background-type":"","background-media":"","overlay-type":"","overlay-color":"","overlay-opacity":"","overlay-gradient":""}},"_jet_sm_ready_style":"","_jet_sm_style":"","_jet_sm_controls_values":"","_jet_sm_fonts_collection":"","_jet_sm_fonts_links":"","footnotes":""},"schlagwortedst":[153],"wf_page_folders":[203,190],"class_list":["post-651","page","type-page","status-publish","hentry","schlagwortedst-sideschule"],"_links":{"self":[{"href":"https:\/\/www.dstenerife.eu\/de\/wp-json\/wp\/v2\/pages\/651","targetHints":{"allow":["GET"]}}],"collection":[{"href":"https:\/\/www.dstenerife.eu\/de\/wp-json\/wp\/v2\/pages"}],"about":[{"href":"https:\/\/www.dstenerife.eu\/de\/wp-json\/wp\/v2\/types\/page"}],"author":[{"embeddable":true,"href":"https:\/\/www.dstenerife.eu\/de\/wp-json\/wp\/v2\/users\/10"}],"replies":[{"embeddable":true,"href":"https:\/\/www.dstenerife.eu\/de\/wp-json\/wp\/v2\/comments?post=651"}],"version-history":[{"count":6,"href":"https:\/\/www.dstenerife.eu\/de\/wp-json\/wp\/v2\/pages\/651\/revisions"}],"predecessor-version":[{"id":99381,"href":"https:\/\/www.dstenerife.eu\/de\/wp-json\/wp\/v2\/pages\/651\/revisions\/99381"}],"up":[{"embeddable":true,"href":"https:\/\/www.dstenerife.eu\/de\/wp-json\/wp\/v2\/pages\/397"}],"wp:attachment":[{"href":"https:\/\/www.dstenerife.eu\/de\/wp-json\/wp\/v2\/media?parent=651"}],"wp:term":[{"taxonomy":"schlagwortedst","embeddable":true,"href":"https:\/\/www.dstenerife.eu\/de\/wp-json\/wp\/v2\/schlagwortedst?post=651"},{"taxonomy":"wf_page_folders","embeddable":true,"href":"https:\/\/www.dstenerife.eu\/de\/wp-json\/wp\/v2\/wf_page_folders?post=651"}],"curies":[{"name":"wp","href":"https:\/\/api.w.org\/{rel}","templated":true}]}}