{"id":653,"date":"2015-04-25T21:56:15","date_gmt":"2015-04-25T21:56:15","guid":{"rendered":"http:\/\/dstenerife.ducklingit.com\/?page_id=653"},"modified":"2021-05-16T05:32:28","modified_gmt":"2021-05-16T05:32:28","slug":"betriebsrat","status":"publish","type":"page","link":"https:\/\/www.dstenerife.eu\/de\/die-schule\/schulgremien\/betriebsrat\/","title":{"rendered":"Betriebsrat"},"content":{"rendered":"<div class=\"news-body\">\n<p>Im Jahr\u00a02007 konstituierte sich der erste Betriebsrat der Schule bestehend aus f\u00fcnf Mitgliedern. Der Betriebsrat\u00a0vertritt\u00a0alle Angestellten der Schule: Mitarbeiter\/innen in der\u00a0Verwaltung, Erzieherinnen und Erzieher sowie Lehrerinnen und Lehrer, nichtp\u00e4dagogische MItarbieter\/innen.<\/p>\n<p>Die Regelungen zur Arbeitnehmervertretung fu\u00dfen auf\u00a0Art. 63, Titel II Kapitel I der Satzung, welche die sozialen Rechte der Arbeitnehmer gew\u00e4hrleistet. Der Betriebsrat trifft sich einmal pro Woche. Mit dem Schulvorstand und der Schulleitung gibt es zwei regelm\u00e4\u00dfige Treffen pro Schuljahr.<\/p>\n<p>Der amtierenden Betriebsrat (2020\/21) besteht aus:<\/p>\n<ul>\n<li>Jos\u00e9 Luis Wagener (Sicherheitsbeauftragter)<\/li>\n<li>Sandra Diaz\u00a0(Schriftf\u00fchrerin)<\/li>\n<li>Paula Gonz\u00e1lez P\u00e9rez\u00a0(Beisitzerin)<\/li>\n<li>Kerstin Kaschta\u00a0(Beisitzerin)<\/li>\n<li>Jezabel Mart\u00edn Le\u00f3n (Beisitzerin)<\/li>\n<\/ul>\n<p>Der Vorsitz rotiert unter den Mitgliedern.<\/p>\n<\/div>\n","protected":false},"excerpt":{"rendered":"<p>Im Jahr\u00a02007 konstituierte sich der erste Betriebsrat der Schule bestehend aus f\u00fcnf Mitgliedern. Der Betriebsrat\u00a0vertritt\u00a0alle Angestellten [&hellip;]<\/p>\n","protected":false},"author":10,"featured_media":0,"parent":397,"menu_order":5,"comment_status":"closed","ping_status":"closed","template":"","meta":{"site-sidebar-layout":"default","site-content-layout":"default","ast-site-content-layout":"default","site-content-style":"default","site-sidebar-style":"default","ast-global-header-display":"","ast-banner-title-visibility":"","ast-main-header-display":"","ast-hfb-above-header-display":"","ast-hfb-below-header-display":"","ast-hfb-mobile-header-display":"","site-post-title":"","ast-breadcrumbs-content":"","ast-featured-img":"","footer-sml-layout":"","ast-disable-related-posts":"","theme-transparent-header-meta":"default","adv-header-id-meta":"","stick-header-meta":"default","header-above-stick-meta":"","header-main-stick-meta":"","header-below-stick-meta":"","astra-migrate-meta-layouts":"default","ast-page-background-enabled":"default","ast-page-background-meta":{"desktop":{"background-color":"","background-image":"","background-repeat":"repeat","background-position":"center center","background-size":"auto","background-attachment":"scroll","background-type":"","background-media":"","overlay-type":"","overlay-color":"","overlay-opacity":"","overlay-gradient":""},"tablet":{"background-color":"","background-image":"","background-repeat":"repeat","background-position":"center center","background-size":"auto","background-attachment":"scroll","background-type":"","background-media":"","overlay-type":"","overlay-color":"","overlay-opacity":"","overlay-gradient":""},"mobile":{"background-color":"","background-image":"","background-repeat":"repeat","background-position":"center center","background-size":"auto","background-attachment":"scroll","background-type":"","background-media":"","overlay-type":"","overlay-color":"","overlay-opacity":"","overlay-gradient":""}},"ast-content-background-meta":{"desktop":{"background-color":"var(--ast-global-color-5)","background-image":"","background-repeat":"repeat","background-position":"center center","background-size":"auto","background-attachment":"scroll","background-type":"","background-media":"","overlay-type":"","overlay-color":"","overlay-opacity":"","overlay-gradient":""},"tablet":{"background-color":"var(--ast-global-color-5)","background-image":"","background-repeat":"repeat","background-position":"center center","background-size":"auto","background-attachment":"scroll","background-type":"","background-media":"","overlay-type":"","overlay-color":"","overlay-opacity":"","overlay-gradient":""},"mobile":{"background-color":"var(--ast-global-color-5)","background-image":"","background-repeat":"repeat","background-position":"center center","background-size":"auto","background-attachment":"scroll","background-type":"","background-media":"","overlay-type":"","overlay-color":"","overlay-opacity":"","overlay-gradient":""}},"_jet_sm_ready_style":"","_jet_sm_style":"","_jet_sm_controls_values":"","_jet_sm_fonts_collection":"","_jet_sm_fonts_links":"","footnotes":""},"schlagwortedst":[153],"wf_page_folders":[190],"class_list":["post-653","page","type-page","status-publish","hentry","schlagwortedst-sideschule"],"_links":{"self":[{"href":"https:\/\/www.dstenerife.eu\/de\/wp-json\/wp\/v2\/pages\/653","targetHints":{"allow":["GET"]}}],"collection":[{"href":"https:\/\/www.dstenerife.eu\/de\/wp-json\/wp\/v2\/pages"}],"about":[{"href":"https:\/\/www.dstenerife.eu\/de\/wp-json\/wp\/v2\/types\/page"}],"author":[{"embeddable":true,"href":"https:\/\/www.dstenerife.eu\/de\/wp-json\/wp\/v2\/users\/10"}],"replies":[{"embeddable":true,"href":"https:\/\/www.dstenerife.eu\/de\/wp-json\/wp\/v2\/comments?post=653"}],"version-history":[{"count":0,"href":"https:\/\/www.dstenerife.eu\/de\/wp-json\/wp\/v2\/pages\/653\/revisions"}],"up":[{"embeddable":true,"href":"https:\/\/www.dstenerife.eu\/de\/wp-json\/wp\/v2\/pages\/397"}],"wp:attachment":[{"href":"https:\/\/www.dstenerife.eu\/de\/wp-json\/wp\/v2\/media?parent=653"}],"wp:term":[{"taxonomy":"schlagwortedst","embeddable":true,"href":"https:\/\/www.dstenerife.eu\/de\/wp-json\/wp\/v2\/schlagwortedst?post=653"},{"taxonomy":"wf_page_folders","embeddable":true,"href":"https:\/\/www.dstenerife.eu\/de\/wp-json\/wp\/v2\/wf_page_folders?post=653"}],"curies":[{"name":"wp","href":"https:\/\/api.w.org\/{rel}","templated":true}]}}