{"id":65651,"date":"2023-12-11T09:16:06","date_gmt":"2023-12-11T09:16:06","guid":{"rendered":"https:\/\/www.dstenerife.eu\/?page_id=65651"},"modified":"2023-12-28T12:00:05","modified_gmt":"2023-12-28T12:00:05","slug":"anmeldung-fuer-kikri-1-kuekengruppe","status":"publish","type":"page","link":"https:\/\/www.dstenerife.eu\/de\/kikri-und-kindergarten-2\/anmeldung-fuer-kikri-1-kuekengruppe\/","title":{"rendered":"Anmeldung f\u00fcr KiKri 1 \u201eK\u00fckengruppe\u201c"},"content":{"rendered":"<p>Wir freuen uns sehr Ihnen mitzuteilen, dass wir ab dem <strong>01.02.2024<\/strong> unsere Betreuung in der KiKri erweitern und eine neue Gruppe in unserer Einrichtung er\u00f6ffnen. <strong>Die &#8220;K\u00fckengruppe&#8220;<\/strong> wird bis zu zehn Kinder aufnehmen die <strong>bis zum 31. August 2023 1 Jahr alt geworden sind.<\/strong><\/p>\n<p>Auf diesem Weg bietet die Deutsche Schule Santa Cruz de Tenerife den Familien ein neues Betreuungsangebot an, in dem wir den Kindern einen fr\u00fcheren Kontakt mit der deutschen Sprache erm\u00f6glichen und auch die j\u00fcngsten Geschwisterkinder bei uns herzlich willkommen sind.<\/p>\n<p>Wir nehmen auch jetzt schon Anmeldungen f\u00fcr Februar 2024 und f\u00fcr das kommende Schuljahr 2024\/25 entgegen. Die <strong>Anmeldungen f\u00fcr Februar 2024<\/strong> k\u00f6nnen <strong>bis zum 12.01.24<\/strong> erfolgen.<\/p>\n<p>Bitte beachten Sie den Stichtag:<\/p>\n<ul>\n<li>Stichtag <strong>KIKRI 1 \u201eK\u00fcken\u201c<\/strong>: bis zum <strong>31. August 2024 1 Jahr alt<\/strong><\/li>\n<\/ul>\n<p>Bei Interesse wenden Sie sich bitte an dstenerife@dstenerife.eu.<\/p>\n<p>&nbsp;<\/p>\n<p><a href=\"https:\/\/e969z83yjsq.exactdn.com\/wp-content\/uploads\/2023\/12\/LogoKikri_kuken@025x.png?strip=all&w=2560\"><img fetchpriority=\"high\" decoding=\"async\" class=\"aligncenter size-medium wp-image-65690\" src=\"https:\/\/e969z83yjsq.exactdn.com\/wp-content\/uploads\/2023\/12\/LogoKikri_kuken@025x-274x423.png?strip=all\" alt=\"\" width=\"274\" height=\"423\" srcset=\"https:\/\/e969z83yjsq.exactdn.com\/wp-content\/uploads\/2023\/12\/LogoKikri_kuken@025x-274x423.png?strip=all 274w, https:\/\/e969z83yjsq.exactdn.com\/wp-content\/uploads\/2023\/12\/LogoKikri_kuken@025x-320x494.png?strip=all 320w, https:\/\/e969z83yjsq.exactdn.com\/wp-content\/uploads\/2023\/12\/LogoKikri_kuken@025x.png?strip=all 381w, https:\/\/e969z83yjsq.exactdn.com\/wp-content\/uploads\/2023\/12\/LogoKikri_kuken@025x.png?strip=all&amp;w=76 76w, https:\/\/e969z83yjsq.exactdn.com\/wp-content\/uploads\/2023\/12\/LogoKikri_kuken@025x.png?strip=all&amp;w=152 152w\" sizes=\"(max-width: 274px) 100vw, 274px\" \/><\/a><\/p>\n","protected":false},"excerpt":{"rendered":"<p>Wir freuen uns sehr Ihnen mitzuteilen, dass wir ab dem 01.02.2024 unsere Betreuung in der KiKri [&hellip;]<\/p>\n","protected":false},"author":17,"featured_media":0,"parent":401,"menu_order":0,"comment_status":"closed","ping_status":"closed","template":"","meta":{"site-sidebar-layout":"default","site-content-layout":"","ast-site-content-layout":"default","site-content-style":"default","site-sidebar-style":"default","ast-global-header-display":"","ast-banner-title-visibility":"","ast-main-header-display":"","ast-hfb-above-header-display":"","ast-hfb-below-header-display":"","ast-hfb-mobile-header-display":"","site-post-title":"","ast-breadcrumbs-content":"","ast-featured-img":"","footer-sml-layout":"","ast-disable-related-posts":"","theme-transparent-header-meta":"default","adv-header-id-meta":"","stick-header-meta":"default","header-above-stick-meta":"","header-main-stick-meta":"","header-below-stick-meta":"","astra-migrate-meta-layouts":"set","ast-page-background-enabled":"default","ast-page-background-meta":{"desktop":{"background-color":"","background-image":"","background-repeat":"repeat","background-position":"center center","background-size":"auto","background-attachment":"scroll","background-type":"","background-media":"","overlay-type":"","overlay-color":"","overlay-opacity":"","overlay-gradient":""},"tablet":{"background-color":"","background-image":"","background-repeat":"repeat","background-position":"center center","background-size":"auto","background-attachment":"scroll","background-type":"","background-media":"","overlay-type":"","overlay-color":"","overlay-opacity":"","overlay-gradient":""},"mobile":{"background-color":"","background-image":"","background-repeat":"repeat","background-position":"center center","background-size":"auto","background-attachment":"scroll","background-type":"","background-media":"","overlay-type":"","overlay-color":"","overlay-opacity":"","overlay-gradient":""}},"ast-content-background-meta":{"desktop":{"background-color":"var(--ast-global-color-5)","background-image":"","background-repeat":"repeat","background-position":"center center","background-size":"auto","background-attachment":"scroll","background-type":"","background-media":"","overlay-type":"","overlay-color":"","overlay-opacity":"","overlay-gradient":""},"tablet":{"background-color":"var(--ast-global-color-5)","background-image":"","background-repeat":"repeat","background-position":"center center","background-size":"auto","background-attachment":"scroll","background-type":"","background-media":"","overlay-type":"","overlay-color":"","overlay-opacity":"","overlay-gradient":""},"mobile":{"background-color":"var(--ast-global-color-5)","background-image":"","background-repeat":"repeat","background-position":"center center","background-size":"auto","background-attachment":"scroll","background-type":"","background-media":"","overlay-type":"","overlay-color":"","overlay-opacity":"","overlay-gradient":""}},"_jet_sm_ready_style":"","_jet_sm_style":"","_jet_sm_controls_values":"","_jet_sm_fonts_collection":"","_jet_sm_fonts_links":"","footnotes":""},"schlagwortedst":[149],"wf_page_folders":[178,192],"class_list":["post-65651","page","type-page","status-publish","hentry","schlagwortedst-sidekg"],"_links":{"self":[{"href":"https:\/\/www.dstenerife.eu\/de\/wp-json\/wp\/v2\/pages\/65651","targetHints":{"allow":["GET"]}}],"collection":[{"href":"https:\/\/www.dstenerife.eu\/de\/wp-json\/wp\/v2\/pages"}],"about":[{"href":"https:\/\/www.dstenerife.eu\/de\/wp-json\/wp\/v2\/types\/page"}],"author":[{"embeddable":true,"href":"https:\/\/www.dstenerife.eu\/de\/wp-json\/wp\/v2\/users\/17"}],"replies":[{"embeddable":true,"href":"https:\/\/www.dstenerife.eu\/de\/wp-json\/wp\/v2\/comments?post=65651"}],"version-history":[{"count":4,"href":"https:\/\/www.dstenerife.eu\/de\/wp-json\/wp\/v2\/pages\/65651\/revisions"}],"predecessor-version":[{"id":66340,"href":"https:\/\/www.dstenerife.eu\/de\/wp-json\/wp\/v2\/pages\/65651\/revisions\/66340"}],"up":[{"embeddable":true,"href":"https:\/\/www.dstenerife.eu\/de\/wp-json\/wp\/v2\/pages\/401"}],"wp:attachment":[{"href":"https:\/\/www.dstenerife.eu\/de\/wp-json\/wp\/v2\/media?parent=65651"}],"wp:term":[{"taxonomy":"schlagwortedst","embeddable":true,"href":"https:\/\/www.dstenerife.eu\/de\/wp-json\/wp\/v2\/schlagwortedst?post=65651"},{"taxonomy":"wf_page_folders","embeddable":true,"href":"https:\/\/www.dstenerife.eu\/de\/wp-json\/wp\/v2\/wf_page_folders?post=65651"}],"curies":[{"name":"wp","href":"https:\/\/api.w.org\/{rel}","templated":true}]}}