{"id":705,"date":"2015-04-25T22:19:10","date_gmt":"2015-04-25T22:19:10","guid":{"rendered":"http:\/\/dstenerife.ducklingit.com\/?page_id=705"},"modified":"2025-09-30T09:40:13","modified_gmt":"2025-09-30T08:40:13","slug":"lehrer","status":"publish","type":"page","link":"https:\/\/www.dstenerife.eu\/de\/primarstufe\/lehrer\/","title":{"rendered":"Lehrkraft in der Grundschule"},"content":{"rendered":"<ul>\n<li><strong>Grundschulleiterin:<\/strong>\n<ul>\n<li>Heliosch, Julia<\/li>\n<\/ul>\n<\/li>\n<li><strong>Lehrkr\u00e4fte:<\/strong>\n<ul>\n<li>Acevedo, Carmen &#8211; Stellvertretende Klassenleiterin G4A, G2A, G1A<\/li>\n<li>Behschnitt, Anna &#8211; Klassenlehrerin G3B<\/li>\n<li>B\u00fchler, Laura &#8211; Klassenlehrerin G1A, Deutschf\u00f6rderung D+ in KIGA<\/li>\n<li>Degner, Birte &#8211; Klassenlehrerin G2B<\/li>\n<li>Eule, Grit &#8211; Klassenlehrerin G4A<\/li>\n<li>Gonz\u00e1lez P\u00e9rez, Luc\u00eda &#8211; Klassenlehrerin G1B<\/li>\n<li>Mar\u00edn, Paloma\u00a0 &#8211; Stellvertretende Klassenlehrerin G4B, IPS, Alphabetisierung K3+<\/li>\n<li>Meyer, Tamara &#8211; Klassenlehrerin G4B<\/li>\n<li>P\u00e9rez, Mariluz\u00a0 &#8211; Stellvertretende Klassenlehrerin G3B, G2B, G1B<\/li>\n<li>Roulston, Victoria &#8211; Fachlehrerin Musik und Englisch<\/li>\n<li>Sandholzer Mart\u00edn, Marta &#8211; Stellvertretende Klassenlehrerin G3A, G4B, IPS<\/li>\n<li>Schumacher, Nadine &#8211; Klassenlehrerin G3A<\/li>\n<li>Zabel, Jana &#8211; Klassenlehrerin G2A, Praktikumsbeauftragte<\/li>\n<\/ul>\n<\/li>\n<li><b>Ganztagsklassen am Nachmittag:<\/b>\n<ul>\n<li>Lehrmann, Marion &#8211; Aufsichtspersonal<\/li>\n<li>Kaiser, Jessica- Bibliothekarin<\/li>\n<li>Silvia und Patricia &#8211; Aufsichtspersonal<\/li>\n<\/ul>\n<\/li>\n<\/ul>\n","protected":false},"excerpt":{"rendered":"<p>Grundschulleiterin: Heliosch, Julia Lehrkr\u00e4fte: Acevedo, Carmen &#8211; Stellvertretende Klassenleiterin G4A, G2A, G1A Behschnitt, Anna &#8211; Klassenlehrerin [&hellip;]<\/p>\n","protected":false},"author":10,"featured_media":99795,"parent":402,"menu_order":2,"comment_status":"closed","ping_status":"closed","template":"","meta":{"site-sidebar-layout":"default","site-content-layout":"default","ast-site-content-layout":"default","site-content-style":"default","site-sidebar-style":"default","ast-global-header-display":"","ast-banner-title-visibility":"","ast-main-header-display":"","ast-hfb-above-header-display":"","ast-hfb-below-header-display":"","ast-hfb-mobile-header-display":"","site-post-title":"","ast-breadcrumbs-content":"","ast-featured-img":"","footer-sml-layout":"","ast-disable-related-posts":"","theme-transparent-header-meta":"default","adv-header-id-meta":"","stick-header-meta":"default","header-above-stick-meta":"","header-main-stick-meta":"","header-below-stick-meta":"","astra-migrate-meta-layouts":"set","ast-page-background-enabled":"default","ast-page-background-meta":{"desktop":{"background-color":"","background-image":"","background-repeat":"repeat","background-position":"center center","background-size":"auto","background-attachment":"scroll","background-type":"","background-media":"","overlay-type":"","overlay-color":"","overlay-opacity":"","overlay-gradient":""},"tablet":{"background-color":"","background-image":"","background-repeat":"repeat","background-position":"center center","background-size":"auto","background-attachment":"scroll","background-type":"","background-media":"","overlay-type":"","overlay-color":"","overlay-opacity":"","overlay-gradient":""},"mobile":{"background-color":"","background-image":"","background-repeat":"repeat","background-position":"center center","background-size":"auto","background-attachment":"scroll","background-type":"","background-media":"","overlay-type":"","overlay-color":"","overlay-opacity":"","overlay-gradient":""}},"ast-content-background-meta":{"desktop":{"background-color":"var(--ast-global-color-5)","background-image":"","background-repeat":"repeat","background-position":"center center","background-size":"auto","background-attachment":"scroll","background-type":"","background-media":"","overlay-type":"","overlay-color":"","overlay-opacity":"","overlay-gradient":""},"tablet":{"background-color":"var(--ast-global-color-5)","background-image":"","background-repeat":"repeat","background-position":"center center","background-size":"auto","background-attachment":"scroll","background-type":"","background-media":"","overlay-type":"","overlay-color":"","overlay-opacity":"","overlay-gradient":""},"mobile":{"background-color":"var(--ast-global-color-5)","background-image":"","background-repeat":"repeat","background-position":"center center","background-size":"auto","background-attachment":"scroll","background-type":"","background-media":"","overlay-type":"","overlay-color":"","overlay-opacity":"","overlay-gradient":""}},"_jet_sm_ready_style":"","_jet_sm_style":"","_jet_sm_controls_values":"","_jet_sm_fonts_collection":"","_jet_sm_fonts_links":"","footnotes":""},"schlagwortedst":[150],"wf_page_folders":[193,208],"class_list":["post-705","page","type-page","status-publish","has-post-thumbnail","hentry","schlagwortedst-sidegs"],"_links":{"self":[{"href":"https:\/\/www.dstenerife.eu\/de\/wp-json\/wp\/v2\/pages\/705","targetHints":{"allow":["GET"]}}],"collection":[{"href":"https:\/\/www.dstenerife.eu\/de\/wp-json\/wp\/v2\/pages"}],"about":[{"href":"https:\/\/www.dstenerife.eu\/de\/wp-json\/wp\/v2\/types\/page"}],"author":[{"embeddable":true,"href":"https:\/\/www.dstenerife.eu\/de\/wp-json\/wp\/v2\/users\/10"}],"replies":[{"embeddable":true,"href":"https:\/\/www.dstenerife.eu\/de\/wp-json\/wp\/v2\/comments?post=705"}],"version-history":[{"count":28,"href":"https:\/\/www.dstenerife.eu\/de\/wp-json\/wp\/v2\/pages\/705\/revisions"}],"predecessor-version":[{"id":99819,"href":"https:\/\/www.dstenerife.eu\/de\/wp-json\/wp\/v2\/pages\/705\/revisions\/99819"}],"up":[{"embeddable":true,"href":"https:\/\/www.dstenerife.eu\/de\/wp-json\/wp\/v2\/pages\/402"}],"wp:featuredmedia":[{"embeddable":true,"href":"https:\/\/www.dstenerife.eu\/de\/wp-json\/wp\/v2\/media\/99795"}],"wp:attachment":[{"href":"https:\/\/www.dstenerife.eu\/de\/wp-json\/wp\/v2\/media?parent=705"}],"wp:term":[{"taxonomy":"schlagwortedst","embeddable":true,"href":"https:\/\/www.dstenerife.eu\/de\/wp-json\/wp\/v2\/schlagwortedst?post=705"},{"taxonomy":"wf_page_folders","embeddable":true,"href":"https:\/\/www.dstenerife.eu\/de\/wp-json\/wp\/v2\/wf_page_folders?post=705"}],"curies":[{"name":"wp","href":"https:\/\/api.w.org\/{rel}","templated":true}]}}