{"id":7188,"date":"2016-11-10T17:40:52","date_gmt":"2016-11-10T17:40:52","guid":{"rendered":"https:\/\/kopie.dst.deutsche-schule.eu\/?page_id=7188"},"modified":"2021-08-09T15:05:37","modified_gmt":"2021-08-09T15:05:37","slug":"bund-laender-inspektion-2","status":"publish","type":"page","link":"https:\/\/www.dstenerife.eu\/de\/die-schule\/paedagogisches-qualitaetsmanagement-an-der-dst\/evaluationen\/bund-laender-inspektion-2\/","title":{"rendered":"Bund-L\u00e4nder-Inspektion 2"},"content":{"rendered":"<p>Vom 6.-11. November 2016 fand die 2. Bund-L\u00e4nder-Inspektion (BLI) an der Deutschen Schule Santa Cruz de Tenerife statt. Die 1. BLI war zuvor im Dezember 2010 durchgef\u00fchrt worden. Die Bilanzierung durch die ZfA als auch durch die wissenschaftliche Begleitung hatten gezeigt, dass die Elemente der BLI und das Verfahren selbst in den Schulen vielf\u00e4ltige nachhaltige Schulentwicklungsprozesse ausgel\u00f6st hatten. Der Folgezyklus der BLI 2.0 wurde ab 2014 in einem weiterentwickelten Verfahren abgewickelt mit dem Ziel, die erreichten Qualit\u00e4tsstandardsund zu sichern und die stetige Qualit\u00e4tsentwicklung und -sicherung zu evaluieren und unterst\u00fctzen.<\/p>\n<p>Das aktuelle Reformkonzept im deutschen Auslandsschulwesen zielt u.a. auch darauf, den Deutschen Schulen im Ausland eine noch h\u00f6here Eigenverantwortung zu \u00fcbertragen und die personelle wie finanzielle F\u00f6rderung weiter zu flexibilisieren. Das Evaluations- und Steuerungsinstrument der BLI sichert in diesem Kontext bei entsprechender unternehmerischer Tr\u00e4gerschaft der Deutschen Auslandsschulen die Ziele der Ausw\u00e4rtigen Kultur- und Bildungspolitik wie die hohen Qualit\u00e4tsanforderungen deutscher Bildungsg\u00e4nge und Abschl\u00fcsse. Alle Reformbestrebungen korrespondieren mit der Notwendigkeit einer effizienten Ergebniskontrolle durch Bund-L\u00e4nder-Inspektionen im Rahmen eines P\u00e4dagogischen Qualit\u00e4tsmanagements.<\/p>\n<p>Qualit\u00e4tsanforderungen, die nahezu alle Schulen erf\u00fcllen, stehen nicht mehr im Fokus der Evaluation 2.0; dies erlaubt auf der einen Seite eine Konzentration und Verschlankung des Inspektionsverfahrens. Auf der anderen Seite m\u00fcssen bestimmte Qualit\u00e4tsanforderungen st\u00e4rker akzentuiert und damit auch evaluiert werden.<\/p>\n<p>Dies gilt insbesondere f\u00fcr eine Weiterentwicklung der Lernkultur: eine Kompetenzorientierung bei der Gestaltung der Lehr-Lernprozesse sowie binnendifferenziertes Arbeiten in heterogenen Lerngruppen und entsprechende F\u00f6rderma\u00dfnahmen.<\/p>\n<p><strong>\u00a0Vorbereitung der Bund-L\u00e4nder-Inspektion <\/strong><\/p>\n<ul>\n<li>Zusammenstellung der Schuldokumente einschlie\u00dflich der Qualit\u00e4tsdokumentation<\/li>\n<li>Festlegung des Ablaufes (einschlie\u00dflich Terminplan) der BLI<\/li>\n<li>Auswahl und Vorbereitung der Interviewteilnehmer<\/li>\n<li>Information der Schulgemeinde \u00fcber Ziel und Verfahren der BLI durch die Schulleiterin am 13. Oktober 2016.<\/li>\n<\/ul>\n<p><strong>Dokumente und Ablaufplan der Bund-L\u00e4nder-Inspektion 2.0<\/strong><\/p>\n<ul>\n<li><em><a href=\"https:\/\/www.dstenerife.eu\/wp-content\/uploads\/2016\/11\/BLI2.0-Folgezyklus.pdf\" target=\"_blank\" rel=\"noopener\">Informationsbrosch\u00fcre &#8222;Bund-L\u00e4nder-Inspektion Deutscher Schulen im Ausland&#8220; der Zentralstelle f\u00fcr das Auslandsschulwesen<\/a><\/em><\/li>\n<li><em><a href=\"https:\/\/www.dstenerife.eu\/wp-content\/uploads\/2016\/11\/Ablaufplan-DST.pdf\" target=\"_blank\" rel=\"noopener\">Ablaufplan<\/a><\/em><\/li>\n<li><em><a href=\"https:\/\/www.dstenerife.eu\/wp-content\/uploads\/2016\/11\/Qualit\u00e4tsprofil-kurz-19.05.2015.pdf\" target=\"_blank\" rel=\"noopener\">Qualit\u00e4tsprofil kurz<\/a><\/em><\/li>\n<li><em><a href=\"https:\/\/www.dstenerife.eu\/wp-content\/uploads\/2016\/11\/Qualit\u00e4tsprofil-lang-19.05.2015.pdf\" target=\"_blank\" rel=\"noopener\">Qualit\u00e4tsprofil lang<\/a><\/em><\/li>\n<li><em><a href=\"https:\/\/www.dstenerife.eu\/wp-content\/uploads\/2016\/11\/Liste-der-Schuldokumente.pdf\" target=\"_blank\" rel=\"noopener\">Liste der einzureichenden Schuldokumente<\/a><\/em><\/li>\n<li><em><a href=\"https:\/\/www.dstenerife.eu\/wp-content\/uploads\/2016\/11\/Selbsteinschaetzungsbogen-DS-SANTA-CRUZ-DE-TENERIFE.pdf\" target=\"_blank\" rel=\"noopener\">Selbsteinsch\u00e4tzungsbogen f\u00fcr die BLI 2.0<\/a><\/em><\/li>\n<\/ul>\n<p><strong>Ergebnis<\/strong><\/p>\n<p>Im Februar 2017 erhielt die DST den<\/p>\n<ul>\n<li><a href=\"https:\/\/www.dstenerife.eu\/wp-content\/uploads\/2021\/08\/BLI-Abschlussbericht_DS-Santa-Cruz-de-Tenerife.pdf\" target=\"_blank\" rel=\"noopener\">Abschlussbericht der BLI 2<\/a>.<br \/>\n<a href=\"https:\/\/www.dstenerife.eu\/wp-content\/uploads\/2021\/08\/BLI-Abschlussbericht_DS-Santa-Cruz-de-Tenerife.pdf\" class=\"pdfemb-viewer\" style=\"width:340px;\" data-width=\"340\" data-height=\"max\" data-toolbar=\"top\" data-toolbar-fixed=\"on\">BLI-Abschlussbericht_DS-Santa-Cruz-de-Tenerife<\/a><\/li>\n<\/ul>\n<p>Die Schule ist mit dem Ergebnis h\u00f6chst zufrieden. Die Ergebnisse m\u00fcnden in einen Aktionsplan, der zuk\u00fcnftige Entwicklungsziele formuliert.<\/p>\n<p>&nbsp;<\/p>\n","protected":false},"excerpt":{"rendered":"<p>Vom 6.-11. November 2016 fand die 2. Bund-L\u00e4nder-Inspektion (BLI) an der Deutschen Schule Santa Cruz de [&hellip;]<\/p>\n","protected":false},"author":10,"featured_media":7208,"parent":7121,"menu_order":2,"comment_status":"closed","ping_status":"closed","template":"","meta":{"site-sidebar-layout":"default","site-content-layout":"default","ast-site-content-layout":"default","site-content-style":"default","site-sidebar-style":"default","ast-global-header-display":"","ast-banner-title-visibility":"","ast-main-header-display":"","ast-hfb-above-header-display":"","ast-hfb-below-header-display":"","ast-hfb-mobile-header-display":"","site-post-title":"","ast-breadcrumbs-content":"","ast-featured-img":"","footer-sml-layout":"","ast-disable-related-posts":"","theme-transparent-header-meta":"default","adv-header-id-meta":"","stick-header-meta":"default","header-above-stick-meta":"","header-main-stick-meta":"","header-below-stick-meta":"","astra-migrate-meta-layouts":"default","ast-page-background-enabled":"default","ast-page-background-meta":{"desktop":{"background-color":"","background-image":"","background-repeat":"repeat","background-position":"center center","background-size":"auto","background-attachment":"scroll","background-type":"","background-media":"","overlay-type":"","overlay-color":"","overlay-opacity":"","overlay-gradient":""},"tablet":{"background-color":"","background-image":"","background-repeat":"repeat","background-position":"center center","background-size":"auto","background-attachment":"scroll","background-type":"","background-media":"","overlay-type":"","overlay-color":"","overlay-opacity":"","overlay-gradient":""},"mobile":{"background-color":"","background-image":"","background-repeat":"repeat","background-position":"center center","background-size":"auto","background-attachment":"scroll","background-type":"","background-media":"","overlay-type":"","overlay-color":"","overlay-opacity":"","overlay-gradient":""}},"ast-content-background-meta":{"desktop":{"background-color":"var(--ast-global-color-5)","background-image":"","background-repeat":"repeat","background-position":"center center","background-size":"auto","background-attachment":"scroll","background-type":"","background-media":"","overlay-type":"","overlay-color":"","overlay-opacity":"","overlay-gradient":""},"tablet":{"background-color":"var(--ast-global-color-5)","background-image":"","background-repeat":"repeat","background-position":"center center","background-size":"auto","background-attachment":"scroll","background-type":"","background-media":"","overlay-type":"","overlay-color":"","overlay-opacity":"","overlay-gradient":""},"mobile":{"background-color":"var(--ast-global-color-5)","background-image":"","background-repeat":"repeat","background-position":"center center","background-size":"auto","background-attachment":"scroll","background-type":"","background-media":"","overlay-type":"","overlay-color":"","overlay-opacity":"","overlay-gradient":""}},"_jet_sm_ready_style":"","_jet_sm_style":"","_jet_sm_controls_values":"","_jet_sm_fonts_collection":"","_jet_sm_fonts_links":"","footnotes":""},"schlagwortedst":[153],"wf_page_folders":[188,190],"class_list":["post-7188","page","type-page","status-publish","has-post-thumbnail","hentry","schlagwortedst-sideschule"],"_links":{"self":[{"href":"https:\/\/www.dstenerife.eu\/de\/wp-json\/wp\/v2\/pages\/7188","targetHints":{"allow":["GET"]}}],"collection":[{"href":"https:\/\/www.dstenerife.eu\/de\/wp-json\/wp\/v2\/pages"}],"about":[{"href":"https:\/\/www.dstenerife.eu\/de\/wp-json\/wp\/v2\/types\/page"}],"author":[{"embeddable":true,"href":"https:\/\/www.dstenerife.eu\/de\/wp-json\/wp\/v2\/users\/10"}],"replies":[{"embeddable":true,"href":"https:\/\/www.dstenerife.eu\/de\/wp-json\/wp\/v2\/comments?post=7188"}],"version-history":[{"count":0,"href":"https:\/\/www.dstenerife.eu\/de\/wp-json\/wp\/v2\/pages\/7188\/revisions"}],"up":[{"embeddable":true,"href":"https:\/\/www.dstenerife.eu\/de\/wp-json\/wp\/v2\/pages\/7121"}],"wp:featuredmedia":[{"embeddable":true,"href":"https:\/\/www.dstenerife.eu\/de\/wp-json\/wp\/v2\/media\/7208"}],"wp:attachment":[{"href":"https:\/\/www.dstenerife.eu\/de\/wp-json\/wp\/v2\/media?parent=7188"}],"wp:term":[{"taxonomy":"schlagwortedst","embeddable":true,"href":"https:\/\/www.dstenerife.eu\/de\/wp-json\/wp\/v2\/schlagwortedst?post=7188"},{"taxonomy":"wf_page_folders","embeddable":true,"href":"https:\/\/www.dstenerife.eu\/de\/wp-json\/wp\/v2\/wf_page_folders?post=7188"}],"curies":[{"name":"wp","href":"https:\/\/api.w.org\/{rel}","templated":true}]}}