{"id":746,"date":"2015-04-25T22:52:03","date_gmt":"2015-04-25T22:52:03","guid":{"rendered":"http:\/\/dstenerife.ducklingit.com\/?page_id=746"},"modified":"2021-07-17T12:26:58","modified_gmt":"2021-07-17T12:26:58","slug":"anmeldung-und-kosten","status":"publish","type":"page","link":"https:\/\/www.dstenerife.eu\/de\/kikri-und-kindergarten-2\/anmeldung-und-kosten\/","title":{"rendered":"Anmeldung und Kosten KG"},"content":{"rendered":"<blockquote><p>Ist die Doppelung in den Bereichen wirklich n\u00f6tig, wenn wir eine zentrale Seite zur Anmeldung haben? \u00c4nderungen m\u00fcssen ansonsten immer mehrfach gepflegt werden!<\/p>\n<p>PA<\/p><\/blockquote>\n<p>Im Zeitraum von November bis Februar haben Sie jedes Jahr die M\u00f6glichkeit, Ihr Kind in der Kinderkrippe\u00a0oder im Kindergarten anzumelden.<\/p>\n<p><strong>Voraussetzungen f\u00fcr eine Anmeldung<\/strong><\/p>\n<p>KiKri: Wenn Ihr Kind bis zum 31. August das zweite Lebensjahr vollendet hat, k\u00f6nnen Sie es in der Kinderkrippe anmelden.<\/p>\n<p>Kindergarten: Wenn Ihr Kind bis zum 31. August das dritte Lebensjahr vollendet hat, k\u00f6nnen Sie es im Kindergarten anmelden.<\/p>\n<p>Sollten die Anmeldungen die Aufnahmekapazit\u00e4t \u00fcberschreiten, so erfolgt die Auswahl der Kinder nach festgelegten Kriterien. Die aufgenommenen Kinder in der\u00a0KiKri und im Kindergarten werden anschlie\u00dfend in Kleingruppen eingeteilt.<\/p>\n<p>Eine Aufnahme in h\u00f6here Kindergartengruppen ist bei freien Pl\u00e4tzen m\u00f6glich, wenn das Kind bereits Deutschkenntnisse hat.<\/p>\n<p>Folgende Unterlagen sind f\u00fcr die Aufnahme notwendig und sollten bei Anmeldeschluss, Ende Februar, dem Sekretariat der DST vorliegen:<\/p>\n<p>Formulare KiKri\/Kindergarten: <a href=\"https:\/\/www.dstenerife.eu\/wp-content\/uploads\/2019\/11\/Anmeldeformular-2020.pdf\" target=\"_blank\" rel=\"noopener noreferrer\">Anmeldebogen<\/a><\/p>\n<p>Rechtzeitig werden die\u00a0Eltern \u00fcber den Aufnahmestand informiert. Im Falle einer Zusage, werden die Eltern gebeten, weitere Unterlagen einzureichen und die Aufnahmegeb\u00fchren zu begleichen. Nach Abschluss der Formalit\u00e4ten sind die Kinder f\u00fcr die entsprechende Einrichtung verbindlich angemeldet. Beim \u00dcberschreiten der Anmeldezahl wird nach dem Kriterienkatalog vorgegangen. Die Eltern werden dar\u00fcber informiert, dass sie vorerst in einer Warteliste aufgenommen werden. Nach Beendigung der formalen Anmeldung findet ein Nachr\u00fcckverfahren statt.<\/p>\n<p>&nbsp;<\/p>\n<p><strong><a href=\"https:\/\/www.dstenerife.eu\/wp-content\/uploads\/2020\/07\/KINDERGARTEN-KIKRI-QUOTEN-CUOTAS-2020-21.pdf\" target=\"_blank\" rel=\"noopener noreferrer\">Preise<\/a> 2021-22<\/strong><\/p>\n<p>Einmalige Depotzahlung:\u00a0\u00a0\u00a0\u00a0\u00a0\u00a0780,00 Euro<\/p>\n<p>Einschreibgeb\u00fchr: \u00a0\u00a0\u00a0\u00a0\u00a0\u00a0\u00a0\u00a0\u00a0\u00a0\u00a0\u00a0\u00a0\u00a0\u00a0\u00a0 350,00 Euro (jedes Jahr vor Schuljahrsbeginn)<\/p>\n<p>Monatsquote KiKri \/ KiGa:\u00a0\u00a0\u00a0\u00a0380,00 Euro (KiKri 11 Quoten \/ KiGa 10 Quoten)<\/p>\n","protected":false},"excerpt":{"rendered":"<p>Ist die Doppelung in den Bereichen wirklich n\u00f6tig, wenn wir eine zentrale Seite zur Anmeldung haben? [&hellip;]<\/p>\n","protected":false},"author":10,"featured_media":0,"parent":401,"menu_order":16,"comment_status":"closed","ping_status":"closed","template":"","meta":{"site-sidebar-layout":"default","site-content-layout":"default","ast-site-content-layout":"default","site-content-style":"default","site-sidebar-style":"default","ast-global-header-display":"","ast-banner-title-visibility":"","ast-main-header-display":"","ast-hfb-above-header-display":"","ast-hfb-below-header-display":"","ast-hfb-mobile-header-display":"","site-post-title":"","ast-breadcrumbs-content":"","ast-featured-img":"","footer-sml-layout":"","ast-disable-related-posts":"","theme-transparent-header-meta":"default","adv-header-id-meta":"","stick-header-meta":"default","header-above-stick-meta":"","header-main-stick-meta":"","header-below-stick-meta":"","astra-migrate-meta-layouts":"default","ast-page-background-enabled":"default","ast-page-background-meta":{"desktop":{"background-color":"","background-image":"","background-repeat":"repeat","background-position":"center center","background-size":"auto","background-attachment":"scroll","background-type":"","background-media":"","overlay-type":"","overlay-color":"","overlay-opacity":"","overlay-gradient":""},"tablet":{"background-color":"","background-image":"","background-repeat":"repeat","background-position":"center center","background-size":"auto","background-attachment":"scroll","background-type":"","background-media":"","overlay-type":"","overlay-color":"","overlay-opacity":"","overlay-gradient":""},"mobile":{"background-color":"","background-image":"","background-repeat":"repeat","background-position":"center center","background-size":"auto","background-attachment":"scroll","background-type":"","background-media":"","overlay-type":"","overlay-color":"","overlay-opacity":"","overlay-gradient":""}},"ast-content-background-meta":{"desktop":{"background-color":"var(--ast-global-color-5)","background-image":"","background-repeat":"repeat","background-position":"center center","background-size":"auto","background-attachment":"scroll","background-type":"","background-media":"","overlay-type":"","overlay-color":"","overlay-opacity":"","overlay-gradient":""},"tablet":{"background-color":"var(--ast-global-color-5)","background-image":"","background-repeat":"repeat","background-position":"center center","background-size":"auto","background-attachment":"scroll","background-type":"","background-media":"","overlay-type":"","overlay-color":"","overlay-opacity":"","overlay-gradient":""},"mobile":{"background-color":"var(--ast-global-color-5)","background-image":"","background-repeat":"repeat","background-position":"center center","background-size":"auto","background-attachment":"scroll","background-type":"","background-media":"","overlay-type":"","overlay-color":"","overlay-opacity":"","overlay-gradient":""}},"_jet_sm_ready_style":"","_jet_sm_style":"","_jet_sm_controls_values":"","_jet_sm_fonts_collection":"","_jet_sm_fonts_links":"","footnotes":""},"schlagwortedst":[],"wf_page_folders":[192,208],"class_list":["post-746","page","type-page","status-publish","hentry"],"_links":{"self":[{"href":"https:\/\/www.dstenerife.eu\/de\/wp-json\/wp\/v2\/pages\/746","targetHints":{"allow":["GET"]}}],"collection":[{"href":"https:\/\/www.dstenerife.eu\/de\/wp-json\/wp\/v2\/pages"}],"about":[{"href":"https:\/\/www.dstenerife.eu\/de\/wp-json\/wp\/v2\/types\/page"}],"author":[{"embeddable":true,"href":"https:\/\/www.dstenerife.eu\/de\/wp-json\/wp\/v2\/users\/10"}],"replies":[{"embeddable":true,"href":"https:\/\/www.dstenerife.eu\/de\/wp-json\/wp\/v2\/comments?post=746"}],"version-history":[{"count":0,"href":"https:\/\/www.dstenerife.eu\/de\/wp-json\/wp\/v2\/pages\/746\/revisions"}],"up":[{"embeddable":true,"href":"https:\/\/www.dstenerife.eu\/de\/wp-json\/wp\/v2\/pages\/401"}],"wp:attachment":[{"href":"https:\/\/www.dstenerife.eu\/de\/wp-json\/wp\/v2\/media?parent=746"}],"wp:term":[{"taxonomy":"schlagwortedst","embeddable":true,"href":"https:\/\/www.dstenerife.eu\/de\/wp-json\/wp\/v2\/schlagwortedst?post=746"},{"taxonomy":"wf_page_folders","embeddable":true,"href":"https:\/\/www.dstenerife.eu\/de\/wp-json\/wp\/v2\/wf_page_folders?post=746"}],"curies":[{"name":"wp","href":"https:\/\/api.w.org\/{rel}","templated":true}]}}