{"id":752,"date":"2015-04-25T22:59:11","date_gmt":"2015-04-25T22:59:11","guid":{"rendered":"http:\/\/dstenerife.ducklingit.com\/?page_id=752"},"modified":"2021-07-17T12:18:14","modified_gmt":"2021-07-17T12:18:14","slug":"kinderkrippe-kikri","status":"publish","type":"page","link":"https:\/\/www.dstenerife.eu\/de\/kikri-und-kindergarten-2\/kinderkrippe-kikri\/","title":{"rendered":"Kinderkrippe KiKri"},"content":{"rendered":"<p>Die &#8222;KiKri&#8220;, die 2014 mit zwei Gruppen von 15 Kindern er\u00f6ffnet hat, ist integraler Bestandteil der Schule und dient unter anderem als vorbereitende Einrichtung f\u00fcr den Eintritt in den Kindergarten.<\/p>\n<p><iframe src=\"\/\/www.youtube.com\/embed\/7-ApveMBNIo\" width=\"560\" height=\"314\" allowfullscreen=\"allowfullscreen\"><\/iframe><\/p>\n<p>Das Besondere an der KiKri ist die fr\u00fchkindliche F\u00f6rderung in der deutschen Sprache. Die Mitarbeiterinnen und Mitarbeiter sind ausgebildete Erzieherinnen und Erzieher aus Deutschland und f\u00fchren die Kinder professionell an die Fremdsprache Deutsch heran. Das p\u00e4dagogische Konzept orientiert sich an den deutschen <a href=\"http:\/\/www.bva.bund.de\/DE\/Organisation\/Abteilungen\/Abteilung_ZfA\/Auslandsschularbeit\/ReFo\/Qualit%C3%A4tsrahmen%20KiGa\/node.html\" target=\"_blank\" rel=\"noopener noreferrer\">Bildungs- und Erziehungslinien<\/a> und integriert die kulturellen Einfl\u00fcsse im Sitzland (Kanarische Inseln).<\/p>\n<p>Im Zentrum unserer Arbeit steht die spielerische Vermittlung der deutschen Sprache. Die Kinder erlernen die Zweitsprache unter nat\u00fcrlichen Bedingungen, da die Bezugspersonen w\u00e4hrend der gesamten Betreuungszeit mit den Kindern ausschlie\u00dflich auf Deutsch kommunizieren. In der KiKri unterst\u00fctzen uns im Jahresverlauf Studentinnen und Studenten der Kindheitsp\u00e4dagogik sowie angehende Erzieherinnen und Erzieher. Dadurch k\u00f6nnen wir stets in Kleingruppen arbeiten, die Individualit\u00e4t eines jeden Kindes wahrnehmen und sie einf\u00fchlsam an die neue Sprache heranf\u00fchren.<\/p>\n<p>Methodisch grundlegend f\u00fcr uns ist das \u201eImmersionsprinzip\u201c, d.h. die Kinder \u201etauchen ein\u201c in die deutsche Sprache (\u201eSprachbad\u201c). Die Sprachvermittlung wird dabei nicht auf eine systematische oder verschulte Weise betrieben, sondern im Alltag durchgehend angewandt. Die Art und Weise der immersiven Vermittlung gleicht dem Erlernen der Muttersprache und stellt somit keine \u00dcberforderung der Kinder dar. In der Sprachf\u00f6rderung gilt die Immersion als sehr erfolgreich, weil keinerlei Druck auf die Kinder aufgebaut wird.<\/p>\n<p>Die praktische Alltagsgestaltung ist vielseitig organisiert:<\/p>\n<ul>\n<li>Die Kinder werden im gemeinsamen Stuhlkreis begr\u00fc\u00dft,<\/li>\n<li>sie verabschieden sich,<\/li>\n<li>sie essen gemeinsam und<\/li>\n<li>erhalten viel Raum zum freien Spielen.<\/li>\n<li>Spezielle Angebote f\u00fcr Kleinkinder sind in den Tagesablauf integriert, die sowohl die F\u00f6rderung der Sinne als auch zum Erlernen der Fremdsprache anregen.<\/li>\n<\/ul>\n<p>Durch den Besuch der KiKri k\u00f6nnen sich die Kinder schon vor einer m\u00f6glichen Aufnahme in den Kindergarten sowohl an die gesprochene deutsche Sprache als auch an die Einrichtungen der Schule gew\u00f6hnen. F\u00fcr die Aufnahme in den Kindergarten ist deshalb der vorherige Besuch der KiKri von besonderer Bedeutung und ein wichtiges Aufnahmekriterium.<\/p>\n","protected":false},"excerpt":{"rendered":"<p>Die &#8222;KiKri&#8220;, die 2014 mit zwei Gruppen von 15 Kindern er\u00f6ffnet hat, ist integraler Bestandteil der [&hellip;]<\/p>\n","protected":false},"author":10,"featured_media":0,"parent":401,"menu_order":14,"comment_status":"closed","ping_status":"closed","template":"","meta":{"site-sidebar-layout":"default","site-content-layout":"default","ast-site-content-layout":"default","site-content-style":"default","site-sidebar-style":"default","ast-global-header-display":"","ast-banner-title-visibility":"","ast-main-header-display":"","ast-hfb-above-header-display":"","ast-hfb-below-header-display":"","ast-hfb-mobile-header-display":"","site-post-title":"","ast-breadcrumbs-content":"","ast-featured-img":"","footer-sml-layout":"","ast-disable-related-posts":"","theme-transparent-header-meta":"default","adv-header-id-meta":"","stick-header-meta":"default","header-above-stick-meta":"","header-main-stick-meta":"","header-below-stick-meta":"","astra-migrate-meta-layouts":"default","ast-page-background-enabled":"default","ast-page-background-meta":{"desktop":{"background-color":"","background-image":"","background-repeat":"repeat","background-position":"center center","background-size":"auto","background-attachment":"scroll","background-type":"","background-media":"","overlay-type":"","overlay-color":"","overlay-opacity":"","overlay-gradient":""},"tablet":{"background-color":"","background-image":"","background-repeat":"repeat","background-position":"center center","background-size":"auto","background-attachment":"scroll","background-type":"","background-media":"","overlay-type":"","overlay-color":"","overlay-opacity":"","overlay-gradient":""},"mobile":{"background-color":"","background-image":"","background-repeat":"repeat","background-position":"center center","background-size":"auto","background-attachment":"scroll","background-type":"","background-media":"","overlay-type":"","overlay-color":"","overlay-opacity":"","overlay-gradient":""}},"ast-content-background-meta":{"desktop":{"background-color":"var(--ast-global-color-5)","background-image":"","background-repeat":"repeat","background-position":"center center","background-size":"auto","background-attachment":"scroll","background-type":"","background-media":"","overlay-type":"","overlay-color":"","overlay-opacity":"","overlay-gradient":""},"tablet":{"background-color":"var(--ast-global-color-5)","background-image":"","background-repeat":"repeat","background-position":"center center","background-size":"auto","background-attachment":"scroll","background-type":"","background-media":"","overlay-type":"","overlay-color":"","overlay-opacity":"","overlay-gradient":""},"mobile":{"background-color":"var(--ast-global-color-5)","background-image":"","background-repeat":"repeat","background-position":"center center","background-size":"auto","background-attachment":"scroll","background-type":"","background-media":"","overlay-type":"","overlay-color":"","overlay-opacity":"","overlay-gradient":""}},"_jet_sm_ready_style":"","_jet_sm_style":"","_jet_sm_controls_values":"","_jet_sm_fonts_collection":"","_jet_sm_fonts_links":"","footnotes":""},"schlagwortedst":[],"wf_page_folders":[192],"class_list":["post-752","page","type-page","status-publish","hentry"],"_links":{"self":[{"href":"https:\/\/www.dstenerife.eu\/de\/wp-json\/wp\/v2\/pages\/752","targetHints":{"allow":["GET"]}}],"collection":[{"href":"https:\/\/www.dstenerife.eu\/de\/wp-json\/wp\/v2\/pages"}],"about":[{"href":"https:\/\/www.dstenerife.eu\/de\/wp-json\/wp\/v2\/types\/page"}],"author":[{"embeddable":true,"href":"https:\/\/www.dstenerife.eu\/de\/wp-json\/wp\/v2\/users\/10"}],"replies":[{"embeddable":true,"href":"https:\/\/www.dstenerife.eu\/de\/wp-json\/wp\/v2\/comments?post=752"}],"version-history":[{"count":0,"href":"https:\/\/www.dstenerife.eu\/de\/wp-json\/wp\/v2\/pages\/752\/revisions"}],"up":[{"embeddable":true,"href":"https:\/\/www.dstenerife.eu\/de\/wp-json\/wp\/v2\/pages\/401"}],"wp:attachment":[{"href":"https:\/\/www.dstenerife.eu\/de\/wp-json\/wp\/v2\/media?parent=752"}],"wp:term":[{"taxonomy":"schlagwortedst","embeddable":true,"href":"https:\/\/www.dstenerife.eu\/de\/wp-json\/wp\/v2\/schlagwortedst?post=752"},{"taxonomy":"wf_page_folders","embeddable":true,"href":"https:\/\/www.dstenerife.eu\/de\/wp-json\/wp\/v2\/wf_page_folders?post=752"}],"curies":[{"name":"wp","href":"https:\/\/api.w.org\/{rel}","templated":true}]}}