{"id":756,"date":"2015-04-25T23:01:02","date_gmt":"2015-04-25T23:01:02","guid":{"rendered":"http:\/\/dstenerife.ducklingit.com\/?page_id=756"},"modified":"2025-09-30T09:56:10","modified_gmt":"2025-09-30T08:56:10","slug":"informationen-fuer-eltern","status":"publish","type":"page","link":"https:\/\/www.dstenerife.eu\/de\/kikri-und-kindergarten-2\/informationen-fuer-eltern\/","title":{"rendered":"Informationen f\u00fcr Eltern"},"content":{"rendered":"\t\t<div data-elementor-type=\"wp-page\" data-elementor-id=\"756\" class=\"elementor elementor-756\" data-elementor-post-type=\"page\">\n\t\t\t\t\t\t<section class=\"elementor-section elementor-top-section elementor-element elementor-element-51d2b0e4 elementor-section-boxed elementor-section-height-default elementor-section-height-default\" data-id=\"51d2b0e4\" data-element_type=\"section\" data-e-type=\"section\">\n\t\t\t\t\t\t<div class=\"elementor-container elementor-column-gap-default\">\n\t\t\t\t\t<div class=\"elementor-column elementor-col-100 elementor-top-column elementor-element elementor-element-224fdec\" data-id=\"224fdec\" data-element_type=\"column\" data-e-type=\"column\">\n\t\t\t<div class=\"elementor-widget-wrap elementor-element-populated\">\n\t\t\t\t\t\t<div class=\"elementor-element elementor-element-34dfa24f elementor-widget elementor-widget-text-editor\" data-id=\"34dfa24f\" data-element_type=\"widget\" data-e-type=\"widget\" data-settings=\"{&quot;_ob_widget_stalker_use&quot;:&quot;no&quot;,&quot;_ob_shadough_use&quot;:&quot;no&quot;}\" data-widget_type=\"text-editor.default\">\n\t\t\t\t<div class=\"elementor-widget-container\">\n\t\t\t\t\t\t\t\t\t<p>Unser Kindergarten besteht aus drei Einrichtungen, der Kinderkrippe &#8222;KiKri&#8220;, dem &#8222;Regenbogen-Kindergarten&#8220; sowie der Vorschule &#8222;K3+&#8220;:<\/p><p>Die <strong>Kinderkrippe<\/strong> &#8222;KiKri&#8220; ist integraler Bestandteil der Schule und dient als vorbereitende Einrichtung f\u00fcr den m\u00f6glichen Eintritt in den Kindergarten. In der Kikri betreuen wir ca. 30 Kinder zwischen ein und drei Jahren.<\/p><p>Der <strong>Kindergarten<\/strong> &#8222;Regenbogen&#8220; besteht aus f\u00fcnf altersgemischten Gruppen von jeweils dreizehn bis f\u00fcnfzehn Kindern. Im Kindergarten werden etwa 90 Kinder zwischen drei und f\u00fcnf Jahren betreut.<\/p><p>Die <strong>Vorschule<\/strong> &#8222;K3+&#8220; besteht aus drei altershomogenen Gruppen von ca. 15 Kindern zwischen f\u00fcnf bis sechs Jahren.<\/p><p>Die enge Zusammenarbeit von unseren drei Einrichtungen bietet den Kindern von Anfang an eine vertraute Umgebung in der das p\u00e4dagogische Personal die Vermittlung der Deutschen Sprache, anhand der verschiedenen Bildungsbereiche und den Jahreskreis, den Kindern erm\u00f6glicht. Neben der Erziehung zur Selbst\u00e4ndigkeit, was als wichtiger Bestandteil betrachtet wird, legen wird hohen Wert auf das Freispiel, Projekte und Bewegung, die im Kindergartenalltag hineinflie\u00dfen. Die kleinen Gruppen erm\u00f6glichen eine individuelle und gezielte Arbeit mit dem Kind.\u00a0<\/p><h4><strong>\u00d6ffnungszeiten des Kindergartens und K3+<\/strong><\/h4><p>1. Bringzeit: 7.45 Uhr \u2013 8.30 Uhr<br \/>2. Bringzeit: 9.00 Uhr (T\u00fcr wird einmal kurz ge\u00f6ffnet)<br \/>1. Abholzeit: 13.00 Uhr (vor dem Essen)<br \/>2. Abholzeit: 14.00 Uhr (nach dem Essen)<br \/>3. Abholzeit: 15.15 Uhr \u2013 15.40 Uhr<\/p><h4><strong>\u00d6ffnungszeiten der Kikri<\/strong><\/h4><p>1. Bringzeit: 7.45 Uhr \u2013 9.00 Uhr<br \/>1. Abholzeit: 11.30 Uhr \u2013 11.45 Uhr (vor dem Essen)<br \/>2. Abholzeit: 12.30 Uhr \u2013 13.00 Uhr (nach dem Essen)<br \/>3. Abholzeit: 14.00 Uhr<br \/>4. Abholzeit: 15.00 Uhr \u2013 15.40 Uhr<\/p>\t\t\t\t\t\t\t\t<\/div>\n\t\t\t\t<\/div>\n\t\t\t\t\t<\/div>\n\t\t<\/div>\n\t\t\t\t\t<\/div>\n\t\t<\/section>\n\t\t\t\t<\/div>\n\t\t","protected":false},"excerpt":{"rendered":"<p>Unser Kindergarten besteht aus drei Einrichtungen, der Kinderkrippe &#8222;KiKri&#8220;, dem &#8222;Regenbogen-Kindergarten&#8220; sowie der Vorschule &#8222;K3+&#8220;: Die [&hellip;]<\/p>\n","protected":false},"author":10,"featured_media":99773,"parent":401,"menu_order":4,"comment_status":"closed","ping_status":"closed","template":"","meta":{"site-sidebar-layout":"default","site-content-layout":"default","ast-site-content-layout":"default","site-content-style":"default","site-sidebar-style":"default","ast-global-header-display":"","ast-banner-title-visibility":"","ast-main-header-display":"","ast-hfb-above-header-display":"","ast-hfb-below-header-display":"","ast-hfb-mobile-header-display":"","site-post-title":"","ast-breadcrumbs-content":"","ast-featured-img":"","footer-sml-layout":"","ast-disable-related-posts":"","theme-transparent-header-meta":"default","adv-header-id-meta":"","stick-header-meta":"default","header-above-stick-meta":"","header-main-stick-meta":"","header-below-stick-meta":"","astra-migrate-meta-layouts":"set","ast-page-background-enabled":"default","ast-page-background-meta":{"desktop":{"background-color":"","background-image":"","background-repeat":"repeat","background-position":"center center","background-size":"auto","background-attachment":"scroll","background-type":"","background-media":"","overlay-type":"","overlay-color":"","overlay-opacity":"","overlay-gradient":""},"tablet":{"background-color":"","background-image":"","background-repeat":"repeat","background-position":"center center","background-size":"auto","background-attachment":"scroll","background-type":"","background-media":"","overlay-type":"","overlay-color":"","overlay-opacity":"","overlay-gradient":""},"mobile":{"background-color":"","background-image":"","background-repeat":"repeat","background-position":"center center","background-size":"auto","background-attachment":"scroll","background-type":"","background-media":"","overlay-type":"","overlay-color":"","overlay-opacity":"","overlay-gradient":""}},"ast-content-background-meta":{"desktop":{"background-color":"var(--ast-global-color-5)","background-image":"","background-repeat":"repeat","background-position":"center center","background-size":"auto","background-attachment":"scroll","background-type":"","background-media":"","overlay-type":"","overlay-color":"","overlay-opacity":"","overlay-gradient":""},"tablet":{"background-color":"var(--ast-global-color-5)","background-image":"","background-repeat":"repeat","background-position":"center center","background-size":"auto","background-attachment":"scroll","background-type":"","background-media":"","overlay-type":"","overlay-color":"","overlay-opacity":"","overlay-gradient":""},"mobile":{"background-color":"var(--ast-global-color-5)","background-image":"","background-repeat":"repeat","background-position":"center center","background-size":"auto","background-attachment":"scroll","background-type":"","background-media":"","overlay-type":"","overlay-color":"","overlay-opacity":"","overlay-gradient":""}},"_jet_sm_ready_style":"","_jet_sm_style":"","_jet_sm_controls_values":"","_jet_sm_fonts_collection":"","_jet_sm_fonts_links":"","footnotes":""},"schlagwortedst":[149],"wf_page_folders":[192],"class_list":["post-756","page","type-page","status-publish","has-post-thumbnail","hentry","schlagwortedst-sidekg"],"_links":{"self":[{"href":"https:\/\/www.dstenerife.eu\/de\/wp-json\/wp\/v2\/pages\/756","targetHints":{"allow":["GET"]}}],"collection":[{"href":"https:\/\/www.dstenerife.eu\/de\/wp-json\/wp\/v2\/pages"}],"about":[{"href":"https:\/\/www.dstenerife.eu\/de\/wp-json\/wp\/v2\/types\/page"}],"author":[{"embeddable":true,"href":"https:\/\/www.dstenerife.eu\/de\/wp-json\/wp\/v2\/users\/10"}],"replies":[{"embeddable":true,"href":"https:\/\/www.dstenerife.eu\/de\/wp-json\/wp\/v2\/comments?post=756"}],"version-history":[{"count":68,"href":"https:\/\/www.dstenerife.eu\/de\/wp-json\/wp\/v2\/pages\/756\/revisions"}],"predecessor-version":[{"id":99839,"href":"https:\/\/www.dstenerife.eu\/de\/wp-json\/wp\/v2\/pages\/756\/revisions\/99839"}],"up":[{"embeddable":true,"href":"https:\/\/www.dstenerife.eu\/de\/wp-json\/wp\/v2\/pages\/401"}],"wp:featuredmedia":[{"embeddable":true,"href":"https:\/\/www.dstenerife.eu\/de\/wp-json\/wp\/v2\/media\/99773"}],"wp:attachment":[{"href":"https:\/\/www.dstenerife.eu\/de\/wp-json\/wp\/v2\/media?parent=756"}],"wp:term":[{"taxonomy":"schlagwortedst","embeddable":true,"href":"https:\/\/www.dstenerife.eu\/de\/wp-json\/wp\/v2\/schlagwortedst?post=756"},{"taxonomy":"wf_page_folders","embeddable":true,"href":"https:\/\/www.dstenerife.eu\/de\/wp-json\/wp\/v2\/wf_page_folders?post=756"}],"curies":[{"name":"wp","href":"https:\/\/api.w.org\/{rel}","templated":true}]}}