{"id":859,"date":"2015-05-02T19:17:56","date_gmt":"2015-05-02T19:17:56","guid":{"rendered":"http:\/\/dstenerife.ducklingit.com\/?page_id=859"},"modified":"2021-07-16T12:55:58","modified_gmt":"2021-07-16T12:55:58","slug":"praevention","status":"publish","type":"page","link":"https:\/\/www.dstenerife.eu\/de\/die-schule\/gesamtschulische-konzepte\/praevention\/","title":{"rendered":"Pr\u00e4vention"},"content":{"rendered":"<p>An der Deutschen Schule Teneriffa wird in vielfacher Hinsicht Pr\u00e4ventionsarbeit betrieben.<\/p>\n<p>Einerseits betreibt unsere Schulpsychologin Pr\u00e4vention, indem sie einzelne Sch\u00fcler betreut, aber auch mit ganzen Klassen Kompetenzentwicklung betreibt.<\/p>\n<p>Dar\u00fcber hinaus werden Sch\u00fclerinnen und Sch\u00fcler im Rahmen der Mediations-AG als Streitschlichter ausgebildet.<\/p>\n<p>In den Klassen 5 bis 8 werden Klassenlehrerstunden f\u00fcr die Verbesserung des Klassenzusammenhaltes und zur Kompetenzentwicklung der Sch\u00fcler im Sinne des sozialen Lernens genutzt.<\/p>\n<blockquote><p>Veraltet, Inhalt muss angepasst werden:<\/p>\n<p>z.B. keine Streitschlichterausbildung; Them\u00fcbersicht Suchtpr\u00e4vention; \u2026<\/p>\n<p>PA<\/p><\/blockquote>\n<p>Auch im Unterricht wird Pr\u00e4vention betrieben. In den F\u00e4chern Ethik und Philosophie reflektieren die Sch\u00fcler sich und die Gesellschaft. Angestrebt wird dabei die Entwicklung der Selbstreflektion und eine Verbesserung der Konfliktl\u00f6sungsf\u00e4higkeiten. Im Biologieunterricht werden die Gesundheitsvorsorge und Suchtpr\u00e4vention betreffende Themen behandelt: Ern\u00e4hrung, gesundes Heben, Bewegung und Sport, &#8218;Wie schwer darf meine Schultasche sein&#8216;, Sexualkunde, die Gefahren legaler und illegaler Drogen und ihre Wirkungsweise im K\u00f6rper.<br \/>\nFachleute werden eingeladen, um mit einzelnen Klassen bzw. Jahrgangsstufen bestimmte Themen zu behandeln:<\/p>\n<p>Die &#8218;Guardia Civil&#8216; behandelt mit Mittelstufensch\u00fclern die Themen &#8218;Gefahren im Internet&#8216; und &#8218;Drogen&#8216;. Zum Thema Sexualkunde laden wir nach der Behandlung des Themas im Biologieunterricht eine Sch\u00fclermutter ein, die als Gyn\u00e4kologin mit den Sch\u00fclern der 9. Klassen \u00fcber Schwangerschaft und Verh\u00fctung spricht.<\/p>\n<p>Zum Weltaidstag besucht uns das Rote Kreuz (la Cruz Roja) oder UNAPRO, um die Sch\u00fclerinnen und Sch\u00fcler \u00fcber Aids und Pr\u00e4vention von Aids aufzukl\u00e4ren.<\/p>\n<p>In der Oberstufe laden wir &#8218;Proyecto Hombre&#8216; ein, um mit den Sch\u00fclerinnen und Sch\u00fclern der 11. Klassen \u00fcber den Missbrauch von Drogen zu sprechen.<\/p>\n<p><a href=\"https:\/\/www.dstenerife.eu\/wp-content\/uploads\/2015\/05\/\u00dcbersicht-Suchtpr\u00e4vention-Schuljahr-16-17-Kl-10.pdf\" target=\"_blank\" rel=\"noopener\">Themen\u00fcbersicht Suchtpr\u00e4vention im Schuljahr 2016-2017<\/a><\/p>\n","protected":false},"excerpt":{"rendered":"<p>An der Deutschen Schule Teneriffa wird in vielfacher Hinsicht Pr\u00e4ventionsarbeit betrieben. Einerseits betreibt unsere Schulpsychologin Pr\u00e4vention, [&hellip;]<\/p>\n","protected":false},"author":10,"featured_media":0,"parent":38938,"menu_order":0,"comment_status":"closed","ping_status":"closed","template":"","meta":{"site-sidebar-layout":"default","site-content-layout":"default","ast-site-content-layout":"default","site-content-style":"default","site-sidebar-style":"default","ast-global-header-display":"","ast-banner-title-visibility":"","ast-main-header-display":"","ast-hfb-above-header-display":"","ast-hfb-below-header-display":"","ast-hfb-mobile-header-display":"","site-post-title":"","ast-breadcrumbs-content":"","ast-featured-img":"","footer-sml-layout":"","ast-disable-related-posts":"","theme-transparent-header-meta":"default","adv-header-id-meta":"","stick-header-meta":"default","header-above-stick-meta":"","header-main-stick-meta":"","header-below-stick-meta":"","astra-migrate-meta-layouts":"default","ast-page-background-enabled":"default","ast-page-background-meta":{"desktop":{"background-color":"","background-image":"","background-repeat":"repeat","background-position":"center center","background-size":"auto","background-attachment":"scroll","background-type":"","background-media":"","overlay-type":"","overlay-color":"","overlay-opacity":"","overlay-gradient":""},"tablet":{"background-color":"","background-image":"","background-repeat":"repeat","background-position":"center center","background-size":"auto","background-attachment":"scroll","background-type":"","background-media":"","overlay-type":"","overlay-color":"","overlay-opacity":"","overlay-gradient":""},"mobile":{"background-color":"","background-image":"","background-repeat":"repeat","background-position":"center center","background-size":"auto","background-attachment":"scroll","background-type":"","background-media":"","overlay-type":"","overlay-color":"","overlay-opacity":"","overlay-gradient":""}},"ast-content-background-meta":{"desktop":{"background-color":"var(--ast-global-color-5)","background-image":"","background-repeat":"repeat","background-position":"center center","background-size":"auto","background-attachment":"scroll","background-type":"","background-media":"","overlay-type":"","overlay-color":"","overlay-opacity":"","overlay-gradient":""},"tablet":{"background-color":"var(--ast-global-color-5)","background-image":"","background-repeat":"repeat","background-position":"center center","background-size":"auto","background-attachment":"scroll","background-type":"","background-media":"","overlay-type":"","overlay-color":"","overlay-opacity":"","overlay-gradient":""},"mobile":{"background-color":"var(--ast-global-color-5)","background-image":"","background-repeat":"repeat","background-position":"center center","background-size":"auto","background-attachment":"scroll","background-type":"","background-media":"","overlay-type":"","overlay-color":"","overlay-opacity":"","overlay-gradient":""}},"_jet_sm_ready_style":"","_jet_sm_style":"","_jet_sm_controls_values":"","_jet_sm_fonts_collection":"","_jet_sm_fonts_links":"","footnotes":""},"schlagwortedst":[153],"wf_page_folders":[198,201,205,208],"class_list":["post-859","page","type-page","status-publish","hentry","schlagwortedst-sideschule"],"_links":{"self":[{"href":"https:\/\/www.dstenerife.eu\/de\/wp-json\/wp\/v2\/pages\/859","targetHints":{"allow":["GET"]}}],"collection":[{"href":"https:\/\/www.dstenerife.eu\/de\/wp-json\/wp\/v2\/pages"}],"about":[{"href":"https:\/\/www.dstenerife.eu\/de\/wp-json\/wp\/v2\/types\/page"}],"author":[{"embeddable":true,"href":"https:\/\/www.dstenerife.eu\/de\/wp-json\/wp\/v2\/users\/10"}],"replies":[{"embeddable":true,"href":"https:\/\/www.dstenerife.eu\/de\/wp-json\/wp\/v2\/comments?post=859"}],"version-history":[{"count":0,"href":"https:\/\/www.dstenerife.eu\/de\/wp-json\/wp\/v2\/pages\/859\/revisions"}],"up":[{"embeddable":true,"href":"https:\/\/www.dstenerife.eu\/de\/wp-json\/wp\/v2\/pages\/38938"}],"wp:attachment":[{"href":"https:\/\/www.dstenerife.eu\/de\/wp-json\/wp\/v2\/media?parent=859"}],"wp:term":[{"taxonomy":"schlagwortedst","embeddable":true,"href":"https:\/\/www.dstenerife.eu\/de\/wp-json\/wp\/v2\/schlagwortedst?post=859"},{"taxonomy":"wf_page_folders","embeddable":true,"href":"https:\/\/www.dstenerife.eu\/de\/wp-json\/wp\/v2\/wf_page_folders?post=859"}],"curies":[{"name":"wp","href":"https:\/\/api.w.org\/{rel}","templated":true}]}}