{"id":86479,"date":"2024-11-12T04:06:41","date_gmt":"2024-11-12T04:06:41","guid":{"rendered":"https:\/\/www.dstenerife.eu\/?page_id=86479"},"modified":"2024-11-12T08:18:50","modified_gmt":"2024-11-12T08:18:50","slug":"protokolle","status":"publish","type":"page","link":"https:\/\/www.dstenerife.eu\/de\/die-schule\/protokolle\/","title":{"rendered":"Handlungsprotokolle"},"content":{"rendered":"<h3>BEL\u00c4STIGUNG AN DER SCHULE: &#8222;Allgemeiner Handlungsrahmen bei m\u00f6glicher Bel\u00e4stigung an der Schule&#8220;<\/h3>\n<ul>\n<li>Rechtliche Grundlage:<br \/>\n<a href=\"https:\/\/www.gobiernodecanarias.org\/educacion\/web\/servicios\/prevencion-acoso-escolar\/marco-general-actuacion-acoso-escolar\/index.html\" target=\"_blank\" rel=\"noopener\">Link zur spanischen Webseite der kanarischen Bildungsbeh\u00f6rde<\/a><\/li>\n<li>DST-Schema:<br \/>\n<a href=\"https:\/\/www.dstenerife.eu\/wp-content\/uploads\/2024\/06\/Antibullying-Konzept_deutsch.pdf\" target=\"_blank\" rel=\"noopener\">Antibullying-Konzept (pdf)<\/a><\/li>\n<\/ul>\n<h3>&#8222;Interventionsprotokoll bei erkanntem Suizidrisiko in Bildungseinrichtungen der Kanarischen Inseln&#8220;<\/h3>\n<ul>\n<li>Rechtliche Grundlage:<br \/>\n<a href=\"https:\/\/www.gobiernodecanarias.org\/cmsweb\/export\/sites\/educacion\/web\/_galerias\/descargas\/otros\/20240926_protocolo_de_intervencion_ante_riesgo_suicida_detectado_en_instuciones_educativas_de_canarias.pdf\" target=\"_blank\" rel=\"noopener\">Link zum PDF-Dokument der kanarischen Bildungsbeh\u00f6rde<\/a><\/li>\n<li>Hauptverantwortliche:<br \/>\n<img fetchpriority=\"high\" decoding=\"async\" class=\"aligncenter size-medium wp-image-86487\" src=\"https:\/\/e969z83yjsq.exactdn.com\/wp-content\/uploads\/2024\/11\/protocoloagentes-739x423.jpg?strip=all\" alt=\"\" width=\"739\" height=\"423\" srcset=\"https:\/\/e969z83yjsq.exactdn.com\/wp-content\/uploads\/2024\/11\/protocoloagentes-739x423.jpg?strip=all 739w, https:\/\/e969z83yjsq.exactdn.com\/wp-content\/uploads\/2024\/11\/protocoloagentes-320x183.jpg?strip=all 320w, https:\/\/e969z83yjsq.exactdn.com\/wp-content\/uploads\/2024\/11\/protocoloagentes.jpg?strip=all 760w, https:\/\/e969z83yjsq.exactdn.com\/wp-content\/uploads\/2024\/11\/protocoloagentes.jpg?strip=all&amp;w=152 152w, https:\/\/e969z83yjsq.exactdn.com\/wp-content\/uploads\/2024\/11\/protocoloagentes.jpg?strip=all&amp;w=456 456w, https:\/\/e969z83yjsq.exactdn.com\/wp-content\/uploads\/2024\/11\/protocoloagentes.jpg?strip=all&amp;w=608 608w\" sizes=\"(max-width: 739px) 100vw, 739px\" \/><br \/>\nDST-Team f\u00fcr Interventionsmanagement und Nachsorge<\/li>\n<\/ul>\n<h3>&#8222;Protokoll zur Begleitung von trans* Sch\u00fclerInnen und zum Umgang mit geschlechtlicher Vielfalt&#8220;<\/h3>\n<p><span style=\"color: #ff0000;\">In Vorbereitung zur Ver\u00f6ffentlichung!<\/span><\/p>\n<h3>&#8222;Handlungsprotokoll im Bildungsbereich bei hohen Temperaturen&#8220;<\/h3>\n<p><span style=\"color: #ff0000;\">In Vorbereitung zur Ver\u00f6ffentlichung!<\/span><\/p>\n<p>&nbsp;<\/p>\n","protected":false},"excerpt":{"rendered":"<p>BEL\u00c4STIGUNG AN DER SCHULE: &#8222;Allgemeiner Handlungsrahmen bei m\u00f6glicher Bel\u00e4stigung an der Schule&#8220; Rechtliche Grundlage: Link zur [&hellip;]<\/p>\n","protected":false},"author":15,"featured_media":0,"parent":18,"menu_order":0,"comment_status":"closed","ping_status":"closed","template":"","meta":{"site-sidebar-layout":"default","site-content-layout":"","ast-site-content-layout":"default","site-content-style":"default","site-sidebar-style":"default","ast-global-header-display":"","ast-banner-title-visibility":"","ast-main-header-display":"","ast-hfb-above-header-display":"","ast-hfb-below-header-display":"","ast-hfb-mobile-header-display":"","site-post-title":"","ast-breadcrumbs-content":"","ast-featured-img":"","footer-sml-layout":"","ast-disable-related-posts":"","theme-transparent-header-meta":"default","adv-header-id-meta":"","stick-header-meta":"default","header-above-stick-meta":"","header-main-stick-meta":"","header-below-stick-meta":"","astra-migrate-meta-layouts":"set","ast-page-background-enabled":"default","ast-page-background-meta":{"desktop":{"background-color":"","background-image":"","background-repeat":"repeat","background-position":"center center","background-size":"auto","background-attachment":"scroll","background-type":"","background-media":"","overlay-type":"","overlay-color":"","overlay-opacity":"","overlay-gradient":""},"tablet":{"background-color":"","background-image":"","background-repeat":"repeat","background-position":"center center","background-size":"auto","background-attachment":"scroll","background-type":"","background-media":"","overlay-type":"","overlay-color":"","overlay-opacity":"","overlay-gradient":""},"mobile":{"background-color":"","background-image":"","background-repeat":"repeat","background-position":"center center","background-size":"auto","background-attachment":"scroll","background-type":"","background-media":"","overlay-type":"","overlay-color":"","overlay-opacity":"","overlay-gradient":""}},"ast-content-background-meta":{"desktop":{"background-color":"var(--ast-global-color-5)","background-image":"","background-repeat":"repeat","background-position":"center center","background-size":"auto","background-attachment":"scroll","background-type":"","background-media":"","overlay-type":"","overlay-color":"","overlay-opacity":"","overlay-gradient":""},"tablet":{"background-color":"var(--ast-global-color-5)","background-image":"","background-repeat":"repeat","background-position":"center center","background-size":"auto","background-attachment":"scroll","background-type":"","background-media":"","overlay-type":"","overlay-color":"","overlay-opacity":"","overlay-gradient":""},"mobile":{"background-color":"var(--ast-global-color-5)","background-image":"","background-repeat":"repeat","background-position":"center center","background-size":"auto","background-attachment":"scroll","background-type":"","background-media":"","overlay-type":"","overlay-color":"","overlay-opacity":"","overlay-gradient":""}},"_jet_sm_ready_style":"","_jet_sm_style":"","_jet_sm_controls_values":"","_jet_sm_fonts_collection":"","_jet_sm_fonts_links":"","footnotes":""},"schlagwortedst":[153],"wf_page_folders":[],"class_list":["post-86479","page","type-page","status-publish","hentry","schlagwortedst-sideschule"],"_links":{"self":[{"href":"https:\/\/www.dstenerife.eu\/de\/wp-json\/wp\/v2\/pages\/86479","targetHints":{"allow":["GET"]}}],"collection":[{"href":"https:\/\/www.dstenerife.eu\/de\/wp-json\/wp\/v2\/pages"}],"about":[{"href":"https:\/\/www.dstenerife.eu\/de\/wp-json\/wp\/v2\/types\/page"}],"author":[{"embeddable":true,"href":"https:\/\/www.dstenerife.eu\/de\/wp-json\/wp\/v2\/users\/15"}],"replies":[{"embeddable":true,"href":"https:\/\/www.dstenerife.eu\/de\/wp-json\/wp\/v2\/comments?post=86479"}],"version-history":[{"count":9,"href":"https:\/\/www.dstenerife.eu\/de\/wp-json\/wp\/v2\/pages\/86479\/revisions"}],"predecessor-version":[{"id":86499,"href":"https:\/\/www.dstenerife.eu\/de\/wp-json\/wp\/v2\/pages\/86479\/revisions\/86499"}],"up":[{"embeddable":true,"href":"https:\/\/www.dstenerife.eu\/de\/wp-json\/wp\/v2\/pages\/18"}],"wp:attachment":[{"href":"https:\/\/www.dstenerife.eu\/de\/wp-json\/wp\/v2\/media?parent=86479"}],"wp:term":[{"taxonomy":"schlagwortedst","embeddable":true,"href":"https:\/\/www.dstenerife.eu\/de\/wp-json\/wp\/v2\/schlagwortedst?post=86479"},{"taxonomy":"wf_page_folders","embeddable":true,"href":"https:\/\/www.dstenerife.eu\/de\/wp-json\/wp\/v2\/wf_page_folders?post=86479"}],"curies":[{"name":"wp","href":"https:\/\/api.w.org\/{rel}","templated":true}]}}