{"id":871,"date":"2015-05-02T19:36:25","date_gmt":"2015-05-02T19:36:25","guid":{"rendered":"http:\/\/dstenerife.ducklingit.com\/?page_id=871"},"modified":"2024-06-14T15:43:49","modified_gmt":"2024-06-14T14:43:49","slug":"studien-und-berufsorientierung","status":"publish","type":"page","link":"https:\/\/www.dstenerife.eu\/de\/sekundarstufe-i-und-ii\/studien-und-berufsorientierung\/","title":{"rendered":"Studien- und Berufsorientierung"},"content":{"rendered":"<p>An dieser Stelle bietet die Deutsche Schule Santa Cruz de Tenerife ihren Sch\u00fcler*innen zahlreiche Hilfestellungen und Informationsangebote. Seit mehreren Jahren wurde unser Berufsinformationsangebot ausgeweitet und strukturell in ein Konzept zusammengefasst, das sich aus einzelnen, bestimmten Klassenstufen und Zeitpunkten zugeordneten Aktivit\u00e4ten, aus dauerhaft angebotenen begleitenden Angeboten sowie aus punktuellen aktuellen Veranstaltungen zusammensetzt.<\/p>\n<ul>\n<li><strong>Bewerbungen und Lebenslauf<\/strong> (Klassenstufe 10); im Rahmen des Deutschunterrichtes werden die Sch\u00fclerinnen und Sch\u00fcler angeleitet, wie Bewerbungen und Lebensl\u00e4ufe verfasst werden sollten. Die selbstverfassten Bewerbungen und Lebensl\u00e4ufe werden f\u00fcr die Bewerbungen auf Praktikumsstellen f\u00fcr das Berufspraktikum in Berlin genutzt.<\/li>\n<li><strong>Berufspraktikum: <\/strong>in der Oberstufe fahren die elften Klassen nach Berlin zur Studienreise. Hier sammeln die Sch\u00fcler*innen jede Menge Erfahrungen. Jede\/r Sch\u00fcler*in sucht sich ab September eines jeden Jahres mit Hilfe der Studienberatung (Herr Schael und Frau Lehrmann) einen Praktikumsplatz \/ihrer seiner Wahl. Von A wie Architekt bis Z wie Zahnarzt kann alles dabei sein (Arztpraxis, Bank, Krankenhaus, Rechtsanwalt, Einzelhandel, Universit\u00e4t, Hotel).<\/li>\n<li>Man schaut dem Arbeitgeber 2 Wochen lang zu. Man lernt, allein aufzustehen, in der gro\u00dfen Stadt zum Arbeitgeber zu fahren\/zu kommen, sich selbstst\u00e4ndig zurecht zu finden und sehr viel mehr. Nat\u00fcrlich mit Unterst\u00fctzung der begleitenden Lehrer. Auch, ob man sp\u00e4ter eher in einer Gro\u00dfstadt oder eher in einer kleinen Stadt studieren m\u00f6chte, entscheidet sich h\u00e4ufig bei dieser Reise.<br \/>\nDie Sch\u00fcler*innnen sind ca. 6h am Tag bei Ihren Arbeitgebern. An den Nachmittagen finden kulturelle Ausfl\u00fcge in Berlin statt (z.B. Universit\u00e4ten, Reichstag, Abgeordnetenhaus, Potsdam und vieles mehr).<\/li>\n<li>Wenn m\u00f6glich<strong>, <\/strong>findet ein Besuch an einer<strong> Hochschule<\/strong>\u00a0im Rahmen der Studienfahrt in Klasse 11 nach Berlin statt.<\/li>\n<li><strong>Individuelle Beratung\u00a0im Mai\/Juni: <\/strong>alle Sch\u00fcler*innen und deren Eltern haben zus\u00e4tzlich die M\u00f6glichkeit, von dem\/r Berater\/in der <strong>Bundesagentur f\u00fcr Arbeit<\/strong> in der Schule individuell beraten zu werden.Der Zeitraum wird zeitgerecht bekannt gegeben.<\/li>\n<li><strong>Alumniportal<\/strong><\/li>\n<li><strong>Aush\u00e4nge und Auslagen<\/strong> (Klassenstufen 11 und 12); Informationen zu Studieng\u00e4ngen werden im Oberstufenraum den Sch\u00fclerinnen und Sch\u00fclern zug\u00e4nglich gemacht.<\/li>\n<\/ul>\n<p>Informationen der Universit\u00e4ten z.B. \u00fcber Workshops oder Werbung, die die Schule f\u00fcr Sch\u00fcler*innen und Eltern interessant sein k\u00f6nnten, werden von der Studienberatung individuell weitergeleitet, oder auf der Homepage abgelegt.<\/p>\n<p><a href=\"https:\/\/e969z83yjsq.exactdn.com\/wp-content\/uploads\/2024\/06\/Malte-und-Marion.jpg?strip=all&w=2560\"><img fetchpriority=\"high\" decoding=\"async\" class=\"aligncenter size-medium wp-image-72198\" src=\"https:\/\/e969z83yjsq.exactdn.com\/wp-content\/uploads\/2024\/06\/Malte-und-Marion-564x423.jpg?strip=all\" alt=\"\" width=\"564\" height=\"423\" srcset=\"https:\/\/e969z83yjsq.exactdn.com\/wp-content\/uploads\/2024\/06\/Malte-und-Marion-564x423.jpg?strip=all 564w, https:\/\/e969z83yjsq.exactdn.com\/wp-content\/uploads\/2024\/06\/Malte-und-Marion-960x720.jpg?strip=all 960w, https:\/\/e969z83yjsq.exactdn.com\/wp-content\/uploads\/2024\/06\/Malte-und-Marion-768x576.jpg?strip=all 768w, https:\/\/e969z83yjsq.exactdn.com\/wp-content\/uploads\/2024\/06\/Malte-und-Marion-1536x1152.jpg?strip=all 1536w, https:\/\/e969z83yjsq.exactdn.com\/wp-content\/uploads\/2024\/06\/Malte-und-Marion-320x240.jpg?strip=all 320w, https:\/\/e969z83yjsq.exactdn.com\/wp-content\/uploads\/2024\/06\/Malte-und-Marion.jpg?strip=all 2048w, https:\/\/e969z83yjsq.exactdn.com\/wp-content\/uploads\/2024\/06\/Malte-und-Marion.jpg?strip=all&amp;w=409 409w, https:\/\/e969z83yjsq.exactdn.com\/wp-content\/uploads\/2024\/06\/Malte-und-Marion.jpg?strip=all&amp;w=819 819w, https:\/\/e969z83yjsq.exactdn.com\/wp-content\/uploads\/2024\/06\/Malte-und-Marion.jpg?strip=all&amp;w=1228 1228w, https:\/\/e969z83yjsq.exactdn.com\/wp-content\/uploads\/2024\/06\/Malte-und-Marion.jpg?strip=all&amp;w=1638 1638w\" sizes=\"(max-width: 564px) 100vw, 564px\" \/><\/a><\/p>\n<p style=\"color: #999999; font-size: 0.7em;\">\n","protected":false},"excerpt":{"rendered":"<p>An dieser Stelle bietet die Deutsche Schule Santa Cruz de Tenerife ihren Sch\u00fcler*innen zahlreiche Hilfestellungen und [&hellip;]<\/p>\n","protected":false},"author":10,"featured_media":71675,"parent":403,"menu_order":11,"comment_status":"closed","ping_status":"closed","template":"","meta":{"site-sidebar-layout":"default","site-content-layout":"default","ast-site-content-layout":"default","site-content-style":"default","site-sidebar-style":"default","ast-global-header-display":"","ast-banner-title-visibility":"","ast-main-header-display":"","ast-hfb-above-header-display":"","ast-hfb-below-header-display":"","ast-hfb-mobile-header-display":"","site-post-title":"","ast-breadcrumbs-content":"","ast-featured-img":"","footer-sml-layout":"","ast-disable-related-posts":"","theme-transparent-header-meta":"default","adv-header-id-meta":"","stick-header-meta":"default","header-above-stick-meta":"","header-main-stick-meta":"","header-below-stick-meta":"","astra-migrate-meta-layouts":"set","ast-page-background-enabled":"default","ast-page-background-meta":{"desktop":{"background-color":"","background-image":"","background-repeat":"repeat","background-position":"center center","background-size":"auto","background-attachment":"scroll","background-type":"","background-media":"","overlay-type":"","overlay-color":"","overlay-opacity":"","overlay-gradient":""},"tablet":{"background-color":"","background-image":"","background-repeat":"repeat","background-position":"center center","background-size":"auto","background-attachment":"scroll","background-type":"","background-media":"","overlay-type":"","overlay-color":"","overlay-opacity":"","overlay-gradient":""},"mobile":{"background-color":"","background-image":"","background-repeat":"repeat","background-position":"center center","background-size":"auto","background-attachment":"scroll","background-type":"","background-media":"","overlay-type":"","overlay-color":"","overlay-opacity":"","overlay-gradient":""}},"ast-content-background-meta":{"desktop":{"background-color":"var(--ast-global-color-5)","background-image":"","background-repeat":"repeat","background-position":"center center","background-size":"auto","background-attachment":"scroll","background-type":"","background-media":"","overlay-type":"","overlay-color":"","overlay-opacity":"","overlay-gradient":""},"tablet":{"background-color":"var(--ast-global-color-5)","background-image":"","background-repeat":"repeat","background-position":"center center","background-size":"auto","background-attachment":"scroll","background-type":"","background-media":"","overlay-type":"","overlay-color":"","overlay-opacity":"","overlay-gradient":""},"mobile":{"background-color":"var(--ast-global-color-5)","background-image":"","background-repeat":"repeat","background-position":"center center","background-size":"auto","background-attachment":"scroll","background-type":"","background-media":"","overlay-type":"","overlay-color":"","overlay-opacity":"","overlay-gradient":""}},"_jet_sm_ready_style":"","_jet_sm_style":"","_jet_sm_controls_values":"","_jet_sm_fonts_collection":"","_jet_sm_fonts_links":"","footnotes":""},"schlagwortedst":[151],"wf_page_folders":[200,208],"class_list":["post-871","page","type-page","status-publish","has-post-thumbnail","hentry","schlagwortedst-sidesek"],"_links":{"self":[{"href":"https:\/\/www.dstenerife.eu\/de\/wp-json\/wp\/v2\/pages\/871","targetHints":{"allow":["GET"]}}],"collection":[{"href":"https:\/\/www.dstenerife.eu\/de\/wp-json\/wp\/v2\/pages"}],"about":[{"href":"https:\/\/www.dstenerife.eu\/de\/wp-json\/wp\/v2\/types\/page"}],"author":[{"embeddable":true,"href":"https:\/\/www.dstenerife.eu\/de\/wp-json\/wp\/v2\/users\/10"}],"replies":[{"embeddable":true,"href":"https:\/\/www.dstenerife.eu\/de\/wp-json\/wp\/v2\/comments?post=871"}],"version-history":[{"count":30,"href":"https:\/\/www.dstenerife.eu\/de\/wp-json\/wp\/v2\/pages\/871\/revisions"}],"predecessor-version":[{"id":72203,"href":"https:\/\/www.dstenerife.eu\/de\/wp-json\/wp\/v2\/pages\/871\/revisions\/72203"}],"up":[{"embeddable":true,"href":"https:\/\/www.dstenerife.eu\/de\/wp-json\/wp\/v2\/pages\/403"}],"wp:featuredmedia":[{"embeddable":true,"href":"https:\/\/www.dstenerife.eu\/de\/wp-json\/wp\/v2\/media\/71675"}],"wp:attachment":[{"href":"https:\/\/www.dstenerife.eu\/de\/wp-json\/wp\/v2\/media?parent=871"}],"wp:term":[{"taxonomy":"schlagwortedst","embeddable":true,"href":"https:\/\/www.dstenerife.eu\/de\/wp-json\/wp\/v2\/schlagwortedst?post=871"},{"taxonomy":"wf_page_folders","embeddable":true,"href":"https:\/\/www.dstenerife.eu\/de\/wp-json\/wp\/v2\/wf_page_folders?post=871"}],"curies":[{"name":"wp","href":"https:\/\/api.w.org\/{rel}","templated":true}]}}