{"id":88652,"date":"2025-01-17T06:55:13","date_gmt":"2025-01-17T06:55:13","guid":{"rendered":"https:\/\/www.dstenerife.eu\/?page_id=88652"},"modified":"2025-09-05T12:08:28","modified_gmt":"2025-09-05T11:08:28","slug":"option-butterbrotessen","status":"publish","type":"page","link":"https:\/\/www.dstenerife.eu\/de\/serviceinformationen\/option-butterbrotessen\/","title":{"rendered":"Option: Butterbrotessen"},"content":{"rendered":"<p>Die Butterbrotgruppe ist eine Betreuung f\u00fcr Sch\u00fcler und Sch\u00fclerinnen, bei der Ihr Kind sein mitgebrachtes, kaltes Essen (im Sinne eines Butterbrots) in einem Klassenraum unter Aufsicht einnimmt (13:10- 13:40 Uhr). Um die Verwaltungsprozesse zu verbessern, wird ein Semester-Registrierungsmodell eingef\u00fchrt. Der damit verbundene Service ist kostenpflichtig, da eine Kinderbetreuung durch qualifiziertes Personal bereitgestellt wird.<\/p>\n<p><strong>Monatliche Festpreise:<\/strong><\/p>\n<p>1 Tag pro Woche: 4 \u20ac \/ Monat<br \/>\n2 Tage pro Woche: 8 \u20ac \/ Monat<br \/>\n3 Tage pro Woche: 12 \u20ac \/ Monat<br \/>\n4 Tage pro Woche: 16 \u20ac \/ Monat<br \/>\n5 Tage pro Woche: 20 \u20ac \/ Monat<\/p>\n<p><strong>Wichtiger Hinweis zu zus\u00e4tzlichen Tagen:<\/strong><\/p>\n<p>Jeder zus\u00e4tzliche Tag au\u00dferhalb der festen Anmeldung wird als \u201eEinzeltag&#8220; (t\u00e4gliche Buchung) betrachtet und kostet 1,50 \u20ac pro Tag, auch wenn bereits eine feste Anmeldung f\u00fcr andere Tage besteht.<br \/>\nF\u00fcr sporadische oder zus\u00e4tzliche Tage ist es erforderlich, die Anmeldung sp\u00e4testens bis 09.00 Uhr vorzunehmen. Diese Tage werden am Ende des Monats abgerechnet.<\/p>\n<p><strong>Verpflichtung zur Anmeldung:<\/strong><\/p>\n<p>Wir m\u00f6chten Sie daran erinnern, dass Sie sich mit der Anmeldung Ihres Kindes f\u00fcr den Butterbrotklasse-Service verpflichten, diese Anmeldung f\u00fcr das gesamte Schulsemester aufrechtzuerhalten, ohne \u00c4nderungen w\u00e4hrend dieses Zeitraums vornehmen zu k\u00f6nnen, da wir anhand der Anmeldungszahl die Aufsicht organisieren werden. Nat\u00fcrlich muss ihr Kind nicht daran teilnehmen. Es erfolgt aber keine R\u00fcckerstattung bezahlter Beitr\u00e4ge.<\/p>\n<p>Um sich f\u00fcr die feste Anmeldung anzumelden, m\u00fcssen Sie das Formular \u00fcber den folgenden Link ausf\u00fcllen:<br \/>\n<a href=\"https:\/\/www.dstenerife.eu\/de\/serviceinformationen\/formulare-und-anmeldung\/anmeldung-2025-26-butterbrotklasse-kalte-mahlzeit-zeitplan-1310-1340-uhr\/\">Festanmeldung<\/a><\/p>\n<p>F\u00fcr punktuelle, sporadische oder zus\u00e4tzliche Anmeldungen m\u00fcssen Sie das folgende Formular verwenden:<br \/>\n<a href=\"https:\/\/www.dstenerife.eu\/de\/serviceinformationen\/formulare-und-anmeldung\/anmeldung-einzelne-tage-butterbrotklasse-zeitplan-1310-1340-uhr\/\">Einzelanmeldung<\/a><\/p>\n","protected":false},"excerpt":{"rendered":"<p>Die Butterbrotgruppe ist eine Betreuung f\u00fcr Sch\u00fcler und Sch\u00fclerinnen, bei der Ihr Kind sein mitgebrachtes, kaltes [&hellip;]<\/p>\n","protected":false},"author":15,"featured_media":89845,"parent":399,"menu_order":22,"comment_status":"closed","ping_status":"closed","template":"elementor_theme","meta":{"site-sidebar-layout":"default","site-content-layout":"","ast-site-content-layout":"default","site-content-style":"default","site-sidebar-style":"default","ast-global-header-display":"","ast-banner-title-visibility":"","ast-main-header-display":"","ast-hfb-above-header-display":"","ast-hfb-below-header-display":"","ast-hfb-mobile-header-display":"","site-post-title":"","ast-breadcrumbs-content":"","ast-featured-img":"","footer-sml-layout":"","ast-disable-related-posts":"","theme-transparent-header-meta":"default","adv-header-id-meta":"","stick-header-meta":"default","header-above-stick-meta":"","header-main-stick-meta":"","header-below-stick-meta":"","astra-migrate-meta-layouts":"set","ast-page-background-enabled":"default","ast-page-background-meta":{"desktop":{"background-color":"","background-image":"","background-repeat":"repeat","background-position":"center center","background-size":"auto","background-attachment":"scroll","background-type":"","background-media":"","overlay-type":"","overlay-color":"","overlay-opacity":"","overlay-gradient":""},"tablet":{"background-color":"","background-image":"","background-repeat":"repeat","background-position":"center center","background-size":"auto","background-attachment":"scroll","background-type":"","background-media":"","overlay-type":"","overlay-color":"","overlay-opacity":"","overlay-gradient":""},"mobile":{"background-color":"","background-image":"","background-repeat":"repeat","background-position":"center center","background-size":"auto","background-attachment":"scroll","background-type":"","background-media":"","overlay-type":"","overlay-color":"","overlay-opacity":"","overlay-gradient":""}},"ast-content-background-meta":{"desktop":{"background-color":"var(--ast-global-color-5)","background-image":"","background-repeat":"repeat","background-position":"center center","background-size":"auto","background-attachment":"scroll","background-type":"","background-media":"","overlay-type":"","overlay-color":"","overlay-opacity":"","overlay-gradient":""},"tablet":{"background-color":"var(--ast-global-color-5)","background-image":"","background-repeat":"repeat","background-position":"center center","background-size":"auto","background-attachment":"scroll","background-type":"","background-media":"","overlay-type":"","overlay-color":"","overlay-opacity":"","overlay-gradient":""},"mobile":{"background-color":"var(--ast-global-color-5)","background-image":"","background-repeat":"repeat","background-position":"center center","background-size":"auto","background-attachment":"scroll","background-type":"","background-media":"","overlay-type":"","overlay-color":"","overlay-opacity":"","overlay-gradient":""}},"_jet_sm_ready_style":"","_jet_sm_style":"","_jet_sm_controls_values":"","_jet_sm_fonts_collection":"","_jet_sm_fonts_links":"","footnotes":""},"schlagwortedst":[152],"wf_page_folders":[],"class_list":["post-88652","page","type-page","status-publish","has-post-thumbnail","hentry","schlagwortedst-sideservice"],"_links":{"self":[{"href":"https:\/\/www.dstenerife.eu\/de\/wp-json\/wp\/v2\/pages\/88652","targetHints":{"allow":["GET"]}}],"collection":[{"href":"https:\/\/www.dstenerife.eu\/de\/wp-json\/wp\/v2\/pages"}],"about":[{"href":"https:\/\/www.dstenerife.eu\/de\/wp-json\/wp\/v2\/types\/page"}],"author":[{"embeddable":true,"href":"https:\/\/www.dstenerife.eu\/de\/wp-json\/wp\/v2\/users\/15"}],"replies":[{"embeddable":true,"href":"https:\/\/www.dstenerife.eu\/de\/wp-json\/wp\/v2\/comments?post=88652"}],"version-history":[{"count":10,"href":"https:\/\/www.dstenerife.eu\/de\/wp-json\/wp\/v2\/pages\/88652\/revisions"}],"predecessor-version":[{"id":99304,"href":"https:\/\/www.dstenerife.eu\/de\/wp-json\/wp\/v2\/pages\/88652\/revisions\/99304"}],"up":[{"embeddable":true,"href":"https:\/\/www.dstenerife.eu\/de\/wp-json\/wp\/v2\/pages\/399"}],"wp:featuredmedia":[{"embeddable":true,"href":"https:\/\/www.dstenerife.eu\/de\/wp-json\/wp\/v2\/media\/89845"}],"wp:attachment":[{"href":"https:\/\/www.dstenerife.eu\/de\/wp-json\/wp\/v2\/media?parent=88652"}],"wp:term":[{"taxonomy":"schlagwortedst","embeddable":true,"href":"https:\/\/www.dstenerife.eu\/de\/wp-json\/wp\/v2\/schlagwortedst?post=88652"},{"taxonomy":"wf_page_folders","embeddable":true,"href":"https:\/\/www.dstenerife.eu\/de\/wp-json\/wp\/v2\/wf_page_folders?post=88652"}],"curies":[{"name":"wp","href":"https:\/\/api.w.org\/{rel}","templated":true}]}}