{"id":910,"date":"2015-05-02T22:31:30","date_gmt":"2015-05-02T22:31:30","guid":{"rendered":"http:\/\/dstenerife.ducklingit.com\/?page_id=910"},"modified":"2026-04-07T05:28:14","modified_gmt":"2026-04-07T04:28:14","slug":"aktuelle-stellenangebote","status":"publish","type":"page","link":"https:\/\/www.dstenerife.eu\/de\/serviceinformationen\/aktuelle-stellenangebote\/","title":{"rendered":"Stellenangebote"},"content":{"rendered":"<ul>\n<li><a href=\"https:\/\/www.dstenerife.eu\/wp-content\/uploads\/2026\/03\/ADLK-Ausschreibung-Sek-26-27_D_D-03.2026.pdf\" target=\"_blank\" rel=\"noopener\">ADLK f\u00fcr SEK I und SEK II<\/a><\/li>\n<\/ul>\n<h3>Anmerkung Praktika<\/h3>\n<p>Die Informationen zu Praktika finden Sie in den Abteilungen <a href=\"https:\/\/www.dstenerife.eu\/de\/kikri-und-kindergarten-2\/praktikum-in-der-vorschule\/\">Praktikum Kindergarten<\/a> &#8211; <a href=\"https:\/\/www.dstenerife.eu\/de\/primarstufe\/praktikum-grundschule\/\">Praktikum Grundschule<\/a> &#8211; <a href=\"https:\/\/www.dstenerife.eu\/de\/sekundarstufe-i-und-ii\/praktikum-sekundarstufe\/\">Praktikum Sekundaria<\/a> auf eigenen Seiten.<\/p>\n<h2><strong>Stelle als Auslandsdienstkraft (ADLK)\u00a0\u00a0<\/strong><\/h2>\n<p>Auslandsdienstlehrkr\u00e4fte sind aus dem inl\u00e4ndischen Schuldienst beurlaubte Beamte, die f\u00fcr die Dauer ihrer T\u00e4tigkeit an der Auslandsschule mit dem Schultr\u00e4ger unter Zustimmung des Bundesverwaltungsamtes -Zentralstelle f\u00fcr das Auslandsschulwesen- in K\u00f6ln einen Dienstvertrag abschlie\u00dfen.<\/p>\n<p>\u00dcberpr\u00fcfen Sie bitte, bevor Sie sich mit uns in Verbindung setzen, ob Sie die Voraussetzungen f\u00fcr eine Vermittlung als ADLK erf\u00fcllen. \u00dcber die wichtigsten Voraussetzungen informiert die <b><a href=\"https:\/\/www.auslandsschulwesen.de\/DE\/Home\/home_node.html\" target=\"_blank\" rel=\"noopener\">Zentralstelle f\u00fcr das Auslandsschulwesen (ZfA)<\/a><\/b> beim Bundesverwaltungsamt in K\u00f6ln.<\/p>\n<p>Abgesehen von\u00a0dem Bedarf in bestimmten F\u00e4chern (s. Stellenangebote) sollten die Bewerber\/innen \u00fcber die Lehrbef\u00e4higung f\u00fcr die Sekundarstufe I und II und \u00fcber Abiturerfahrung verf\u00fcgen.<\/p>\n<h2><strong>Stelle als Ortslehrkraft (OLK)<\/strong><\/h2>\n<p>Ortslehrkr\u00e4fte sind Lehrer\/innen, die direkt mit dem Schultr\u00e4ger einen Vertrag abschlie\u00dfen. Es besteht keine rechtliche oder vertragliche Bindung mit der Zentralstelle f\u00fcr das Auslandsschulwesen in K\u00f6ln.<\/p>\n<p>Stellenangebote schreiben wir m\u00f6glichst rechtzeitig vor einem neuen Schuljahr \u00fcber die Homepage der Deutschen Schule und \u00fcber die\u00a0<b><a href=\"https:\/\/www.service.bund.de\/Content\/DE\/Stellen\/Suche\/Formular.html\" target=\"_blank\" rel=\"noopener\">Website des Bunds<\/a><\/b> in K\u00f6ln aus.<\/p>\n<p>In jedem Fall bitten wir um Zusendung der Bewerbungsunterlagen an <b><a href=\"mailto:dstenerife@dstenerife.eu\" target=\"_blank\" rel=\"noopener\">dstenerife@dstenerife.eu<\/a> .<\/b><\/p>\n<h2><strong>Lehrkr\u00e4fte zur gelegentlichen Aushilfe<\/strong><\/h2>\n<p>Wir ben\u00f6tigen zeitweise\u00a0Lehrkr\u00e4fte\u00a0f\u00fcr kurz- oder mittelfristigen Vertretungsunterricht in fast allen F\u00e4chern, besonders aber im Gymnasium. Daher suchen wir Lehrkr\u00e4fte, die im\u00a0Bedarfsfall aushelfen k\u00f6nnten. Falls Sie Interesse haben, an der Deutschen Schule Santa Cruz de Tenerife zu unterrichten, dann senden Sie uns bitte Ihre Bewerbung per E-Mail an\u00a0<b><a href=\"mailto:dstenerife@dstenerife.eu\" target=\"_blank\" rel=\"noopener\">dstenerife@dstenerife.eu<\/a>\u00a0.<\/b><\/p>\n<p>&nbsp;<\/p>\n<h2><strong>Postadresse<\/strong><\/h2>\n<p>Deutsche Schule &#8211; Colegio Alem\u00e1n\u00a0&#8211; Santa Cruz de Tenerife<br \/>\nCalle Drago, 1<br \/>\n38190 Tabaiba Alta<br \/>\nSpanien<\/p>\n<p>&nbsp;<\/p>\n<p>&nbsp;<\/p>\n","protected":false},"excerpt":{"rendered":"<p>ADLK f\u00fcr SEK I und SEK II Anmerkung Praktika Die Informationen zu Praktika finden Sie in [&hellip;]<\/p>\n","protected":false},"author":10,"featured_media":0,"parent":399,"menu_order":0,"comment_status":"closed","ping_status":"closed","template":"","meta":{"site-sidebar-layout":"default","site-content-layout":"default","ast-site-content-layout":"default","site-content-style":"default","site-sidebar-style":"default","ast-global-header-display":"","ast-banner-title-visibility":"","ast-main-header-display":"","ast-hfb-above-header-display":"","ast-hfb-below-header-display":"","ast-hfb-mobile-header-display":"","site-post-title":"","ast-breadcrumbs-content":"","ast-featured-img":"","footer-sml-layout":"","ast-disable-related-posts":"","theme-transparent-header-meta":"default","adv-header-id-meta":"","stick-header-meta":"default","header-above-stick-meta":"","header-main-stick-meta":"","header-below-stick-meta":"","astra-migrate-meta-layouts":"set","ast-page-background-enabled":"default","ast-page-background-meta":{"desktop":{"background-color":"","background-image":"","background-repeat":"repeat","background-position":"center center","background-size":"auto","background-attachment":"scroll","background-type":"","background-media":"","overlay-type":"","overlay-color":"","overlay-opacity":"","overlay-gradient":""},"tablet":{"background-color":"","background-image":"","background-repeat":"repeat","background-position":"center center","background-size":"auto","background-attachment":"scroll","background-type":"","background-media":"","overlay-type":"","overlay-color":"","overlay-opacity":"","overlay-gradient":""},"mobile":{"background-color":"","background-image":"","background-repeat":"repeat","background-position":"center center","background-size":"auto","background-attachment":"scroll","background-type":"","background-media":"","overlay-type":"","overlay-color":"","overlay-opacity":"","overlay-gradient":""}},"ast-content-background-meta":{"desktop":{"background-color":"var(--ast-global-color-5)","background-image":"","background-repeat":"repeat","background-position":"center center","background-size":"auto","background-attachment":"scroll","background-type":"","background-media":"","overlay-type":"","overlay-color":"","overlay-opacity":"","overlay-gradient":""},"tablet":{"background-color":"var(--ast-global-color-5)","background-image":"","background-repeat":"repeat","background-position":"center center","background-size":"auto","background-attachment":"scroll","background-type":"","background-media":"","overlay-type":"","overlay-color":"","overlay-opacity":"","overlay-gradient":""},"mobile":{"background-color":"var(--ast-global-color-5)","background-image":"","background-repeat":"repeat","background-position":"center center","background-size":"auto","background-attachment":"scroll","background-type":"","background-media":"","overlay-type":"","overlay-color":"","overlay-opacity":"","overlay-gradient":""}},"_jet_sm_ready_style":"","_jet_sm_style":"","_jet_sm_controls_values":"","_jet_sm_fonts_collection":"","_jet_sm_fonts_links":"","footnotes":""},"schlagwortedst":[152],"wf_page_folders":[191,208],"class_list":["post-910","page","type-page","status-publish","hentry","schlagwortedst-sideservice"],"_links":{"self":[{"href":"https:\/\/www.dstenerife.eu\/de\/wp-json\/wp\/v2\/pages\/910","targetHints":{"allow":["GET"]}}],"collection":[{"href":"https:\/\/www.dstenerife.eu\/de\/wp-json\/wp\/v2\/pages"}],"about":[{"href":"https:\/\/www.dstenerife.eu\/de\/wp-json\/wp\/v2\/types\/page"}],"author":[{"embeddable":true,"href":"https:\/\/www.dstenerife.eu\/de\/wp-json\/wp\/v2\/users\/10"}],"replies":[{"embeddable":true,"href":"https:\/\/www.dstenerife.eu\/de\/wp-json\/wp\/v2\/comments?post=910"}],"version-history":[{"count":136,"href":"https:\/\/www.dstenerife.eu\/de\/wp-json\/wp\/v2\/pages\/910\/revisions"}],"predecessor-version":[{"id":107319,"href":"https:\/\/www.dstenerife.eu\/de\/wp-json\/wp\/v2\/pages\/910\/revisions\/107319"}],"up":[{"embeddable":true,"href":"https:\/\/www.dstenerife.eu\/de\/wp-json\/wp\/v2\/pages\/399"}],"wp:attachment":[{"href":"https:\/\/www.dstenerife.eu\/de\/wp-json\/wp\/v2\/media?parent=910"}],"wp:term":[{"taxonomy":"schlagwortedst","embeddable":true,"href":"https:\/\/www.dstenerife.eu\/de\/wp-json\/wp\/v2\/schlagwortedst?post=910"},{"taxonomy":"wf_page_folders","embeddable":true,"href":"https:\/\/www.dstenerife.eu\/de\/wp-json\/wp\/v2\/wf_page_folders?post=910"}],"curies":[{"name":"wp","href":"https:\/\/api.w.org\/{rel}","templated":true}]}}