{"id":10852,"date":"2015-07-06T21:41:10","date_gmt":"2015-07-06T20:41:10","guid":{"rendered":"https:\/\/kopie.dst.deutsche-schule.eu\/?page_id=10852\/"},"modified":"2024-08-22T09:13:20","modified_gmt":"2024-08-22T08:13:20","slug":"quimica","status":"publish","type":"page","link":"https:\/\/www.dstenerife.eu\/es\/secundaria-y-bachilerato\/asignaturas-secundaria\/quimica\/","title":{"rendered":"Qu\u00edmica"},"content":{"rendered":"<p>Un elemento indispensable en la educaci\u00f3n secundaria es una formaci\u00f3n cient\u00edfica s\u00f3lida. Es una condici\u00f3n esencial para poder decidir y actuar de forma aut\u00f3noma en la vida personal y en la vida en sociedad, para poder participar activamente en la comunicaci\u00f3n social, para poder formarse en la toma de posturas\u00a0 y para poder desarrollar condiciones de vida sostenibles.<\/p>\n<p>La asignatura de Qu\u00edmica ofrece una importante contribuci\u00f3n. Para la comprensi\u00f3n de muchos fen\u00f3menos de nuestro d\u00eda a d\u00eda, se requiere conocimientos sobre las materias, sus caracter\u00edsticas y sus relaciones. La importancia de la Qu\u00edmica se ve hoy en d\u00eda en muchos \u00e1mbitos como la industria textil, la farmacolog\u00eda, la agricultura, la ingenier\u00eda forestal, la industria de pl\u00e1sticos, la nanotecnolog\u00eda \u00a0y la ingenier\u00eda energ\u00e9tica. Como base importante para desarrollos t\u00e9cnicos, ecol\u00f3gicos, m\u00e9dicos y econ\u00f3micos, la Qu\u00edmica abre caminos para el desarrollo de nuestro mundo y con ello mejorar la calidad de vida. Conocimientos b\u00e1sicos s\u00f3lidos\u00a0 son la condici\u00f3n para algunas formaciones profesionales y carreras universitarias.<\/p>\n<p>Las clases de Qu\u00edmica en Bachillerato tienen como meta alcanzar los conocimientos de la preparaci\u00f3n a la universidad \u00a0y ofrecen a los alumnos unos conocimientos generales b\u00e1sicos y unos conocimientos cient\u00edficos\u00a0 para sus futuras carreras universitarias o formaciones profesionales. Las clases se concentran en el entendimiento de conocimientos y conceptos qu\u00edmicos\u00a0 y en el desarrollo de cualificaciones b\u00e1sicas, que ser\u00e1n la base para el futuro aprendizaje personal, universitario y laboral.<\/p>\n<p>Qu\u00edmica se imparte en el Colegio Alem\u00e1n de Santa Cruz de Tenerife a partir de la clase 8 (2\u00b0 de la ESO). En el curso 2023\/24, las aulas de qu\u00edmica de la DST se renovaron y modernizaron para dotarlas de la tecnolog\u00eda m\u00e1s avanzada. Los experimentos del profesorado y del alumnado, que son una parte importante de la educaci\u00f3n qu\u00edmica b\u00e1sica, pueden realizarse aqu\u00ed de forma segura y eficaz.<\/p>\n<p><a href=\"https:\/\/e969z83yjsq.exactdn.com\/wp-content\/uploads\/2024\/08\/Chemieraum-neu-23-24-1.jpg?strip=all&w=2560\"><img fetchpriority=\"high\" decoding=\"async\" class=\"aligncenter size-medium wp-image-83511\" src=\"https:\/\/e969z83yjsq.exactdn.com\/wp-content\/uploads\/2024\/08\/Chemieraum-neu-23-24-1-564x423.jpg?strip=all\" alt=\"\" width=\"564\" height=\"423\" srcset=\"https:\/\/e969z83yjsq.exactdn.com\/wp-content\/uploads\/2024\/08\/Chemieraum-neu-23-24-1-564x423.jpg?strip=all 564w, https:\/\/e969z83yjsq.exactdn.com\/wp-content\/uploads\/2024\/08\/Chemieraum-neu-23-24-1-960x720.jpg?strip=all 960w, https:\/\/e969z83yjsq.exactdn.com\/wp-content\/uploads\/2024\/08\/Chemieraum-neu-23-24-1-768x576.jpg?strip=all 768w, https:\/\/e969z83yjsq.exactdn.com\/wp-content\/uploads\/2024\/08\/Chemieraum-neu-23-24-1-1536x1152.jpg?strip=all 1536w, https:\/\/e969z83yjsq.exactdn.com\/wp-content\/uploads\/2024\/08\/Chemieraum-neu-23-24-1-320x240.jpg?strip=all 320w, https:\/\/e969z83yjsq.exactdn.com\/wp-content\/uploads\/2024\/08\/Chemieraum-neu-23-24-1.jpg?strip=all 1920w, https:\/\/e969z83yjsq.exactdn.com\/wp-content\/uploads\/2024\/08\/Chemieraum-neu-23-24-1.jpg?strip=all&amp;w=384 384w, https:\/\/e969z83yjsq.exactdn.com\/wp-content\/uploads\/2024\/08\/Chemieraum-neu-23-24-1.jpg?strip=all&amp;w=1152 1152w, https:\/\/e969z83yjsq.exactdn.com\/wp-content\/uploads\/2024\/08\/Chemieraum-neu-23-24-1.jpg?strip=all&amp;w=450 450w\" sizes=\"(max-width: 564px) 100vw, 564px\" \/><\/a><\/p>\n<p><a href=\"https:\/\/e969z83yjsq.exactdn.com\/wp-content\/uploads\/2024\/08\/Chemieraum-neu-23-24.jpg?strip=all&w=2560\"><img decoding=\"async\" class=\"aligncenter size-medium wp-image-83509\" src=\"https:\/\/e969z83yjsq.exactdn.com\/wp-content\/uploads\/2024\/08\/Chemieraum-neu-23-24-564x423.jpg?strip=all\" alt=\"\" width=\"564\" height=\"423\" srcset=\"https:\/\/e969z83yjsq.exactdn.com\/wp-content\/uploads\/2024\/08\/Chemieraum-neu-23-24-564x423.jpg?strip=all 564w, https:\/\/e969z83yjsq.exactdn.com\/wp-content\/uploads\/2024\/08\/Chemieraum-neu-23-24-960x720.jpg?strip=all 960w, https:\/\/e969z83yjsq.exactdn.com\/wp-content\/uploads\/2024\/08\/Chemieraum-neu-23-24-768x576.jpg?strip=all 768w, https:\/\/e969z83yjsq.exactdn.com\/wp-content\/uploads\/2024\/08\/Chemieraum-neu-23-24-1536x1152.jpg?strip=all 1536w, https:\/\/e969z83yjsq.exactdn.com\/wp-content\/uploads\/2024\/08\/Chemieraum-neu-23-24-320x240.jpg?strip=all 320w, https:\/\/e969z83yjsq.exactdn.com\/wp-content\/uploads\/2024\/08\/Chemieraum-neu-23-24.jpg?strip=all 1920w, https:\/\/e969z83yjsq.exactdn.com\/wp-content\/uploads\/2024\/08\/Chemieraum-neu-23-24.jpg?strip=all&amp;w=384 384w, https:\/\/e969z83yjsq.exactdn.com\/wp-content\/uploads\/2024\/08\/Chemieraum-neu-23-24.jpg?strip=all&amp;w=1152 1152w, https:\/\/e969z83yjsq.exactdn.com\/wp-content\/uploads\/2024\/08\/Chemieraum-neu-23-24.jpg?strip=all&amp;w=450 450w\" sizes=\"(max-width: 564px) 100vw, 564px\" \/><\/a><\/p>\n<p><a href=\"https:\/\/e969z83yjsq.exactdn.com\/wp-content\/uploads\/2024\/08\/Experimente-im-Chemielabor.jpg?strip=all&w=2560\"><img decoding=\"async\" class=\"aligncenter size-medium wp-image-83515\" src=\"https:\/\/e969z83yjsq.exactdn.com\/wp-content\/uploads\/2024\/08\/Experimente-im-Chemielabor-564x423.jpg?strip=all\" alt=\"\" width=\"564\" height=\"423\" srcset=\"https:\/\/e969z83yjsq.exactdn.com\/wp-content\/uploads\/2024\/08\/Experimente-im-Chemielabor-564x423.jpg?strip=all 564w, https:\/\/e969z83yjsq.exactdn.com\/wp-content\/uploads\/2024\/08\/Experimente-im-Chemielabor-960x720.jpg?strip=all 960w, https:\/\/e969z83yjsq.exactdn.com\/wp-content\/uploads\/2024\/08\/Experimente-im-Chemielabor-768x576.jpg?strip=all 768w, https:\/\/e969z83yjsq.exactdn.com\/wp-content\/uploads\/2024\/08\/Experimente-im-Chemielabor-1536x1152.jpg?strip=all 1536w, https:\/\/e969z83yjsq.exactdn.com\/wp-content\/uploads\/2024\/08\/Experimente-im-Chemielabor-320x240.jpg?strip=all 320w, https:\/\/e969z83yjsq.exactdn.com\/wp-content\/uploads\/2024\/08\/Experimente-im-Chemielabor.jpg?strip=all 1920w, https:\/\/e969z83yjsq.exactdn.com\/wp-content\/uploads\/2024\/08\/Experimente-im-Chemielabor.jpg?strip=all&amp;w=384 384w, https:\/\/e969z83yjsq.exactdn.com\/wp-content\/uploads\/2024\/08\/Experimente-im-Chemielabor.jpg?strip=all&amp;w=1152 1152w, https:\/\/e969z83yjsq.exactdn.com\/wp-content\/uploads\/2024\/08\/Experimente-im-Chemielabor.jpg?strip=all&amp;w=450 450w\" sizes=\"(max-width: 564px) 100vw, 564px\" \/><\/a><\/p>\n<p>Aqu\u00ed pueden ver los curriculums:<\/p>\n<p>Curriculum Qu\u00edmica ESO<br \/>\n<a href=\"https:\/\/www.dstenerife.eu\/wp-content\/uploads\/2024\/08\/DS-Teneriffa_Curriculum_Chemie_8-10_ab_24_25.pdf\" class=\"pdfemb-viewer\" style=\"width:340px;\" data-width=\"340\" data-height=\"max\" data-toolbar=\"top\" data-toolbar-fixed=\"on\">Curriculum Qu\u00edmica ESO<\/a><\/p>\n<p>Curriculum Qu\u00edmica Bachillerato<br \/>\n<a href=\"https:\/\/www.dstenerife.eu\/wp-content\/uploads\/2015\/07\/schulcurriculum_chemie_sek2_dst_nov_2012.pdf\" class=\"pdfemb-viewer\" style=\"width:340px;\" data-width=\"340\" data-height=\"max\" data-toolbar=\"top\" data-toolbar-fixed=\"on\">Curriculum Qu\u00edmica Bachillerato<\/a><\/p>\n<p>&nbsp;<\/p>\n","protected":false},"excerpt":{"rendered":"<p>Un elemento indispensable en la educaci\u00f3n secundaria es una formaci\u00f3n cient\u00edfica s\u00f3lida. Es una condici\u00f3n esencial [&hellip;]<\/p>\n","protected":false},"author":10,"featured_media":72162,"parent":1910,"menu_order":11,"comment_status":"closed","ping_status":"closed","template":"","meta":{"site-sidebar-layout":"default","site-content-layout":"default","ast-site-content-layout":"default","site-content-style":"default","site-sidebar-style":"default","ast-global-header-display":"","ast-banner-title-visibility":"","ast-main-header-display":"","ast-hfb-above-header-display":"","ast-hfb-below-header-display":"","ast-hfb-mobile-header-display":"","site-post-title":"","ast-breadcrumbs-content":"","ast-featured-img":"","footer-sml-layout":"","ast-disable-related-posts":"","theme-transparent-header-meta":"default","adv-header-id-meta":"","stick-header-meta":"default","header-above-stick-meta":"","header-main-stick-meta":"","header-below-stick-meta":"","astra-migrate-meta-layouts":"set","ast-page-background-enabled":"default","ast-page-background-meta":{"desktop":{"background-color":"","background-image":"","background-repeat":"repeat","background-position":"center center","background-size":"auto","background-attachment":"scroll","background-type":"","background-media":"","overlay-type":"","overlay-color":"","overlay-opacity":"","overlay-gradient":""},"tablet":{"background-color":"","background-image":"","background-repeat":"repeat","background-position":"center center","background-size":"auto","background-attachment":"scroll","background-type":"","background-media":"","overlay-type":"","overlay-color":"","overlay-opacity":"","overlay-gradient":""},"mobile":{"background-color":"","background-image":"","background-repeat":"repeat","background-position":"center center","background-size":"auto","background-attachment":"scroll","background-type":"","background-media":"","overlay-type":"","overlay-color":"","overlay-opacity":"","overlay-gradient":""}},"ast-content-background-meta":{"desktop":{"background-color":"var(--ast-global-color-5)","background-image":"","background-repeat":"repeat","background-position":"center center","background-size":"auto","background-attachment":"scroll","background-type":"","background-media":"","overlay-type":"","overlay-color":"","overlay-opacity":"","overlay-gradient":""},"tablet":{"background-color":"var(--ast-global-color-5)","background-image":"","background-repeat":"repeat","background-position":"center center","background-size":"auto","background-attachment":"scroll","background-type":"","background-media":"","overlay-type":"","overlay-color":"","overlay-opacity":"","overlay-gradient":""},"mobile":{"background-color":"var(--ast-global-color-5)","background-image":"","background-repeat":"repeat","background-position":"center center","background-size":"auto","background-attachment":"scroll","background-type":"","background-media":"","overlay-type":"","overlay-color":"","overlay-opacity":"","overlay-gradient":""}},"_jet_sm_ready_style":"","_jet_sm_style":"","_jet_sm_controls_values":"","_jet_sm_fonts_collection":"","_jet_sm_fonts_links":"","footnotes":""},"schlagwortedst":[151],"wf_page_folders":[185,203],"class_list":["post-10852","page","type-page","status-publish","has-post-thumbnail","hentry","schlagwortedst-sidesek"],"_links":{"self":[{"href":"https:\/\/www.dstenerife.eu\/es\/wp-json\/wp\/v2\/pages\/10852","targetHints":{"allow":["GET"]}}],"collection":[{"href":"https:\/\/www.dstenerife.eu\/es\/wp-json\/wp\/v2\/pages"}],"about":[{"href":"https:\/\/www.dstenerife.eu\/es\/wp-json\/wp\/v2\/types\/page"}],"author":[{"embeddable":true,"href":"https:\/\/www.dstenerife.eu\/es\/wp-json\/wp\/v2\/users\/10"}],"replies":[{"embeddable":true,"href":"https:\/\/www.dstenerife.eu\/es\/wp-json\/wp\/v2\/comments?post=10852"}],"version-history":[{"count":3,"href":"https:\/\/www.dstenerife.eu\/es\/wp-json\/wp\/v2\/pages\/10852\/revisions"}],"predecessor-version":[{"id":83520,"href":"https:\/\/www.dstenerife.eu\/es\/wp-json\/wp\/v2\/pages\/10852\/revisions\/83520"}],"up":[{"embeddable":true,"href":"https:\/\/www.dstenerife.eu\/es\/wp-json\/wp\/v2\/pages\/1910"}],"wp:featuredmedia":[{"embeddable":true,"href":"https:\/\/www.dstenerife.eu\/es\/wp-json\/wp\/v2\/media\/72162"}],"wp:attachment":[{"href":"https:\/\/www.dstenerife.eu\/es\/wp-json\/wp\/v2\/media?parent=10852"}],"wp:term":[{"taxonomy":"schlagwortedst","embeddable":true,"href":"https:\/\/www.dstenerife.eu\/es\/wp-json\/wp\/v2\/schlagwortedst?post=10852"},{"taxonomy":"wf_page_folders","embeddable":true,"href":"https:\/\/www.dstenerife.eu\/es\/wp-json\/wp\/v2\/wf_page_folders?post=10852"}],"curies":[{"name":"wp","href":"https:\/\/api.w.org\/{rel}","templated":true}]}}