{"id":11791,"date":"2017-08-18T15:38:39","date_gmt":"2017-08-18T14:38:39","guid":{"rendered":"https:\/\/kopie.dst.deutsche-schule.eu\/?page_id=11791\/"},"modified":"2026-02-10T11:51:21","modified_gmt":"2026-02-10T11:51:21","slug":"ropa-deportiva-uniforme","status":"publish","type":"page","link":"https:\/\/www.dstenerife.eu\/es\/servicios\/ropa-deportiva-uniforme\/","title":{"rendered":"Ropa de deporte \/ uniforme"},"content":{"rendered":"<p><img fetchpriority=\"high\" decoding=\"async\" class=\"aligncenter wp-image-437 \" src=\"https:\/\/www.dstenerife.eu\/wp-content\/uploads\/2014\/06\/sportkleidung-1140x312.jpg\" alt=\"\" width=\"847\" height=\"232\" \/><\/p>\n<p>Llevar la ropa deportiva del Colegio Alem\u00e1n Santa Cruz de Tenerife ser\u00e1 obligatorio a partir de octubre 2025 y de aplicaci\u00f3n a todo el alumnado, para la participaci\u00f3n en las siguientes actividades:<\/p>\n<ul>\n<li>Clases de deporte<\/li>\n<li>Excursiones y d\u00edas de caminata<\/li>\n<li>Actividades culturales<\/li>\n<\/ul>\n<p>La ropa deportiva incluye llevar la camiseta, el pantal\u00f3n y, dependiendo de las condiciones meteorol\u00f3gicas, la sudadera,.<\/p>\n<p>Con ello se pretende que el alumnado acuda a las clases de deporte con ropa c\u00f3moda y adecuada y pueda ser identificado por su uniforme en las excursiones y visitas escolares, lo que mejora la supervisi\u00f3n y seguridad en \u00e9stas.<\/p>\n<p><strong>Para los ni\u00f1os de la KIKRI, el uso de la ropa deportiva ser\u00e1 voluntario.<\/strong><\/p>\n<p>Puede adquirir estos uniformes para su hijo o hija en la tienda de GUAYARMINA TEXTIL S.L. en Santa Cruz de Tenerife desde el 13 de octubre, y hasta finales de este curso escolar:<\/p>\n<p><strong>GUAYARMINA TEXTIL S.L.<\/strong><\/p>\n<p>Centro Comercial Nuestra Se\u00f1ora de \u00c1frica<\/p>\n<p>Calle de Bethencourt y Molina, 1<\/p>\n<p>1.\u00aa planta, local 40<\/p>\n<p>38003 Santa Cruz de Tenerife<\/p>\n<p>Tel\u00e9fono: 634 949 464<\/p>\n<p><strong>Horario de apertura:<\/strong><\/p>\n<p>De lunes a viernes de 10:00 a 13:00 horas y de 16:00 a 19:00 horas<\/p>\n<p>S\u00e1bados de 10:00 a 13:00 horas<\/p>\n<p><strong>Lista de precios:<\/strong><\/p>\n<table style=\"border-collapse: collapse;\">\n<tbody>\n<tr style=\"height: 46px;\">\n<th style=\"width: 15.7468%; height: 46px;\"><strong>Prenda<\/strong><\/th>\n<th style=\"width: 15.4201%; height: 46px;\"><strong>Talla: 2 a 8<\/strong><\/th>\n<th style=\"width: 13.1142%; height: 46px;\"><strong>Talla: 10 a 16<\/strong><\/th>\n<th style=\"width: 16.2349%; height: 46px;\"><strong>Talla: S a XL<\/strong><\/th>\n<\/tr>\n<tr style=\"height: 46px;\">\n<td style=\"width: 15.7468%; height: 46px;\">CAMISETAS<\/td>\n<td style=\"width: 15.4201%; height: 46px;\">12,50\u20ac<\/td>\n<td style=\"width: 13.1142%; height: 46px;\">14,50\u20ac<\/td>\n<td style=\"width: 16.2349%; height: 46px;\">15,50\u20ac<\/td>\n<\/tr>\n<tr style=\"height: 46px;\">\n<td style=\"width: 15.7468%; height: 46px;\">PANTAL\u00d3N<\/td>\n<td style=\"width: 15.4201%; height: 46px;\">18,50\u20ac<\/td>\n<td style=\"width: 13.1142%; height: 46px;\">18,50\u20ac<\/td>\n<td style=\"width: 16.2349%; height: 46px;\">21,00\u20ac<\/td>\n<\/tr>\n<tr style=\"height: 46px;\">\n<td style=\"width: 15.7468%; height: 46px;\">BERMUDA<\/td>\n<td style=\"width: 15.4201%; height: 46px;\">13,50\u20ac<\/td>\n<td style=\"width: 13.1142%; height: 46px;\">13,50\u20ac<\/td>\n<td style=\"width: 16.2349%; height: 46px;\">15,50\u20ac<\/td>\n<\/tr>\n<tr style=\"height: 46px;\">\n<td style=\"width: 15.7468%; height: 46px;\">SUDADERA<\/td>\n<td style=\"width: 15.4201%; height: 46px;\">33,50\u20ac<\/td>\n<td style=\"width: 13.1142%; height: 46px;\">33,50\u20ac<\/td>\n<td style=\"width: 16.2349%; height: 46px;\">37,00\u20ac<\/td>\n<\/tr>\n<tr>\n<td style=\"width: 15.7468%;\">LEGGINGS<\/td>\n<td style=\"width: 15.4201%;\">10,00\u20ac<\/td>\n<td style=\"width: 13.1142%;\">10,00\u20ac<\/td>\n<td style=\"width: 16.2349%;\">12,00\u20ac<\/td>\n<\/tr>\n<\/tbody>\n<\/table>\n<p>&nbsp;<\/p>\n","protected":false},"excerpt":{"rendered":"<p>Llevar la ropa deportiva del Colegio Alem\u00e1n Santa Cruz de Tenerife ser\u00e1 obligatorio a partir de [&hellip;]<\/p>\n","protected":false},"author":10,"featured_media":0,"parent":1939,"menu_order":1,"comment_status":"closed","ping_status":"closed","template":"","meta":{"site-sidebar-layout":"default","site-content-layout":"default","ast-site-content-layout":"default","site-content-style":"default","site-sidebar-style":"default","ast-global-header-display":"","ast-banner-title-visibility":"","ast-main-header-display":"","ast-hfb-above-header-display":"","ast-hfb-below-header-display":"","ast-hfb-mobile-header-display":"","site-post-title":"","ast-breadcrumbs-content":"","ast-featured-img":"","footer-sml-layout":"","ast-disable-related-posts":"","theme-transparent-header-meta":"default","adv-header-id-meta":"","stick-header-meta":"default","header-above-stick-meta":"","header-main-stick-meta":"","header-below-stick-meta":"","astra-migrate-meta-layouts":"set","ast-page-background-enabled":"default","ast-page-background-meta":{"desktop":{"background-color":"","background-image":"","background-repeat":"repeat","background-position":"center center","background-size":"auto","background-attachment":"scroll","background-type":"","background-media":"","overlay-type":"","overlay-color":"","overlay-opacity":"","overlay-gradient":""},"tablet":{"background-color":"","background-image":"","background-repeat":"repeat","background-position":"center center","background-size":"auto","background-attachment":"scroll","background-type":"","background-media":"","overlay-type":"","overlay-color":"","overlay-opacity":"","overlay-gradient":""},"mobile":{"background-color":"","background-image":"","background-repeat":"repeat","background-position":"center center","background-size":"auto","background-attachment":"scroll","background-type":"","background-media":"","overlay-type":"","overlay-color":"","overlay-opacity":"","overlay-gradient":""}},"ast-content-background-meta":{"desktop":{"background-color":"var(--ast-global-color-5)","background-image":"","background-repeat":"repeat","background-position":"center center","background-size":"auto","background-attachment":"scroll","background-type":"","background-media":"","overlay-type":"","overlay-color":"","overlay-opacity":"","overlay-gradient":""},"tablet":{"background-color":"var(--ast-global-color-5)","background-image":"","background-repeat":"repeat","background-position":"center center","background-size":"auto","background-attachment":"scroll","background-type":"","background-media":"","overlay-type":"","overlay-color":"","overlay-opacity":"","overlay-gradient":""},"mobile":{"background-color":"var(--ast-global-color-5)","background-image":"","background-repeat":"repeat","background-position":"center center","background-size":"auto","background-attachment":"scroll","background-type":"","background-media":"","overlay-type":"","overlay-color":"","overlay-opacity":"","overlay-gradient":""}},"_jet_sm_ready_style":"","_jet_sm_style":"","_jet_sm_controls_values":"","_jet_sm_fonts_collection":"","_jet_sm_fonts_links":"","footnotes":""},"schlagwortedst":[152],"wf_page_folders":[208],"class_list":["post-11791","page","type-page","status-publish","hentry","schlagwortedst-sideservice"],"_links":{"self":[{"href":"https:\/\/www.dstenerife.eu\/es\/wp-json\/wp\/v2\/pages\/11791","targetHints":{"allow":["GET"]}}],"collection":[{"href":"https:\/\/www.dstenerife.eu\/es\/wp-json\/wp\/v2\/pages"}],"about":[{"href":"https:\/\/www.dstenerife.eu\/es\/wp-json\/wp\/v2\/types\/page"}],"author":[{"embeddable":true,"href":"https:\/\/www.dstenerife.eu\/es\/wp-json\/wp\/v2\/users\/10"}],"replies":[{"embeddable":true,"href":"https:\/\/www.dstenerife.eu\/es\/wp-json\/wp\/v2\/comments?post=11791"}],"version-history":[{"count":25,"href":"https:\/\/www.dstenerife.eu\/es\/wp-json\/wp\/v2\/pages\/11791\/revisions"}],"predecessor-version":[{"id":105599,"href":"https:\/\/www.dstenerife.eu\/es\/wp-json\/wp\/v2\/pages\/11791\/revisions\/105599"}],"up":[{"embeddable":true,"href":"https:\/\/www.dstenerife.eu\/es\/wp-json\/wp\/v2\/pages\/1939"}],"wp:attachment":[{"href":"https:\/\/www.dstenerife.eu\/es\/wp-json\/wp\/v2\/media?parent=11791"}],"wp:term":[{"taxonomy":"schlagwortedst","embeddable":true,"href":"https:\/\/www.dstenerife.eu\/es\/wp-json\/wp\/v2\/schlagwortedst?post=11791"},{"taxonomy":"wf_page_folders","embeddable":true,"href":"https:\/\/www.dstenerife.eu\/es\/wp-json\/wp\/v2\/wf_page_folders?post=11791"}],"curies":[{"name":"wp","href":"https:\/\/api.w.org\/{rel}","templated":true}]}}