{"id":1424,"date":"2015-06-06T21:53:48","date_gmt":"2015-06-06T21:53:48","guid":{"rendered":"http:\/\/dstenerife.ducklingit.com\/?page_id=1424"},"modified":"2021-03-27T16:43:37","modified_gmt":"2021-03-27T16:43:37","slug":"comite-de-empresa","status":"publish","type":"page","link":"https:\/\/www.dstenerife.eu\/es\/colegio\/comites-del-colegio\/comite-de-empresa\/","title":{"rendered":"Comit\u00e9 de empresa"},"content":{"rendered":"<div class=\"news-body\">\n<p>Desde el 2007 se constituy\u00f3 el primer Comit\u00e9 de Empresa de este colegio formado por cinco miembros que representan a todos los gremios (administraci\u00f3n, mantenimiento y profesorado).<br \/>\nNuestro reglamento se recoge en el Estatuto de los Trabajadores y nuestras funciones se exponen de forma muy clara en el art.63, t\u00edtulo II, cap I del citado Estatuto, entre la que destaca como mas importante el velar por los derechos laborales de los trabajadores. Nos reunimos una vez por semana, y con la Junta Directiva y la Direcci\u00f3n, dos veces al a\u00f1o.<\/p>\n<p>En la actualidad (2020\/21) los miembros son:<\/p>\n<ul>\n<li>Jos\u00e9 Luis Wagener (encargado de los riesgos laborales)<\/li>\n<li>Sandra D\u00edaz, como secretaria<\/li>\n<li>Paula Gonz\u00e1lez P\u00e9rez (vocal)<\/li>\n<li>Kerstin Kaschta (vocal)<\/li>\n<li>Jezabel Mart\u00edn Le\u00f3n (vocal)<\/li>\n<\/ul>\n<p>El cargo de la presidencia en estos momentos es de car\u00e1cter rotativo .<\/p>\n<\/div>\n","protected":false},"excerpt":{"rendered":"<p>Desde el 2007 se constituy\u00f3 el primer Comit\u00e9 de Empresa de este colegio formado por cinco [&hellip;]<\/p>\n","protected":false},"author":10,"featured_media":0,"parent":1913,"menu_order":5,"comment_status":"closed","ping_status":"closed","template":"","meta":{"site-sidebar-layout":"default","site-content-layout":"default","ast-site-content-layout":"default","site-content-style":"default","site-sidebar-style":"default","ast-global-header-display":"","ast-banner-title-visibility":"","ast-main-header-display":"","ast-hfb-above-header-display":"","ast-hfb-below-header-display":"","ast-hfb-mobile-header-display":"","site-post-title":"","ast-breadcrumbs-content":"","ast-featured-img":"","footer-sml-layout":"","ast-disable-related-posts":"","theme-transparent-header-meta":"default","adv-header-id-meta":"","stick-header-meta":"default","header-above-stick-meta":"","header-main-stick-meta":"","header-below-stick-meta":"","astra-migrate-meta-layouts":"default","ast-page-background-enabled":"default","ast-page-background-meta":{"desktop":{"background-color":"","background-image":"","background-repeat":"repeat","background-position":"center center","background-size":"auto","background-attachment":"scroll","background-type":"","background-media":"","overlay-type":"","overlay-color":"","overlay-opacity":"","overlay-gradient":""},"tablet":{"background-color":"","background-image":"","background-repeat":"repeat","background-position":"center center","background-size":"auto","background-attachment":"scroll","background-type":"","background-media":"","overlay-type":"","overlay-color":"","overlay-opacity":"","overlay-gradient":""},"mobile":{"background-color":"","background-image":"","background-repeat":"repeat","background-position":"center center","background-size":"auto","background-attachment":"scroll","background-type":"","background-media":"","overlay-type":"","overlay-color":"","overlay-opacity":"","overlay-gradient":""}},"ast-content-background-meta":{"desktop":{"background-color":"var(--ast-global-color-5)","background-image":"","background-repeat":"repeat","background-position":"center center","background-size":"auto","background-attachment":"scroll","background-type":"","background-media":"","overlay-type":"","overlay-color":"","overlay-opacity":"","overlay-gradient":""},"tablet":{"background-color":"var(--ast-global-color-5)","background-image":"","background-repeat":"repeat","background-position":"center center","background-size":"auto","background-attachment":"scroll","background-type":"","background-media":"","overlay-type":"","overlay-color":"","overlay-opacity":"","overlay-gradient":""},"mobile":{"background-color":"var(--ast-global-color-5)","background-image":"","background-repeat":"repeat","background-position":"center center","background-size":"auto","background-attachment":"scroll","background-type":"","background-media":"","overlay-type":"","overlay-color":"","overlay-opacity":"","overlay-gradient":""}},"_jet_sm_ready_style":"","_jet_sm_style":"","_jet_sm_controls_values":"","_jet_sm_fonts_collection":"","_jet_sm_fonts_links":"","footnotes":""},"schlagwortedst":[],"wf_page_folders":[176],"class_list":["post-1424","page","type-page","status-publish","hentry"],"_links":{"self":[{"href":"https:\/\/www.dstenerife.eu\/es\/wp-json\/wp\/v2\/pages\/1424","targetHints":{"allow":["GET"]}}],"collection":[{"href":"https:\/\/www.dstenerife.eu\/es\/wp-json\/wp\/v2\/pages"}],"about":[{"href":"https:\/\/www.dstenerife.eu\/es\/wp-json\/wp\/v2\/types\/page"}],"author":[{"embeddable":true,"href":"https:\/\/www.dstenerife.eu\/es\/wp-json\/wp\/v2\/users\/10"}],"replies":[{"embeddable":true,"href":"https:\/\/www.dstenerife.eu\/es\/wp-json\/wp\/v2\/comments?post=1424"}],"version-history":[{"count":0,"href":"https:\/\/www.dstenerife.eu\/es\/wp-json\/wp\/v2\/pages\/1424\/revisions"}],"up":[{"embeddable":true,"href":"https:\/\/www.dstenerife.eu\/es\/wp-json\/wp\/v2\/pages\/1913"}],"wp:attachment":[{"href":"https:\/\/www.dstenerife.eu\/es\/wp-json\/wp\/v2\/media?parent=1424"}],"wp:term":[{"taxonomy":"schlagwortedst","embeddable":true,"href":"https:\/\/www.dstenerife.eu\/es\/wp-json\/wp\/v2\/schlagwortedst?post=1424"},{"taxonomy":"wf_page_folders","embeddable":true,"href":"https:\/\/www.dstenerife.eu\/es\/wp-json\/wp\/v2\/wf_page_folders?post=1424"}],"curies":[{"name":"wp","href":"https:\/\/api.w.org\/{rel}","templated":true}]}}