{"id":1447,"date":"2015-04-25T21:55:01","date_gmt":"2015-04-25T20:55:01","guid":{"rendered":"http:\/\/dstenerife.ducklingit.com\/?page_id=1447"},"modified":"2026-02-10T15:42:06","modified_gmt":"2026-02-10T15:42:06","slug":"elternbeirat","status":"publish","type":"page","link":"https:\/\/www.dstenerife.eu\/es\/colegio\/comites-del-colegio\/elternbeirat\/","title":{"rendered":"Consejo de Padres"},"content":{"rendered":"<blockquote><p><em>\u00abLos padres o representantes legales (en lo sucesivo padres) tienen el derecho y el deber de contribuir a la formaci\u00f3n escolar de sus hijos o representados. Para hacer posible la adecuada participaci\u00f3n de los padres en la labor del Colegio, se crea la Representaci\u00f3n de Padres de alumnos.<\/em><\/p>\n<p><em>Los representantes de padres de alumnos deben velar por los intereses de los padres en la educaci\u00f3n de sus hijos estableciendo una fluida comunicaci\u00f3n entre el Colegio y la familia y procurando estimular la mutua confianza.\u00bb<\/em><\/p>\n<p><strong>A continuaci\u00f3n encontrar\u00e1 las direcciones de correo electr\u00f3nico del Consejo de padres:<\/strong><br \/>\n<strong>Consejo de padres: elternbeirat@dstenerife.eu<\/strong><br \/>\n<strong>Representante del Consejo de padres: eb-vorsitz@dstenerife.eu<\/strong><\/p><\/blockquote>\n<p><small class=\"\"><em>(Extracto del pre\u00e1mbulo de los estatutos de los representantes de padres)<\/em><\/small><\/p>\n<p><strong>Miembros del consejo de padres\u00a0 2025\/2026:<\/strong><\/p>\n<table style=\"border-collapse: collapse; width: 64.826%; height: 722px;\">\n<tbody>\n<tr style=\"height: 46px;\">\n<th style=\"width: 36.6698%; height: 46px; text-align: left;\"><strong>clase<\/strong><\/th>\n<th style=\"width: 24.6656%; height: 46px; text-align: left;\"><strong>nombres<\/strong><\/th>\n<\/tr>\n<tr style=\"height: 46px;\">\n<th style=\"width: 36.6698%; text-align: left; height: 10px;\"><strong>Representante del consejo de padres<\/strong><\/th>\n<td style=\"width: 24.6656%; height: 10px;\">Helmut Dannerbauer<\/td>\n<\/tr>\n<tr style=\"height: 52px;\">\n<th style=\"width: 36.6698%; text-align: left; height: 52px;\"><strong>1.\u00aa suplente Portavoz<\/strong><\/th>\n<td style=\"width: 24.6656%; height: 52px;\">Yaiza Gonz\u00e1lez<\/td>\n<\/tr>\n<tr>\n<th style=\"width: 36.6698%; text-align: left;\"><strong>2.\u00aa suplente Portavoz<\/strong><\/th>\n<td style=\"width: 24.6656%;\">Cristina Sech<\/td>\n<\/tr>\n<tr style=\"height: 46px;\">\n<th style=\"width: 36.6698%; height: 56px; text-align: left;\" rowspan=\"2\"><strong>KIGA<\/strong><\/th>\n<td style=\"width: 24.6656%; height: 46px;\">Cristina Rojano de la Rosa<\/td>\n<\/tr>\n<tr style=\"height: 46px;\">\n<td style=\"width: 24.6656%; height: 10px;\">Cristina Afonso Crespo<\/td>\n<\/tr>\n<tr style=\"height: 46px;\">\n<th style=\"width: 36.6698%; text-align: left; height: 92px;\" rowspan=\"2\"><strong>G1\/G2<\/strong><\/th>\n<td style=\"width: 24.6656%; height: 46px;\">Matias Silva Marcciani<\/td>\n<\/tr>\n<tr style=\"height: 46px;\">\n<td style=\"width: 24.6656%; height: 46px;\">Anouk Karlezi<\/td>\n<\/tr>\n<tr style=\"height: 46px;\">\n<th style=\"width: 36.6698%; text-align: left; height: 92px;\" rowspan=\"2\"><strong>G3\/G4<\/strong><\/th>\n<td style=\"width: 24.6656%; height: 46px;\">Yaiza Gonz\u00e1lez Mart\u00ednez<\/td>\n<\/tr>\n<tr style=\"height: 46px;\">\n<td style=\"width: 24.6656%; height: 46px;\">Philipp Beyer<\/td>\n<\/tr>\n<tr style=\"height: 46px;\">\n<th style=\"width: 36.6698%; text-align: left; height: 92px;\" rowspan=\"2\"><strong>\u00a0<\/strong><strong>5\/6<\/strong><strong><br \/>\n<\/strong><\/th>\n<td style=\"width: 24.6656%; height: 46px;\">Mar\u00eda Noelvia Lara Lorenzo<\/td>\n<\/tr>\n<tr style=\"height: 46px;\">\n<td style=\"width: 24.6656%; height: 46px;\">Noem\u00ed Mar\u00eda Villegas D\u00edaz<\/td>\n<\/tr>\n<tr style=\"height: 46px;\">\n<th style=\"width: 36.6698%; text-align: left; height: 92px;\" rowspan=\"2\"><strong>7\/8<\/strong><\/th>\n<td style=\"width: 24.6656%; height: 46px;\">Cristina Sech Rodr\u00edguez<\/td>\n<\/tr>\n<tr style=\"height: 46px;\">\n<td style=\"width: 24.6656%; height: 46px;\">Isabel Coello Hern\u00e1ndez<\/td>\n<\/tr>\n<tr style=\"height: 46px;\">\n<th style=\"width: 36.6698%; text-align: left; height: 92px;\" rowspan=\"2\"><strong>9\/10<\/strong><strong><br \/>\n<\/strong><strong><br \/>\n<\/strong><\/th>\n<td style=\"width: 24.6656%; height: 46px;\">Juan Luis Perdomo Falc\u00f3n<\/td>\n<\/tr>\n<tr style=\"height: 46px;\">\n<td style=\"width: 24.6656%; height: 46px;\">Ram\u00f3n L\u00f3pez \u00c1lvarez<\/td>\n<\/tr>\n<tr style=\"height: 46px;\">\n<th style=\"width: 36.6698%; text-align: left; height: 98px;\" rowspan=\"2\"><strong>11\/12<\/strong><\/th>\n<td style=\"width: 24.6656%; height: 46px;\">Paula Soler Lorenzo<\/td>\n<\/tr>\n<tr style=\"height: 52px;\">\n<td style=\"width: 24.6656%; height: 52px;\">Francesca Paola Dascola S\u00e1nchez<\/td>\n<\/tr>\n<\/tbody>\n<\/table>\n<p>Aqu\u00ed encontrar\u00e1n los <a href=\"https:\/\/www.dstenerife.eu\/wp-content\/uploads\/2015\/04\/Satzung_der_Elternvertretung_DST_de_es.pdf\" target=\"_blank\" rel=\"noopener noreferrer\">estatutos del consejo de padres.<\/a><br \/>\n<a href=\"https:\/\/www.dstenerife.eu\/wp-content\/uploads\/2015\/04\/Satzung_der_Elternvertretung_DST_de_es.pdf\" class=\"pdfemb-viewer\" style=\"width:340px;\" data-width=\"340\" data-height=\"max\" data-toolbar=\"top\" data-toolbar-fixed=\"on\">estatutos del consejo de padres.<\/a><\/p>\n","protected":false},"excerpt":{"rendered":"<p>\u00abLos padres o representantes legales (en lo sucesivo padres) tienen el derecho y el deber de [&hellip;]<\/p>\n","protected":false},"author":10,"featured_media":0,"parent":1913,"menu_order":6,"comment_status":"closed","ping_status":"closed","template":"","meta":{"site-sidebar-layout":"default","site-content-layout":"default","ast-site-content-layout":"default","site-content-style":"default","site-sidebar-style":"default","ast-global-header-display":"","ast-banner-title-visibility":"","ast-main-header-display":"","ast-hfb-above-header-display":"","ast-hfb-below-header-display":"","ast-hfb-mobile-header-display":"","site-post-title":"","ast-breadcrumbs-content":"","ast-featured-img":"","footer-sml-layout":"","ast-disable-related-posts":"","theme-transparent-header-meta":"default","adv-header-id-meta":"","stick-header-meta":"default","header-above-stick-meta":"","header-main-stick-meta":"","header-below-stick-meta":"","astra-migrate-meta-layouts":"set","ast-page-background-enabled":"default","ast-page-background-meta":{"desktop":{"background-color":"","background-image":"","background-repeat":"repeat","background-position":"center center","background-size":"auto","background-attachment":"scroll","background-type":"","background-media":"","overlay-type":"","overlay-color":"","overlay-opacity":"","overlay-gradient":""},"tablet":{"background-color":"","background-image":"","background-repeat":"repeat","background-position":"center center","background-size":"auto","background-attachment":"scroll","background-type":"","background-media":"","overlay-type":"","overlay-color":"","overlay-opacity":"","overlay-gradient":""},"mobile":{"background-color":"","background-image":"","background-repeat":"repeat","background-position":"center center","background-size":"auto","background-attachment":"scroll","background-type":"","background-media":"","overlay-type":"","overlay-color":"","overlay-opacity":"","overlay-gradient":""}},"ast-content-background-meta":{"desktop":{"background-color":"var(--ast-global-color-5)","background-image":"","background-repeat":"repeat","background-position":"center center","background-size":"auto","background-attachment":"scroll","background-type":"","background-media":"","overlay-type":"","overlay-color":"","overlay-opacity":"","overlay-gradient":""},"tablet":{"background-color":"var(--ast-global-color-5)","background-image":"","background-repeat":"repeat","background-position":"center center","background-size":"auto","background-attachment":"scroll","background-type":"","background-media":"","overlay-type":"","overlay-color":"","overlay-opacity":"","overlay-gradient":""},"mobile":{"background-color":"var(--ast-global-color-5)","background-image":"","background-repeat":"repeat","background-position":"center center","background-size":"auto","background-attachment":"scroll","background-type":"","background-media":"","overlay-type":"","overlay-color":"","overlay-opacity":"","overlay-gradient":""}},"_jet_sm_ready_style":"","_jet_sm_style":"","_jet_sm_controls_values":"","_jet_sm_fonts_collection":"","_jet_sm_fonts_links":"","footnotes":""},"schlagwortedst":[153],"wf_page_folders":[176],"class_list":["post-1447","page","type-page","status-publish","hentry","schlagwortedst-sideschule"],"_links":{"self":[{"href":"https:\/\/www.dstenerife.eu\/es\/wp-json\/wp\/v2\/pages\/1447","targetHints":{"allow":["GET"]}}],"collection":[{"href":"https:\/\/www.dstenerife.eu\/es\/wp-json\/wp\/v2\/pages"}],"about":[{"href":"https:\/\/www.dstenerife.eu\/es\/wp-json\/wp\/v2\/types\/page"}],"author":[{"embeddable":true,"href":"https:\/\/www.dstenerife.eu\/es\/wp-json\/wp\/v2\/users\/10"}],"replies":[{"embeddable":true,"href":"https:\/\/www.dstenerife.eu\/es\/wp-json\/wp\/v2\/comments?post=1447"}],"version-history":[{"count":21,"href":"https:\/\/www.dstenerife.eu\/es\/wp-json\/wp\/v2\/pages\/1447\/revisions"}],"predecessor-version":[{"id":105620,"href":"https:\/\/www.dstenerife.eu\/es\/wp-json\/wp\/v2\/pages\/1447\/revisions\/105620"}],"up":[{"embeddable":true,"href":"https:\/\/www.dstenerife.eu\/es\/wp-json\/wp\/v2\/pages\/1913"}],"wp:attachment":[{"href":"https:\/\/www.dstenerife.eu\/es\/wp-json\/wp\/v2\/media?parent=1447"}],"wp:term":[{"taxonomy":"schlagwortedst","embeddable":true,"href":"https:\/\/www.dstenerife.eu\/es\/wp-json\/wp\/v2\/schlagwortedst?post=1447"},{"taxonomy":"wf_page_folders","embeddable":true,"href":"https:\/\/www.dstenerife.eu\/es\/wp-json\/wp\/v2\/wf_page_folders?post=1447"}],"curies":[{"name":"wp","href":"https:\/\/api.w.org\/{rel}","templated":true}]}}