{"id":15219,"date":"2018-01-27T18:51:56","date_gmt":"2018-01-27T18:51:56","guid":{"rendered":"https:\/\/kopie.dst.deutsche-schule.eu\/?page_id=15219\/"},"modified":"2021-03-07T05:46:15","modified_gmt":"2021-03-07T05:46:15","slug":"refuerzo-diario-del-aleman","status":"publish","type":"page","link":"https:\/\/www.dstenerife.eu\/es\/concepcion-del-idioma-aleman\/refuerzo-diario-del-aleman\/","title":{"rendered":"Refuerzo diario del alem\u00e1n"},"content":{"rendered":"<p><strong>Refuerzo diario del alem\u00e1n<\/strong><\/p>\n<p>Desde septiembre de 2016, en el jard\u00edn de infancia trabajamos en grupos reducidos y de edades mixtas, de entre 11 \u2013 14 ni\u00f1os. En cada grupo hay 7 ni\u00f1os de K1 (3 a\u00f1os) y 7 ni\u00f1os de K2 (4 a\u00f1os), que se hallan atendidos por una educadora. La mayor parte de las veces, a la educadora la apoya una persona en periodo de pr\u00e1cticas, por lo que la relaci\u00f3n personal\/ni\u00f1os es de 1 x 6\/8. En el \u00e1mbito pedag\u00f3gico nos orientamos seg\u00fan el Marco de Calidad para Jardines de Infancia y Preescolar de la Oficina Central para las Escuelas Alemanas en el Extranjero. Este contempla los siguientes \u00e1mbitos educativos y formativos:<\/p>\n<p><img fetchpriority=\"high\" decoding=\"async\" class=\"alignnone wp-image-15215\" src=\"https:\/\/e969z83yjsq.exactdn.com\/wp-content\/uploads\/2018\/01\/Tabelle-KiGa-spa-2.png?strip=all\" alt=\"\" width=\"769\" height=\"89\" srcset=\"https:\/\/e969z83yjsq.exactdn.com\/wp-content\/uploads\/2018\/01\/Tabelle-KiGa-spa-2.png?strip=all 778w, https:\/\/e969z83yjsq.exactdn.com\/wp-content\/uploads\/2018\/01\/Tabelle-KiGa-spa-2-640x74.png?strip=all 640w, https:\/\/e969z83yjsq.exactdn.com\/wp-content\/uploads\/2018\/01\/Tabelle-KiGa-spa-2-180x21.png?strip=all 180w, https:\/\/e969z83yjsq.exactdn.com\/wp-content\/uploads\/2018\/01\/Tabelle-KiGa-spa-2-768x89.png?strip=all 768w, https:\/\/e969z83yjsq.exactdn.com\/wp-content\/uploads\/2018\/01\/Tabelle-KiGa-spa-2.png?strip=all&amp;w=311 311w, https:\/\/e969z83yjsq.exactdn.com\/wp-content\/uploads\/2018\/01\/Tabelle-KiGa-spa-2.png?strip=all&amp;w=466 466w\" sizes=\"(max-width: 769px) 100vw, 769px\" \/><\/p>\n<p><img decoding=\"async\" class=\"alignnone size-medium wp-image-15223\" src=\"https:\/\/e969z83yjsq.exactdn.com\/wp-content\/uploads\/2018\/01\/IMG_3136-2-KiGa-interlace-01-1140x590.jpg?strip=all\" alt=\"\" width=\"1140\" height=\"590\" srcset=\"https:\/\/e969z83yjsq.exactdn.com\/wp-content\/uploads\/2018\/01\/IMG_3136-2-KiGa-interlace-01-1140x590.jpg?strip=all 1140w, https:\/\/e969z83yjsq.exactdn.com\/wp-content\/uploads\/2018\/01\/IMG_3136-2-KiGa-interlace-01-640x331.jpg?strip=all 640w, https:\/\/e969z83yjsq.exactdn.com\/wp-content\/uploads\/2018\/01\/IMG_3136-2-KiGa-interlace-01-180x93.jpg?strip=all 180w, https:\/\/e969z83yjsq.exactdn.com\/wp-content\/uploads\/2018\/01\/IMG_3136-2-KiGa-interlace-01-768x397.jpg?strip=all 768w, https:\/\/e969z83yjsq.exactdn.com\/wp-content\/uploads\/2018\/01\/IMG_3136-2-KiGa-interlace-01-1536x795.jpg?strip=all 1536w, https:\/\/e969z83yjsq.exactdn.com\/wp-content\/uploads\/2018\/01\/IMG_3136-2-KiGa-interlace-01-2048x1060.jpg?strip=all 2048w, https:\/\/e969z83yjsq.exactdn.com\/wp-content\/uploads\/2018\/01\/IMG_3136-2-KiGa-interlace-01-580x300.jpg?strip=all 580w, https:\/\/e969z83yjsq.exactdn.com\/wp-content\/uploads\/2018\/01\/IMG_3136-2-KiGa-interlace-01-scaled.jpg?strip=all&amp;w=512 512w, https:\/\/e969z83yjsq.exactdn.com\/wp-content\/uploads\/2018\/01\/IMG_3136-2-KiGa-interlace-01-scaled.jpg?strip=all&amp;w=1024 1024w, https:\/\/e969z83yjsq.exactdn.com\/wp-content\/uploads\/2018\/01\/IMG_3136-2-KiGa-interlace-01-scaled.jpg?strip=all 2560w, https:\/\/e969z83yjsq.exactdn.com\/wp-content\/uploads\/2018\/01\/IMG_3136-2-KiGa-interlace-01-scaled.jpg?strip=all&amp;w=450 450w\" sizes=\"(max-width: 1140px) 100vw, 1140px\" \/><\/p>\n<p>A partir de las 08:30, los grupos comienzan con el trabajo pedag\u00f3gico relacionado con el idioma. Las educadoras trabajan de forma diferente en cuanto a tem\u00e1tica y metodolog\u00eda, no obstante, se orientan por los temas contenidos en el diario de aprendizaje e integran diversos proyectos, orient\u00e1ndolos seg\u00fan la situaci\u00f3n y dependiendo del grupo.<\/p>\n<p>Los temas esenciales desde la guarder\u00eda hasta K3+ son:<\/p>\n<p><img decoding=\"async\" class=\"alignnone size-full wp-image-15225\" src=\"https:\/\/e969z83yjsq.exactdn.com\/wp-content\/uploads\/2018\/01\/Tabelle-KiGa-spa-3-1.png?strip=all\" alt=\"\" width=\"759\" height=\"190\" srcset=\"https:\/\/e969z83yjsq.exactdn.com\/wp-content\/uploads\/2018\/01\/Tabelle-KiGa-spa-3-1.png?strip=all 759w, https:\/\/e969z83yjsq.exactdn.com\/wp-content\/uploads\/2018\/01\/Tabelle-KiGa-spa-3-1-640x160.png?strip=all 640w, https:\/\/e969z83yjsq.exactdn.com\/wp-content\/uploads\/2018\/01\/Tabelle-KiGa-spa-3-1-180x45.png?strip=all 180w, https:\/\/e969z83yjsq.exactdn.com\/wp-content\/uploads\/2018\/01\/Tabelle-KiGa-spa-3-1.png?strip=all&amp;w=303 303w, https:\/\/e969z83yjsq.exactdn.com\/wp-content\/uploads\/2018\/01\/Tabelle-KiGa-spa-3-1.png?strip=all&amp;w=455 455w\" sizes=\"(max-width: 759px) 100vw, 759px\" \/><\/p>\n<p>En aras de desarrollar el idioma alem\u00e1n, las educadoras trabajan desde principios de 2017 con un sistema t\u00e1ndem. Esto quiere decir, que cada educadora tiene un grupo asociado y una colaboradora que organiza junto a ella el trabajo idiom\u00e1tico para los ni\u00f1os de K1 y K2. A continuaci\u00f3n, se muestra el horario de un grupo como ejemplo. Los campos marcados en verde ilustran las fases de alem\u00e1n intensivas vinculantes. En ellos estar\u00e1n acompa\u00f1ados por la educadora de referencia o por su t\u00e1ndem.<\/p>\n<p><img loading=\"lazy\" decoding=\"async\" class=\"alignnone size-full wp-image-15227\" src=\"https:\/\/e969z83yjsq.exactdn.com\/wp-content\/uploads\/2018\/01\/Tabelle-KiGa-02-spa.png?strip=all\" alt=\"\" width=\"861\" height=\"461\" srcset=\"https:\/\/e969z83yjsq.exactdn.com\/wp-content\/uploads\/2018\/01\/Tabelle-KiGa-02-spa.png?strip=all 861w, https:\/\/e969z83yjsq.exactdn.com\/wp-content\/uploads\/2018\/01\/Tabelle-KiGa-02-spa-640x343.png?strip=all 640w, https:\/\/e969z83yjsq.exactdn.com\/wp-content\/uploads\/2018\/01\/Tabelle-KiGa-02-spa-180x96.png?strip=all 180w, https:\/\/e969z83yjsq.exactdn.com\/wp-content\/uploads\/2018\/01\/Tabelle-KiGa-02-spa-768x411.png?strip=all 768w, https:\/\/e969z83yjsq.exactdn.com\/wp-content\/uploads\/2018\/01\/Tabelle-KiGa-02-spa-560x300.png?strip=all 560w, https:\/\/e969z83yjsq.exactdn.com\/wp-content\/uploads\/2018\/01\/Tabelle-KiGa-02-spa.png?strip=all&amp;w=344 344w, https:\/\/e969z83yjsq.exactdn.com\/wp-content\/uploads\/2018\/01\/Tabelle-KiGa-02-spa.png?strip=all&amp;w=450 450w\" sizes=\"(max-width: 861px) 100vw, 861px\" \/><\/p>\n<p>Desde 2016 ofrecemos el \u201cTaller libre\u201d que engloba a todos los ni\u00f1os del K1 y K2. Se les brinda as\u00ed la oportunidad de dedicarse a lo que les interesa y, en consecuencia, se orientan con autonom\u00eda. Adem\u00e1s, con ello se les prepara para las estructuras del K3+. Las ofertas \u201cabiertas\u201d tienen lugar en d\u00edas determinados y ya, desde algunos d\u00edas previos, los ni\u00f1os las tienen presentes. Para ello, todas las educadoras y dem\u00e1s personas de referencia presentan sus diferentes acciones y ofertas a los ni\u00f1os y los dejan decidir en cu\u00e1les de las actividades desean tomar parte. De esta forma se crean siempre distintas constelaciones grupales y los ni\u00f1os entran en contacto con educadoras de otros grupos. Pueden decidir, de forma aut\u00f3noma, con qu\u00e9 compa\u00f1ero de juegos desean pasar su ma\u00f1ana y establecen as\u00ed amistades m\u00e1s all\u00e1 del grupo.<\/p>\n<p>&nbsp;<\/p>\n<p>&nbsp;<\/p>\n<p>&nbsp;<\/p>\n<p>&nbsp;<\/p>\n<p>&nbsp;<\/p>\n<p>&nbsp;<\/p>\n","protected":false},"excerpt":{"rendered":"<p>Refuerzo diario del alem\u00e1n Desde septiembre de 2016, en el jard\u00edn de infancia trabajamos en grupos [&hellip;]<\/p>\n","protected":false},"author":10,"featured_media":0,"parent":15205,"menu_order":4,"comment_status":"closed","ping_status":"closed","template":"","meta":{"site-sidebar-layout":"default","site-content-layout":"","ast-site-content-layout":"default","site-content-style":"default","site-sidebar-style":"default","ast-global-header-display":"","ast-banner-title-visibility":"","ast-main-header-display":"","ast-hfb-above-header-display":"","ast-hfb-below-header-display":"","ast-hfb-mobile-header-display":"","site-post-title":"","ast-breadcrumbs-content":"","ast-featured-img":"","footer-sml-layout":"","ast-disable-related-posts":"","theme-transparent-header-meta":"","adv-header-id-meta":"","stick-header-meta":"","header-above-stick-meta":"","header-main-stick-meta":"","header-below-stick-meta":"","astra-migrate-meta-layouts":"default","ast-page-background-enabled":"default","ast-page-background-meta":{"desktop":{"background-color":"","background-image":"","background-repeat":"repeat","background-position":"center center","background-size":"auto","background-attachment":"scroll","background-type":"","background-media":"","overlay-type":"","overlay-color":"","overlay-opacity":"","overlay-gradient":""},"tablet":{"background-color":"","background-image":"","background-repeat":"repeat","background-position":"center center","background-size":"auto","background-attachment":"scroll","background-type":"","background-media":"","overlay-type":"","overlay-color":"","overlay-opacity":"","overlay-gradient":""},"mobile":{"background-color":"","background-image":"","background-repeat":"repeat","background-position":"center center","background-size":"auto","background-attachment":"scroll","background-type":"","background-media":"","overlay-type":"","overlay-color":"","overlay-opacity":"","overlay-gradient":""}},"ast-content-background-meta":{"desktop":{"background-color":"var(--ast-global-color-5)","background-image":"","background-repeat":"repeat","background-position":"center center","background-size":"auto","background-attachment":"scroll","background-type":"","background-media":"","overlay-type":"","overlay-color":"","overlay-opacity":"","overlay-gradient":""},"tablet":{"background-color":"var(--ast-global-color-5)","background-image":"","background-repeat":"repeat","background-position":"center center","background-size":"auto","background-attachment":"scroll","background-type":"","background-media":"","overlay-type":"","overlay-color":"","overlay-opacity":"","overlay-gradient":""},"mobile":{"background-color":"var(--ast-global-color-5)","background-image":"","background-repeat":"repeat","background-position":"center center","background-size":"auto","background-attachment":"scroll","background-type":"","background-media":"","overlay-type":"","overlay-color":"","overlay-opacity":"","overlay-gradient":""}},"_jet_sm_ready_style":"","_jet_sm_style":"","_jet_sm_controls_values":"","_jet_sm_fonts_collection":"","_jet_sm_fonts_links":"","footnotes":""},"schlagwortedst":[],"wf_page_folders":[],"class_list":["post-15219","page","type-page","status-publish","hentry"],"_links":{"self":[{"href":"https:\/\/www.dstenerife.eu\/es\/wp-json\/wp\/v2\/pages\/15219","targetHints":{"allow":["GET"]}}],"collection":[{"href":"https:\/\/www.dstenerife.eu\/es\/wp-json\/wp\/v2\/pages"}],"about":[{"href":"https:\/\/www.dstenerife.eu\/es\/wp-json\/wp\/v2\/types\/page"}],"author":[{"embeddable":true,"href":"https:\/\/www.dstenerife.eu\/es\/wp-json\/wp\/v2\/users\/10"}],"replies":[{"embeddable":true,"href":"https:\/\/www.dstenerife.eu\/es\/wp-json\/wp\/v2\/comments?post=15219"}],"version-history":[{"count":0,"href":"https:\/\/www.dstenerife.eu\/es\/wp-json\/wp\/v2\/pages\/15219\/revisions"}],"up":[{"embeddable":true,"href":"https:\/\/www.dstenerife.eu\/es\/wp-json\/wp\/v2\/pages\/15205"}],"wp:attachment":[{"href":"https:\/\/www.dstenerife.eu\/es\/wp-json\/wp\/v2\/media?parent=15219"}],"wp:term":[{"taxonomy":"schlagwortedst","embeddable":true,"href":"https:\/\/www.dstenerife.eu\/es\/wp-json\/wp\/v2\/schlagwortedst?post=15219"},{"taxonomy":"wf_page_folders","embeddable":true,"href":"https:\/\/www.dstenerife.eu\/es\/wp-json\/wp\/v2\/wf_page_folders?post=15219"}],"curies":[{"name":"wp","href":"https:\/\/api.w.org\/{rel}","templated":true}]}}