{"id":16006,"date":"2018-02-19T13:09:55","date_gmt":"2018-02-19T13:09:55","guid":{"rendered":"https:\/\/kopie.dst.deutsche-schule.eu\/?page_id=16006\/"},"modified":"2021-03-07T05:48:21","modified_gmt":"2021-03-07T05:48:21","slug":"pruebas-de-diagnostico-lingueistico","status":"publish","type":"page","link":"https:\/\/www.dstenerife.eu\/es\/concepcion-del-idioma-aleman\/pruebas-de-diagnostico-lingueistico\/","title":{"rendered":"Pruebas de diagn\u00f3stico ling\u00fc\u00edstico"},"content":{"rendered":"<p>Determinaci\u00f3n nivel del lenguajedel &#8211; Kindergarten<\/p>\n<p>En la Kikri se elaboran anualmente dos informes de desarrollo por ni\u00f1o. Los educadores trabajan con los pliegos de desarrollo \u201cRavensburger\u201d.<\/p>\n<p>La observaci\u00f3n en el desarrollo, es un m\u00e9todo en el trabajo pedag\u00f3gico con ni\u00f1os y sirve para realizar un seguimiento regular y sistem\u00e1tico de cada ni\u00f1o. El pliego sirve como base para el apoyo individualizado de cada ni\u00f1o, para entrevistas con los padres y para realizar un trabajo concreto y espec\u00edfico con cada ni\u00f1o. La observaci\u00f3n dirigida permite mantener la distancia y objetividad necesaria para evaluar adecuadamente al ni\u00f1o. El pliego cubre \u00e1reas como el comportamiento social, el desarrollo emocional, el aprendizaje, el desarrollo del lenguaje, la creatividad, el comportamiento en el juego y el desarrollo f\u00edsico, y por lo tanto se adapta a las \u00e1reas educativas y formativas de nuestra instituci\u00f3n.<br \/>\nEl pliego se utiliza en dos ocasiones, a mediados y al final del a\u00f1o escolar. De esta manera se registra con precisi\u00f3n el progreso o estancamiento\/ retroceso del ni\u00f1o. A finales de curso se entregan los formularios a la futura educadora. De esta manera puede responder siempre a las necesidades individuales de cada ni\u00f1o y, por lo tanto, no pierde el tiempo buscando la informaci\u00f3n que necesita. Al a\u00f1o se mantienen dos entrevistas con los padres y el pliego sirve como gu\u00eda.<br \/>\nEn el Kindergarten trabajamos con un pliego de desarrollo similar, confeccionado por nosotros. Las \u00e1reas son similares a las del modelo Ravensburger, pero dividiendo las \u00e1reas \u201clenguaje\/comunicaci\u00f3n\u201d en primera y segunda lengua y ampli\u00e1ndolo con el \u00e1rea \u201cactitud de trabajo\u201d. Igual que en la KiKri, el pliego lo rellena la educadora dos veces al a\u00f1o. En las \u00e1reas espec\u00edficas, o en caso de duda, se implica a una compa\u00f1era para que trabaje con el ni\u00f1o. Tambi\u00e9n en este caso, el pliego proporciona una base s\u00f3lida para ofrecer a los padres un asesoramiento adecuado. Cuando un ni\u00f1o muestra dificultades en el desarrollo del lenguaje, se advierte a los padres a principio de K2. En conjunto se buscan medidas para reforzar al ni\u00f1o dentro y fuera del Kindergarten.<br \/>\nA finales del segundo a\u00f1o de Kindergarten, se realiza con cada ni\u00f1o una prueba de determinaci\u00f3n del nivel del lenguaje. Esta se repite a finales de K3, con el fin de comprobar el desarrollo ling\u00fc\u00edstico de cada ni\u00f1o. La finalidad de este test es determinar posibles dificultades, y as\u00ed poder tomar las medidas necesarias. El programa \u201cPiccoLog\u201d registra, de forma intuitiva y apropiada, mediante ejercicios l\u00fadicos las habilidades ling\u00fc\u00edsticas, tanto en ni\u00f1os alemanes como de otras nacionalidades. El test dura aproximadamente 20-30 minutos y se puede ajustar para ni\u00f1os de 4-5 o 5-6 a\u00f1os. El resultado podr\u00e1 determinar, si necesita apoyo ling\u00fc\u00edstico o, dado el caso, el apoyo de un logopeda.<br \/>\nEn K3+ se adapt\u00f3 el pliego de desarrollo al concepto de K3+, ya que el sistema de K3+ se diferencia con el concepto del Kindergarten. Este pliego se divide en diferentes espacios. Esto tiene la ventaja de que todos los educadores rellenan sus \u00e1reas y con ello conocen a todos los ni\u00f1os y son conscientes de su evoluci\u00f3n. Esto crea una base s\u00f3lida para, en caso de surgir problemas, poder aconsejar en detalle a los padres. Adem\u00e1s, una profesora espa\u00f1ola y otra alemana de la Primaria, que tambi\u00e9n trabajan con los ni\u00f1os, eval\u00faan el desarrollo del lenguaje. De esta manera se logra una visi\u00f3n general de cada ni\u00f1o. Todos los pliegos de observaci\u00f3n desde la KiKri hasta K3, incluido el test de determinaci\u00f3n ling\u00fc\u00edstica, se entregan al final del \u00faltimo a\u00f1o de Kindergarten al profesorado de la Primaria. Igual que la transici\u00f3n del KiKri al Kindergarten y del Kindergarten a K3+, la transici\u00f3n a la Primaria tambi\u00e9n est\u00e1 adecuadamente preparada gracias a la detallada documentaci\u00f3n.<\/p>\n","protected":false},"excerpt":{"rendered":"<p>Determinaci\u00f3n nivel del lenguajedel &#8211; Kindergarten En la Kikri se elaboran anualmente dos informes de desarrollo [&hellip;]<\/p>\n","protected":false},"author":10,"featured_media":0,"parent":15205,"menu_order":6,"comment_status":"closed","ping_status":"closed","template":"","meta":{"site-sidebar-layout":"default","site-content-layout":"","ast-site-content-layout":"default","site-content-style":"default","site-sidebar-style":"default","ast-global-header-display":"","ast-banner-title-visibility":"","ast-main-header-display":"","ast-hfb-above-header-display":"","ast-hfb-below-header-display":"","ast-hfb-mobile-header-display":"","site-post-title":"","ast-breadcrumbs-content":"","ast-featured-img":"","footer-sml-layout":"","ast-disable-related-posts":"","theme-transparent-header-meta":"","adv-header-id-meta":"","stick-header-meta":"","header-above-stick-meta":"","header-main-stick-meta":"","header-below-stick-meta":"","astra-migrate-meta-layouts":"default","ast-page-background-enabled":"default","ast-page-background-meta":{"desktop":{"background-color":"","background-image":"","background-repeat":"repeat","background-position":"center center","background-size":"auto","background-attachment":"scroll","background-type":"","background-media":"","overlay-type":"","overlay-color":"","overlay-opacity":"","overlay-gradient":""},"tablet":{"background-color":"","background-image":"","background-repeat":"repeat","background-position":"center center","background-size":"auto","background-attachment":"scroll","background-type":"","background-media":"","overlay-type":"","overlay-color":"","overlay-opacity":"","overlay-gradient":""},"mobile":{"background-color":"","background-image":"","background-repeat":"repeat","background-position":"center center","background-size":"auto","background-attachment":"scroll","background-type":"","background-media":"","overlay-type":"","overlay-color":"","overlay-opacity":"","overlay-gradient":""}},"ast-content-background-meta":{"desktop":{"background-color":"var(--ast-global-color-5)","background-image":"","background-repeat":"repeat","background-position":"center center","background-size":"auto","background-attachment":"scroll","background-type":"","background-media":"","overlay-type":"","overlay-color":"","overlay-opacity":"","overlay-gradient":""},"tablet":{"background-color":"var(--ast-global-color-5)","background-image":"","background-repeat":"repeat","background-position":"center center","background-size":"auto","background-attachment":"scroll","background-type":"","background-media":"","overlay-type":"","overlay-color":"","overlay-opacity":"","overlay-gradient":""},"mobile":{"background-color":"var(--ast-global-color-5)","background-image":"","background-repeat":"repeat","background-position":"center center","background-size":"auto","background-attachment":"scroll","background-type":"","background-media":"","overlay-type":"","overlay-color":"","overlay-opacity":"","overlay-gradient":""}},"_jet_sm_ready_style":"","_jet_sm_style":"","_jet_sm_controls_values":"","_jet_sm_fonts_collection":"","_jet_sm_fonts_links":"","footnotes":""},"schlagwortedst":[],"wf_page_folders":[],"class_list":["post-16006","page","type-page","status-publish","hentry"],"_links":{"self":[{"href":"https:\/\/www.dstenerife.eu\/es\/wp-json\/wp\/v2\/pages\/16006","targetHints":{"allow":["GET"]}}],"collection":[{"href":"https:\/\/www.dstenerife.eu\/es\/wp-json\/wp\/v2\/pages"}],"about":[{"href":"https:\/\/www.dstenerife.eu\/es\/wp-json\/wp\/v2\/types\/page"}],"author":[{"embeddable":true,"href":"https:\/\/www.dstenerife.eu\/es\/wp-json\/wp\/v2\/users\/10"}],"replies":[{"embeddable":true,"href":"https:\/\/www.dstenerife.eu\/es\/wp-json\/wp\/v2\/comments?post=16006"}],"version-history":[{"count":0,"href":"https:\/\/www.dstenerife.eu\/es\/wp-json\/wp\/v2\/pages\/16006\/revisions"}],"up":[{"embeddable":true,"href":"https:\/\/www.dstenerife.eu\/es\/wp-json\/wp\/v2\/pages\/15205"}],"wp:attachment":[{"href":"https:\/\/www.dstenerife.eu\/es\/wp-json\/wp\/v2\/media?parent=16006"}],"wp:term":[{"taxonomy":"schlagwortedst","embeddable":true,"href":"https:\/\/www.dstenerife.eu\/es\/wp-json\/wp\/v2\/schlagwortedst?post=16006"},{"taxonomy":"wf_page_folders","embeddable":true,"href":"https:\/\/www.dstenerife.eu\/es\/wp-json\/wp\/v2\/wf_page_folders?post=16006"}],"curies":[{"name":"wp","href":"https:\/\/api.w.org\/{rel}","templated":true}]}}