{"id":1931,"date":"2015-04-25T21:52:05","date_gmt":"2015-04-25T20:52:05","guid":{"rendered":"http:\/\/dstenerife.ducklingit.com\/?page_id=1931"},"modified":"2025-09-11T13:15:30","modified_gmt":"2025-09-11T12:15:30","slug":"direccion","status":"publish","type":"page","link":"https:\/\/www.dstenerife.eu\/es\/colegio\/comites-del-colegio\/direccion\/","title":{"rendered":"Direcci\u00f3n"},"content":{"rendered":"<ul>\n<li>Director:<strong> Hanno Grannemann<\/strong><\/li>\n<li>Subdirector: <strong>Bernd Linkersd\u00f6rfer<\/strong><\/li>\n<li>Director T\u00e9cnico:<strong> Nicol\u00e1s Jorge Rodr\u00edguez<\/strong><\/li>\n<li>Directora de Primaria: <strong>Julia Maria Heliosch<\/strong><\/li>\n<li>Directora de Educaci\u00f3n Infantil: <strong>Judith Casanova Quirmbach<\/strong><\/li>\n<li>Jefa de Administraci\u00f3n: <strong>Sonia Gir\u00f3n Becker<\/strong><\/li>\n<\/ul>\n<p>Adem\u00e1s, pertenecen a la direcci\u00f3n ampliada:<\/p>\n<p><img decoding=\"async\" src=\"https:\/\/e969z83yjsq.exactdn.com\/wp-content\/uploads\/2025\/09\/ALE25-GRUPOS-036-ESL.jpg?strip=all&w=1920\" \/><\/p>\n<ul>\n<li>Coordinadores de Gesti\u00f3n de Calidad:<strong> Kerstin Kaschta <\/strong>y<strong> Daniel Scheiter<\/strong><\/li>\n<li>Coordinadores de Bachiller:<strong> Christine Reichling <\/strong>y<strong> Martin Weilguni<\/strong><\/li>\n<li>Coordinadora de la E.S.O.:<strong> Ines Graack<\/strong><\/li>\n<li>Coordinador de los Cursos de Orientaci\u00f3n (5.\u00ba y 6.\u00ba): <strong>Jos\u00e9 Luis Wagener<\/strong><\/li>\n<li>Jefa de Seminario del Departamento Alem\u00e1n:<strong> Nicole Heim<\/strong><\/li>\n<li>Jefas de Seminario del Departamento DFU:<strong> Katharina Noss <\/strong>y <strong>Paula Gonz\u00e1lez<\/strong><\/li>\n<li>Coordinadores del Departamento de Digitalizaci\u00f3n:<strong> Paula Gonz\u00e1lez <\/strong>y <strong>Stefan Igeler<\/strong><\/li>\n<\/ul>\n<p>&nbsp;<\/p>\n","protected":false},"excerpt":{"rendered":"<p>Director: Hanno Grannemann Subdirector: Bernd Linkersd\u00f6rfer Director T\u00e9cnico: Nicol\u00e1s Jorge Rodr\u00edguez Directora de Primaria: Julia Maria [&hellip;]<\/p>\n","protected":false},"author":10,"featured_media":99241,"parent":1913,"menu_order":10,"comment_status":"closed","ping_status":"closed","template":"","meta":{"site-sidebar-layout":"default","site-content-layout":"default","ast-site-content-layout":"default","site-content-style":"default","site-sidebar-style":"default","ast-global-header-display":"","ast-banner-title-visibility":"","ast-main-header-display":"","ast-hfb-above-header-display":"","ast-hfb-below-header-display":"","ast-hfb-mobile-header-display":"","site-post-title":"","ast-breadcrumbs-content":"","ast-featured-img":"","footer-sml-layout":"","ast-disable-related-posts":"","theme-transparent-header-meta":"default","adv-header-id-meta":"","stick-header-meta":"default","header-above-stick-meta":"","header-main-stick-meta":"","header-below-stick-meta":"","astra-migrate-meta-layouts":"set","ast-page-background-enabled":"default","ast-page-background-meta":{"desktop":{"background-color":"","background-image":"","background-repeat":"repeat","background-position":"center center","background-size":"auto","background-attachment":"scroll","background-type":"","background-media":"","overlay-type":"","overlay-color":"","overlay-opacity":"","overlay-gradient":""},"tablet":{"background-color":"","background-image":"","background-repeat":"repeat","background-position":"center center","background-size":"auto","background-attachment":"scroll","background-type":"","background-media":"","overlay-type":"","overlay-color":"","overlay-opacity":"","overlay-gradient":""},"mobile":{"background-color":"","background-image":"","background-repeat":"repeat","background-position":"center center","background-size":"auto","background-attachment":"scroll","background-type":"","background-media":"","overlay-type":"","overlay-color":"","overlay-opacity":"","overlay-gradient":""}},"ast-content-background-meta":{"desktop":{"background-color":"var(--ast-global-color-5)","background-image":"","background-repeat":"repeat","background-position":"center center","background-size":"auto","background-attachment":"scroll","background-type":"","background-media":"","overlay-type":"","overlay-color":"","overlay-opacity":"","overlay-gradient":""},"tablet":{"background-color":"var(--ast-global-color-5)","background-image":"","background-repeat":"repeat","background-position":"center center","background-size":"auto","background-attachment":"scroll","background-type":"","background-media":"","overlay-type":"","overlay-color":"","overlay-opacity":"","overlay-gradient":""},"mobile":{"background-color":"var(--ast-global-color-5)","background-image":"","background-repeat":"repeat","background-position":"center center","background-size":"auto","background-attachment":"scroll","background-type":"","background-media":"","overlay-type":"","overlay-color":"","overlay-opacity":"","overlay-gradient":""}},"_jet_sm_ready_style":"","_jet_sm_style":"","_jet_sm_controls_values":"","_jet_sm_fonts_collection":"","_jet_sm_fonts_links":"","footnotes":""},"schlagwortedst":[153],"wf_page_folders":[176,208],"class_list":["post-1931","page","type-page","status-publish","has-post-thumbnail","hentry","schlagwortedst-sideschule"],"_links":{"self":[{"href":"https:\/\/www.dstenerife.eu\/es\/wp-json\/wp\/v2\/pages\/1931","targetHints":{"allow":["GET"]}}],"collection":[{"href":"https:\/\/www.dstenerife.eu\/es\/wp-json\/wp\/v2\/pages"}],"about":[{"href":"https:\/\/www.dstenerife.eu\/es\/wp-json\/wp\/v2\/types\/page"}],"author":[{"embeddable":true,"href":"https:\/\/www.dstenerife.eu\/es\/wp-json\/wp\/v2\/users\/10"}],"replies":[{"embeddable":true,"href":"https:\/\/www.dstenerife.eu\/es\/wp-json\/wp\/v2\/comments?post=1931"}],"version-history":[{"count":18,"href":"https:\/\/www.dstenerife.eu\/es\/wp-json\/wp\/v2\/pages\/1931\/revisions"}],"predecessor-version":[{"id":99349,"href":"https:\/\/www.dstenerife.eu\/es\/wp-json\/wp\/v2\/pages\/1931\/revisions\/99349"}],"up":[{"embeddable":true,"href":"https:\/\/www.dstenerife.eu\/es\/wp-json\/wp\/v2\/pages\/1913"}],"wp:featuredmedia":[{"embeddable":true,"href":"https:\/\/www.dstenerife.eu\/es\/wp-json\/wp\/v2\/media\/99241"}],"wp:attachment":[{"href":"https:\/\/www.dstenerife.eu\/es\/wp-json\/wp\/v2\/media?parent=1931"}],"wp:term":[{"taxonomy":"schlagwortedst","embeddable":true,"href":"https:\/\/www.dstenerife.eu\/es\/wp-json\/wp\/v2\/schlagwortedst?post=1931"},{"taxonomy":"wf_page_folders","embeddable":true,"href":"https:\/\/www.dstenerife.eu\/es\/wp-json\/wp\/v2\/wf_page_folders?post=1931"}],"curies":[{"name":"wp","href":"https:\/\/api.w.org\/{rel}","templated":true}]}}