{"id":1948,"date":"2015-04-25T22:07:52","date_gmt":"2015-04-25T21:07:52","guid":{"rendered":"http:\/\/dstenerife.ducklingit.com\/?page_id=1948"},"modified":"2026-03-24T12:09:35","modified_gmt":"2026-03-24T12:09:35","slug":"formularios","status":"publish","type":"page","link":"https:\/\/www.dstenerife.eu\/es\/servicios\/formularios\/","title":{"rendered":"Formularios"},"content":{"rendered":"<p>En esta p\u00e1gina podr\u00e1n encontrar los formularios como documentos PDF, que tendr\u00e1n que ser impresos y firmados.<\/p>\n<p><strong><br \/>\n<\/strong><strong>Admisi\u00f3n a Educaci\u00f3n Infantil y Colegio<\/strong><\/p>\n<ul>\n<li><a href=\"https:\/\/www.dstenerife.eu\/wp-content\/uploads\/2023\/01\/Formular-Anfrage-auf-Schulplatz.pdf\" target=\"_blank\" rel=\"noopener\">Solicitud de admisi\u00f3n en el DST\u00a0<\/a><\/li>\n<li><a href=\"https:\/\/www.dstenerife.eu\/wp-content\/uploads\/2025\/10\/Anmeldeformular_Hoja-de-inscripcion-2026-2027-rellenable.pdf\" target=\"_blank\" rel=\"noopener\">Hoja de inscripci\u00f3n 2026-2027<\/a><\/li>\n<li><a href=\"https:\/\/www.dstenerife.eu\/wp-content\/uploads\/2025\/01\/Anmeldeformular_Hoja-de-inscripcion-2024-25-rellenable.pdf\" target=\"_blank\" rel=\"noopener\">Hoja de inscripci\u00f3n 2025\/26<\/a><\/li>\n<li><a href=\"https:\/\/www.dstenerife.eu\/wp-content\/uploads\/2025\/02\/Anmeldeformular-Gastschueler.pdf\" target=\"_blank\" rel=\"noopener\">Hoja de inscripci\u00f3n alumnado hu\u00e9sped<\/a><\/li>\n<li><a href=\"https:\/\/www.dstenerife.eu\/wp-content\/uploads\/2018\/03\/Formulario-Banco-Sepa.pdf\" target=\"_blank\" rel=\"noopener noreferrer\">Condiciones de admisi\u00f3n y pago-Formulario Banco<\/a><\/li>\n<li><a href=\"https:\/\/www.dstenerife.eu\/wp-content\/uploads\/2025\/10\/Publicacion-imagen-y-voz-alumnado-y-familias-Veroeffentlichung-von-Bild-und-Stimme-Schuelerschaft-und-Familien-rellenable.pdf\" target=\"_blank\" rel=\"noopener noreferrer\">Publicaci\u00f3n de fotograf\u00edas y v\u00eddeos<\/a><\/li>\n<li type=\"_moz\"><a href=\"https:\/\/www.dstenerife.eu\/wp-content\/uploads\/2025\/06\/Formulario-Beca-2025-26.pdf\" target=\"_blank\" rel=\"noopener noreferrer\">Formulario para beca escolar<\/a><\/li>\n<li type=\"_moz\"><a href=\"https:\/\/www.dstenerife.eu\/wp-content\/uploads\/2025\/09\/KiKri-ESP_Relacion-de-dias-25-26-rellenable.pdf\" target=\"_blank\" rel=\"noopener\">Relaci\u00f3n de d\u00edas &#8211; calendario KiKri 25-26: recogida del alumnado\u00a0<\/a><\/li>\n<li type=\"_moz\"><a href=\"https:\/\/www.dstenerife.eu\/wp-content\/uploads\/2025\/09\/KiGa-Colegio-ESP_Relacion-de-dias-25-26-rellenable.pdf\" target=\"_blank\" rel=\"noopener\">Relaci\u00f3n de d\u00edas &#8211; calendario KiGa y colegio 25-26: recogida del alumnado<\/a><\/li>\n<\/ul>\n<p><strong>Ese\u00f1anza, justificante de ausencia<\/strong><\/p>\n<ul>\n<li><a href=\"https:\/\/www.dstenerife.eu\/wp-content\/uploads\/2026\/03\/2025-26-Antrag-Schliessfach_Solicitud-Taquilla-1-1.pdf\" target=\"_blank\" rel=\"noopener\">Solicitud Taquilla 25-26<\/a><\/li>\n<li><a href=\"https:\/\/www.dstenerife.eu\/wp-content\/uploads\/2024\/10\/Autorizacion-recogida.pdf\" target=\"_blank\" rel=\"noopener\">Autorizaci\u00f3n recogida<\/a><\/li>\n<li><a href=\"https:\/\/www.dstenerife.eu\/wp-content\/uploads\/2024\/10\/Autorizacion-de-recogida-puntual.pdf\" target=\"_blank\" rel=\"noopener\">Autorizaci\u00f3n recogida puntual <\/a><\/li>\n<li><a href=\"https:\/\/www.dstenerife.eu\/wp-content\/uploads\/2022\/08\/Entschuldigungsformular.pdf\" target=\"_blank\" rel=\"noopener noreferrer\">Justificante de ausencia<\/a> (clases 1-10)<\/li>\n<li><a href=\"https:\/\/www.dstenerife.eu\/wp-content\/uploads\/2024\/04\/Entschuldigungsformular-Oberstufe-Esp.pdf\" target=\"_blank\" rel=\"noopener noreferrer\">Justificante de ausencia Bachiller <\/a>(clases 11-12)<\/li>\n<li><a href=\"https:\/\/www.dstenerife.eu\/wp-content\/uploads\/2024\/08\/Antrag_Beurlaubung_Schueler-24-25.pdf\" target=\"_blank\" rel=\"noopener noreferrer\">Solicitud de permiso ausencia <\/a><\/li>\n<li><a href=\"https:\/\/www.dstenerife.eu\/wp-content\/uploads\/2025\/06\/Eleccion-de-Religion-o-Etica-en-Primaria-1-2025-2026.pdf\" target=\"_blank\" rel=\"noopener noreferrer\">Opci\u00f3n Religi\u00f3n y \u00c9tica <\/a>(clase 1)<\/li>\n<li><a href=\"https:\/\/www.dstenerife.eu\/wp-content\/uploads\/2024\/11\/Eleccion-Religion-Etica-a-partir-de-la-clase-5.pdf\" target=\"_blank\" rel=\"noopener noreferrer\">Opciones Religi\u00f3n y \u00c9tica <\/a>(clase 5)<\/li>\n<li><a href=\"https:\/\/www.dstenerife.eu\/wp-content\/uploads\/2021\/11\/Antrag-Abmeldung.pdf\" target=\"_blank\" rel=\"noopener noreferrer\">Formulario de baja<\/a><\/li>\n<li><a href=\"https:\/\/www.dstenerife.eu\/wp-content\/uploads\/2024\/01\/Consentimiento-informado-para-la-salida-del-alumnado-menor-de-edad-del-DST.-Clases-7-10.doc.pdf\" target=\"_blank\" rel=\"noopener\">Declaraci\u00f3n para la salida del recinto escolar clases 7-10<\/a><\/li>\n<li><a href=\"https:\/\/www.dstenerife.eu\/wp-content\/uploads\/2024\/01\/Consentimiento-informado-para-la-salida-del-alumnado-menor-de-edad-del-DST.-Clases-11-12.doc.pdf\" target=\"_blank\" rel=\"noopener\">Declaraci\u00f3n para la salida del recinto escolar clases 11-12<\/a><\/li>\n<li><a href=\"https:\/\/www.dstenerife.eu\/wp-content\/uploads\/2024\/09\/Acuerdo-para-el-uso-del-iPad-Alumnado_09.2024-1.pdf\" target=\"_blank\" rel=\"noopener\">Acuerdo para el uso del iPad<\/a><\/li>\n<\/ul>\n<p><strong>Psicolog\u00eda escolar<\/strong><\/p>\n<ul>\n<li><a href=\"https:\/\/www.dstenerife.eu\/wp-content\/uploads\/2024\/11\/Formulario-Psicologia_ES.pdf\" target=\"_blank\" rel=\"noopener\">Formulario Psicolog\u00eda<\/a><\/li>\n<\/ul>\n<p><strong>Asociaci\u00f3n<\/strong><\/p>\n<ul>\n<li><a href=\"https:\/\/www.dstenerife.eu\/wp-content\/uploads\/2019\/11\/AUFNAHMEANTRAG.pdf\" target=\"_blank\" rel=\"noopener noreferrer\">Solicitud de admisi\u00f3n a la Asociaci\u00f3n<\/a><\/li>\n<li><a href=\"https:\/\/www.dstenerife.eu\/wp-content\/uploads\/2015\/04\/Delegaci\u00f3n-de-voto-para-la-Asamblea-General.pdf\" target=\"_blank\" rel=\"noopener noreferrer\">Delegaci\u00f3n de voto <\/a>(para la representaci\u00f3n de un miembro en la Asamblea General)<\/li>\n<\/ul>\n<p><strong>Exalumnos<\/strong><\/p>\n<ul>\n<li><a href=\"https:\/\/www.dstenerife.eu\/wp-content\/uploads\/2015\/07\/1911060052-CL-EXALUMNOS.docx\" target=\"_blank\" rel=\"noopener\">Protecci\u00f3n de datos antiguos alumnos<\/a>.<\/li>\n<\/ul>\n<p><strong>Academia de Espa\u00f1ol &#8211; Formulario de inscripci\u00f3n<\/strong><\/p>\n<ul>\n<li><a href=\"https:\/\/www.dstenerife.eu\/wp-content\/uploads\/2025\/06\/Rellenable-Matricula-Academia-de-Espanol-2025-2026-1.pdf\">Formulario de inscripci\u00f3n<\/a><\/li>\n<\/ul>\n<p><strong>Academia de Alem\u00e1n &#8211; Formulario de inscripci\u00f3n<\/strong><\/p>\n<ul>\n<li><a href=\"https:\/\/www.dstenerife.eu\/wp-content\/uploads\/2025\/09\/Matricula-Academia-de-Aleman-rellenable.pdf\" target=\"_blank\" rel=\"noopener\">Formulario de inscripci\u00f3n<\/a><\/li>\n<\/ul>\n<p><strong>Plantillas<\/strong><\/p>\n<ul>\n<li><a href=\"https:\/\/www.dstenerife.eu\/wp-content\/uploads\/2015\/04\/oriolus_papiere.pdf\" target=\"_blank\" rel=\"noopener\">Plantillas para imprimir para m\u00fasica, papel cuadriculado, papel especial, &#8230;<\/a><\/li>\n<\/ul>\n<p>&nbsp;<\/p>\n","protected":false},"excerpt":{"rendered":"<p>En esta p\u00e1gina podr\u00e1n encontrar los formularios como documentos PDF, que tendr\u00e1n que ser impresos y [&hellip;]<\/p>\n","protected":false},"author":10,"featured_media":45443,"parent":1939,"menu_order":4,"comment_status":"closed","ping_status":"closed","template":"","meta":{"site-sidebar-layout":"default","site-content-layout":"default","ast-site-content-layout":"default","site-content-style":"default","site-sidebar-style":"default","ast-global-header-display":"","ast-banner-title-visibility":"","ast-main-header-display":"","ast-hfb-above-header-display":"","ast-hfb-below-header-display":"","ast-hfb-mobile-header-display":"","site-post-title":"","ast-breadcrumbs-content":"","ast-featured-img":"","footer-sml-layout":"","ast-disable-related-posts":"","theme-transparent-header-meta":"default","adv-header-id-meta":"","stick-header-meta":"default","header-above-stick-meta":"","header-main-stick-meta":"","header-below-stick-meta":"","astra-migrate-meta-layouts":"set","ast-page-background-enabled":"default","ast-page-background-meta":{"desktop":{"background-color":"","background-image":"","background-repeat":"repeat","background-position":"center center","background-size":"auto","background-attachment":"scroll","background-type":"","background-media":"","overlay-type":"","overlay-color":"","overlay-opacity":"","overlay-gradient":""},"tablet":{"background-color":"","background-image":"","background-repeat":"repeat","background-position":"center center","background-size":"auto","background-attachment":"scroll","background-type":"","background-media":"","overlay-type":"","overlay-color":"","overlay-opacity":"","overlay-gradient":""},"mobile":{"background-color":"","background-image":"","background-repeat":"repeat","background-position":"center center","background-size":"auto","background-attachment":"scroll","background-type":"","background-media":"","overlay-type":"","overlay-color":"","overlay-opacity":"","overlay-gradient":""}},"ast-content-background-meta":{"desktop":{"background-color":"var(--ast-global-color-5)","background-image":"","background-repeat":"repeat","background-position":"center center","background-size":"auto","background-attachment":"scroll","background-type":"","background-media":"","overlay-type":"","overlay-color":"","overlay-opacity":"","overlay-gradient":""},"tablet":{"background-color":"var(--ast-global-color-5)","background-image":"","background-repeat":"repeat","background-position":"center center","background-size":"auto","background-attachment":"scroll","background-type":"","background-media":"","overlay-type":"","overlay-color":"","overlay-opacity":"","overlay-gradient":""},"mobile":{"background-color":"var(--ast-global-color-5)","background-image":"","background-repeat":"repeat","background-position":"center center","background-size":"auto","background-attachment":"scroll","background-type":"","background-media":"","overlay-type":"","overlay-color":"","overlay-opacity":"","overlay-gradient":""}},"_jet_sm_ready_style":"","_jet_sm_style":"","_jet_sm_controls_values":"","_jet_sm_fonts_collection":"","_jet_sm_fonts_links":"","footnotes":""},"schlagwortedst":[152],"wf_page_folders":[207,177,208],"class_list":["post-1948","page","type-page","status-publish","has-post-thumbnail","hentry","schlagwortedst-sideservice"],"_links":{"self":[{"href":"https:\/\/www.dstenerife.eu\/es\/wp-json\/wp\/v2\/pages\/1948","targetHints":{"allow":["GET"]}}],"collection":[{"href":"https:\/\/www.dstenerife.eu\/es\/wp-json\/wp\/v2\/pages"}],"about":[{"href":"https:\/\/www.dstenerife.eu\/es\/wp-json\/wp\/v2\/types\/page"}],"author":[{"embeddable":true,"href":"https:\/\/www.dstenerife.eu\/es\/wp-json\/wp\/v2\/users\/10"}],"replies":[{"embeddable":true,"href":"https:\/\/www.dstenerife.eu\/es\/wp-json\/wp\/v2\/comments?post=1948"}],"version-history":[{"count":81,"href":"https:\/\/www.dstenerife.eu\/es\/wp-json\/wp\/v2\/pages\/1948\/revisions"}],"predecessor-version":[{"id":107314,"href":"https:\/\/www.dstenerife.eu\/es\/wp-json\/wp\/v2\/pages\/1948\/revisions\/107314"}],"up":[{"embeddable":true,"href":"https:\/\/www.dstenerife.eu\/es\/wp-json\/wp\/v2\/pages\/1939"}],"wp:featuredmedia":[{"embeddable":true,"href":"https:\/\/www.dstenerife.eu\/es\/wp-json\/wp\/v2\/media\/45443"}],"wp:attachment":[{"href":"https:\/\/www.dstenerife.eu\/es\/wp-json\/wp\/v2\/media?parent=1948"}],"wp:term":[{"taxonomy":"schlagwortedst","embeddable":true,"href":"https:\/\/www.dstenerife.eu\/es\/wp-json\/wp\/v2\/schlagwortedst?post=1948"},{"taxonomy":"wf_page_folders","embeddable":true,"href":"https:\/\/www.dstenerife.eu\/es\/wp-json\/wp\/v2\/wf_page_folders?post=1948"}],"curies":[{"name":"wp","href":"https:\/\/api.w.org\/{rel}","templated":true}]}}